
{"id":5425,"date":"2024-10-02T14:03:39","date_gmt":"2024-10-02T14:03:39","guid":{"rendered":"https:\/\/sic.nodscloud.com\/nodsglobal\/?page_id=5425"},"modified":"2024-12-05T12:36:47","modified_gmt":"2024-12-05T12:36:47","slug":"especializacion-en-inteligencia-de-negocios","status":"publish","type":"page","link":"https:\/\/sic.nodscloud.com\/nodsglobal\/especializacion-en-inteligencia-de-negocios\/","title":{"rendered":"Especializaci\u00f3n en Inteligencia de Negocios"},"content":{"rendered":"<p><img decoding=\"async\" class=\"alignnone wp-image-5358 aligncenter\" src=\"https:\/\/sic.nodscloud.com\/nodsglobal\/wp-content\/uploads\/sites\/3\/2024\/10\/logo_catolica.png\" alt=\"\" width=\"376\" height=\"126\" srcset=\"https:\/\/sic.nodscloud.com\/nodsglobal\/wp-content\/uploads\/sites\/3\/2024\/10\/logo_catolica.png 763w, https:\/\/sic.nodscloud.com\/nodsglobal\/wp-content\/uploads\/sites\/3\/2024\/10\/logo_catolica-300x101.png 300w, https:\/\/sic.nodscloud.com\/nodsglobal\/wp-content\/uploads\/sites\/3\/2024\/10\/logo_catolica-700x235.png 700w\" sizes=\"(max-width: 376px) 100vw, 376px\" \/><\/p>\n<h1 style=\"text-align: center;\"><span style=\"color: #008000;\"><strong>Especializaci\u00f3n en Inteligencia de Negocios<\/strong><\/span><\/h1>\n<p><iframe title=\"Especializaci\u00f3n en Inteligencia de Negocios\" width=\"1060\" height=\"596\" src=\"https:\/\/www.youtube.com\/embed\/rPQl2DuQVeE?feature=oembed\" frameborder=\"0\" allow=\"accelerometer; autoplay; clipboard-write; encrypted-media; gyroscope; picture-in-picture; web-share\" referrerpolicy=\"strict-origin-when-cross-origin\" allowfullscreen><\/iframe><\/p>\n<p>La Especializaci\u00f3n en Inteligencia de Negocios, est\u00e1 orientada a desarrollar las competencias para entender, caracterizar e incorpora las t\u00e9cnicas, los m\u00e9todos y las tecnolog\u00edas que rigen el Big Data y la anal\u00edtica, asociados a la inteligencia de negocio, en la arquitectura empresarial de las organizaciones.<\/p>\n<hr \/>\n<div class=\"row\">\n<div class=\"col-md-6\">\n<h3 class=\"sfw\"><strong><span style=\"color: #008000;\">Perfil Profesional<\/span><\/strong><\/h3>\n<p>El especialista graduado de la Especializaci\u00f3n de Inteligencia de Negocios de la Fundaci\u00f3n Universitaria Cat\u00f3lica del Norte es un profesional que dispone de las competencias para entender y caracterizar el contexto y las necesidades de las organizaciones con base en el an\u00e1lisis riguroso de sus datos, con el fin de generar valor, promover ventajas competitivas y solucionar problemas complejos.<\/p>\n<p>El especialista de la Cat\u00f3lica del Norte est\u00e1 en capacidad de modelar realidades y problem\u00e1ticas organizacionales, formular y probar hip\u00f3tesis en pro de la soluci\u00f3n de problemas o de la generaci\u00f3n de valor, definir arquitecturas de informaci\u00f3n ajustadas a las necesidades organizacionales y al apropiado uso de tecnolog\u00edas de inteligencia de negocios, Big Data y anal\u00edtica.<\/p>\n<p>El especialista de la Cat\u00f3lica del Norte cuenta con capacidades para el liderazgo y la ejecuci\u00f3n de proyectos y soluciones de inteligencia de negocios sin importar el contexto en el que se desempe\u00f1e (empresarial, social, investigativo y emprendedor). Utilizando las herramientas de la informaci\u00f3n y la comunicaci\u00f3n, con \u00e9tica y responsabilidad social.d de autorregularse, acercarse al conocimiento y codificar conductas y reconstruir valores.<\/p>\n<hr \/>\n<\/div>\n<div class=\"col-md-6\">\n<h3 class=\"sfw\"><strong><span style=\"color: #008000;\">Perfil Ocupacional<\/span><\/strong><\/h3>\n<p>El Especialista en Inteligencia de Negocios de la Fundaci\u00f3n Universitaria Cat\u00f3lica del Norte estar\u00e1 en capacidad de desempe\u00f1arse a nivel productivo en los siguientes contextos:<\/p>\n<p><b>Contexto empresarial<\/b><\/p>\n<ul>\n<li>Definici\u00f3n de arquitecturas de informaci\u00f3n con \u00e9nfasis en inteligencia de negocios, Big Data y anal\u00edtica.<\/li>\n<li>Liderazgo de proyectos de inteligencia de negocios, Big Data y anal\u00edtica.<\/li>\n<li>Implementaci\u00f3n de soluciones de inteligencia de negocios, Big Data y Anal\u00edtica.<\/li>\n<\/ul>\n<p><b>Contexto investigativo y el entorno social<\/b><\/p>\n<ul>\n<li>Caracterizaci\u00f3n de realidades y problemas complejos cuya soluci\u00f3n implica el an\u00e1lisis de altos vol\u00famenes de datos.<\/li>\n<li>Formulaci\u00f3n y validaci\u00f3n de hip\u00f3tesis que den soluci\u00f3n a realidades o problemas complejos.<\/li>\n<li>Liderazgo y ejecuci\u00f3n de proyectos sociales que hacen uso de datos que son propiedad de entidades p\u00fablicas.<\/li>\n<\/ul>\n<p><b>Contexto profesional<\/b><\/p>\n<ul>\n<li>Prestaci\u00f3n de servicios de consultor\u00eda de inteligencia de negocios, Big Data y anal\u00edtica a diferentes organizaciones agn\u00f3stico del sector empresarial.<\/li>\n<li>Implementaci\u00f3n de proyectos de inteligencia de negocios, Big Data y anal\u00edtica.<\/li>\n<li>Implementaci\u00f3n de soluciones de inteligencia de negocios, Big Data y Anal\u00edtica.<\/li>\n<\/ul>\n<hr \/>\n<\/div>\n<\/div>\n<div class=\"row\">\n<div class=\"col-md-12\">\n<h3 class=\"sfw\"><span style=\"color: #008000;\"><strong>Perfil de Ingreso<\/strong><\/span><\/h3>\n<p>El perfil de ingreso de los aspirantes est\u00e1 orientado a profesionales que cuenten con t\u00edtulo a nivel de pregrado en disciplinas afines con las disciplinas de ingenier\u00eda en el \u00e1rea de las TIC. Debido al enfoque disciplinar y de tipo tecnol\u00f3gico que tiene el programa, los aspirantes preferiblemente, deben ser egresados de programas como de ingeniera inform\u00e1tica, de sistemas, telecomunicaciones y electr\u00f3nica. Tambi\u00e9n pueden aspirar a ingresar estudiantes de otras disciplinas que demuestren tener experiencia laboral en \u00e1reas relacionadas con la administraci\u00f3n, gesti\u00f3n y\/o afines con \u00e1reas de tecnolog\u00eda inform\u00e1tica. Desde el punto de vista de competencias informacionales, el estudiante debe tener dominio de las herramientas actuales que se utilizan para acceso a las TIC, las redes de datos, internet, redes sociales, etc. Igualmente, es importante que el estudiante disponga de acceso a un computador y de conexi\u00f3n a Internet.<\/p>\n<hr \/>\n<h3><span style=\"color: #008000;\"><strong>Diferenciadores y\/o atributos<\/strong><\/span><\/h3>\n<\/div>\n<table dir=\"ltr\" style=\"height: 316px;\" width=\"968\" cellspacing=\"0\" cellpadding=\"0\" data-sheets-root=\"1\" data-sheets-baot=\"1\">\n<colgroup>\n<col width=\"128\" \/>\n<col width=\"507\" \/><\/colgroup>\n<tbody>\n<tr>\n<td colspan=\"2\" rowspan=\"1\">\n<ul>\n<li style=\"text-align: left;\">El programa contiene el proyecto integrador I y II, que articula todas las \u00e1reas de conocimiento para llevarlas directamente a la apropiaci\u00f3n del concepto y aplicaci\u00f3n en el desarrollo de la investigaci\u00f3n.<\/li>\n<\/ul>\n<\/td>\n<\/tr>\n<tr>\n<td colspan=\"2\" rowspan=\"1\">\n<ul>\n<li>Se combinan temas de gesti\u00f3n y temas t\u00e9cnicos disciplinares, con lo cual se procura proporcionar un enfoque diferenciador de otros programas ya existentes, que por lo general tienen un enfoque mucho m\u00e1s t\u00e9cnico.<\/li>\n<\/ul>\n<\/td>\n<\/tr>\n<tr>\n<td colspan=\"2\" rowspan=\"1\">\n<ul>\n<li style=\"text-align: left;\">Se forman profesionales con una visi\u00f3n estrat\u00e9gica, basados en los diferentes modelos de gesti\u00f3n de redes y seguridad inform\u00e1tica en las organizaciones. El tema de gesti\u00f3n se ve reflejado como tal en el enfoque de los cursos.<\/li>\n<\/ul>\n<\/td>\n<\/tr>\n<\/tbody>\n<\/table>\n<\/div>\n<hr \/>\n<h3 class=\"sfw\"><strong><span style=\"color: #008000;\">Requisitos de ingreso<\/span><\/strong><\/h3>\n<ul>\n<li><a href=\"https:\/\/ucn.edu.co\/inscripciones-en-linea\" target=\"_blank\" rel=\"noopener\">Diligenciar el formulario de ingreso.<\/a><\/li>\n<li>Fotocopia del documento de identidad ampliado al 150%.<\/li>\n<li>Fotocopia del diploma o acta de pregrado.<\/li>\n<li>Recibo de los servicios p\u00fablicos, para constatar el estrato socioecon\u00f3mico y direcci\u00f3n.<\/li>\n<li>Recibo que acredite el pago de los derechos de inscripci\u00f3n y matr\u00edcula, efectuado por comprobante de pago o pago en l\u00ednea.<\/li>\n<li>Una (1) fotograf\u00eda tama\u00f1o 3\u00d74.<\/li>\n<li>En caso de ser necesario, certificado de discapacidad otorgado por la EPS, entidad prestadora de servicio o junta Nacional calificadora, para aspirantes con discapacidad.<\/li>\n<\/ul>\n<hr \/>\n<h3><span style=\"color: #008000;\"><strong>Propuesta Acad\u00e9mica<\/strong><\/span><\/h3>\n<ul class=\"list-unstyled mx-0 lh-base\">\n<li><b>T\u00edtulo:<\/b> Especialista en inteligencia de negocios<\/li>\n<li><b>Cr\u00e9ditos:<\/b> 26<\/li>\n<li><b>Modalidad:<\/b>\u00a0Virtual<\/li>\n<li><strong>Duraci\u00f3n:<\/strong>\u00a02 Semestres<\/li>\n<li><span style=\"color: #0000ff;\"><a style=\"color: #0000ff;\" href=\"https:\/\/content.ucn.edu.co\/wp-media-folder-fundacion-universitaria-catolica-del-norte\/wp-content\/uploads\/2022\/01\/in-ucn-especializacion-inteligencia-negocios-02.pdf\" target=\"_blank\" rel=\"noopener\"><b>\u27a1\ufe0fPlan de Estudios<\/b><\/a><\/span><\/li>\n<li><span style=\"color: #0000ff;\"><strong><a style=\"color: #0000ff;\" href=\"https:\/\/docs.google.com\/spreadsheets\/d\/1AFnbBvhTfTV4CHqIV6-TM4ucD42vsz73\/edit?rtpof=true\">\u27a1\ufe0fValor del Semestre<\/a><\/strong><\/span><\/li>\n<li><b>Valor inscripci\u00f3n:<\/b> $ 172.000<\/li>\n<li><span style=\"color: #0000ff;\"><a style=\"color: #0000ff;\" href=\"https:\/\/ucn.edu.co\/beneficios-formas-de-pago-y-financiacion\" rel=\"noopener\"><b>\u27a1\ufe0fFinanciaci\u00f3n<\/b><\/a><\/span><\/li>\n<li><span style=\"color: #0000ff;\"><a style=\"color: #0000ff;\" href=\"https:\/\/ucn.edu.co\/beneficios-alianzas\" rel=\"noopener\"><b>\u27a1\ufe0fBeneficio Alianzas<\/b><\/a><\/span><\/li>\n<\/ul>\n<hr \/>\n<p>&nbsp;<\/p>\n","protected":false},"excerpt":{"rendered":"<p>Especializaci\u00f3n en Inteligencia de Negocios La Especializaci\u00f3n en Inteligencia de Negocios, est\u00e1 orientada a desarrollar las competencias para entender, caracterizar e incorpora las t\u00e9cnicas, los m\u00e9todos y las tecnolog\u00edas que rigen el Big Data y la anal\u00edtica, asociados a la inteligencia de negocio, en la&#8230;<\/p>\n","protected":false},"author":16,"featured_media":0,"parent":0,"menu_order":0,"comment_status":"closed","ping_status":"closed","template":"","meta":{"footnotes":""},"class_list":["post-5425","page","type-page","status-publish","hentry"],"aioseo_notices":[],"_links":{"self":[{"href":"https:\/\/sic.nodscloud.com\/nodsglobal\/wp-json\/wp\/v2\/pages\/5425","targetHints":{"allow":["GET"]}}],"collection":[{"href":"https:\/\/sic.nodscloud.com\/nodsglobal\/wp-json\/wp\/v2\/pages"}],"about":[{"href":"https:\/\/sic.nodscloud.com\/nodsglobal\/wp-json\/wp\/v2\/types\/page"}],"author":[{"embeddable":true,"href":"https:\/\/sic.nodscloud.com\/nodsglobal\/wp-json\/wp\/v2\/users\/16"}],"replies":[{"embeddable":true,"href":"https:\/\/sic.nodscloud.com\/nodsglobal\/wp-json\/wp\/v2\/comments?post=5425"}],"version-history":[{"count":7,"href":"https:\/\/sic.nodscloud.com\/nodsglobal\/wp-json\/wp\/v2\/pages\/5425\/revisions"}],"predecessor-version":[{"id":5968,"href":"https:\/\/sic.nodscloud.com\/nodsglobal\/wp-json\/wp\/v2\/pages\/5425\/revisions\/5968"}],"wp:attachment":[{"href":"https:\/\/sic.nodscloud.com\/nodsglobal\/wp-json\/wp\/v2\/media?parent=5425"}],"curies":[{"name":"wp","href":"https:\/\/api.w.org\/{rel}","templated":true}]}}