
{"id":5434,"date":"2024-10-02T14:30:37","date_gmt":"2024-10-02T14:30:37","guid":{"rendered":"https:\/\/sic.nodscloud.com\/nodsglobal\/?page_id=5434"},"modified":"2024-12-05T12:36:59","modified_gmt":"2024-12-05T12:36:59","slug":"especializacion-en-gestion-de-seguridad-y-riesgo-informatico","status":"publish","type":"page","link":"https:\/\/sic.nodscloud.com\/nodsglobal\/especializacion-en-gestion-de-seguridad-y-riesgo-informatico\/","title":{"rendered":"Especializaci\u00f3n en Gesti\u00f3n de Seguridad y Riesgo inform\u00e1tico"},"content":{"rendered":"<h1><strong><span style=\"color: #008000;\"><img fetchpriority=\"high\" decoding=\"async\" class=\"alignnone wp-image-5358 aligncenter\" src=\"https:\/\/sic.nodscloud.com\/nodsglobal\/wp-content\/uploads\/sites\/3\/2024\/10\/logo_catolica.png\" alt=\"\" width=\"513\" height=\"172\" srcset=\"https:\/\/sic.nodscloud.com\/nodsglobal\/wp-content\/uploads\/sites\/3\/2024\/10\/logo_catolica.png 763w, https:\/\/sic.nodscloud.com\/nodsglobal\/wp-content\/uploads\/sites\/3\/2024\/10\/logo_catolica-300x101.png 300w, https:\/\/sic.nodscloud.com\/nodsglobal\/wp-content\/uploads\/sites\/3\/2024\/10\/logo_catolica-700x235.png 700w\" sizes=\"(max-width: 513px) 100vw, 513px\" \/><\/span><\/strong><\/h1>\n<h1 style=\"text-align: center;\"><strong><span style=\"color: #008000;\">Especializaci\u00f3n en Gesti\u00f3n de Seguridad y Riesgo inform\u00e1tico<\/span><\/strong><\/h1>\n<p><img decoding=\"async\" class=\"aligncenter\" src=\"https:\/\/content.ucn.edu.co\/wp-media-folder-fundacion-universitaria-catolica-del-norte\/wp-content\/uploads\/2022\/02\/seguridad-y-riesgo.jpg\" alt=\"Especializaci\u00f3n en Gesti\u00f3n de Seguridad y Riesgo Inform\u00e1tico\" \/><\/p>\n<p>La Especializaci\u00f3n en Gesti\u00f3n de Seguridad y Riesgo Inform\u00e1tico, est\u00e1 orientada a desarrollar las competencias para planificar y gestionar procesos relacionados con la gesti\u00f3n de riesgos inform\u00e1ticos, dise\u00f1ar y asegurar plataformas tecnol\u00f3gicas, mediante un modelo eficiente de seguridad de la informaci\u00f3n y mejores pr\u00e1cticas de TI.<\/p>\n<hr \/>\n<div class=\"col-md-6\">\n<h3 class=\"sfw\"><span style=\"color: #008000;\"><strong>Perfil Profesional<\/strong><\/span><\/h3>\n<p>El Especialista en Gesti\u00f3n de Seguridad y Riesgo Inform\u00e1tico de la Fundaci\u00f3n Universitaria Cat\u00f3lica del Norte ser\u00e1 un profesional con sentido \u00e9tico y responsabilidad social, competente para planificar y gestionar procesos relacionados con la gesti\u00f3n de riesgos inform\u00e1ticos, dise\u00f1ar y asegurar plataformas tecnol\u00f3gicas tanto f\u00edsicas como en la nube, mediante un modelo eficiente de seguridad de la informaci\u00f3n y mejores pr\u00e1cticas de TI, para desempe\u00f1arse en el sector p\u00fablico o privado a nivel nacional e internacional, aportando a la sostenibilidad de las organizaciones.<\/p>\n<hr \/>\n<\/div>\n<div class=\"col-md-6\">\n<h3 class=\"sfw\"><strong><span style=\"color: #008000;\">Perfil Ocupacional<\/span><\/strong><\/h3>\n<p>El Especialista en Gesti\u00f3n de Seguridad y Riesgo Inform\u00e1tico de la Fundaci\u00f3n Universitaria Cat\u00f3lica del Norte estar\u00e1 en capacidad de desempe\u00f1arse como:<\/p>\n<ul>\n<li>Director de seguridad de la informaci\u00f3n (CISO).<\/li>\n<li>Responsable de la seguridad de la organizaci\u00f3n (CSO).<\/li>\n<li>Gerente o L\u00edder de proyectos de Seguridad y Riesgo Inform\u00e1tico.<\/li>\n<li>Asesor o consultor en implementaci\u00f3n de modelos de gesti\u00f3n de seguridad inform\u00e1tica, la informaci\u00f3n de TI y mejores pr\u00e1cticas de industria.<\/li>\n<li>Administrador o gestor de procesos y servicios relacionados con seguridad inform\u00e1tica y criptograf\u00eda.<\/li>\n<li>Analista de seguridad de la informaci\u00f3n.<\/li>\n<li>L\u00edder de aseguramiento de plataformas.<\/li>\n<li>Arquitecto de infraestructura de Seguridad de TI.<\/li>\n<li>Auditor de riesgos y seguridad inform\u00e1tica.<\/li>\n<\/ul>\n<hr \/>\n<\/div>\n<div class=\"col-md-6\">\n<h3 class=\"sfw\"><strong><span style=\"color: #008000;\">Perfil de Ingreso<\/span><\/strong><\/h3>\n<p>El perfil de ingreso de los aspirantes est\u00e1 orientado a profesionales que cuenten con t\u00edtulo a nivel de pregrado en disciplinas afines con las disciplinas de ingenier\u00eda en el \u00e1rea de las TIC. Debido al enfoque disciplinar y de tipo tecnol\u00f3gico que tiene el programa, los aspirantes preferiblemente, deben ser egresados de programas como de ingeniera inform\u00e1tica, de sistemas, telecomunicaciones y electr\u00f3nica. Tambi\u00e9n pueden aspirar a ingresar estudiantes de otras disciplinas que demuestren tener experiencia laboral en \u00e1reas relacionadas con la administraci\u00f3n, gesti\u00f3n y\/o afines con \u00e1reas de tecnolog\u00eda inform\u00e1tica. Desde el punto de vista de competencias informacionales, el estudiante debe tener dominio de las herramientas actuales que se utilizan para acceso a las TIC, las redes de datos, internet, redes sociales, etc. Igualmente, es importante que el estudiante disponga de acceso a un computador y de conexi\u00f3n a Internet.<\/p>\n<hr \/>\n<h3><span style=\"color: #008000;\"><strong>Diferenciadores y\/o atributos<\/strong><\/span><\/h3>\n<\/div>\n<table dir=\"ltr\" style=\"height: 176px;\" width=\"1171\" cellspacing=\"0\" cellpadding=\"0\" data-sheets-root=\"1\" data-sheets-baot=\"1\">\n<colgroup>\n<col width=\"128\" \/>\n<col width=\"507\" \/><\/colgroup>\n<tbody>\n<tr>\n<td colspan=\"2\" rowspan=\"1\">\n<ul>\n<li>El programa contiene el proyecto integrador I y II, que articula todas las \u00e1reas de conocimiento para llevarlas directamente a la apropiaci\u00f3n del concepto y aplicaci\u00f3n en el desarrollo de la investigaci\u00f3n.<\/li>\n<\/ul>\n<\/td>\n<\/tr>\n<tr>\n<td colspan=\"2\" rowspan=\"1\">\n<ul>\n<li>Se combinan temas de gesti\u00f3n y temas t\u00e9cnicos disciplinares, con lo cual se procura proporcionar un enfoque diferenciador de otros programas ya existentes, que por lo general tienen un enfoque mucho m\u00e1s t\u00e9cnico.<\/li>\n<\/ul>\n<\/td>\n<\/tr>\n<tr>\n<td style=\"text-align: left;\" colspan=\"2\" rowspan=\"1\">\n<ul>\n<li>Se forman profesionales con una visi\u00f3n estrat\u00e9gica, basados en los diferentes modelos de gesti\u00f3n de redes y seguridad inform\u00e1tica en las organizaciones. El tema de gesti\u00f3n se ve reflejado como tal en el enfoque de los cursos.<\/li>\n<\/ul>\n<\/td>\n<\/tr>\n<\/tbody>\n<\/table>\n<hr \/>\n<h3 class=\"sfw\"><span style=\"color: #008000;\"><strong>Requisitos de ingreso<\/strong><\/span><\/h3>\n<ul>\n<li><a href=\"https:\/\/ucn.edu.co\/inscripciones-en-linea\" target=\"_blank\" rel=\"noopener\">Diligenciar el formulario de ingreso.<\/a><\/li>\n<li>Fotocopia del documento de identidad ampliado al 150%.<\/li>\n<li>Fotocopia del diploma o acta de pregrado.<\/li>\n<li>Recibo de los servicios p\u00fablicos, para constatar el estrato socioecon\u00f3mico y direcci\u00f3n.<\/li>\n<li>Recibo que acredite el pago de los derechos de inscripci\u00f3n y matr\u00edcula, efectuado por comprobante de pago o pago en l\u00ednea.<\/li>\n<li>Una (1) fotograf\u00eda tama\u00f1o 3\u00d74.<\/li>\n<li>En caso de ser necesario, certificado de discapacidad otorgado por la EPS, entidad prestadora de servicio o junta Nacional calificadora, para aspirantes con discapacidad.<\/li>\n<\/ul>\n<hr \/>\n<h3><span style=\"color: #008000;\"><strong>Propuesta Acad\u00e9mica<\/strong><\/span><\/h3>\n<ul class=\"list-unstyled mx-0 lh-base\">\n<li><b>T\u00edtulo:<\/b> Especialista en gesti\u00f3n de seguridad y riesgo inform\u00e1tico<\/li>\n<li><b>Cr\u00e9ditos:<\/b> 27<\/li>\n<li><b>Modalidad:<\/b>\u00a0Virtual<\/li>\n<li><strong>Duraci\u00f3n:<\/strong>\u00a02 Semestres<\/li>\n<li><span style=\"color: #0000ff;\"><a style=\"color: #0000ff;\" href=\"https:\/\/content.ucn.edu.co\/wp-media-folder-fundacion-universitaria-catolica-del-norte\/wp-content\/uploads\/2022\/01\/sri-ucn-especializacion-seguridad-riesgo-informatico-2019-02.pdf\" target=\"_blank\" rel=\"noopener\"><b>\u27a1\ufe0fPlan de Estudios<\/b><\/a><\/span><\/li>\n<li><span style=\"color: #0000ff;\"><strong><a style=\"color: #0000ff;\" href=\"https:\/\/docs.google.com\/spreadsheets\/d\/1AFnbBvhTfTV4CHqIV6-TM4ucD42vsz73\/edit?rtpof=true\">\u27a1\ufe0fValor del Semestre<\/a><\/strong><\/span><\/li>\n<li><b>Valor inscripci\u00f3n:<\/b> $ 172.000<\/li>\n<li><span style=\"color: #0000ff;\"><a style=\"color: #0000ff;\" href=\"https:\/\/ucn.edu.co\/beneficios-formas-de-pago-y-financiacion\" rel=\"noopener\"><b>\u27a1\ufe0fFinanciaci\u00f3n<\/b><\/a><\/span><\/li>\n<li><span style=\"color: #0000ff;\"><a style=\"color: #0000ff;\" href=\"https:\/\/ucn.edu.co\/beneficios-alianzas\" rel=\"noopener\"><b>\u27a1\ufe0fBeneficio Alianzas<\/b><\/a><\/span><\/li>\n<\/ul>\n<hr \/>\n<p>&nbsp;<\/p>\n","protected":false},"excerpt":{"rendered":"<p>Especializaci\u00f3n en Gesti\u00f3n de Seguridad y Riesgo inform\u00e1tico La Especializaci\u00f3n en Gesti\u00f3n de Seguridad y Riesgo Inform\u00e1tico, est\u00e1 orientada a desarrollar las competencias para planificar y gestionar procesos relacionados con la gesti\u00f3n de riesgos inform\u00e1ticos, dise\u00f1ar y asegurar plataformas tecnol\u00f3gicas, mediante un modelo eficiente de&#8230;<\/p>\n","protected":false},"author":16,"featured_media":0,"parent":0,"menu_order":0,"comment_status":"closed","ping_status":"closed","template":"","meta":{"footnotes":""},"class_list":["post-5434","page","type-page","status-publish","hentry"],"aioseo_notices":[],"_links":{"self":[{"href":"https:\/\/sic.nodscloud.com\/nodsglobal\/wp-json\/wp\/v2\/pages\/5434","targetHints":{"allow":["GET"]}}],"collection":[{"href":"https:\/\/sic.nodscloud.com\/nodsglobal\/wp-json\/wp\/v2\/pages"}],"about":[{"href":"https:\/\/sic.nodscloud.com\/nodsglobal\/wp-json\/wp\/v2\/types\/page"}],"author":[{"embeddable":true,"href":"https:\/\/sic.nodscloud.com\/nodsglobal\/wp-json\/wp\/v2\/users\/16"}],"replies":[{"embeddable":true,"href":"https:\/\/sic.nodscloud.com\/nodsglobal\/wp-json\/wp\/v2\/comments?post=5434"}],"version-history":[{"count":3,"href":"https:\/\/sic.nodscloud.com\/nodsglobal\/wp-json\/wp\/v2\/pages\/5434\/revisions"}],"predecessor-version":[{"id":5969,"href":"https:\/\/sic.nodscloud.com\/nodsglobal\/wp-json\/wp\/v2\/pages\/5434\/revisions\/5969"}],"wp:attachment":[{"href":"https:\/\/sic.nodscloud.com\/nodsglobal\/wp-json\/wp\/v2\/media?parent=5434"}],"curies":[{"name":"wp","href":"https:\/\/api.w.org\/{rel}","templated":true}]}}