
{"id":5440,"date":"2024-10-02T14:57:56","date_gmt":"2024-10-02T14:57:56","guid":{"rendered":"https:\/\/sic.nodscloud.com\/nodsglobal\/?page_id=5440"},"modified":"2024-12-05T12:44:05","modified_gmt":"2024-12-05T12:44:05","slug":"especializacion-en-gerencia-de-negocios-internacionales","status":"publish","type":"page","link":"https:\/\/sic.nodscloud.com\/nodsglobal\/especializacion-en-gerencia-de-negocios-internacionales\/","title":{"rendered":"Especializaci\u00f3n en Gerencia de Negocios Internacionales"},"content":{"rendered":"<p><img fetchpriority=\"high\" decoding=\"async\" class=\" wp-image-5358 aligncenter\" src=\"https:\/\/sic.nodscloud.com\/nodsglobal\/wp-content\/uploads\/sites\/3\/2024\/10\/logo_catolica.png\" alt=\"\" width=\"462\" height=\"155\" srcset=\"https:\/\/sic.nodscloud.com\/nodsglobal\/wp-content\/uploads\/sites\/3\/2024\/10\/logo_catolica.png 763w, https:\/\/sic.nodscloud.com\/nodsglobal\/wp-content\/uploads\/sites\/3\/2024\/10\/logo_catolica-300x101.png 300w, https:\/\/sic.nodscloud.com\/nodsglobal\/wp-content\/uploads\/sites\/3\/2024\/10\/logo_catolica-700x235.png 700w\" sizes=\"(max-width: 462px) 100vw, 462px\" \/><\/p>\n<h1 style=\"text-align: center;\"><span style=\"color: #008000;\"><strong>Especializaci\u00f3n en Gerencia de Negocios Internacionales<\/strong><\/span><\/h1>\n<p><iframe title=\"Especializaci\u00f3n en Gerencia de Negocios Internacionales\" width=\"1060\" height=\"596\" src=\"https:\/\/www.youtube.com\/embed\/UqfUDHaBRho?feature=oembed\" frameborder=\"0\" allow=\"accelerometer; autoplay; clipboard-write; encrypted-media; gyroscope; picture-in-picture; web-share\" referrerpolicy=\"strict-origin-when-cross-origin\" allowfullscreen><\/iframe><\/p>\n<p>La Especializaci\u00f3n en Gerencia de Negocios Internacionales, est\u00e1 orientada a desarrollar las competencias para gestionar los recursos de la organizaci\u00f3n mediante el an\u00e1lisis y la investigaci\u00f3n de las exigencias del entorno internacional. Formar especialistas en Gerencia de Negocios Internacionales para gestionar los recursos de la organizaci\u00f3n, administrar la estrategia de internacionalizaci\u00f3n, mediante el an\u00e1lisis y la investigaci\u00f3n de las exigencias del entorno, utilizando las herramientas de la tecnolog\u00eda de la informaci\u00f3n y la comunicaci\u00f3n, con \u00e9tica y responsabilidad social empresarial.<\/p>\n<hr \/>\n<div class=\"col-md-6\">\n<h3 class=\"sfw\"><strong><span style=\"color: #008000;\">Perfil Profesional<\/span><\/strong><\/h3>\n<p>El Especialista en Gerencia de Negocios Internacionales de la Fundaci\u00f3n Universitaria Cat\u00f3lica del Norte, ser\u00e1 un profesional capaz de gestionar los recursos de la organizaci\u00f3n para administrar la estrategia de internacionalizaci\u00f3n, mediante el an\u00e1lisis y la investigaci\u00f3n de las exigencias del entorno, utilizando las herramientas de la informaci\u00f3n y la comunicaci\u00f3n, con \u00e9tica y responsabilidad social empresarial.<\/p>\n<hr \/>\n<\/div>\n<div class=\"col-md-6\">\n<h3 class=\"sfw\"><strong><span style=\"color: #008000;\">Perfil Ocupacional<\/span><\/strong><\/h3>\n<p>El Especialista de Gerencia en Negocios Internacionales de la Fundaci\u00f3n Universitaria Cat\u00f3lica del Norte, podr\u00e1 desempe\u00f1arse como:<\/p>\n<ul>\n<li>Gerente o Director de planeaci\u00f3n, programaci\u00f3n y control de operaciones internacionales.<\/li>\n<li>Gerente o Director de proyectos en las \u00e1reas de internacionalizaci\u00f3n.<\/li>\n<li>Gerente o Director de Negocios Internacionales o comercio exterior.<\/li>\n<li>Gerente o Director de Transporte y Log\u00edstica nacional e internacional.<\/li>\n<li>Gerente o Director de investigaci\u00f3n en el mercado internacional.<\/li>\n<li>Consultor externo en Negocios Internacionales.<\/li>\n<li>Representante de organizaciones a nivel internacional.<\/li>\n<\/ul>\n<hr \/>\n<h3 class=\"sfw\"><strong><span style=\"color: #008000;\">Perfil de Ingreso<\/span><\/strong><\/h3>\n<p>La especializaci\u00f3n en Gerencia de Negocios Internacionales, estar\u00e1 abierto a profesionales de cualquier \u00e1rea de conocimiento, con un alto inter\u00e9s en temas de negocios internacionales, y que deseen ampliar, profundizar y actualizar sus conocimientos en el \u00e1rea.<\/p>\n<hr \/>\n<h3 class=\"sfw\"><strong><span style=\"color: #008000;\">Requisitos de ingreso<\/span><\/strong><\/h3>\n<ul>\n<li><a href=\"https:\/\/ucn.edu.co\/inscripciones-en-linea\" target=\"_blank\" rel=\"noopener\">Diligenciar el formulario de ingreso.<\/a><\/li>\n<li>Fotocopia del documento de identidad ampliado al 150%.<\/li>\n<li>Fotocopia del diploma o acta de pregrado.<\/li>\n<li>Recibo de los servicios p\u00fablicos, para constatar el estrato socioecon\u00f3mico y direcci\u00f3n.<\/li>\n<li>Recibo que acredite el pago de los derechos de inscripci\u00f3n y matr\u00edcula, efectuado por comprobante de pago o pago en l\u00ednea.<\/li>\n<li>Una (1) fotograf\u00eda tama\u00f1o 3\u00d74.<\/li>\n<li>En caso de ser necesario, certificado de discapacidad otorgado por la EPS, entidad prestadora de servicio o junta Nacional calificadora, para aspirantes con discapacidad.<\/li>\n<\/ul>\n<hr \/>\n<h3><strong><span style=\"color: #008000;\">Propuesta Acad\u00e9mica<\/span><\/strong><\/h3>\n<ul class=\"list-unstyled mx-0 lh-base\">\n<li><b>T\u00edtulo:<\/b> Especialista en gerencia de negocios internacionales<\/li>\n<li><b>Cr\u00e9ditos:<\/b> 26<\/li>\n<li><b>Modalidad:<\/b>\u00a0Virtual<\/li>\n<li><strong>Duraci\u00f3n:<\/strong>\u00a02 Semestres<\/li>\n<li><span style=\"color: #0000ff;\"><a style=\"color: #0000ff;\" href=\"https:\/\/content.ucn.edu.co\/wp-media-folder-fundacion-universitaria-catolica-del-norte\/wp-content\/uploads\/2022\/01\/ni-ucn-especializacion-gerencia-negocios-internacionales-2019-02.pdf\" target=\"_blank\" rel=\"noopener\"><b>\u27a1\ufe0fPlan de Estudios<\/b><\/a><\/span><\/li>\n<li><span style=\"color: #0000ff;\"><strong><a style=\"color: #0000ff;\" href=\"https:\/\/docs.google.com\/spreadsheets\/d\/1AFnbBvhTfTV4CHqIV6-TM4ucD42vsz73\/edit?rtpof=true\">\u27a1\ufe0fValor del Semestre<\/a><\/strong><\/span><\/li>\n<li><b>Valor inscripci\u00f3n:<\/b> $ 172.000<\/li>\n<li><span style=\"color: #0000ff;\"><a style=\"color: #0000ff;\" href=\"https:\/\/ucn.edu.co\/beneficios-formas-de-pago-y-financiacion\" rel=\"noopener\"><b>\u27a1\ufe0fFinanciaci\u00f3n<\/b><\/a><\/span><\/li>\n<li><span style=\"color: #0000ff;\"><a style=\"color: #0000ff;\" href=\"https:\/\/ucn.edu.co\/beneficios-alianzas\" rel=\"noopener\"><b>\u27a1\ufe0fBeneficio Alianzas<\/b><\/a><\/span><\/li>\n<\/ul>\n<hr \/>\n<p>&nbsp;<\/p>\n<\/div>\n","protected":false},"excerpt":{"rendered":"<p>Especializaci\u00f3n en Gerencia de Negocios Internacionales La Especializaci\u00f3n en Gerencia de Negocios Internacionales, est\u00e1 orientada a desarrollar las competencias para gestionar los recursos de la organizaci\u00f3n mediante el an\u00e1lisis y la investigaci\u00f3n de las exigencias del entorno internacional. Formar especialistas en Gerencia de Negocios Internacionales&#8230;<\/p>\n","protected":false},"author":16,"featured_media":0,"parent":0,"menu_order":0,"comment_status":"closed","ping_status":"closed","template":"","meta":{"footnotes":""},"class_list":["post-5440","page","type-page","status-publish","hentry"],"aioseo_notices":[],"_links":{"self":[{"href":"https:\/\/sic.nodscloud.com\/nodsglobal\/wp-json\/wp\/v2\/pages\/5440","targetHints":{"allow":["GET"]}}],"collection":[{"href":"https:\/\/sic.nodscloud.com\/nodsglobal\/wp-json\/wp\/v2\/pages"}],"about":[{"href":"https:\/\/sic.nodscloud.com\/nodsglobal\/wp-json\/wp\/v2\/types\/page"}],"author":[{"embeddable":true,"href":"https:\/\/sic.nodscloud.com\/nodsglobal\/wp-json\/wp\/v2\/users\/16"}],"replies":[{"embeddable":true,"href":"https:\/\/sic.nodscloud.com\/nodsglobal\/wp-json\/wp\/v2\/comments?post=5440"}],"version-history":[{"count":2,"href":"https:\/\/sic.nodscloud.com\/nodsglobal\/wp-json\/wp\/v2\/pages\/5440\/revisions"}],"predecessor-version":[{"id":5975,"href":"https:\/\/sic.nodscloud.com\/nodsglobal\/wp-json\/wp\/v2\/pages\/5440\/revisions\/5975"}],"wp:attachment":[{"href":"https:\/\/sic.nodscloud.com\/nodsglobal\/wp-json\/wp\/v2\/media?parent=5440"}],"curies":[{"name":"wp","href":"https:\/\/api.w.org\/{rel}","templated":true}]}}