
{"id":5443,"date":"2024-10-02T15:39:46","date_gmt":"2024-10-02T15:39:46","guid":{"rendered":"https:\/\/sic.nodscloud.com\/nodsglobal\/?page_id=5443"},"modified":"2024-12-05T12:43:47","modified_gmt":"2024-12-05T12:43:47","slug":"especializacion-en-gerencia-financiera","status":"publish","type":"page","link":"https:\/\/sic.nodscloud.com\/nodsglobal\/especializacion-en-gerencia-financiera\/","title":{"rendered":"Especializaci\u00f3n en Gerencia Financiera"},"content":{"rendered":"<h1><strong><img fetchpriority=\"high\" decoding=\"async\" class=\"alignnone wp-image-5358 aligncenter\" src=\"https:\/\/sic.nodscloud.com\/nodsglobal\/wp-content\/uploads\/sites\/3\/2024\/10\/logo_catolica.png\" alt=\"\" width=\"447\" height=\"150\" srcset=\"https:\/\/sic.nodscloud.com\/nodsglobal\/wp-content\/uploads\/sites\/3\/2024\/10\/logo_catolica.png 763w, https:\/\/sic.nodscloud.com\/nodsglobal\/wp-content\/uploads\/sites\/3\/2024\/10\/logo_catolica-300x101.png 300w, https:\/\/sic.nodscloud.com\/nodsglobal\/wp-content\/uploads\/sites\/3\/2024\/10\/logo_catolica-700x235.png 700w\" sizes=\"(max-width: 447px) 100vw, 447px\" \/><\/strong><\/h1>\n<h1 style=\"text-align: center;\"><span style=\"color: #008000;\"><strong>Especializaci\u00f3n en Gerencia Financiera<\/strong><\/span><\/h1>\n<p><iframe title=\"Especializaci\u00f3n en Gerencia Financiera\" width=\"1060\" height=\"596\" src=\"https:\/\/www.youtube.com\/embed\/NLG-ADc2pSc?feature=oembed\" frameborder=\"0\" allow=\"accelerometer; autoplay; clipboard-write; encrypted-media; gyroscope; picture-in-picture; web-share\" referrerpolicy=\"strict-origin-when-cross-origin\" allowfullscreen><\/iframe><\/p>\n<p>El programa de Especializaci\u00f3n en Gerencia Financiera, de la Fundaci\u00f3n Universitaria Cat\u00f3lica del Norte, tiene como objetivo formar profesionales con competencias humanas y espec\u00edficas en el \u00e1rea financiera, que permita a las empresas realizar negociaciones en mercados financieros nacionales e internacionales, utilizando las tecnolog\u00edas de la informaci\u00f3n y comunicaci\u00f3n, con \u00e9tica y responsabilidad social, para aportar a la transformaci\u00f3n social y econ\u00f3mica del pa\u00eds. La Especializaci\u00f3n en Gerencia Financiera, est\u00e1 orientada a desarrollar las competencias para dirigir y gestionar equipos de trabajo, organizar y asignar los recursos que le permitan a las empresas realizar negociaciones en mercados nacionales e internacionales.<\/p>\n<hr \/>\n<div class=\"col-md-6\">\n<h3 class=\"sfw\"><strong><span style=\"color: #008000;\">Perfil Profesional<\/span><\/strong><\/h3>\n<p>El Especialista en Gerencia Financiera de la Fundaci\u00f3n Universitaria Cat\u00f3lica del Norte, ser\u00e1 un profesional capaz de dirigir y gestionar equipos de trabajo, organizar y asignar los recursos para el funcionamiento de la empresa, utilizando las herramientas de la informaci\u00f3n y la comunicaci\u00f3n; competente para la investigaci\u00f3n y el an\u00e1lisis sistem\u00e1tico de los datos en el dise\u00f1o de escenarios financieros, en el \u00e1mbito regional, nacional e internacional, con \u00e9tica y responsabilidad social.<\/p>\n<hr \/>\n<\/div>\n<div class=\"col-md-6\">\n<h3 class=\"sfw\"><strong><span style=\"color: #008000;\">Perfil Ocupacional<\/span><\/strong><\/h3>\n<p>El Especialista en Gerencia Financiera de la Fundaci\u00f3n Universitaria Cat\u00f3lica del Norte podr\u00e1 desempe\u00f1arse como:<\/p>\n<ul>\n<li>Gerente o Director del \u00e1rea financiera de una organizaci\u00f3n.<\/li>\n<li>Gerente o Director de proyectos de Investigaci\u00f3n en el \u00e1rea financiera.<\/li>\n<li>Consultor financiero de empresas con criterio regional, nacional e internacional.<\/li>\n<li>Gestor o innovador de proyectos de inversi\u00f3n y planeaci\u00f3n financiera, siempre con criterios de sostenibilidad social, econ\u00f3mica, ambiental y responsabilidad social.<\/li>\n<li>Corredor de bolsa en las mesas de dinero de las entidades financieras.<\/li>\n<\/ul>\n<\/div>\n<hr \/>\n<h3 class=\"sfw\"><strong><span style=\"color: #008000;\">Perfil de Ingreso<\/span><\/strong><\/h3>\n<p>Est\u00e1 orientado a profesionales de cualquier \u00e1rea de conocimiento, con un alto inter\u00e9s en temas financieros a nivel nacional e internacional, que deseen ampliar, profundizar y actualizar sus conocimientos en el \u00e1rea.<\/p>\n<hr \/>\n<h3 class=\"sfw\"><span style=\"color: #008000;\"><strong>Requisitos de ingreso<\/strong><\/span><\/h3>\n<ul>\n<li><a href=\"https:\/\/ucn.edu.co\/inscripciones-en-linea\" target=\"_blank\" rel=\"noopener\">Diligenciar el formulario de ingreso.<\/a><\/li>\n<li>Fotocopia del documento de identidad ampliado al 150%.<\/li>\n<li>Fotocopia del diploma o acta de pregrado.<\/li>\n<li>Recibo de los servicios p\u00fablicos, para constatar el estrato socioecon\u00f3mico y direcci\u00f3n.<\/li>\n<li>Recibo que acredite el pago de los derechos de inscripci\u00f3n y matr\u00edcula, efectuado por comprobante de pago o pago en l\u00ednea.<\/li>\n<li>Una (1) fotograf\u00eda tama\u00f1o 3\u00d74.<\/li>\n<li>En caso de ser necesario, certificado de discapacidad otorgado por la EPS, entidad prestadora de servicio o junta Nacional calificadora, para aspirantes con discapacidad.<\/li>\n<\/ul>\n<hr \/>\n<h3><span style=\"color: #008000;\"><strong>Propuesta Acad\u00e9mica<\/strong><\/span><\/h3>\n<ul class=\"list-unstyled mx-0 lh-base\">\n<li><b>T\u00edtulo:<\/b> Especialista en Gerencia Financiera<\/li>\n<li><b>Cr\u00e9ditos:<\/b>\u00a026<\/li>\n<li><b>Modalidad:<\/b>\u00a0Virtual<\/li>\n<li><strong>Duraci\u00f3n:<\/strong>\u00a02 Semestres<\/li>\n<li><span style=\"color: #0000ff;\"><a style=\"color: #0000ff;\" href=\"https:\/\/content.ucn.edu.co\/wp-media-folder-fundacion-universitaria-catolica-del-norte\/wp-content\/uploads\/2022\/01\/gf-ucn-especializacion-gerencia-financiera-02.pdf\" target=\"_blank\" rel=\"noopener\"><b>\u27a1\ufe0fPlan de Estudios<\/b><\/a><\/span><\/li>\n<li><span style=\"color: #0000ff;\"><strong><a style=\"color: #0000ff;\" href=\"https:\/\/docs.google.com\/spreadsheets\/d\/1AFnbBvhTfTV4CHqIV6-TM4ucD42vsz73\/edit?rtpof=true\">\u27a1\ufe0fValor del Semestre<\/a><\/strong><\/span><\/li>\n<li><b>Valor inscripci\u00f3n:<\/b> $ 172.000<\/li>\n<li><span style=\"color: #0000ff;\"><a style=\"color: #0000ff;\" href=\"https:\/\/ucn.edu.co\/beneficios-formas-de-pago-y-financiacion\" rel=\"noopener\"><b>\u27a1\ufe0fFinanciaci\u00f3n<\/b><\/a><\/span><\/li>\n<li><span style=\"color: #0000ff;\"><a style=\"color: #0000ff;\" href=\"https:\/\/ucn.edu.co\/beneficios-alianzas\" rel=\"noopener\"><b>\u27a1\ufe0fBeneficio Alianzas<\/b><\/a><\/span><\/li>\n<\/ul>\n<hr \/>\n<p>&nbsp;<\/p>\n","protected":false},"excerpt":{"rendered":"<p>Especializaci\u00f3n en Gerencia Financiera El programa de Especializaci\u00f3n en Gerencia Financiera, de la Fundaci\u00f3n Universitaria Cat\u00f3lica del Norte, tiene como objetivo formar profesionales con competencias humanas y espec\u00edficas en el \u00e1rea financiera, que permita a las empresas realizar negociaciones en mercados financieros nacionales e internacionales,&#8230;<\/p>\n","protected":false},"author":16,"featured_media":0,"parent":0,"menu_order":0,"comment_status":"closed","ping_status":"closed","template":"","meta":{"footnotes":""},"class_list":["post-5443","page","type-page","status-publish","hentry"],"aioseo_notices":[],"_links":{"self":[{"href":"https:\/\/sic.nodscloud.com\/nodsglobal\/wp-json\/wp\/v2\/pages\/5443","targetHints":{"allow":["GET"]}}],"collection":[{"href":"https:\/\/sic.nodscloud.com\/nodsglobal\/wp-json\/wp\/v2\/pages"}],"about":[{"href":"https:\/\/sic.nodscloud.com\/nodsglobal\/wp-json\/wp\/v2\/types\/page"}],"author":[{"embeddable":true,"href":"https:\/\/sic.nodscloud.com\/nodsglobal\/wp-json\/wp\/v2\/users\/16"}],"replies":[{"embeddable":true,"href":"https:\/\/sic.nodscloud.com\/nodsglobal\/wp-json\/wp\/v2\/comments?post=5443"}],"version-history":[{"count":2,"href":"https:\/\/sic.nodscloud.com\/nodsglobal\/wp-json\/wp\/v2\/pages\/5443\/revisions"}],"predecessor-version":[{"id":5974,"href":"https:\/\/sic.nodscloud.com\/nodsglobal\/wp-json\/wp\/v2\/pages\/5443\/revisions\/5974"}],"wp:attachment":[{"href":"https:\/\/sic.nodscloud.com\/nodsglobal\/wp-json\/wp\/v2\/media?parent=5443"}],"curies":[{"name":"wp","href":"https:\/\/api.w.org\/{rel}","templated":true}]}}