
{"id":5447,"date":"2024-10-02T15:52:25","date_gmt":"2024-10-02T15:52:25","guid":{"rendered":"https:\/\/sic.nodscloud.com\/nodsglobal\/?page_id=5447"},"modified":"2024-12-05T12:42:44","modified_gmt":"2024-12-05T12:42:44","slug":"especializacion-en-gerencia-de-mercadeo","status":"publish","type":"page","link":"https:\/\/sic.nodscloud.com\/nodsglobal\/especializacion-en-gerencia-de-mercadeo\/","title":{"rendered":"Especializaci\u00f3n en Gerencia de mercadeo"},"content":{"rendered":"<p><img fetchpriority=\"high\" decoding=\"async\" class=\"alignnone wp-image-5358 aligncenter\" src=\"https:\/\/sic.nodscloud.com\/nodsglobal\/wp-content\/uploads\/sites\/3\/2024\/10\/logo_catolica.png\" alt=\"\" width=\"456\" height=\"153\" srcset=\"https:\/\/sic.nodscloud.com\/nodsglobal\/wp-content\/uploads\/sites\/3\/2024\/10\/logo_catolica.png 763w, https:\/\/sic.nodscloud.com\/nodsglobal\/wp-content\/uploads\/sites\/3\/2024\/10\/logo_catolica-300x101.png 300w, https:\/\/sic.nodscloud.com\/nodsglobal\/wp-content\/uploads\/sites\/3\/2024\/10\/logo_catolica-700x235.png 700w\" sizes=\"(max-width: 456px) 100vw, 456px\" \/><\/p>\n<h1 style=\"text-align: center;\"><span style=\"color: #008000;\"><strong>Especializaci\u00f3n en Gerencia de mercadeo<\/strong><\/span><\/h1>\n<p><img decoding=\"async\" class=\"aligncenter\" src=\"https:\/\/content.ucn.edu.co\/wp-media-folder-catolica-del-norte-fundacion-universitaria\/wp-content\/uploads\/2024\/05\/esp-gerencia-mercadeo.png\" alt=\"Experto en mercadeo revisar informaci\u00f3n en una pizarra.\" \/><\/p>\n<p>Adquiere las competencias y habilidades para dirigir y gestionar equipos de trabajo, supervisar y proponer estrategias de mercadeo, presupuestales y comunicacionales. F\u00f3rmate de manera integral como Espcialista en Gerencia de mercadeo en modalidad\u00a0<b>100% virtual.<\/b><\/p>\n<hr \/>\n<div class=\"col-md-6\">\n<h3 class=\"sfw\"><strong><span style=\"color: #008000;\">Perfil Profesional<\/span><\/strong><\/h3>\n<p>El Especialista en Gerencia de Mercadeo de la Fundaci\u00f3n Universitaria Cat\u00f3lica del Norte, ser\u00e1 un profesional capaz de dirigir y gestionar equipos de trabajo, supervisar y proponer estrategias de mercadeo, presupuestales y comunicacionales, para el posicionamiento y permanencia de la organizaci\u00f3n, utilizando habilidades interpersonales y herramientas de la informaci\u00f3n y la comunicaci\u00f3n; competente para la investigaci\u00f3n y anal\u00edtica en diferentes escenarios del mercado, en el \u00e1mbito regional, nacional e internacional, con \u00e9tica y responsabilidad social.<\/p>\n<hr \/>\n<\/div>\n<div class=\"col-md-6\">\n<h3 class=\"sfw\"><strong><span style=\"color: #008000;\">Perfil Ocupacional<\/span><\/strong><\/h3>\n<p>El Especialista en Gerencia de Mercadeo de la Fundaci\u00f3n Universitaria Cat\u00f3lica del Norte, podr\u00e1 desempe\u00f1arse como:<\/p>\n<ul>\n<li>Gerente o Director del \u00e1rea de mercadeo de una organizaci\u00f3n<\/li>\n<li>Gerente o Director de proyectos de investigaci\u00f3n en marketing<\/li>\n<li>Consultor en mercadeo a nivel nacional e internacional<\/li>\n<li>Gestor de procesos comunicacionales del mercado<\/li>\n<\/ul>\n<hr \/>\n<h3 class=\"sfw\"><strong><span style=\"color: #008000;\">Perfil de Ingreso<\/span><\/strong><\/h3>\n<p>El aspirante a la Especializaci\u00f3n en Gerencia del Mercadeo est\u00e1 dirigido al p\u00fablico en general, especialmente a aquel que tiene las siguientes caracter\u00edsticas:<\/p>\n<p>\u2022 Acercamiento a una visi\u00f3n estrat\u00e9gica del mercadeo<\/p>\n<p>\u2022 Mente abierta para la creatividad e innovaci\u00f3n desde las tecnolog\u00edas de la informaci\u00f3n y la comunicaci\u00f3n.<\/p>\n<p>\u2022 Un alto inter\u00e9s en el relacionamiento econ\u00f3mico y comercial a nivel nacional e internacional.<\/p>\n<p>\u2022 Inter\u00e9s por el posicionamiento y sostenibilidad de la organizaci\u00f3n<\/p>\n<p>\u2022 Conciencia de la importancia de la \u00e9tica profesional y la responsabilidad social empresarial.<\/p>\n<hr \/>\n<h3 class=\"sfw\"><strong><span style=\"color: #008000;\">Requisitos de ingreso<\/span><\/strong><\/h3>\n<ul>\n<li><a title=\"Diligenciar el formulario de ingreso.\" href=\"https:\/\/ucn.edu.co\/inscripciones-en-linea\" target=\"_blank\" rel=\"noopener\">Diligenciar el formulario de ingreso.<\/a><\/li>\n<li>Fotocopia del documento de identidad ampliado al 150%.<\/li>\n<li>Fotocopia del diploma de pregrado.<\/li>\n<li>Recibo de los servicios p\u00fablicos, para constatar el estrato socioecon\u00f3mico y direcci\u00f3n.<\/li>\n<li>Recibo que acredite el pago de los derechos de inscripci\u00f3n y matr\u00edcula, efectuado por comprobante de pago o pago en l\u00ednea.<\/li>\n<li>Una (1) fotograf\u00eda tama\u00f1o 3\u00d74.<\/li>\n<li>En caso de ser necesario, certificado de discapacidad otorgado por la EPS, entidad prestadora de servicio o junta Nacional calificadora, para aspirantes con discapacidad.<\/li>\n<\/ul>\n<hr \/>\n<h3><span style=\"color: #008000;\"><strong>Propuesta Acad\u00e9mica<\/strong><\/span><\/h3>\n<ul class=\"list-unstyled mx-0 lh-base\">\n<li><b>T\u00edtulo:<\/b> Especialista en Gerencia de mercadeo<\/li>\n<li><b>Cr\u00e9ditos:<\/b>\u00a026<\/li>\n<li><b>Modalidad:<\/b>\u00a0Virtual<\/li>\n<li><strong>Duraci\u00f3n:<\/strong>\u00a02 Semestres<\/li>\n<li><span style=\"color: #0000ff;\"><a style=\"color: #0000ff;\" href=\"https:\/\/content.ucn.edu.co\/wp-media-folder-catolica-del-norte-fundacion-universitaria\/wp-content\/uploads\/2024\/05\/UCN-especializacion-gerencia-mercadeo.pdf\" target=\"_blank\" rel=\"noopener\"><b>\u27a1\ufe0fPlan de Estudios<\/b><\/a><\/span><\/li>\n<li><span style=\"color: #0000ff;\"><strong><a style=\"color: #0000ff;\" href=\"https:\/\/docs.google.com\/spreadsheets\/d\/1AFnbBvhTfTV4CHqIV6-TM4ucD42vsz73\/edit?rtpof=true\">\u27a1\ufe0fValor del Semestre<\/a><\/strong><\/span><\/li>\n<li><b>Valor inscripci\u00f3n:<\/b> $ 172.000<\/li>\n<li><span style=\"color: #0000ff;\"><a style=\"color: #0000ff;\" href=\"https:\/\/ucn.edu.co\/beneficios-formas-de-pago-y-financiacion\" rel=\"noopener\"><b>\u27a1\ufe0fFinanciaci\u00f3n<\/b><\/a><\/span><\/li>\n<li><span style=\"color: #0000ff;\"><a style=\"color: #0000ff;\" href=\"https:\/\/ucn.edu.co\/beneficios-alianzas\" rel=\"noopener\"><b>\u27a1\ufe0fBeneficio Alianzas<\/b><\/a><\/span><\/li>\n<\/ul>\n<hr \/>\n<p>&nbsp;<\/p>\n<\/div>\n","protected":false},"excerpt":{"rendered":"<p>Especializaci\u00f3n en Gerencia de mercadeo Adquiere las competencias y habilidades para dirigir y gestionar equipos de trabajo, supervisar y proponer estrategias de mercadeo, presupuestales y comunicacionales. F\u00f3rmate de manera integral como Espcialista en Gerencia de mercadeo en modalidad\u00a0100% virtual. Perfil Profesional El Especialista en Gerencia&#8230;<\/p>\n","protected":false},"author":16,"featured_media":0,"parent":0,"menu_order":0,"comment_status":"closed","ping_status":"closed","template":"","meta":{"footnotes":""},"class_list":["post-5447","page","type-page","status-publish","hentry"],"aioseo_notices":[],"_links":{"self":[{"href":"https:\/\/sic.nodscloud.com\/nodsglobal\/wp-json\/wp\/v2\/pages\/5447","targetHints":{"allow":["GET"]}}],"collection":[{"href":"https:\/\/sic.nodscloud.com\/nodsglobal\/wp-json\/wp\/v2\/pages"}],"about":[{"href":"https:\/\/sic.nodscloud.com\/nodsglobal\/wp-json\/wp\/v2\/types\/page"}],"author":[{"embeddable":true,"href":"https:\/\/sic.nodscloud.com\/nodsglobal\/wp-json\/wp\/v2\/users\/16"}],"replies":[{"embeddable":true,"href":"https:\/\/sic.nodscloud.com\/nodsglobal\/wp-json\/wp\/v2\/comments?post=5447"}],"version-history":[{"count":4,"href":"https:\/\/sic.nodscloud.com\/nodsglobal\/wp-json\/wp\/v2\/pages\/5447\/revisions"}],"predecessor-version":[{"id":5973,"href":"https:\/\/sic.nodscloud.com\/nodsglobal\/wp-json\/wp\/v2\/pages\/5447\/revisions\/5973"}],"wp:attachment":[{"href":"https:\/\/sic.nodscloud.com\/nodsglobal\/wp-json\/wp\/v2\/media?parent=5447"}],"curies":[{"name":"wp","href":"https:\/\/api.w.org\/{rel}","templated":true}]}}