
{"id":5459,"date":"2024-10-02T16:19:40","date_gmt":"2024-10-02T16:19:40","guid":{"rendered":"https:\/\/sic.nodscloud.com\/nodsglobal\/?page_id=5459"},"modified":"2024-12-11T20:43:01","modified_gmt":"2024-12-11T20:43:01","slug":"especializacion-en-derecho-probatorio-penal","status":"publish","type":"page","link":"https:\/\/sic.nodscloud.com\/nodsglobal\/especializacion-en-derecho-probatorio-penal\/","title":{"rendered":"Especializaci\u00f3n en Derecho Probatorio Penal"},"content":{"rendered":"<h1><span style=\"color: #008000;\"><strong><img fetchpriority=\"high\" decoding=\"async\" class=\"alignnone wp-image-5358 aligncenter\" src=\"https:\/\/sic.nodscloud.com\/nodsglobal\/wp-content\/uploads\/sites\/3\/2024\/10\/logo_catolica.png\" alt=\"\" width=\"465\" height=\"156\" srcset=\"https:\/\/sic.nodscloud.com\/nodsglobal\/wp-content\/uploads\/sites\/3\/2024\/10\/logo_catolica.png 763w, https:\/\/sic.nodscloud.com\/nodsglobal\/wp-content\/uploads\/sites\/3\/2024\/10\/logo_catolica-300x101.png 300w, https:\/\/sic.nodscloud.com\/nodsglobal\/wp-content\/uploads\/sites\/3\/2024\/10\/logo_catolica-700x235.png 700w\" sizes=\"(max-width: 465px) 100vw, 465px\" \/><\/strong><\/span><\/h1>\n<h1 style=\"text-align: center;\"><span style=\"color: #008000;\"><strong>Especializaci\u00f3n en Derecho Probatorio Penal<\/strong><\/span><\/h1>\n<p><img decoding=\"async\" class=\"aligncenter\" src=\"https:\/\/content.ucn.edu.co\/wp-media-folder-fundacion-universitaria-catolica-del-norte\/wp-content\/uploads\/2022\/02\/derecho.jpg\" alt=\"Especializaci\u00f3n en derecho probatorio penal de la cat\u00f3lica del norte\" \/><\/p>\n<h4><strong>Convenio: Universidad de Medell\u00edn<\/strong><\/h4>\n<div class=\"col-md-6\">\n<h3 class=\"sfw\"><strong><span style=\"color: #008000;\">Presentaci\u00f3n<\/span><\/strong><\/h3>\n<p>La Universidad de Medell\u00edn y la Fundaci\u00f3n Universitaria Cat\u00f3lica del Norte se unen para ofrecer la Especializaci\u00f3n en Derecho Probatorio Penal, bajo la metodolog\u00eda 100% virtual.<\/p>\n<p>La tradici\u00f3n pedag\u00f3gica de la Universidad de Medell\u00edn se articula con la experiencia en formaci\u00f3n virtual de la Fundaci\u00f3n Universitaria.<\/p>\n<p>Cat\u00f3lica del Norte, para aprovechar las oportunidades que ofrecen las tecnolog\u00edas de la informaci\u00f3n y la comunicaci\u00f3n, para crear escenarios de aprendizaje que optimizan la educaci\u00f3n bajo esta modalidad, superando las barreras de distancia y tiempo, adem\u00e1s de aprovechar recursos para flexibilizar los procesos de formaci\u00f3n.<\/p>\n<p>La Universidad de Medell\u00edn se ha caracterizado por ser una de las m\u00e1s importantes en el \u00e1mbito de la preparaci\u00f3n en pregrado y posgrado y su Facultad de Derecho, se ha destacado por formar hombres y mujeres capacitados en las distintas \u00e1reas del conocimiento cient\u00edfico jur\u00eddico y es precisamente en esta \u00e1rea del derecho Penal, donde sus egresados han logrado el mayor reconocimiento acad\u00e9mico, destac\u00e1ndose no solo en el ejercicio de la profesi\u00f3n sino cuando han llegado a ocupar altos cargos en la Rama Judicial.<\/p>\n<\/div>\n<p>&nbsp;<\/p>\n<p>&nbsp;<\/p>\n<div class=\"col-md-6\">\n<h3 class=\"sfw\"><strong><span style=\"color: #008000;\">Dirigido A<\/span><\/strong><\/h3>\n<p>Abogado o estudiantes de \u00faltimo semestre de la Universidad de Medell\u00edn quienes se encuentren cursando el pregrado en Derecho en la l\u00ednea de \u00e9nfasis en Derecho Penal<\/p>\n<\/div>\n<p>&nbsp;<\/p>\n<div class=\"col-md-6\">\n<h3 class=\"sfw\"><strong><span style=\"color: #008000;\">Metodolog\u00eda<\/span><\/strong><\/h3>\n<p>Se trabaja bajo la modalidad virtual que privilegia los ambientes, escenarios y herramientas virtuales como: correo electr\u00f3nico, chats, foros, bibliotecas virtuales. Para ello se ofrecen elementos de fundamentaci\u00f3n virtual y se orienta el desarrollo de tem\u00e1ticas a problem\u00e1ticas y situaciones propias de su desempe\u00f1o, a fin de posibilitar la adquisici\u00f3n de habilidades y competencias inherentes a su formaci\u00f3n.<\/p>\n<\/div>\n<hr \/>\n<h3><strong><span style=\"color: #008000;\">Perfil Ocupacional<\/span><\/strong><\/h3>\n<div class=\"col-md-6\">\n<p>Los Especialistas en Derecho Probatorio Penal podr\u00e1n desempe\u00f1arse como consultores o asesores de entidades p\u00fablicas y privadas del orden nacional o internacional, litigantes en el \u00e1rea de conocimiento, docentes del \u00e1rea y funcionarios p\u00fablicos y privados expertos en temas de Derecho Penal.<\/p>\n<p>El egresado de la Especializaci\u00f3n en Derecho Probatorio Penal tendr\u00e1 las siguientes competencias:<\/p>\n<ul>\n<li>Interpretar la filosof\u00eda constitucional y legal en materia de Derecho Probatorio Penal tanto en Colombia como en el mundo.<\/li>\n<li>Ejecutar con calidad las actividades dispuestas del sector del Derecho Probatorio Penal.<\/li>\n<li>Entender la interacci\u00f3n entre el Derecho Probatorio Penal y las dem\u00e1s ramas del derecho p\u00fablico y privado.<\/li>\n<\/ul>\n<hr \/>\n<\/div>\n<div class=\"col-md-6\">\n<h3 class=\"sfw\"><strong><span style=\"color: #008000;\">Perfil de Formaci\u00f3n<\/span><\/strong><\/h3>\n<p>La Universidad de Medell\u00edn ha forjado profesionales en la especializaci\u00f3n para que sean unas personas id\u00f3neas en el ejercicio de la profesi\u00f3n en el campo del derecho penal y probatorio penal, idoneidad referida como:<\/p>\n<ul>\n<li>Competencia intelectual, que determina el conocimiento de la teor\u00eda del Derecho Probatorio Penal.<\/li>\n<li>Competencia moral y \u00e9tica.<\/li>\n<\/ul>\n<hr \/>\n<\/div>\n<div class=\"col-md-6\">\n<h3 class=\"sfw\"><span style=\"color: #008000;\"><strong>Ventajas Competitivas<\/strong><\/span><\/h3>\n<ul>\n<li>El estudiante adquiere elementos de fundamentaci\u00f3n y manejo de herramientas virtuales.<\/li>\n<li>Por la modalidad virtual no hay limitaciones de tiempo y espacio.<\/li>\n<\/ul>\n<hr \/>\n<h3><strong><span style=\"color: #008000;\">Diferenciadores\u00a0<\/span><\/strong><\/h3>\n<table dir=\"ltr\" style=\"height: 724px;\" border=\"1\" width=\"1018\" cellspacing=\"0\" cellpadding=\"0\" data-sheets-root=\"1\" data-sheets-baot=\"1\">\n<colgroup>\n<col width=\"101\" \/>\n<col width=\"507\" \/><\/colgroup>\n<tbody>\n<tr>\n<td colspan=\"2\" rowspan=\"1\">\n<ul>\n<li style=\"text-align: left;\">La Universidad de Medell\u00edn es una instituci\u00f3n educativa que cuenta con Acreditaci\u00f3n en Alta Calidad.<\/li>\n<\/ul>\n<\/td>\n<\/tr>\n<tr>\n<td colspan=\"2\" rowspan=\"1\">\n<ul>\n<li>Al ser un programa en convenio, el estudiante podr\u00e1 disfrutar de todos los espacios f\u00edsico que brinda el Campus de la Universidad de Medell\u00edn y de todos los centros y servicios que tiene la Cat\u00f3lica del Norte 100% virtuales. Se podr\u00e1n beneficiar de todas las actividades que tienen ambas instituciones relacionadas con el Bienestar Institucional y podr\u00e1n acceder a la biblioteca de ambas IES.<\/li>\n<\/ul>\n<\/td>\n<\/tr>\n<tr>\n<td colspan=\"2\" rowspan=\"1\">\n<ul>\n<li>En Colombia son contados los programas de Especializaci\u00f3n que ofrecen sus estudios con dedicaci\u00f3n exclusiva a los distintos temas que componen los saberes relativos al Derecho Probatorio Penal. es claro advertir que un programa de Especializaci\u00f3n en derecho Probatorio Penal que procure por la investigaci\u00f3n pr\u00e1ctica de los distintos temas que conforman el sistema probatorio en concordancia con el Derecho Penal de acuerdo con el SNIES solo es obtenido por la Universidad de Medell\u00edn en convenio con la Universidad Catolica del norte<\/li>\n<\/ul>\n<\/td>\n<\/tr>\n<tr>\n<td colspan=\"2\" rowspan=\"1\">\n<ul>\n<li>No existe en el \u00e1mbito nacional una especializaci\u00f3n que se dedique a ofrecer de forma \u00edntegra y exclusiva un programa en Derecho Probatorio Penal en la metodolog\u00eda virtual, en cuanto tal, y que abarque los distintos problemas que concitan la atenci\u00f3n de estas materias, ni que cuente las problem\u00e1ticas espec\u00edficas de los saberes en el \u00e1mbito de esta rama especial del derecho Probatorio y del Derecho Penal<\/li>\n<\/ul>\n<\/td>\n<\/tr>\n<tr>\n<td colspan=\"2\" rowspan=\"1\">\n<ul>\n<li>preparar\u00e1 tres seminarios complementarios cuyas tem\u00e1ticas se definir\u00e1n al inicio de cada semestre acad\u00e9mico, ello con el \u00e1nimo de que las tem\u00e1ticas ofrecidas en los mencionados seminarios, sea de actualidad y necesaria para el estudiante de Especializaci\u00f3n en atenci\u00f3n al momento hist\u00f3rico y necesidad social<\/li>\n<\/ul>\n<\/td>\n<\/tr>\n<tr>\n<td colspan=\"2\" rowspan=\"1\">\n<ul>\n<li style=\"text-align: left;\">La interdisciplinariedad jur\u00eddica, ocupa relevancia capital dentro del programa de Especializaci\u00f3n en Derecho Probatorio Penal, primero, la b\u00fasqueda por lograr un saber amplio en el \u00e1rea probatoria en concordancia con el \u00e1rea penal; para tales fines, es de suma importancia tener un trabajo interdisciplinario, no solo con las diferentes \u00e1reas del Derecho, sino tambi\u00e9n con otras \u00e1reas del saber que de cara a la prueba, al procedimiento y al Derecho penal<\/li>\n<\/ul>\n<\/td>\n<\/tr>\n<\/tbody>\n<\/table>\n<\/div>\n<hr \/>\n<h3 class=\"sfw\"><strong><span style=\"color: #008000;\">Requisitos de ingreso<\/span><\/strong><\/h3>\n<ul>\n<li>Formulario de Inscripci\u00f3n en l\u00ednea debidamente diligenciado desde el portal institucional opci\u00f3n Inscripciones en l\u00ednea seg\u00fan el tipo de ingreso.<\/li>\n<li>Gu\u00eda de entrevista\u00a0<a href=\"https:\/\/content.ucn.edu.co\/wp-media-folder-fundacion-universitaria-catolica-del-norte\/wp-content\/uploads\/2022\/01\/dpp-ucn-especializacion-derecho-probatorio-penal-entrevista-02.pdf\" target=\"_blank\" rel=\"noopener\">descargar aqu\u00ed.<\/a><\/li>\n<li>Fotocopia de documento de identidad, ambos lados en una sola p\u00e1gina.<\/li>\n<li>Fotocopia de acta de grado o diploma de profesional, autenticado ante notar\u00eda.<\/li>\n<li>Foto digital a color, de medio cuerpo y fondo blanco (NO SIRVE ESCANEADA), el archivo de foto debe tener la extensi\u00f3n .JPG, no debe de exceder los 512 KB; igualmente la imagen debe ser m\u00ednimo de 300 x 400 pixeles.<\/li>\n<li>Recibo que acredite el pago de los derechos de inscripci\u00f3n.<\/li>\n<\/ul>\n<hr \/>\n<h3><strong><span style=\"color: #008000;\">Propuesta Acad\u00e9mica<\/span><\/strong><\/h3>\n<ul class=\"list-unstyled mx-0 lh-base\">\n<li><b>T\u00edtulo:<\/b>\u00a0Especialista en derecho probatorio penal<\/li>\n<li><strong>Duraci\u00f3n:<\/strong> 3 Cuatrimestres<\/li>\n<li><b>Cr\u00e9ditos:<\/b>\u00a024<\/li>\n<li><b>Modalidad:<\/b>\u00a0Virtual<\/li>\n<li><span style=\"color: #0000ff;\"><a style=\"color: #0000ff;\" href=\"https:\/\/content.ucn.edu.co\/wp-media-folder-fundacion-universitaria-catolica-del-norte\/wp-content\/uploads\/2022\/01\/dpp-especializacion-derecho-probatorio-penal-02.pdf\" target=\"_blank\" rel=\"noopener\"><b>Plan de Estudios<\/b><\/a><\/span><\/li>\n<li><b>Valor inscripci\u00f3n:<\/b> $ 312.000<\/li>\n<li><span style=\"color: #0000ff;\"><a style=\"color: #0000ff;\" title=\"Financiaci\u00f3n\" href=\"https:\/\/ucn.edu.co\/beneficios-formas-de-pago-y-financiacion\" target=\"_blank\" rel=\"noopener\"><b>Financiaci\u00f3n<\/b><\/a><\/span><\/li>\n<li><b>Beneficios:<\/b>\u00a010% de descuento para egresados Universidad de Medell\u00edn y sus empleados<\/li>\n<\/ul>\n<hr \/>\n<hr \/>\n<h3><strong><span style=\"color: #008000;\">Docentes<\/span><\/strong><\/h3>\n<p><span style=\"color: #0000ff;\"><a style=\"color: #0000ff;\" href=\"https:\/\/sic.nodscloud.com\/nodsglobal\/wp-content\/uploads\/sites\/3\/2024\/12\/DOCENTES-DE-LA-ESPECIALIZACION-EN-DERECHO-PROBATORIO-PENAL-actualizado-2024.pdf\">DOCENTES DE LA ESPECIALIZACI\u00d3N EN DERECHO PROBATORIO PENAL &#8211; actualizado 2024<\/a><\/span><\/p>\n<p>&nbsp;<\/p>\n<hr \/>\n<p>&nbsp;<\/p>\n<p>&nbsp;<\/p>\n","protected":false},"excerpt":{"rendered":"<p>Especializaci\u00f3n en Derecho Probatorio Penal Convenio: Universidad de Medell\u00edn Presentaci\u00f3n La Universidad de Medell\u00edn y la Fundaci\u00f3n Universitaria Cat\u00f3lica del Norte se unen para ofrecer la Especializaci\u00f3n en Derecho Probatorio Penal, bajo la metodolog\u00eda 100% virtual. La tradici\u00f3n pedag\u00f3gica de la Universidad de Medell\u00edn se&#8230;<\/p>\n","protected":false},"author":16,"featured_media":0,"parent":0,"menu_order":0,"comment_status":"closed","ping_status":"closed","template":"","meta":{"footnotes":""},"class_list":["post-5459","page","type-page","status-publish","hentry"],"aioseo_notices":[],"_links":{"self":[{"href":"https:\/\/sic.nodscloud.com\/nodsglobal\/wp-json\/wp\/v2\/pages\/5459","targetHints":{"allow":["GET"]}}],"collection":[{"href":"https:\/\/sic.nodscloud.com\/nodsglobal\/wp-json\/wp\/v2\/pages"}],"about":[{"href":"https:\/\/sic.nodscloud.com\/nodsglobal\/wp-json\/wp\/v2\/types\/page"}],"author":[{"embeddable":true,"href":"https:\/\/sic.nodscloud.com\/nodsglobal\/wp-json\/wp\/v2\/users\/16"}],"replies":[{"embeddable":true,"href":"https:\/\/sic.nodscloud.com\/nodsglobal\/wp-json\/wp\/v2\/comments?post=5459"}],"version-history":[{"count":7,"href":"https:\/\/sic.nodscloud.com\/nodsglobal\/wp-json\/wp\/v2\/pages\/5459\/revisions"}],"predecessor-version":[{"id":5987,"href":"https:\/\/sic.nodscloud.com\/nodsglobal\/wp-json\/wp\/v2\/pages\/5459\/revisions\/5987"}],"wp:attachment":[{"href":"https:\/\/sic.nodscloud.com\/nodsglobal\/wp-json\/wp\/v2\/media?parent=5459"}],"curies":[{"name":"wp","href":"https:\/\/api.w.org\/{rel}","templated":true}]}}