
{"id":5465,"date":"2024-10-02T18:27:42","date_gmt":"2024-10-02T18:27:42","guid":{"rendered":"https:\/\/sic.nodscloud.com\/nodsglobal\/?page_id=5465"},"modified":"2024-12-05T12:45:57","modified_gmt":"2024-12-05T12:45:57","slug":"especializacion-en-gerencia-educativa","status":"publish","type":"page","link":"https:\/\/sic.nodscloud.com\/nodsglobal\/especializacion-en-gerencia-educativa\/","title":{"rendered":"Especializaci\u00f3n en Gerencia Educativa"},"content":{"rendered":"<h1><img fetchpriority=\"high\" decoding=\"async\" class=\"wp-image-5358 aligncenter\" src=\"https:\/\/sic.nodscloud.com\/nodsglobal\/wp-content\/uploads\/sites\/3\/2024\/10\/logo_catolica.png\" alt=\"\" width=\"450\" height=\"151\" srcset=\"https:\/\/sic.nodscloud.com\/nodsglobal\/wp-content\/uploads\/sites\/3\/2024\/10\/logo_catolica.png 763w, https:\/\/sic.nodscloud.com\/nodsglobal\/wp-content\/uploads\/sites\/3\/2024\/10\/logo_catolica-300x101.png 300w, https:\/\/sic.nodscloud.com\/nodsglobal\/wp-content\/uploads\/sites\/3\/2024\/10\/logo_catolica-700x235.png 700w\" sizes=\"(max-width: 450px) 100vw, 450px\" \/><\/h1>\n<h1 style=\"text-align: center;\"><strong><span style=\"color: #008000;\" data-sheets-root=\"1\">Especializaci\u00f3n en Gerencia Educativa<\/span><\/strong><\/h1>\n<p><img decoding=\"async\" class=\"aligncenter\" src=\"https:\/\/content.ucn.edu.co\/wp-media-folder-fundacion-universitaria-catolica-del-norte\/wp-content\/uploads\/2022\/02\/geren-edu.jpg\" alt=\"Especializaci\u00f3n en Gerencia Educativa\" \/><\/p>\n<p>&nbsp;<\/p>\n<h4><strong>Convenio: Universidad de San Buenaventura<\/strong><\/h4>\n<div class=\"col-md-6\">\n<h3 class=\"sfw\"><strong><span style=\"color: #008000;\">Presentaci\u00f3n<\/span><\/strong><\/h3>\n<p>El programa de Especializaci\u00f3n en Gerencia Educativa de modalidad virtual se ofrece mediante una alianza estrat\u00e9gica entre la Fundaci\u00f3n Universitaria Cat\u00f3lica del Norte y la Universidad de San Buenaventura Medell\u00edn, desde el a\u00f1o 2006. Esta alianza para la oferta acad\u00e9mica del programa reconoce las fortalezas acad\u00e9micas de la Universidad de San Buenaventura en este campo de conocimiento que unida a las fortalezas de la Fundaci\u00f3n Universitaria Cat\u00f3lica del Norte en educaci\u00f3n y la formaci\u00f3n a trav\u00e9s, de ambientes de aprendizaje virtual, surgen capacidades interinstitucionales para la oferta de un programa bajo la modalidad virtual, en la cual, la Fundaci\u00f3n Universitaria Cat\u00f3lica del Norte tiene su experticia, encontrando as\u00ed, una excelente oportunidad para ampliar la oferta acad\u00e9mica a zonas m\u00e1s alejadas de la geograf\u00eda nacional, y como una posibilidad de impactar los procesos educativos en zonas rurales a trav\u00e9s de la formaci\u00f3n de directivos.<\/p>\n<hr \/>\n<\/div>\n<div class=\"col-md-6\">\n<h3 class=\"sfw\"><strong><span style=\"color: #008000;\">Objetivo<\/span><\/strong><\/h3>\n<p>Formar el Gerente Educativo en competencias gerenciales y de gesti\u00f3n, acordes a los nuevos enfoques administrativos, tendencias pedag\u00f3gicas, par\u00e1metros de competitividad y a las necesidades locales e institucionales; que conlleven a la calidad en el servicio de los diferentes escenarios educativos.<\/p>\n<hr \/>\n<\/div>\n<div class=\"col-md-6\">\n<h3 class=\"sfw\"><strong><span style=\"color: #008000;\">Dirigido A<\/span><\/strong><\/h3>\n<p>&nbsp;<\/p>\n<p>La especializaci\u00f3n en gerencia educativa ofrece la posibilidad de preparaci\u00f3n en esta \u00e1rea espec\u00edfica no solo a profesionales en educaci\u00f3n, sino a profesionales de otras \u00e1reas, puesto que su objeto de estudio se aborda desde diferentes \u00f3pticas<\/p>\n<p>&nbsp;<\/p>\n<hr \/>\n<h3 class=\"sfw\"><strong><span style=\"color: #008000;\">Metodolog\u00eda<\/span><\/strong><\/h3>\n<p>El programa es 100% virtual, promueve el desarrollo de diferentes estrategias que facilitan que estudiantes y profesores pueden interactuar entre s\u00ed en contextos sincr\u00f3nicos (igual tiempo) y asincr\u00f3nicos (diferente tiempo).<\/p>\n<p>Se lleva a cabo en la LMS Canvas, privilegia las estrategias metodol\u00f3gicas que posibilitan la construcci\u00f3n del conocimiento desde una participaci\u00f3n consciente y responsable del proceso de aprendizaje.<\/p>\n<hr \/>\n<\/div>\n<div class=\"col-md-6\">\n<h3 class=\"sfw\"><span style=\"color: #008000;\"><strong>L\u00edneas de Investigaci\u00f3n Asociadas<\/strong><\/span><\/h3>\n<ul>\n<li>Desarrollo Humano y contextos educativos<\/li>\n<li>Gesti\u00f3n Educativa \u2013 Curr\u00edculo<\/li>\n<li>Infancia<\/li>\n<li>Comunicaci\u00f3n y Pedagog\u00eda<\/li>\n<\/ul>\n<hr \/>\n<div class=\"col-md-6\">\n<h3 class=\"sfw\"><strong><span style=\"color: #008000;\">Perfil Profesional<\/span><\/strong><\/h3>\n<p>El Especialista en Gerencia Educativa:<\/p>\n<ul>\n<li>Analiza situaciones del contexto en el que se desempe\u00f1a y que conlleven a la toma de decisiones gerenciales.<\/li>\n<li>Propone estrategias gerenciales de acuerdo con la legislaci\u00f3n y las pol\u00edticas educativas.<\/li>\n<li>Aplica en su ejercicio directivo estrategias que aporten a la eficiencia y optimizaci\u00f3n de los recursos disponibles.<\/li>\n<li>Demuestra competencias como l\u00edder y gestor, encaminadas a la calidad educativa.<\/li>\n<li>Ejecuta programas y proyectos de intervenci\u00f3n y mejoramiento que respondan a las necesidades del entorno.<\/li>\n<\/ul>\n<hr \/>\n<\/div>\n<div class=\"col-md-6\">\n<h3 class=\"sfw\"><span style=\"color: #008000;\"><strong>Ventajas Competitivas<\/strong><\/span><\/h3>\n<ul>\n<li>La propuesta pedag\u00f3gica se focaliza en el concepto de persona, como un ser sensible con sentido del saber, orientado siempre al servicio de los dem\u00e1s y a la valoraci\u00f3n de la vida cotidiana y de la naturaleza.<\/li>\n<li>La modalidad de la oferta 100% virtual, que permite flexibilidad en el proceso y rigurosidad en el manejo de contenidos en ambientes virtuales de aprendizaje.<\/li>\n<li>La formaci\u00f3n de directivos docentes que desde sus seminarios y desde su trabajo de grado piensan en transformaci\u00f3n de realidades educativas.<\/li>\n<li>La articulaci\u00f3n de la propuesta formativa con la L\u00ednea de Gesti\u00f3n Educativa Curr\u00edculo cual soporta no solo la especializaci\u00f3n sino tambi\u00e9n la Maestr\u00eda en Ciencias de la Educaci\u00f3n.<\/li>\n<li>Actualizaci\u00f3n permanente por medio de charlas, conferencias, c\u00e1tedras, de las tendencias y retos en la formaci\u00f3n de directivos docentes.<\/li>\n<\/ul>\n<hr \/>\n<\/div>\n<div class=\"col-md-6\">\n<h3 class=\"sfw\"><span style=\"color: #008000;\"><strong>Perfil de egreso<\/strong><\/span><\/h3>\n<ul>\n<li>L\u00edder que desde una perspectiva humanista direccione y gestiones procesos innovadores para la transformaci\u00f3n de realidades educativas.<\/li>\n<li>Persona capaz de formular, hacer seguimiento y evaluar planes, programas, proyectos en el campo educativo.<\/li>\n<li>Persona con capacidad de hacer lectura de la realidad y proponer acciones que propendan por el mejoramiento continuo en instituciones educativas y organizaciones dedicadas a la formaci\u00f3n para el trabajo y el desarrollo humano.<\/li>\n<li>Persona con habilidades y competencias para trabajar por el mejoramiento continuo de procesos fortaleciendo la calidad educativa.<\/li>\n<li>L\u00edder capaz de articular procesos acad\u00e9mico-curriculares o pedag\u00f3gicos, directivos, administrativos y comunitarios en beneficio de la calidad de la educaci\u00f3n.<\/li>\n<\/ul>\n<hr \/>\n<p><span style=\"color: #008000;\"><strong>Diferenciadores<\/strong><\/span><\/p>\n<\/div>\n<table dir=\"ltr\" style=\"height: 471px;\" border=\"1\" width=\"820\" cellspacing=\"0\" cellpadding=\"0\" data-sheets-root=\"1\" data-sheets-baot=\"1\">\n<colgroup>\n<col width=\"100\" \/>\n<col width=\"506\" \/><\/colgroup>\n<tbody>\n<tr>\n<td colspan=\"2\" rowspan=\"1\">\n<ul>\n<li>La Universidad de San Buenaventura es una instituci\u00f3n educativa que cuenta con Acreditaci\u00f3n en Alta Calidad Multicampus.<\/li>\n<\/ul>\n<\/td>\n<\/tr>\n<tr>\n<td colspan=\"2\" rowspan=\"1\">\n<ul>\n<li>La Especializaci\u00f3n es respaldada por una Facultad de Educaci\u00f3n con m\u00e1s de 40 a\u00f1os de trayectoria<\/li>\n<\/ul>\n<\/td>\n<\/tr>\n<tr>\n<td colspan=\"2\" rowspan=\"1\">\n<ul>\n<li>Al ser un programa en convenio, el estudiante podr\u00e1 disfrutar de todos los espacios f\u00edsicos que brinda el Campus de la Universidad de San Buenaventura y de todos los centros y servicios que tiene la Cat\u00f3lica del Norte 100% virtuales. Se podr\u00e1n beneficiar de todas las actividades que tienen ambas instituciones relacionadas con el Bienestar Institucional y podr\u00e1n acceder a la biblioteca de ambas IES.<\/li>\n<\/ul>\n<\/td>\n<\/tr>\n<tr>\n<td colspan=\"2\" rowspan=\"1\">\n<ul>\n<li>Al ser un programa 100% virtual, el estudiante accede a un program de calidad en donde las limitaciones de tiempo y espacio se ven solventadas por el compromiso y el trabajo aut\u00f3nomo; de igual forma la modalidad totalmente virtual, permite la flexibilidad en el proceso y rigurosidad en el manejo de contenidos en ambientes virtuales de aprendizaje.<\/li>\n<\/ul>\n<\/td>\n<\/tr>\n<tr>\n<td colspan=\"2\" rowspan=\"1\">\n<ul>\n<li>La orientaci\u00f3n acad\u00e9mica que respalda la propuesta formativa es plural y abierta, por tanto, permite la circulaci\u00f3n y articulaci\u00f3n de otros discursos diferentes al propiamente pedag\u00f3gico para cumplir su cometido educativo y formativo propuesto en la misi\u00f3n. De ah\u00ed que pueda ser un punto de encuentro y di\u00e1logo con otros saberes, ciencias y disciplinas que se puedan requerir en un momento hist\u00f3rico y un contexto social y cultural propios de un proceso educativo din\u00e1mico.<\/li>\n<\/ul>\n<\/td>\n<\/tr>\n<\/tbody>\n<\/table>\n<\/div>\n<hr \/>\n<h3 class=\"sfw\"><span style=\"color: #008000;\"><strong>Requisitos de ingreso<\/strong><\/span><\/h3>\n<ul>\n<li>Formulario de Inscripci\u00f3n en l\u00ednea y contrato de matr\u00edcula, debidamente diligenciado desde el portal institucional opci\u00f3n inscripciones en l\u00ednea seg\u00fan el tipo de ingreso.<\/li>\n<li>Dos (2) fotos en fondo blanco, tama\u00f1o 3\u00d74, recientes e iguales.<\/li>\n<li>Fotocopia del documento de identidad ampliado al 150%.<\/li>\n<li>Fotocopia del diploma del t\u00edtulo profesional universitario (pregrado)<\/li>\n<li>Fotocopia del acta de grado del t\u00edtulo profesional universitario (pregrado)<\/li>\n<li>Gu\u00eda de entrevista diligenciada\u00a0<a title=\"Gu\u00eda de entrevista diligenciada\" href=\"https:\/\/content.ucn.edu.co\/wp-media-folder-fundacion-universitaria-catolica-del-norte\/wp-content\/uploads\/2022\/01\/ge-guia-entrevista-especializacion-en-gerencia-educativa-02.pdf\" target=\"_blank\" rel=\"noopener\">descargar aqu\u00ed.<\/a>.<\/li>\n<li>Recibo que acredite el pago de los derechos de inscripci\u00f3n y matr\u00edcula.<\/li>\n<\/ul>\n<hr \/>\n<h3><strong><span style=\"color: #008000;\">Propuesta Acad\u00e9mica<\/span><\/strong><\/h3>\n<ul class=\"list-unstyled mx-0 lh-base\">\n<li><b>Duraci\u00f3n:<\/b>\u00a03 cuatrimestres<\/li>\n<li><b>T\u00edtulo:<\/b>\u00a0Especialista en gerencia educativa<\/li>\n<li><b>Cr\u00e9ditos:<\/b>\u00a026<\/li>\n<li><b>Modalidad:<\/b>\u00a0Virtual<\/li>\n<li><span style=\"color: #0000ff;\"><strong><a style=\"color: #0000ff;\" href=\"https:\/\/content.ucn.edu.co\/wp-media-folder-catolica-del-norte-fundacion-universitaria\/wp-content\/uploads\/2022\/05\/UCN-especializacion-gerencia-educativa.pdf\" target=\"_blank\" rel=\"noopener\">Plan de Estudios<\/a><\/strong><\/span><\/li>\n<li><b>Valor inscripci\u00f3n:<\/b> $ 190.000<\/li>\n<li><a style=\"color: #0000ff;\" href=\"https:\/\/ucn.edu.co\/beneficios-formas-de-pago-y-financiacion\" rel=\"noopener\"><b>Financiaci\u00f3n<\/b><\/a><\/li>\n<li><b>Beneficios:<\/b>\u00a015% de descuento para egresados USB y UCN<\/li>\n<\/ul>\n<hr \/>\n<p>&nbsp;<\/p>\n","protected":false},"excerpt":{"rendered":"<p>Especializaci\u00f3n en Gerencia Educativa &nbsp; Convenio: Universidad de San Buenaventura Presentaci\u00f3n El programa de Especializaci\u00f3n en Gerencia Educativa de modalidad virtual se ofrece mediante una alianza estrat\u00e9gica entre la Fundaci\u00f3n Universitaria Cat\u00f3lica del Norte y la Universidad de San Buenaventura Medell\u00edn, desde el a\u00f1o 2006&#8230;.<\/p>\n","protected":false},"author":16,"featured_media":0,"parent":0,"menu_order":0,"comment_status":"closed","ping_status":"closed","template":"","meta":{"footnotes":""},"class_list":["post-5465","page","type-page","status-publish","hentry"],"aioseo_notices":[],"_links":{"self":[{"href":"https:\/\/sic.nodscloud.com\/nodsglobal\/wp-json\/wp\/v2\/pages\/5465","targetHints":{"allow":["GET"]}}],"collection":[{"href":"https:\/\/sic.nodscloud.com\/nodsglobal\/wp-json\/wp\/v2\/pages"}],"about":[{"href":"https:\/\/sic.nodscloud.com\/nodsglobal\/wp-json\/wp\/v2\/types\/page"}],"author":[{"embeddable":true,"href":"https:\/\/sic.nodscloud.com\/nodsglobal\/wp-json\/wp\/v2\/users\/16"}],"replies":[{"embeddable":true,"href":"https:\/\/sic.nodscloud.com\/nodsglobal\/wp-json\/wp\/v2\/comments?post=5465"}],"version-history":[{"count":7,"href":"https:\/\/sic.nodscloud.com\/nodsglobal\/wp-json\/wp\/v2\/pages\/5465\/revisions"}],"predecessor-version":[{"id":5977,"href":"https:\/\/sic.nodscloud.com\/nodsglobal\/wp-json\/wp\/v2\/pages\/5465\/revisions\/5977"}],"wp:attachment":[{"href":"https:\/\/sic.nodscloud.com\/nodsglobal\/wp-json\/wp\/v2\/media?parent=5465"}],"curies":[{"name":"wp","href":"https:\/\/api.w.org\/{rel}","templated":true}]}}