
{"id":5474,"date":"2024-10-02T19:10:05","date_gmt":"2024-10-02T19:10:05","guid":{"rendered":"https:\/\/sic.nodscloud.com\/nodsglobal\/?page_id=5474"},"modified":"2024-12-23T16:03:00","modified_gmt":"2024-12-23T16:03:00","slug":"maestria-en-educacion","status":"publish","type":"page","link":"https:\/\/sic.nodscloud.com\/nodsglobal\/maestria-en-educacion\/","title":{"rendered":"Maestr\u00eda en Educaci\u00f3n"},"content":{"rendered":"<h1><img fetchpriority=\"high\" decoding=\"async\" class=\"alignnone wp-image-5358 aligncenter\" src=\"https:\/\/sic.nodscloud.com\/nodsglobal\/wp-content\/uploads\/sites\/3\/2024\/10\/logo_catolica.png\" alt=\"\" width=\"450\" height=\"151\" srcset=\"https:\/\/sic.nodscloud.com\/nodsglobal\/wp-content\/uploads\/sites\/3\/2024\/10\/logo_catolica.png 763w, https:\/\/sic.nodscloud.com\/nodsglobal\/wp-content\/uploads\/sites\/3\/2024\/10\/logo_catolica-300x101.png 300w, https:\/\/sic.nodscloud.com\/nodsglobal\/wp-content\/uploads\/sites\/3\/2024\/10\/logo_catolica-700x235.png 700w\" sizes=\"(max-width: 450px) 100vw, 450px\" \/><\/h1>\n<h1 style=\"text-align: center;\"><span style=\"color: #008000;\"><strong>Maestr\u00eda en Educaci\u00f3n<\/strong><\/span><\/h1>\n<p><img decoding=\"async\" class=\"aligncenter\" src=\"https:\/\/content.ucn.edu.co\/wp-media-folder-fundacion-universitaria-catolica-del-norte\/wp-content\/uploads\/2022\/02\/educacio%CC%81n.jpg\" alt=\"Profesor dando clase\" \/><\/p>\n<h4><strong>Convenio: Universidad Cat\u00f3lica de Oriente<\/strong><\/h4>\n<p>&nbsp;<\/p>\n<div class=\"col-md-6\">\n<h3 class=\"sfw\"><strong><span style=\"color: #008000;\">Presentaci\u00f3n del programa<\/span><\/strong><\/h3>\n<p>La Universidad Cat\u00f3lica de Oriente y la Fundaci\u00f3n Universitaria Cat\u00f3lica del Norte, comprometidas con el desarrollo regional y del pa\u00eds, unen esfuerzos para ofrecer un programa de Maestr\u00eda en Educaci\u00f3n que forma investigadores con capacidad para trabajar en la construcci\u00f3n de nuevos conocimientos en torno a la problem\u00e1tica pedag\u00f3gica, y tambi\u00e9n a los problemas educativos, econ\u00f3micos, pol\u00edticos, culturales y sociales.<\/p>\n<p>Buscan impactar inicialmente en la teor\u00eda y pr\u00e1ctica pedag\u00f3gica, mediante su inscripci\u00f3n en los debates sobre nuevas lecturas del medio rural y la construcci\u00f3n de una cultura y pedagog\u00eda de los derechos humanos, y la educaci\u00f3n virtual; a trav\u00e9s de herramientas infovirtuales. Ambas Instituciones se encuentran unidas por una comunidad de intereses y objetivos en las \u00e1reas de Docencia, Investigaci\u00f3n, Extensi\u00f3n y Difusi\u00f3n de la cultura. Adem\u00e1s, disponen de recursos humanos y f\u00edsicos cuya utilizaci\u00f3n puede compartirse, para lograr mejores resultados en beneficio de la comunidad universitaria.<\/p>\n<p>Es un programa adscrito a la Facultad de Posgrados que forma maestros con esp\u00edritu cr\u00edtico en las \u00e1reas de pedagog\u00eda, did\u00e1ctica e investigaci\u00f3n. Su propuesta de formaci\u00f3n est\u00e1 sustentada en concepciones sobre ser humano, desarrollo social, estudiante, competencia y evaluaci\u00f3n, concordantes con unos postulados convergentes de posturas humanistas, sociales y cr\u00edticas, materializadas en los n\u00facleos del saber y ejes tem\u00e1ticos, los cuales conforman un entramado relacional y conceptual integrado que da vida al plan de estudios.<\/p>\n<p>Se busca mediante la compresi\u00f3n, la reflexi\u00f3n y la cr\u00edtica, fortalecer en los estudiantes el auto-aprendizaje, el interaprendizaje, la dimensi\u00f3n \u00e9tica, la capacidad de conectividad y accionar social, la expansi\u00f3n de las libertades-concienciaci\u00f3n, la alteridad como capacidad de legitimar al otro y a lo otro, la integralidad intelectual como dominios propios de saberes y ciencias, la interacci\u00f3n social como capacidad de transformar y ser y transformado, entre muchas otras habilidades.<\/p>\n<hr \/>\n<\/div>\n<div class=\"col-md-6\">\n<h3 class=\"sfw\"><span style=\"color: #008000;\"><strong>Objetivo<\/strong><\/span><\/h3>\n<p>La Maestr\u00eda en Educaci\u00f3n tiene como prop\u00f3sito contribuir al mejoramiento cualitativo de la educaci\u00f3n en la regi\u00f3n y en el pa\u00eds, orientado hacia el desarrollo humano integral, con identidad cultural, justicia y construcci\u00f3n de una democracia participativa, mediante procesos de investigaci\u00f3n, de formaci\u00f3n y de reflexi\u00f3n cr\u00edtica.<\/p>\n<hr \/>\n<h3><span style=\"color: #008000;\"><strong>L\u00edneas de investigaci\u00f3n<\/strong><\/span><\/h3>\n<ul class=\"list-dots-blue\">\n<li><b>Educaci\u00f3n en el Medio Rural:<\/b>\u00a0l\u00ednea que aborda los elementos contextuales e investigativos de la educaci\u00f3n en el medio rural, las diferentes concepciones, enfoques y aplicabilidades del desarrollo; la educaci\u00f3n de j\u00f3venes, adultos y la formaci\u00f3n para el trabajo, el desarrollo humano y social, que responda a las problem\u00e1ticas y exigencias de la realidad y la comprensi\u00f3n del escenario educativo como eje de desarrollo personal y territorial.<\/li>\n<li><b>Pedagog\u00eda y Cultura de los Derechos Humanos:<\/b>\u00a0l\u00ednea que aborda el tema de la Historia de los Derechos Humanos, como un ejercicio v\u00e1lido para la construcci\u00f3n de un ideario en procesos de definici\u00f3n de caminos cada vez m\u00e1s expeditos en la senda del respeto a la dignidad de todo hombre y de toda la mujer. Propone una mirada a los fen\u00f3menos recientes que han venido aconteciendo en el tema de los Derechos Humanos, a manera de un marco de comprensi\u00f3n y an\u00e1lisis de la situaci\u00f3n por la cual atraviesa Colombia, para seguir haciendo parte de la construcci\u00f3n de escenarios de respeto y de inclusi\u00f3n individual y social.<\/li>\n<li><b>Educaci\u00f3n Virtual:<\/b>\u00a0la l\u00ednea de investigaci\u00f3n se orienta a la b\u00fasqueda y hallazgo de propuestas que incidan en el cambio de la calidad en la educaci\u00f3n, de las metodolog\u00edas de la articulaci\u00f3n de medios y mediaciones a los procesos educativos, que incidan tambi\u00e9n en la aplicaci\u00f3n de los aprendizajes te\u00f3ricos impactando los contextos; que mejoren las propuestas de aprendizaje-ense\u00f1anzas (educabilidad y ense\u00f1abilidad). La l\u00ednea de investigaci\u00f3n permite indagar, dise\u00f1ar y fortalecer las propuestas pedag\u00f3gicas y did\u00e1cticas existentes y revisar su coherencia con los desarrollos del momento, estructurar sus aplicaciones con miras al mejoramiento de la calidad de vida acad\u00e9mica, social y econ\u00f3mico-cultural.<\/li>\n<\/ul>\n<hr \/>\n<\/div>\n<div class=\"col-md-6\">\n<h3 class=\"sfw\"><strong><span style=\"color: #008000;\">Perfil Profesional<\/span><\/strong><\/h3>\n<ul>\n<li>Un estudioso de la pedagog\u00eda y de la did\u00e1ctica, y de su relaci\u00f3n con la potenciaci\u00f3n del desarrollo humano integral y del desarrollo social.<\/li>\n<li>Una persona autocr\u00edtica, que problematiza la cotidianidad del aula para salir de la zona de confort y avanzar con los estudiantes en procesos did\u00e1cticos cr\u00edticos y propositivos.<\/li>\n<li>Un profesional formado en investigaci\u00f3n educativa para transformar realidades de aula y de la educaci\u00f3n en general, a partir de situaciones problem\u00e1ticas en pedagog\u00eda, did\u00e1ctica y campos afines.<\/li>\n<li>Un profesional que reconoce el estatuto epistemol\u00f3gico de la pedagog\u00eda, a partir de principios de investigaci\u00f3n en pedagog\u00eda cl\u00e1sica, moderna y contempor\u00e1nea.<\/li>\n<li>Una persona conocedora de las tendencias contempor\u00e1neas de la pedagog\u00eda y la did\u00e1ctica, para aportar desde las mismas desde al desarrollo humano y social.<\/li>\n<li>Un acad\u00e9mico de la raz\u00f3n, del pensamiento y de la acci\u00f3n para el manejo del conflicto social.<\/li>\n<li>Un gran conocedor de la geopol\u00edtica y de su papel en un mundo cambiante.<\/li>\n<li>Un profesional competente para realizar las funciones de administraci\u00f3n, indagaci\u00f3n, docencia, extensi\u00f3n e innovaciones en el \u00e1mbito de su formaci\u00f3n en todos los niveles educativos.<\/li>\n<\/ul>\n<hr \/>\n<\/div>\n<div class=\"col-md-6\">\n<h3 class=\"sfw\"><span style=\"color: #008000;\"><strong>Perfil Ocupacional<\/strong><\/span><\/h3>\n<p>Las personas egresadas de este programa pueden desempe\u00f1arse como docente, asesor, consultor, l\u00edder educativo; responsables del \u00e1rea de educaci\u00f3n en empresas, organizaciones, corporaciones y afines. Algunos desempe\u00f1os espec\u00edficos son:<\/p>\n<ul>\n<li>Dise\u00f1ar, desarrollar y evaluar propuestas curriculares, con fundamentaci\u00f3n pedag\u00f3gica, did\u00e1ctica y metodol\u00f3gica, pertinente para las comunidades y los contextos donde se desempe\u00f1a, y acordes con los lineamientos legales vigentes.<\/li>\n<li>Dise\u00f1ar y llevar a cabo interacciones pedag\u00f3gicas tendientes a la conformaci\u00f3n y consolidaci\u00f3n de comunidades educadoras.<\/li>\n<li>Gestionar en los espacios y encuentros cotidianos, nichos para una educaci\u00f3n humanista y cr\u00edtica, trasversal a la formaci\u00f3n de todas las personas.<\/li>\n<li>Aportar a la formaci\u00f3n integral de las personas con quienes interact\u00faa cotidianamente, a partir de principios metodol\u00f3gicos basados en el respeto, la criticidad, la colaboraci\u00f3n, el bien com\u00fan y la propuesta.<\/li>\n<li>Articular las din\u00e1micas institucionales con las realidades del contexto donde se desempe\u00f1a, en aras de la significatividad de los procesos educativos.<\/li>\n<li>Integrar la pedagog\u00eda y la did\u00e1ctica en procesos de formaci\u00f3n cr\u00edtica y propositiva de las personas a su cargo.<\/li>\n<li>Desempe\u00f1arse en instituciones de educaci\u00f3n y ONG, en funciones relacionadas con la gesti\u00f3n, administraci\u00f3n, docencia, y evaluaci\u00f3n en el campo de la educaci\u00f3n, de forma particular desde los \u00e9nfasis planteados en programa (educaci\u00f3n en el medio rural, cultura y pedagog\u00eda de los derechos humanos y educaci\u00f3n virtual).<\/li>\n<li>Entidades estatales y privadas de \u00e1reas de la educaci\u00f3n, en roles gerenciales y ejecutivos.<\/li>\n<li>Evaluador, asesor y gestor en procesos de asesor\u00eda, planificaci\u00f3n estrat\u00e9gica, direcci\u00f3n y supervisi\u00f3n educativa.<\/li>\n<\/ul>\n<hr \/>\n<h3><span style=\"color: #008000;\"><strong>Perfil de Ingreso<\/strong><\/span><\/h3>\n<\/div>\n<p>Licenciados y profesionales de educaci\u00f3n en todas las \u00e1reas del conocimiento o profesionales de otras disciplinas interesados en el tema de la educaci\u00f3n desde la pedagog\u00eda y la did\u00e1ctica, que est\u00e9n dispuestos a cumplir con los siguientes criterios:<\/p>\n<ul>\n<li>Respeto y compenetraci\u00f3n por la filosof\u00eda y principios de las Universidades.<\/li>\n<li>Competencia intelectual en el \u00e1rea de conocimiento a desempe\u00f1ar.<\/li>\n<li>Dominios gen\u00e9ricos en educaci\u00f3n, pedagog\u00eda y did\u00e1ctica.<\/li>\n<li>Disponibilidad de tiempo para el proceso formativo.<\/li>\n<li>Ensayo de acuerdo al campo de profundizaci\u00f3n propuesto en el programa.<\/li>\n<li>Profesional (Hoja de vida actualizada con los respectivos soportes).<\/li>\n<\/ul>\n<hr \/>\n<h3><strong><span style=\"color: #008000;\">Diferenciadores<\/span><\/strong><\/h3>\n<table dir=\"ltr\" style=\"height: 640px;\" border=\"1\" width=\"1174\" cellspacing=\"0\" cellpadding=\"0\" data-sheets-root=\"1\" data-sheets-baot=\"1\">\n<colgroup>\n<col width=\"101\" \/>\n<col width=\"507\" \/><\/colgroup>\n<tbody>\n<tr>\n<td colspan=\"2\" rowspan=\"1\">\n<ul>\n<li>La Universidad Cat\u00f3lica de Oriente es una instituci\u00f3n educativa que cuenta con Acreditaci\u00f3n en Alta Calidad.<\/li>\n<\/ul>\n<\/td>\n<\/tr>\n<tr>\n<td colspan=\"2\" rowspan=\"1\">\n<ul>\n<li>Al ser un programa en convenio, el estudiante podr\u00e1 disfrutar de todos los espacios f\u00edsicos que brinda el Campus de la Universidad Cat\u00f3lica de Oriente y de todos los centros y servicios que tiene la Cat\u00f3lica del Norte 100% virtuales. Se podr\u00e1n beneficiar de todas las actividades que tienen ambas instituciones relacionadas con el Bienestar Institucional y podr\u00e1n acceder a la biblioteca de ambas IES.<\/li>\n<\/ul>\n<\/td>\n<\/tr>\n<tr>\n<td colspan=\"2\" rowspan=\"1\">\n<ul>\n<li>Al ser un programa 100% virtual, el estudiante accede a un programa de calidad en donde las limitaciones de tiempo y espacio se ven solventadas por el compromiso y el trabajo aut\u00f3nomo; de igual forma la modalidad totalmente virtual, permite la flexibilidad en el proceso y rigurosidad en el manejo de contenidos en ambientes virtuales de aprendizaje.<\/li>\n<\/ul>\n<\/td>\n<\/tr>\n<tr>\n<td colspan=\"2\" rowspan=\"1\">\n<ul>\n<li>El programa cuenta con 3 l\u00edneas de profundizaci\u00f3n:<\/li>\n<li><strong>* Educaci\u00f3n en el Medio Rural<\/strong><\/li>\n<li><strong>* Cultura y Pedagog\u00eda de los Derechos Humanos<\/strong><\/li>\n<li><strong>* Educaci\u00f3n Virtual<\/strong><\/li>\n<\/ul>\n<\/td>\n<\/tr>\n<tr>\n<td colspan=\"2\" rowspan=\"1\">\n<ul>\n<li>El programa est\u00e1 articulado 100% con la Especializaci\u00f3n en Pedagog\u00eda y Did\u00e1ctica de la UCO y la Especilizaci\u00f3n en Pedagog\u00eda de la Virtualidad de la FUCN. A los egresados de ambos programas, se les hace un reconocimiento del 100% de los cr\u00e9ditos vistos durante la Especializaci\u00f3n; con esta homologaci\u00f3n, la Maestr\u00eda la realizan en 2 semestres. La homologaci\u00f3n para ellos no tienen ning\u00fan costo adicional.<\/li>\n<\/ul>\n<\/td>\n<\/tr>\n<tr>\n<td colspan=\"2\" rowspan=\"1\">\n<ul>\n<li style=\"text-align: left;\">Un tratamiento justo, incluyente y equilibrado desde la modalidad virtual, al permitir el desarrollo humano para todas y todos los pobladores del territorio colombiano, atendiendo as\u00ed las demandas de formaci\u00f3n profesional para la educaci\u00f3n, haciendo un aporte significativo a mejorar la calidad de vida, tanto del maestro y su familia como de los ni\u00f1os y ni\u00f1as de las comunidades, familias o instituciones en la con las que intervenga. Apuesta que tambi\u00e9n es coherente con los actuales lineamientos de pol\u00edtica p\u00fablica nacional en lo concerniente con la formaci\u00f3n avanzada de educadores.<\/li>\n<\/ul>\n<\/td>\n<\/tr>\n<\/tbody>\n<\/table>\n<hr \/>\n<h3 class=\"sfw\"><span style=\"color: #008000;\"><strong>Convenios<\/strong><\/span><\/h3>\n<p>Cooperaci\u00f3n interinstitucional. La Facultad de Educaci\u00f3n celebra convenios de cooperaci\u00f3n acad\u00e9mica y de intercambio de tecnolog\u00eda con instituciones y\/o corporaciones nacionales y extranjeras para el desarrollo de programas de formaci\u00f3n de docentes en los niveles de pregrado, especializaci\u00f3n y maestr\u00edas y en el desarrollo de investigaciones.<\/p>\n<ul>\n<li>ASCOFADE (Asociaci\u00f3n Colombiana de Facultades de Educaci\u00f3n)<\/li>\n<li>RIER (Red Iberoamericana de Educaci\u00f3n Rural)<\/li>\n<li>CLACSO (Consejo Latinoamericano de Ciencias Sociales)<\/li>\n<li>RUANA<\/li>\n<li>RENATA<\/li>\n<li>Mesa de Educaci\u00f3n Rural de Antioquia<\/li>\n<li>Mesa de Derechos Humano del oriente de Antioquia<\/li>\n<li>Escuela de Derechos Humanos<\/li>\n<\/ul>\n<hr \/>\n<h3 class=\"sfw\"><strong><span style=\"color: #008000;\">Requisitos De ingreso<\/span><\/strong><\/h3>\n<ul>\n<li>Diligenciar el formulario de inscripci\u00f3n en l\u00ednea\u00a0<a title=\"Realizar inscripci\u00f3n\" href=\"https:\/\/ucn.edu.co\/inscripciones-en-linea\" target=\"_blank\" rel=\"noopener\">Clic aqu\u00ed para realizar la inscripci\u00f3n.<\/a><\/li>\n<li>Diligenciar el contrato de matr\u00edcula\u00a0<a title=\"Realizar inscripci\u00f3n\" href=\"https:\/\/content.ucn.edu.co\/wp-media-folder-catolica-del-norte-fundacion-universitaria\/wp-content\/uploads\/2022\/08\/Contrato-de-Matricula-12022.pdf\" target=\"_blank\" rel=\"noopener\">Clic aqu\u00ed para descargar.<\/a><\/li>\n<\/ul>\n<p>Enviar de forma digital los siguientes documentos:<\/p>\n<ul>\n<li>Comprobante de pago de inscripci\u00f3n<\/li>\n<li>Copia del documento de identidad<\/li>\n<li>Copia del acta o diploma que lo acredite como profesional<\/li>\n<li>Hoja de vida actualizada con informaci\u00f3n: personal, acad\u00e9mica, de competencias y experiencia profesional<\/li>\n<li>Carta con recomendaci\u00f3n acad\u00e9mica o investigativa<\/li>\n<li>Diligenciar formato de entrevista en l\u00ednea.\u00a0<span style=\"color: #0000ff;\"><a style=\"color: #0000ff;\" title=\"Diligenciar formato de entrevista\" href=\"https:\/\/ucn.edu.co\/landing-entrevista-de-ingreso-para-la-maestria-en-educacion\" target=\"_blank\" rel=\"noopener\">Clic AQU\u00cd<\/a>\u00a0<\/span>para diligenciar.<\/li>\n<li>Foto tama\u00f1o 3\u00d74 digital en fondo blanco<\/li>\n<\/ul>\n<p><b>De admisi\u00f3n y matr\u00edcula<\/b><\/p>\n<ul>\n<li>Encontrarse en el listado de admitidos de la Maestr\u00eda en Educaci\u00f3n.<\/li>\n<li>Realizar el curso Seminario de Fundamentos de Virtualidad<\/li>\n<li>Enviar el comprobante de pago de matr\u00edcula<\/li>\n<li>Enviar diligenciado el formato de matr\u00edcula<\/li>\n<\/ul>\n<p>&nbsp;<\/p>\n<hr \/>\n<h3><strong><span style=\"color: #008000;\">Propuesta Acad\u00e9mica<\/span><\/strong><\/h3>\n<ul class=\"list-unstyled mx-0 lh-base\">\n<li><b>Duraci\u00f3n:<\/b>\u00a04 semestres<\/li>\n<\/ul>\n<ul class=\"list-unstyled mx-0 lh-base\">\n<li><b>T\u00edtulo:<\/b>\u00a0Mag\u00edster en educaci\u00f3n<\/li>\n<li><b>Cr\u00e9ditos:<\/b>\u00a048<\/li>\n<li><b>Modalidad:<\/b>\u00a0Virtual<\/li>\n<li><span style=\"color: #0000ff;\"><a style=\"color: #0000ff;\" href=\"https:\/\/content.ucn.edu.co\/wp-media-folder-fundacion-universitaria-catolica-del-norte\/wp-content\/uploads\/2022\/01\/me-ucn-maestria-educacion-02.pdf\" target=\"_blank\" rel=\"noopener\"><b>Plan de Estudios<\/b><\/a><\/span><\/li>\n<li><b>Valor inscripci\u00f3n:<\/b> $ 158.100<\/li>\n<li><span style=\"color: #0000ff;\"><a style=\"color: #0000ff;\" title=\"Financiaci\u00f3n\" href=\"https:\/\/content.ucn.edu.co\/wp-media-folder-catolica-del-norte-fundacion-universitaria\/wp-content\/uploads\/2023\/01\/UCO_-_Derechos_pecuniarios_2023.pdf\" target=\"_blank\" rel=\"noopener\"><b>Valor matr\u00edcula<\/b><\/a><\/span><\/li>\n<li><span style=\"color: #0000ff;\"><a style=\"color: #0000ff;\" title=\"Financiaci\u00f3n\" href=\"https:\/\/ucn.edu.co\/beneficios-formas-de-pago-y-financiacion\" target=\"_blank\" rel=\"noopener\"><b>Financiaci\u00f3n<\/b><\/a><\/span><\/li>\n<li><b>Beneficios:<\/b>\u00a010% de descuento egresados UCO UCN \/ 20% empleados, sacerdotes y religiosos de ambas di\u00f3cesis.<\/li>\n<\/ul>\n<hr \/>\n<p>&nbsp;<\/p>\n","protected":false},"excerpt":{"rendered":"<p>Maestr\u00eda en Educaci\u00f3n Convenio: Universidad Cat\u00f3lica de Oriente &nbsp; Presentaci\u00f3n del programa La Universidad Cat\u00f3lica de Oriente y la Fundaci\u00f3n Universitaria Cat\u00f3lica del Norte, comprometidas con el desarrollo regional y del pa\u00eds, unen esfuerzos para ofrecer un programa de Maestr\u00eda en Educaci\u00f3n que forma investigadores&#8230;<\/p>\n","protected":false},"author":16,"featured_media":0,"parent":0,"menu_order":0,"comment_status":"closed","ping_status":"closed","template":"","meta":{"footnotes":""},"class_list":["post-5474","page","type-page","status-publish","hentry"],"aioseo_notices":[],"_links":{"self":[{"href":"https:\/\/sic.nodscloud.com\/nodsglobal\/wp-json\/wp\/v2\/pages\/5474","targetHints":{"allow":["GET"]}}],"collection":[{"href":"https:\/\/sic.nodscloud.com\/nodsglobal\/wp-json\/wp\/v2\/pages"}],"about":[{"href":"https:\/\/sic.nodscloud.com\/nodsglobal\/wp-json\/wp\/v2\/types\/page"}],"author":[{"embeddable":true,"href":"https:\/\/sic.nodscloud.com\/nodsglobal\/wp-json\/wp\/v2\/users\/16"}],"replies":[{"embeddable":true,"href":"https:\/\/sic.nodscloud.com\/nodsglobal\/wp-json\/wp\/v2\/comments?post=5474"}],"version-history":[{"count":6,"href":"https:\/\/sic.nodscloud.com\/nodsglobal\/wp-json\/wp\/v2\/pages\/5474\/revisions"}],"predecessor-version":[{"id":6165,"href":"https:\/\/sic.nodscloud.com\/nodsglobal\/wp-json\/wp\/v2\/pages\/5474\/revisions\/6165"}],"wp:attachment":[{"href":"https:\/\/sic.nodscloud.com\/nodsglobal\/wp-json\/wp\/v2\/media?parent=5474"}],"curies":[{"name":"wp","href":"https:\/\/api.w.org\/{rel}","templated":true}]}}