
{"id":5494,"date":"2024-10-02T19:47:40","date_gmt":"2024-10-02T19:47:40","guid":{"rendered":"https:\/\/sic.nodscloud.com\/nodsglobal\/?page_id=5494"},"modified":"2024-10-02T19:47:40","modified_gmt":"2024-10-02T19:47:40","slug":"preguntas-frecuentes","status":"publish","type":"page","link":"https:\/\/sic.nodscloud.com\/nodsglobal\/preguntas-frecuentes\/","title":{"rendered":"Preguntas Frecuentes"},"content":{"rendered":"<p style=\"text-align: center;\"><img fetchpriority=\"high\" decoding=\"async\" class=\"alignnone  wp-image-5358\" src=\"https:\/\/sic.nodscloud.com\/nodsglobal\/wp-content\/uploads\/sites\/3\/2024\/10\/logo_catolica.png\" alt=\"\" width=\"590\" height=\"198\" srcset=\"https:\/\/sic.nodscloud.com\/nodsglobal\/wp-content\/uploads\/sites\/3\/2024\/10\/logo_catolica.png 763w, https:\/\/sic.nodscloud.com\/nodsglobal\/wp-content\/uploads\/sites\/3\/2024\/10\/logo_catolica-300x101.png 300w, https:\/\/sic.nodscloud.com\/nodsglobal\/wp-content\/uploads\/sites\/3\/2024\/10\/logo_catolica-700x235.png 700w\" sizes=\"(max-width: 590px) 100vw, 590px\" \/><\/p>\n<h1 style=\"text-align: center;\"><strong><span style=\"color: #008000;\">Preguntas Frecuentes<\/span><\/strong><\/h1>\n<hr \/>\n<section>\n<h2><strong>MAESTR\u00cdA EN EDUCACI\u00d3N \u2013 TEOLOG\u00cdA<\/strong><\/h2>\n<p>Convenio con la Universidad Cat\u00f3lica de Oriente (UCO)<\/p>\n<h3><strong><span style=\"color: #008000;\">Asesor\u00eda<\/span><\/strong><\/h3>\n<p><strong>\u00bfC\u00f3mo acceder a la plataforma virtual?<\/strong><\/p>\n<p>Para acceder al Aula virtual debe ingresar a la p\u00e1gina principal de la Instituci\u00f3n www.ucn.edu.co \/ Aula Virtual \/finalmente digite sus datos de ingreso.<\/p>\n<p><strong>\u00bfD\u00f3nde puedo encontrar mis actividades?<\/strong><\/p>\n<p>Debe ingresar y en el men\u00fa superior encontrar\u00e1 el bot\u00f3n de\u00a0<i>curso<\/i>\u00a0finalmente de clic en actividades para visualizarlas.<\/p>\n<p><strong>\u00bfCu\u00e1les son los datos de mi docente?<\/strong><\/p>\n<p>Los datos del docente los puede visualizar en el men\u00fa superior, all\u00ed encontrar\u00e1 el bot\u00f3n curso y debe dar clic en\u00a0<i>perfil docente<\/i>\u00a0en este, depositan sus n\u00fameros telef\u00f3nicos, correos electr\u00f3nicos, cuenta de Microsoft Teams y la disponibilidad de tiempo para resolver inquietudes.<\/p>\n<h3><strong><span style=\"color: #008000;\">Cr\u00e9ditos o financiaciones Educativas<\/span><\/strong><\/h3>\n<p><strong>\u00bfCu\u00e1les son las Formas de pago y financiaci\u00f3n?<\/strong>\u00a0<a title=\"Clic aqu\u00ed\" href=\"https:\/\/ucn.edu.co\/beneficios-formas-de-pago-y-financiacion\" target=\"_blank\" rel=\"noopener\">Clic aqu\u00ed<\/a>\u00a0para ver las formas de pago y financiaci\u00f3n<\/p>\n<p><strong>\u00bfD\u00f3nde consultar sobre su cr\u00e9dito o el tr\u00e1mite de nuevos cr\u00e9ditos?<\/strong><\/p>\n<p>Asesores de la universidad<\/p>\n<p>Escribir a:\u00a0<a title=\"cavi@ucn.edu.co\" href=\"mailto:cavi@ucn.edu.co\" target=\"_blank\" rel=\"noopener\">cavi@ucn.edu.co<\/a><\/p>\n<p>Tel\u00e9fono: (4) 6051535 Ext. 4429<\/p>\n<p><strong>\u00bfC\u00f3mo se renueva el cr\u00e9dito ICETEX?<\/strong><\/p>\n<p>Para generar la renovaci\u00f3n ante el ICETEX y la Instituci\u00f3n se deben efectuar los siguientes pasos:<\/p>\n<ol>\n<li>Seg\u00fan la l\u00ednea de cr\u00e9dito, debe estar a paz y salvo en el pago de su cuota o seguro y remitir los documentos para renovarlo.<\/li>\n<li>Antes de iniciar cada semestre, en las fechas establecidas debe ingresar al portal del ICETEX\u00a0<a title=\"www.icetex.gov.co\" href=\"https:\/\/web.icetex.gov.co\/portal\" target=\"_blank\" rel=\"noopener\"><b>www.icetex.gov.co<\/b><\/a>\u00a0para\u00a0<a title=\"actualizar sus datos\" href=\"https:\/\/web.icetex.gov.co\/portal\" target=\"_blank\" rel=\"noopener\">actualizar sus datos<\/a>\u00a0personales, generar el formato de actualizaci\u00f3n y firmarlo.<\/li>\n<li>Debe matricular sus materias y generar la liquidaci\u00f3n a trav\u00e9s del sistema Vortal\u00a0<a title=\"Academusoft\" href=\"https:\/\/ucn.edu.co\/vortal-academusoft\" target=\"_blank\" rel=\"noopener\">Academusoft.<\/a><\/li>\n<li>Remitir los documentos al \u00e1rea de cr\u00e9ditos educativos de la Instituci\u00f3n mediante la Mesa de Servicio CAVI o correo electr\u00f3nico para los estudiantes que tiene cr\u00e9dito a trav\u00e9s de los FONDOS de ICETEX.<\/li>\n<\/ol>\n<h3><strong><span style=\"color: #008000;\">Ayuda de Matr\u00edcula<\/span><\/strong><\/h3>\n<p><strong>\u00bfC\u00f3mo matricular el pr\u00f3ximo cuatrimestre y\/o semestre?<\/strong><\/p>\n<p>Una vez finalizado el cuatrimestre y\/o semestre, desde el \u00e1rea de Experiencia Estudiantil se env\u00eda la liquidaci\u00f3n de matr\u00edcula a los correos electr\u00f3nicos que se registraron en el momento de la inscripci\u00f3n.<\/p>\n<p><strong>Olvid\u00e9 mi contrase\u00f1a de acceso para la plataforma CANVAS \u00bfqu\u00e9 debo hacer?<\/strong><\/p>\n<p>Gestione el cambio o remarcaci\u00f3n de clave, dando clic en\u00a0<i>\u00bfOlvidaste tu contrase\u00f1a?<\/i>\u00a0y a su correo electr\u00f3nico registrado, se remitir\u00e1 el enlace de recuperaci\u00f3n.<\/p>\n<h3><strong><span style=\"color: #008000;\">Certificados<\/span><\/strong><\/h3>\n<div class=\"row\">\n<section class=\"col-12 col-lg-6\">\n<h4>Maestr\u00eda en Educaci\u00f3n<\/h4>\n<p>Para los certificados para la Maestr\u00eda en Educaci\u00f3n, debe escribir a los siguientes correos haciendo la solicitud:<\/p>\n<ul class=\"list-circle-blue\">\n<li>Maria Isabel Bedoya Rios:\u00a0<a href=\"mailto:admisiones.sec3@uco.edu.co\">admisiones.sec3@uco.edu.co<\/a><\/li>\n<li>Daniela Arias Posada:\u00a0<a href=\"mailto:admisiones.sec2@uco.edu.co\">admisiones.sec2@uco.edu.co<\/a><\/li>\n<\/ul>\n<p>Si desea m\u00e1s informaci\u00f3n puede comunicarse con la Universidad Cat\u00f3lica de Oriente al tel\u00e9fono:\u00a0<b>569 9090<\/b>\u00a0extensiones:\u00a0<b>298<\/b>\u00a0\u2013\u00a0<b>244<\/b>\u00a0\u2013\u00a0<b>353<\/b><\/p>\n<p>Para este a\u00f1o, el costo del certificado de estudios es de $23.000. En el siguiente enlace puede consultar los valores:\u00a0<a title=\"Derechos pecuiarios UCO\" href=\"https:\/\/www.uco.edu.co\/admisiones\/SiteAssets\/!Tarifas%20UCO%202024.pdf\" target=\"_blank\" rel=\"noopener\">Derechos pecuiarios UCO<\/a><\/p>\n<p>El pago lo pueden hacer en la cuenta de la Universidad Cat\u00f3lica de Oriente:\u00a0<b>Ahorros Bancolombia 10095000473 Convenio 33690<\/b><\/p>\n<\/section>\n<section class=\"col-12 col-lg-6\">\n<h4><strong><span style=\"color: #008000;\">Teolog\u00eda<\/span><\/strong><\/h4>\n<p>Para los certificados del programa en Teolog\u00eda, debe escribir al siguiente correo haciendo la solicitud:<\/p>\n<ul class=\"list-circle-blue\">\n<li>Katherine Alejandra Villada \u00c1lvarez:\u00a0<a href=\"mailto:admisiones.sec2@uco.edu.co\">teologia.mercadeo@uco.edu.co<\/a><\/li>\n<\/ul>\n<p>Si desea m\u00e1s informaci\u00f3n puede comunicarse con la Universidad Cat\u00f3lica de Oriente al tel\u00e9fono:\u00a0<b>569 9090<\/b>\u00a0extensi\u00f3n:\u00a0<b>507<\/b><\/p>\n<p>Para este a\u00f1o, el costo del certificado de estudios es de $23.000. En el siguiente enlace puede consultar los valores:\u00a0<a title=\"https:\/\/www.uco.edu.co\/admisiones\/Tarifas\/Derechos-pecuniarios-UCO.pdf\" href=\"https:\/\/www.uco.edu.co\/admisiones\/SiteAssets\/!Tarifas%20UCO%202024.pdf\" target=\"_blank\" rel=\"noopener\">https:\/\/www.uco.edu.co\/admisiones\/Tarifas\/Derechos-pecuniarios-UCO.pdf<\/a><\/p>\n<hr \/>\n<\/section>\n<\/div>\n<\/section>\n<section>\n<h2><strong>DERECHO PROBATORIO PENAL \u2013 INVESTIGACI\u00d3N CRIMINAL<\/strong><\/h2>\n<p>Convenio con la Universidad de Medell\u00edn<\/p>\n<h3><span style=\"color: #008000;\"><strong>Asesor\u00eda<\/strong><\/span><\/h3>\n<p><strong>\u00bfC\u00f3mo acceder a la plataforma virtual?<\/strong><\/p>\n<p>Para acceder al Aula virtual debe ingresar a la p\u00e1gina principal de la Instituci\u00f3n www.ucn.edu.co \/ Aula Virtual \/finalmente digite sus datos de ingreso.<\/p>\n<p><strong>\u00bfD\u00f3nde puedo encontrar mis actividades?<\/strong><\/p>\n<p>Debe ingresar y en el men\u00fa superior encontrar\u00e1 el bot\u00f3n de\u00a0<i>curso<\/i>\u00a0finalmente de clic en actividades para visualizarlas.<\/p>\n<p><strong>\u00bfCu\u00e1les son los datos de mi docente?<\/strong><\/p>\n<p>Los datos del docente los puede visualizar en el men\u00fa superior, all\u00ed encontrar\u00e1 el bot\u00f3n curso y debe dar clic en\u00a0<i>perfil docente<\/i>\u00a0en este, depositan sus n\u00fameros telef\u00f3nicos, correos electr\u00f3nicos, cuenta de Microsoft Teams y la disponibilidad de tiempo para resolver inquietudes.<\/p>\n<h3><span style=\"color: #008000;\"><strong>Cr\u00e9ditos o financiaciones Educativas<\/strong><\/span><\/h3>\n<p><strong>\u00bfCu\u00e1les son las Formas de pago y financiaci\u00f3n?<\/strong>\u00a0<a title=\"Clic aqu\u00ed\" href=\"https:\/\/ucn.edu.co\/beneficios-formas-de-pago-y-financiacion\" target=\"_blank\" rel=\"noopener\">Clic aqu\u00ed<\/a>\u00a0para ver las formas de pago y financiaci\u00f3n<\/p>\n<p><strong>\u00bfD\u00f3nde consultar sobre su cr\u00e9dito o el tr\u00e1mite de nuevos cr\u00e9ditos?<\/strong><\/p>\n<p>Asesores de la universidad<\/p>\n<p>Escribir a:\u00a0<a title=\"cavi@ucn.edu.co\" href=\"mailto:cavi@ucn.edu.co\" target=\"_blank\" rel=\"noopener\">cavi@ucn.edu.co<\/a><\/p>\n<p>Tel\u00e9fono: (4) 6051535 Ext. 4429<\/p>\n<p><strong>\u00bfC\u00f3mo se renueva el cr\u00e9dito ICETEX?<\/strong><\/p>\n<p>Para generar la renovaci\u00f3n ante el ICETEX y la Instituci\u00f3n se deben efectuar los siguientes pasos:<\/p>\n<ol>\n<li>Seg\u00fan la l\u00ednea de cr\u00e9dito, debe estar a paz y salvo en el pago de su cuota o seguro y remitir los documentos para renovarlo.<\/li>\n<li>Antes de iniciar cada semestre, en las fechas establecidas debe ingresar al portal del ICETEX\u00a0<a title=\"www.icetex.gov.co\" href=\"https:\/\/web.icetex.gov.co\/portal\" target=\"_blank\" rel=\"noopener\"><b>www.icetex.gov.co<\/b><\/a>\u00a0para\u00a0<a title=\"actualizar sus datos\" href=\"https:\/\/web.icetex.gov.co\/portal\" target=\"_blank\" rel=\"noopener\">actualizar sus datos<\/a>\u00a0personales, generar el formato de actualizaci\u00f3n y firmarlo.<\/li>\n<li>Debe matricular sus materias y generar la liquidaci\u00f3n a trav\u00e9s del sistema Vortal\u00a0<a title=\"Academusoft\" href=\"https:\/\/ucn.edu.co\/vortal-academusoft\" target=\"_blank\" rel=\"noopener\">Academusoft.<\/a><\/li>\n<li>Remitir los documentos al \u00e1rea de cr\u00e9ditos educativos de la Instituci\u00f3n mediante la Mesa de Servicio CAVI o correo electr\u00f3nico para los estudiantes que tiene cr\u00e9dito a trav\u00e9s de los FONDOS de ICETEX.<\/li>\n<\/ol>\n<p>Le recomendamos revisar el siguiente video tutorial, all\u00ed encontrar\u00e1 las instrucciones para realizar dicho proceso:\u00a0<a title=\"Ver video\" href=\"https:\/\/www.youtube.com\/watch?v=CWkxxDuVjYEfeature=youtu.be\" target=\"_blank\" rel=\"noopener\">Ver video<\/a><\/p>\n<h3><strong><span style=\"color: #008000;\">Ayuda de Matr\u00edcula<\/span><\/strong><\/h3>\n<p><strong>\u00bfC\u00f3mo matricular el pr\u00f3ximo cuatrimestre y\/o semestre?<\/strong><\/p>\n<p>Una vez finalizado el cuatrimestre y\/o semestre, desde el \u00e1rea de Experiencia Estudiantil se env\u00eda la liquidaci\u00f3n de matr\u00edcula a los correos electr\u00f3nicos que se registraron en el momento de la inscripci\u00f3n.<\/p>\n<p><strong>Olvid\u00e9 mi contrase\u00f1a de acceso para la plataforma CANVAS \u00bfqu\u00e9 debo hacer?<\/strong><\/p>\n<p>Gestione el cambio o remarcaci\u00f3n de clave, dando clic en\u00a0<i>\u00bfOlvidaste tu contrase\u00f1a?<\/i>\u00a0y a su correo electr\u00f3nico registrado, se remitir\u00e1 el enlace de recuperaci\u00f3n.<\/p>\n<h3><span style=\"color: #008000;\"><strong>Certificados<\/strong><\/span><\/h3>\n<p>Los certificados se deben solicitar directamente a trav\u00e9s del portal Universidad de Medell\u00edn:\u00a0<a title=\"clic AQU\u00cd\" href=\"http:\/\/www.udem.edu.co\/\" target=\"_blank\" rel=\"noopener\">clic AQU\u00cd<\/a>\u00a0en la opci\u00f3n\u00a0<b>Admisiones<\/b>. O ingresar al siguiente enlace:\u00a0<a title=\"clic AQU\u00cd\" href=\"https:\/\/www.udem.edu.co\/index.php\/solicitud-de-certificados\" target=\"_blank\" rel=\"noopener\">clic AQU\u00cd<\/a><\/p>\n<hr \/>\n<\/section>\n<section>\n<h2><strong>GERENCIA EDUCATIVA \u2013 PSICOLOG\u00cdA DE LAS ORGANIZACIONES Y DEL TRABAJO<\/strong><\/h2>\n<p>(Convenio con la Universidad de San Buenaventura)<\/p>\n<h3><strong><span style=\"color: #008000;\">Asesor\u00eda<\/span><\/strong><\/h3>\n<p><strong>\u00bfC\u00f3mo acceder a la plataforma virtual?<\/strong><\/p>\n<p>Para acceder al Aula virtual debe ingresar a la p\u00e1gina principal de la Instituci\u00f3n\u00a0<a title=\"www.ucn.edu.co\" href=\"https:\/\/ucn.edu.co\/\" target=\"_blank\" rel=\"noopener\">www.ucn.edu.co<\/a>\u00a0\u00bb Aula Virtual \/finalmente digite sus datos de ingreso.<\/p>\n<p><strong>\u00bfD\u00f3nde puedo encontrar mis actividades?<\/strong><\/p>\n<p>Debe ingresar y en el men\u00fa superior encontrar\u00e1 el bot\u00f3n de\u00a0<i>curso<\/i>\u00a0finalmente de clic en actividades para visualizarlas.<\/p>\n<p><strong>\u00bfCu\u00e1les son los datos de mi docente?<\/strong><\/p>\n<p>Los datos del docente los puede visualizar en el men\u00fa superior, all\u00ed encontrar\u00e1 el bot\u00f3n curso y debe dar clic en\u00a0<i>perfil docente<\/i>\u00a0en este, depositan sus n\u00fameros telef\u00f3nicos, correos electr\u00f3nicos, cuenta de Microsoft Teams y la disponibilidad de tiempo para resolver inquietudes.<\/p>\n<h3><strong><span style=\"color: #008000;\">Cr\u00e9ditos o financiaciones Educativas<\/span><\/strong><\/h3>\n<p><strong>\u00bfCu\u00e1les son las Formas de pago y financiaci\u00f3n?<\/strong>\u00a0<a title=\"Clic aqu\u00ed\" href=\"https:\/\/ucn.edu.co\/beneficios-formas-de-pago-y-financiacion\" target=\"_blank\" rel=\"noopener\">Clic aqu\u00ed<\/a>\u00a0para ver las formas de pago y financiaci\u00f3n<\/p>\n<p><strong>\u00bfD\u00f3nde consultar sobre su cr\u00e9dito o el tr\u00e1mite de nuevos cr\u00e9ditos?<\/strong><\/p>\n<p>Asesores de la universidad<\/p>\n<p>Escribir a:\u00a0<a title=\"cavi@ucn.edu.co\" href=\"mailto:cavi@ucn.edu.co\" target=\"_blank\" rel=\"noopener\">cavi@ucn.edu.co<\/a><\/p>\n<p>Tel\u00e9fono: (4) 6051535 Ext. 4429<\/p>\n<p><strong>\u00bfC\u00f3mo se renueva el cr\u00e9dito ICETEX?<\/strong><\/p>\n<p>Para generar la renovaci\u00f3n ante el ICETEX y la Instituci\u00f3n se deben efectuar los siguientes pasos:<\/p>\n<ol>\n<li>Seg\u00fan la l\u00ednea de cr\u00e9dito, debe estar a paz y salvo en el pago de su cuota o seguro y remitir los documentos para renovarlo.<\/li>\n<li>Antes de iniciar cada semestre, en las fechas establecidas debe ingresar al portal del ICETEX\u00a0<a title=\"www.icetex.gov.co\" href=\"https:\/\/web.icetex.gov.co\/portal\" target=\"_blank\" rel=\"noopener\"><b>www.icetex.gov.co<\/b><\/a>\u00a0para\u00a0<a title=\"actualizar sus datos\" href=\"https:\/\/web.icetex.gov.co\/portal\" target=\"_blank\" rel=\"noopener\">actualizar sus datos<\/a>\u00a0personales, generar el formato de actualizaci\u00f3n y firmarlo.<\/li>\n<li>Debe matricular sus materias y generar la liquidaci\u00f3n a trav\u00e9s del sistema Vortal\u00a0<a title=\"Academusoft\" href=\"https:\/\/ucn.edu.co\/vortal-academusoft\" target=\"_blank\" rel=\"noopener\">Academusoft.<\/a><\/li>\n<li>Remitir los documentos al \u00e1rea de cr\u00e9ditos educativos de la Instituci\u00f3n mediante la Mesa de Servicio CAVI o correo electr\u00f3nico para los estudiantes que tiene cr\u00e9dito a trav\u00e9s de los FONDOS de ICETEX.<\/li>\n<\/ol>\n<p>Le recomendamos revisar el siguiente video tutorial, all\u00ed encontrar\u00e1 las instrucciones para realizar dicho proceso:\u00a0<a title=\"Ver video\" href=\"https:\/\/www.youtube.com\/watch?v=CWkxxDuVjYEfeature=youtu.be\" target=\"_blank\" rel=\"noopener\">Ver video<\/a><\/p>\n<h3><strong><span style=\"color: #008000;\">Ayuda de Matr\u00edcula<\/span><\/strong><\/h3>\n<p><strong>\u00bfC\u00f3mo matricular el pr\u00f3ximo cuatrimestre y\/o semestre?<\/strong><\/p>\n<p>Una vez finalizado el cuatrimestre y\/o semestre, desde el \u00e1rea de Experiencia Estudiantil se env\u00eda la liquidaci\u00f3n de matr\u00edcula a los correos electr\u00f3nicos que se registraron en el momento de la inscripci\u00f3n.<\/p>\n<p><strong>Olvid\u00e9 mi contrase\u00f1a de acceso para la plataforma CANVAS \u00bfqu\u00e9 debo hacer?<\/strong><\/p>\n<p>Gestione el cambio o remarcaci\u00f3n de clave, dando clic en\u00a0<i>\u00bfOlvidaste tu contrase\u00f1a?<\/i>\u00a0y a su correo electr\u00f3nico registrado, se remitir\u00e1 el enlace de recuperaci\u00f3n.<\/p>\n<h3><strong><span style=\"color: #008000;\">Certificados<\/span><\/strong><\/h3>\n<p><strong>\u00bfC\u00f3mo solicitar un certificado de estudio, notas, asignaturas matriculadas y culminaci\u00f3n de plan de estudio?<\/strong><\/p>\n<p>Procedimiento para solicitar certificados:<\/p>\n<p><strong>1.<\/strong>\u00a0Consignar en las cuentas de la Universidad San Buenaventura: Banco de Occidente \u2013 cuenta corriente N:\u00a0<b>430034579<\/b>, o Banco de Bogot\u00e1 \u2013 Cuenta corriente N:\u00a0<b>434132445<\/b>\u00a0el valor correspondiente de acuerdo al tipo de certificaci\u00f3n requerida (ver costos en la parte inferior).<\/p>\n<p><strong>2.<\/strong>\u00a0Enviar el recibo de consignaci\u00f3n a la Cat\u00f3lica del Norte mediante la Mesa de Servicio CAVI o al correo\u00a0<a title=\"cavi@ucn.edu.co\" href=\"mailto:cavi@ucn.edu.co\" target=\"_blank\" rel=\"noopener\">cavi@ucn.edu.co<\/a>, incluyendo sus datos personales, especificando el tipo de certificaci\u00f3n requerida y los datos para el env\u00edo del mismo (correo electr\u00f3nico o direcci\u00f3n).<\/p>\n<p>La cuenta bancaria disponible es: (Cuenta de Ahorros) \u2013 consignaci\u00f3n Formato recaudo a nombre de la Universidad San Buenaventura<\/p>\n<table class=\"table table-bordered\">\n<tbody>\n<tr>\n<td><strong>TIPO DE CERTIFICACI\u00d3N<\/strong><\/td>\n<td><strong>ESTUDIO PARA 2024 CON LA USB<\/strong><\/td>\n<td><strong>NOTAS<\/strong><\/td>\n<\/tr>\n<tr>\n<td><strong>VALOR<\/strong><\/td>\n<td>$20.000<\/td>\n<td>$20.000<\/td>\n<\/tr>\n<\/tbody>\n<\/table>\n<p><strong>3.<\/strong>\u00a0Si desea que el certificado le sea enviado por correo certificado, antes de realizar el pago del certificado, debe informar al personal de Experiencia estudiantil, quienes le indicar\u00e1n el valor a pagar, el cual depende del lugar donde deba ser remitido.<\/p>\n<\/section>\n<hr \/>\n<section>\n<h2><strong>POSGRADOS PROPIOS<\/strong><\/h2>\n<h3><strong><span style=\"color: #008000;\">Asesor\u00eda<\/span><\/strong><\/h3>\n<p><strong>\u00bfC\u00f3mo acceder a la plataforma virtual?<\/strong><\/p>\n<p>Para acceder al Aula virtual debe ingresar a la p\u00e1gina principal de la Instituci\u00f3n\u00a0<a title=\"www.ucn.edu.co\" href=\"https:\/\/ucn.edu.co\/\" target=\"_blank\" rel=\"noopener\">www.ucn.edu.co<\/a>\u00a0\u00bb Aula Virtual \/finalmente digite sus datos de ingreso.<\/p>\n<p><strong>\u00bfD\u00f3nde puedo encontrar mis actividades?<\/strong><\/p>\n<p>Debe ingresar y en el men\u00fa superior encontrar\u00e1 el bot\u00f3n de\u00a0<i>curso<\/i>\u00a0finalmente de clic en actividades para visualizarlas.<\/p>\n<p><strong>\u00bfCu\u00e1les son los datos de mi docente?<\/strong><\/p>\n<p>Los datos del docente los puede visualizar en el men\u00fa superior, all\u00ed encontrar\u00e1 el bot\u00f3n curso y debe dar clic en\u00a0<i>perfil docente<\/i>\u00a0en este, depositan sus n\u00fameros telef\u00f3nicos, correos electr\u00f3nicos, cuenta de Microsoft Teams y la disponibilidad de tiempo para resolver inquietudes.<\/p>\n<h3><span style=\"color: #008000;\"><strong>Cr\u00e9ditos o financiaciones Educativas<\/strong><\/span><\/h3>\n<p><strong>\u00bfCu\u00e1les son las Formas de pago y financiaci\u00f3n?<\/strong>\u00a0<a title=\"Clic aqu\u00ed\" href=\"https:\/\/ucn.edu.co\/beneficios-formas-de-pago-y-financiacion\" target=\"_blank\" rel=\"noopener\">Clic aqu\u00ed<\/a>\u00a0para ver las formas de pago y financiaci\u00f3n<\/p>\n<p><strong>\u00bfD\u00f3nde consultar sobre su cr\u00e9dito o el tr\u00e1mite de nuevos cr\u00e9ditos?<\/strong><\/p>\n<p>Asesores de la universidad<\/p>\n<p>Escribir a:\u00a0<a title=\"cavi@ucn.edu.co\" href=\"mailto:cavi@ucn.edu.co\" target=\"_blank\" rel=\"noopener\">cavi@ucn.edu.co<\/a><\/p>\n<p>Tel\u00e9fono: (4) 6051535 Ext. 4429<\/p>\n<p><strong>\u00bfC\u00f3mo se renueva el cr\u00e9dito ICETEX?<\/strong><\/p>\n<p>Para generar la renovaci\u00f3n ante el ICETEX y la Instituci\u00f3n se deben efectuar los siguientes pasos:<\/p>\n<ol>\n<li>Seg\u00fan la l\u00ednea de cr\u00e9dito, debe estar a paz y salvo en el pago de su cuota o seguro y remitir los documentos para renovarlo.<\/li>\n<li>Antes de iniciar cada semestre, en las fechas establecidas debe ingresar al portal del ICETEX\u00a0<a title=\"www.icetex.gov.co\" href=\"https:\/\/web.icetex.gov.co\/portal\" target=\"_blank\" rel=\"noopener\"><b>www.icetex.gov.co<\/b><\/a>\u00a0para\u00a0<a title=\"actualizar sus datos\" href=\"https:\/\/web.icetex.gov.co\/portal\" target=\"_blank\" rel=\"noopener\">actualizar sus datos<\/a>\u00a0personales, generar el formato de actualizaci\u00f3n y firmarlo.<\/li>\n<li>Debe matricular sus materias y generar la liquidaci\u00f3n a trav\u00e9s del sistema Vortal\u00a0<a title=\"Academusoft\" href=\"https:\/\/ucn.edu.co\/vortal-academusoft\" target=\"_blank\" rel=\"noopener\">Academusoft.<\/a><\/li>\n<li>Remitir los documentos al \u00e1rea de cr\u00e9ditos educativos de la Instituci\u00f3n mediante la Mesa de Servicio CAVI o correo electr\u00f3nico para los estudiantes que tiene cr\u00e9dito a trav\u00e9s de los FONDOS de ICETEX.<\/li>\n<\/ol>\n<p>Le recomendamos revisar el siguiente video tutorial, all\u00ed encontrar\u00e1 las instrucciones para realizar dicho proceso:\u00a0<a title=\"Ver video\" href=\"https:\/\/www.youtube.com\/watch?v=CWkxxDuVjYEfeature=youtu.be\" target=\"_blank\" rel=\"noopener\">Ver video<\/a><\/p>\n<h3><span style=\"color: #008000;\"><strong>Ayuda de Matr\u00edcula<\/strong><\/span><\/h3>\n<p><strong>\u00bfC\u00f3mo matricular el pr\u00f3ximo cuatrimestre y\/o semestre?<\/strong><\/p>\n<p>Una vez finalizado el cuatrimestre y\/o semestre, desde el \u00e1rea de Experiencia Estudiantil se env\u00eda la liquidaci\u00f3n de matr\u00edcula a los correos electr\u00f3nicos que se registraron en el momento de la inscripci\u00f3n.<\/p>\n<p><strong>Olvid\u00e9 mi contrase\u00f1a de acceso para la plataforma CANVAS \u00bfqu\u00e9 debo hacer?<\/strong><\/p>\n<p>Gestione el cambio o remarcaci\u00f3n de clave, dando clic en\u00a0<i>\u00bfOlvidaste tu contrase\u00f1a?<\/i>\u00a0y a su correo electr\u00f3nico registrado, se remitir\u00e1 el enlace de recuperaci\u00f3n.<\/p>\n<h3><strong><span style=\"color: #008000;\">Certificados<\/span><\/strong><\/h3>\n<p>Si eres estudiante\u00a0<b>Activo<\/b>\u00a0podr\u00e1s ingresar a\u00a0<b>Certificados en L\u00ednea<\/b>\u00a0haciendo clic\u00a0<a title=\"AQU\u00cd\" href=\"https:\/\/ucn.edu.co\/certificados-en-linea\" target=\"_blank\" rel=\"noopener\">AQU\u00cd<\/a>\u00a0y realizar los pasos correspondientes.<\/p>\n<p>Si eres egresado o graduado, debes realizar la solicitud al correo:\u00a0<a title=\"graduados@ucn.edu.co\" href=\"mailto:graduados@ucn.edu.co\" target=\"_blank\" rel=\"noopener\">graduados@ucn.edu.co<\/a>, teniendo en cuenta lo siguiente:<\/p>\n<p><strong>1.<\/strong>\u00a0Consignar por cada certificaci\u00f3n o constancia requerida en la cuenta de la Instituci\u00f3n, $10.900, consignar por cada semestre cursado en la cuenta de la Instituci\u00f3n, $22.400<\/p>\n<p><strong>2.<\/strong>\u00a0Enviar la consignaci\u00f3n a la Instituci\u00f3n a trav\u00e9s de la Mesa de Servicio CAVI incluyendo sus datos personales, especificando el tipo de certificaci\u00f3n requerida y los datos para el env\u00edo del mismo (correo electr\u00f3nico o medio f\u00edsico).<\/p>\n<p><strong>3.<\/strong>\u00a0Si necesita que el certificado sea enviado a su residencia, debe consignar $18.800 para cubrir gastos de env\u00edo. Si necesita s\u00f3lo una copia ser\u00e1 enviado de manera digital, y lo puede reclamar en las oficinas del Edificio Coltejer en Medell\u00edn o en Santa Rosa de Osos, debe indicarlo y s\u00f3lo consignar el valor del certificado.<\/p>\n<table class=\"table table-bordered\">\n<tbody>\n<tr>\n<td><strong>Banco Cuenta Corriente<\/strong><\/td>\n<td><strong>N\u00famero de Cuenta<\/strong><\/td>\n<\/tr>\n<tr>\n<td>BancolombiaConvenio: 32953<\/td>\n<td>64272514400<\/td>\n<\/tr>\n<\/tbody>\n<\/table>\n<p>Despu\u00e9s de realizar este proceso se debe esperar tres d\u00edas h\u00e1biles para la entrega del certificado por medio de correo electr\u00f3nico y el tiempo del env\u00edo f\u00edsico est\u00e1 sujeto al de la empresa trasportadora.<\/p>\n<hr \/>\n<p>&nbsp;<\/p>\n<\/section>\n","protected":false},"excerpt":{"rendered":"<p>Preguntas Frecuentes MAESTR\u00cdA EN EDUCACI\u00d3N \u2013 TEOLOG\u00cdA Convenio con la Universidad Cat\u00f3lica de Oriente (UCO) Asesor\u00eda \u00bfC\u00f3mo acceder a la plataforma virtual? Para acceder al Aula virtual debe ingresar a la p\u00e1gina principal de la Instituci\u00f3n www.ucn.edu.co \/ Aula Virtual \/finalmente digite sus datos de&#8230;<\/p>\n","protected":false},"author":16,"featured_media":0,"parent":0,"menu_order":0,"comment_status":"closed","ping_status":"closed","template":"","meta":{"footnotes":""},"class_list":["post-5494","page","type-page","status-publish","hentry"],"aioseo_notices":[],"_links":{"self":[{"href":"https:\/\/sic.nodscloud.com\/nodsglobal\/wp-json\/wp\/v2\/pages\/5494","targetHints":{"allow":["GET"]}}],"collection":[{"href":"https:\/\/sic.nodscloud.com\/nodsglobal\/wp-json\/wp\/v2\/pages"}],"about":[{"href":"https:\/\/sic.nodscloud.com\/nodsglobal\/wp-json\/wp\/v2\/types\/page"}],"author":[{"embeddable":true,"href":"https:\/\/sic.nodscloud.com\/nodsglobal\/wp-json\/wp\/v2\/users\/16"}],"replies":[{"embeddable":true,"href":"https:\/\/sic.nodscloud.com\/nodsglobal\/wp-json\/wp\/v2\/comments?post=5494"}],"version-history":[{"count":4,"href":"https:\/\/sic.nodscloud.com\/nodsglobal\/wp-json\/wp\/v2\/pages\/5494\/revisions"}],"predecessor-version":[{"id":5498,"href":"https:\/\/sic.nodscloud.com\/nodsglobal\/wp-json\/wp\/v2\/pages\/5494\/revisions\/5498"}],"wp:attachment":[{"href":"https:\/\/sic.nodscloud.com\/nodsglobal\/wp-json\/wp\/v2\/media?parent=5494"}],"curies":[{"name":"wp","href":"https:\/\/api.w.org\/{rel}","templated":true}]}}