
{"id":5503,"date":"2024-10-02T19:56:23","date_gmt":"2024-10-02T19:56:23","guid":{"rendered":"https:\/\/sic.nodscloud.com\/nodsglobal\/?page_id=5503"},"modified":"2024-10-02T19:57:57","modified_gmt":"2024-10-02T19:57:57","slug":"directorio-financiacion-externa","status":"publish","type":"page","link":"https:\/\/sic.nodscloud.com\/nodsglobal\/directorio-financiacion-externa\/","title":{"rendered":"Directorio &#8211; Financiaci\u00f3n Externa"},"content":{"rendered":"<p><img fetchpriority=\"high\" decoding=\"async\" class=\"wp-image-5358 aligncenter\" src=\"https:\/\/sic.nodscloud.com\/nodsglobal\/wp-content\/uploads\/sites\/3\/2024\/10\/logo_catolica.png\" alt=\"\" width=\"468\" height=\"157\" srcset=\"https:\/\/sic.nodscloud.com\/nodsglobal\/wp-content\/uploads\/sites\/3\/2024\/10\/logo_catolica.png 763w, https:\/\/sic.nodscloud.com\/nodsglobal\/wp-content\/uploads\/sites\/3\/2024\/10\/logo_catolica-300x101.png 300w, https:\/\/sic.nodscloud.com\/nodsglobal\/wp-content\/uploads\/sites\/3\/2024\/10\/logo_catolica-700x235.png 700w\" sizes=\"(max-width: 468px) 100vw, 468px\" \/><\/p>\n<h1 style=\"text-align: center;\"><span style=\"color: #008000;\"><strong>Directorio<\/strong><\/span><\/h1>\n<p>&nbsp;<\/p>\n<p>&nbsp;<\/p>\n<table style=\"height: 1793px;\" width=\"890\">\n<tbody>\n<tr>\n<td width=\"150\">\n<p style=\"text-align: center;\"><span style=\"color: #008000;\"><strong>ENTIDAD<\/strong><\/span><\/p>\n<\/td>\n<td style=\"text-align: center;\" width=\"131\"><span style=\"color: #008000;\"><strong>PERSONA DE CONTACTO<\/strong><\/span><\/td>\n<td style=\"text-align: center;\" width=\"115\"><span style=\"color: #008000;\"><strong>NUMERO DE CONTACTO<\/strong><\/span><\/td>\n<td style=\"text-align: center;\" width=\"342\"><span style=\"color: #008000;\"><strong>ENLACE<\/strong><\/span><\/td>\n<\/tr>\n<tr>\n<td width=\"150\"><strong>ICETEX<\/strong><\/td>\n<td width=\"131\">John Vanegas<\/td>\n<td width=\"115\">3215202080<\/td>\n<td width=\"342\"><a href=\"https:\/\/ucn.edu.co\/icetex\">https:\/\/ucn.edu.co\/icetex<\/a><\/td>\n<\/tr>\n<tr>\n<td width=\"150\"><strong>FINCOMERCIO &#8211; Bogot\u00e1<\/strong><\/td>\n<td width=\"131\">Sebasti\u00e1n Pe\u00f1a<\/td>\n<td width=\"115\">3023710192<\/td>\n<td width=\"342\"><a href=\"https:\/\/ucn.edu.co\/fincomercio\">https:\/\/ucn.edu.co\/fincomercio<\/a><\/td>\n<\/tr>\n<tr>\n<td width=\"150\"><strong>FINCOMERCIO &#8211; EJE CAFETERO <\/strong><\/td>\n<td width=\"131\">Brenda Arias correo<\/td>\n<td width=\"115\">3105632741<\/td>\n<td width=\"342\"><\/td>\n<\/tr>\n<tr>\n<td width=\"150\"><strong>FINCOMERCIO -ZONA ATLANTICA <\/strong><\/td>\n<td width=\"131\">Juliana Vergara correo<\/td>\n<td width=\"115\">3001502877<\/td>\n<td width=\"342\"><\/td>\n<\/tr>\n<tr>\n<td width=\"150\"><strong>FINCOMERCIO -ZONA MEDELL\u00cdN <\/strong><\/td>\n<td width=\"131\">Jose Ronald Lozano correo<\/td>\n<td width=\"115\">3023242823<\/td>\n<td width=\"342\"><\/td>\n<\/tr>\n<tr>\n<td width=\"150\"><strong>SUFI<\/strong><\/td>\n<td width=\"131\">Juan Felipe Arrieta Osorio<\/td>\n<td width=\"115\">300 407 36 24<\/td>\n<td width=\"342\"><a href=\"https:\/\/ucn.edu.co\/sufi\">https:\/\/ucn.edu.co\/sufi<\/a><\/td>\n<\/tr>\n<tr>\n<td rowspan=\"2\" width=\"150\"><strong>SUFI<\/strong><\/td>\n<td width=\"131\">Anderson Acevedo Benitez<\/td>\n<td width=\"115\">301 254 98 44<\/td>\n<td rowspan=\"2\" width=\"342\"><a href=\"https:\/\/ucn.edu.co\/sufi\">https:\/\/ucn.edu.co\/sufi<\/a><\/td>\n<\/tr>\n<tr>\n<td width=\"131\">Alexandra Parra<\/td>\n<td width=\"115\">300 8100633<\/td>\n<\/tr>\n<tr>\n<td width=\"150\"><strong>COMFAMA<\/strong><\/td>\n<td width=\"131\">Paola Orrego<\/td>\n<td width=\"115\">316 8762085<\/td>\n<td width=\"342\"><a href=\"https:\/\/ucn.edu.co\/comfama\">https:\/\/ucn.edu.co\/comfama<\/a><\/td>\n<\/tr>\n<tr>\n<td width=\"150\"><strong>COMFENALCO Antioquia<\/strong><\/td>\n<td width=\"131\">Adriana \u00c1ngel<\/td>\n<td width=\"115\">304 3878063<\/td>\n<td width=\"342\"><a href=\"https:\/\/ucn.edu.co\/comfenalco\">https:\/\/ucn.edu.co\/comfenalco<\/a><\/td>\n<\/tr>\n<tr>\n<td width=\"150\"><strong>COOGRANADA<\/strong><\/td>\n<td width=\"131\">Paola Garcia<\/td>\n<td width=\"115\">2041155 ext 03239<\/td>\n<td width=\"342\"><a href=\"https:\/\/www.coogranada.coop\/portafolio\/linea\/creditos\">https:\/\/www.coogranada.coop\/portafolio\/linea\/creditos<\/a><\/td>\n<\/tr>\n<tr>\n<td width=\"150\"><strong>COOPERATIVA GOMEZ PLATA<\/strong><\/td>\n<td width=\"131\">L\u00ednea Contacto Gomez Plata<\/td>\n<td width=\"115\">3153690942<\/td>\n<td width=\"342\"><a href=\"https:\/\/coogomezplata.com\/crediestudio\/\">https:\/\/coogomezplata.com\/crediestudio\/<\/a><\/td>\n<\/tr>\n<tr>\n<td width=\"150\"><strong>BAYPORT<\/strong><\/td>\n<td width=\"131\">Manuela L\u00f3pez Yepes<\/td>\n<td width=\"115\">3003744716<\/td>\n<td width=\"342\"><a href=\"https:\/\/ucn.edu.co\/beneficios-formas-de-pago-y-financiacion\">https:\/\/ucn.edu.co\/beneficios-formas-de-pago-y-financiacion<\/a><\/td>\n<\/tr>\n<tr>\n<td width=\"150\"><strong>BAYPORT<\/strong><\/td>\n<td width=\"131\">Alejandra Ramirez<\/td>\n<td width=\"115\">3186542533<\/td>\n<td width=\"342\"><a href=\"https:\/\/ucn.edu.co\/beneficios-formas-de-pago-y-financiacion\">https:\/\/ucn.edu.co\/beneficios-formas-de-pago-y-financiacion<\/a><\/td>\n<\/tr>\n<tr>\n<td width=\"150\"><strong>CREDYUCN<\/strong><\/td>\n<td width=\"131\">Camilo Beltran<\/td>\n<td width=\"115\">301 2397386<\/td>\n<td width=\"342\"><a href=\"https:\/\/www.credyty.com\/\">https:\/\/www.credyty.com\/<\/a><\/td>\n<\/tr>\n<tr>\n<td width=\"150\"><strong>CREDYUCN<\/strong><\/td>\n<td width=\"131\">Comercial<\/td>\n<td width=\"115\">316 6739584<\/td>\n<td width=\"342\"><\/td>\n<\/tr>\n<tr>\n<td width=\"150\"><strong>JIMENA<\/strong><\/td>\n<td width=\"131\">Comercial<\/td>\n<td width=\"115\">312 3173495<\/td>\n<td width=\"342\"><\/td>\n<\/tr>\n<tr>\n<td width=\"150\"><strong>COOPERATIVA RIACH\u00d3N<\/strong><\/td>\n<td width=\"131\"><\/td>\n<td width=\"115\"><\/td>\n<td width=\"342\"><a href=\"https:\/\/www.coopriachon.com.co\/\">https:\/\/www.coopriachon.com.co\/<\/a><\/td>\n<\/tr>\n<tr>\n<td style=\"text-align: center;\" width=\"150\"><strong>BANCAMIA<\/strong><\/td>\n<td style=\"text-align: center;\" width=\"131\"><\/td>\n<td style=\"text-align: center;\" width=\"115\"><\/td>\n<td width=\"342\">\n<p style=\"text-align: center;\"><a href=\"https:\/\/www.bancamia.com.co\/\">https:\/\/www.bancamia.com.co\/<\/a><\/p>\n<\/td>\n<\/tr>\n<\/tbody>\n<\/table>\n<p><strong>\u00a0<\/strong><\/p>\n<hr \/>\n<p>&nbsp;<\/p>\n<p>&nbsp;<\/p>\n<p>&nbsp;<\/p>\n","protected":false},"excerpt":{"rendered":"<p>Directorio &nbsp; &nbsp; ENTIDAD PERSONA DE CONTACTO NUMERO DE CONTACTO ENLACE ICETEX John Vanegas 3215202080 https:\/\/ucn.edu.co\/icetex FINCOMERCIO &#8211; Bogot\u00e1 Sebasti\u00e1n Pe\u00f1a 3023710192 https:\/\/ucn.edu.co\/fincomercio FINCOMERCIO &#8211; EJE CAFETERO Brenda Arias correo 3105632741 FINCOMERCIO -ZONA ATLANTICA Juliana Vergara correo 3001502877 FINCOMERCIO -ZONA MEDELL\u00cdN Jose Ronald Lozano correo&#8230;<\/p>\n","protected":false},"author":16,"featured_media":0,"parent":0,"menu_order":0,"comment_status":"closed","ping_status":"closed","template":"","meta":{"footnotes":""},"class_list":["post-5503","page","type-page","status-publish","hentry"],"aioseo_notices":[],"_links":{"self":[{"href":"https:\/\/sic.nodscloud.com\/nodsglobal\/wp-json\/wp\/v2\/pages\/5503","targetHints":{"allow":["GET"]}}],"collection":[{"href":"https:\/\/sic.nodscloud.com\/nodsglobal\/wp-json\/wp\/v2\/pages"}],"about":[{"href":"https:\/\/sic.nodscloud.com\/nodsglobal\/wp-json\/wp\/v2\/types\/page"}],"author":[{"embeddable":true,"href":"https:\/\/sic.nodscloud.com\/nodsglobal\/wp-json\/wp\/v2\/users\/16"}],"replies":[{"embeddable":true,"href":"https:\/\/sic.nodscloud.com\/nodsglobal\/wp-json\/wp\/v2\/comments?post=5503"}],"version-history":[{"count":3,"href":"https:\/\/sic.nodscloud.com\/nodsglobal\/wp-json\/wp\/v2\/pages\/5503\/revisions"}],"predecessor-version":[{"id":5506,"href":"https:\/\/sic.nodscloud.com\/nodsglobal\/wp-json\/wp\/v2\/pages\/5503\/revisions\/5506"}],"wp:attachment":[{"href":"https:\/\/sic.nodscloud.com\/nodsglobal\/wp-json\/wp\/v2\/media?parent=5503"}],"curies":[{"name":"wp","href":"https:\/\/api.w.org\/{rel}","templated":true}]}}