
{"id":5531,"date":"2024-10-03T13:20:01","date_gmt":"2024-10-03T13:20:01","guid":{"rendered":"https:\/\/sic.nodscloud.com\/nodsglobal\/?page_id=5531"},"modified":"2024-10-22T16:51:35","modified_gmt":"2024-10-22T16:51:35","slug":"brochures","status":"publish","type":"page","link":"https:\/\/sic.nodscloud.com\/nodsglobal\/brochures\/","title":{"rendered":"Brochures"},"content":{"rendered":"<p><img fetchpriority=\"high\" decoding=\"async\" class=\" wp-image-5358 aligncenter\" src=\"https:\/\/sic.nodscloud.com\/nodsglobal\/wp-content\/uploads\/sites\/3\/2024\/10\/logo_catolica.png\" alt=\"\" width=\"420\" height=\"141\" srcset=\"https:\/\/sic.nodscloud.com\/nodsglobal\/wp-content\/uploads\/sites\/3\/2024\/10\/logo_catolica.png 763w, https:\/\/sic.nodscloud.com\/nodsglobal\/wp-content\/uploads\/sites\/3\/2024\/10\/logo_catolica-300x101.png 300w, https:\/\/sic.nodscloud.com\/nodsglobal\/wp-content\/uploads\/sites\/3\/2024\/10\/logo_catolica-700x235.png 700w\" sizes=\"(max-width: 420px) 100vw, 420px\" \/><\/p>\n<h1 style=\"text-align: center;\"><span style=\"color: #008000;\"><strong>BROCHURES<\/strong><\/span><\/h1>\n<p>&nbsp;<\/p>\n<h4 style=\"text-align: center;\"><a href=\"https:\/\/sic.nodscloud.com\/nodsglobal\/wp-content\/uploads\/sites\/3\/2024\/10\/Especializacion-en-Inteligencia-de-Negocios.pdf\" target=\"_blank\" rel=\"noopener\">Especializaci\u00f3n en Inteligencia de Negocios<\/a><\/h4>\n<h4 style=\"text-align: center;\"><a href=\"https:\/\/sic.nodscloud.com\/nodsglobal\/wp-content\/uploads\/sites\/3\/2024\/10\/Especializacion-en-Dialogo-Interreligioso-e-Intercultural.pdf\" target=\"_blank\" rel=\"noopener\">Especializaci\u00f3n en Di\u00e1logo Interreligioso e Intercultural<\/a><\/h4>\n<h4 style=\"text-align: center;\"><a href=\"https:\/\/sic.nodscloud.com\/nodsglobal\/wp-content\/uploads\/sites\/3\/2024\/10\/Especializacion-en-Psicologia-de-las-Organizaciones-y-del-trabajo.pdf\" target=\"_blank\" rel=\"noopener\">Especializaci\u00f3n en Psicolog\u00eda de las Organizaciones y del trabajo<\/a><\/h4>\n<h4 style=\"text-align: center;\"><a href=\"https:\/\/sic.nodscloud.com\/nodsglobal\/wp-content\/uploads\/sites\/3\/2024\/10\/Especializacion-en-Derecho-Probatorio-Penal.pdf\" target=\"_blank\" rel=\"noopener\">Especializaci\u00f3n en Derecho Probatorio Penal<\/a><\/h4>\n<h4 style=\"text-align: center;\"><a href=\"https:\/\/sic.nodscloud.com\/nodsglobal\/wp-content\/uploads\/sites\/3\/2024\/10\/Especializacion-en-Evangelizacion-en-Ambientes-Virtuales.pdf\" target=\"_blank\" rel=\"noopener\">Especializaci\u00f3n en Evangelizaci\u00f3n en Ambientes Virtuales<\/a><\/h4>\n<h4 style=\"text-align: center;\"><a href=\"https:\/\/sic.nodscloud.com\/nodsglobal\/wp-content\/uploads\/sites\/3\/2024\/10\/Especializacion-en-Gestion-de-Infraestructura-Tecnologica.pdf\" target=\"_blank\" rel=\"noopener\">Especializaci\u00f3n en Gesti\u00f3n de Infraestructura Tecnol\u00f3gica<\/a><\/h4>\n<h4 style=\"text-align: center;\"><a href=\"https:\/\/sic.nodscloud.com\/nodsglobal\/wp-content\/uploads\/sites\/3\/2024\/10\/Especializacion-Gestion-para-el-Teletrabajo.pdf\" target=\"_blank\" rel=\"noopener\">Especializaci\u00f3n Gesti\u00f3n para el Teletrabajo<\/a><\/h4>\n<h4 style=\"text-align: center;\"><a href=\"https:\/\/sic.nodscloud.com\/nodsglobal\/wp-content\/uploads\/sites\/3\/2024\/10\/Especializacion-en-Pedagogia-de-la-Virtualidad.pdf\" target=\"_blank\" rel=\"noopener\">Especializaci\u00f3n en Pedagog\u00eda de la Virtualidad<\/a><\/h4>\n<h4 style=\"text-align: center;\"><a href=\"https:\/\/sic.nodscloud.com\/nodsglobal\/wp-content\/uploads\/sites\/3\/2024\/10\/Especializacion-en-Gestion-de-Seguridad-y-Riesgo-Informatico.pdf\" target=\"_blank\" rel=\"noopener\">Especializaci\u00f3n en Gesti\u00f3n de Seguridad y Riesgo Inform\u00e1tico<\/a><\/h4>\n<h4 style=\"text-align: center;\"><a href=\"https:\/\/sic.nodscloud.com\/nodsglobal\/wp-content\/uploads\/sites\/3\/2024\/10\/Especializacion-en-Gestion-Ambiental.pdf\" target=\"_blank\" rel=\"noopener\">Especializaci\u00f3n en Gesti\u00f3n Ambiental<\/a><\/h4>\n<h4 style=\"text-align: center;\"><a href=\"https:\/\/sic.nodscloud.com\/nodsglobal\/wp-content\/uploads\/sites\/3\/2024\/10\/Especializacion-en-Gerencia-Financiera.pdf\" target=\"_blank\" rel=\"noopener\">Especializaci\u00f3n en Gerencia Financiera<\/a><\/h4>\n<h4 style=\"text-align: center;\"><a href=\"https:\/\/sic.nodscloud.com\/nodsglobal\/wp-content\/uploads\/sites\/3\/2024\/10\/Especializacion-en-Gestion-Gerontologica.pdf\" target=\"_blank\" rel=\"noopener\">Especializaci\u00f3n en Gesti\u00f3n Gerontol\u00f3gica<\/a><\/h4>\n<h4 style=\"text-align: center;\"><a href=\"https:\/\/sic.nodscloud.com\/nodsglobal\/wp-content\/uploads\/sites\/3\/2024\/10\/Especializacion-en-Gerencia-Agropecuaria.pdf\" target=\"_blank\" rel=\"noopener\">Especializaci\u00f3n en Gerencia Agropecuaria<\/a><\/h4>\n<h4 style=\"text-align: center;\"><a href=\"https:\/\/sic.nodscloud.com\/nodsglobal\/wp-content\/uploads\/sites\/3\/2024\/10\/Especializacion-en-Gerencia-de-Proyectos.pdf\">Especializaci\u00f3n en Gerencia de Proyectos<\/a><\/h4>\n<h4 style=\"text-align: center;\"><a href=\"https:\/\/sic.nodscloud.com\/nodsglobal\/wp-content\/uploads\/sites\/3\/2024\/10\/Especializacion-en-Gerencia-de-Mercadeo.pdf\" target=\"_blank\" rel=\"noopener\">Especializaci\u00f3n en Gerencia de Mercadeo<\/a><\/h4>\n<h4 style=\"text-align: center;\"><a href=\"https:\/\/sic.nodscloud.com\/nodsglobal\/wp-content\/uploads\/sites\/3\/2024\/10\/Especializacion-en-Gerencia-Educativa.pdf\">Especializaci\u00f3n en Gerencia Educativa<\/a><\/h4>\n<h4 style=\"text-align: center;\"><a href=\"https:\/\/sic.nodscloud.com\/nodsglobal\/wp-content\/uploads\/sites\/3\/2024\/10\/Especializacion-en-Gerencia-de-Negocios-Internacionales.pdf\" target=\"_blank\" rel=\"noopener\">Especializaci\u00f3n en Gerencia de Negocios Internacionales<\/a><\/h4>\n<h4 style=\"text-align: center;\"><a href=\"https:\/\/sic.nodscloud.com\/nodsglobal\/wp-content\/uploads\/sites\/3\/2024\/10\/Maestria-en-Educacion.pdf\" target=\"_blank\" rel=\"noopener\">Maestr\u00eda en Educaci\u00f3n<\/a><\/h4>\n<p>&nbsp;<\/p>\n<p>&nbsp;<\/p>\n<p>&nbsp;<\/p>\n","protected":false},"excerpt":{"rendered":"<p>BROCHURES &nbsp; Especializaci\u00f3n en Inteligencia de Negocios Especializaci\u00f3n en Di\u00e1logo Interreligioso e Intercultural Especializaci\u00f3n en Psicolog\u00eda de las Organizaciones y del trabajo Especializaci\u00f3n en Derecho Probatorio Penal Especializaci\u00f3n en Evangelizaci\u00f3n en Ambientes Virtuales Especializaci\u00f3n en Gesti\u00f3n de Infraestructura Tecnol\u00f3gica Especializaci\u00f3n Gesti\u00f3n para el Teletrabajo Especializaci\u00f3n&#8230;<\/p>\n","protected":false},"author":16,"featured_media":0,"parent":0,"menu_order":0,"comment_status":"closed","ping_status":"closed","template":"","meta":{"footnotes":""},"class_list":["post-5531","page","type-page","status-publish","hentry"],"aioseo_notices":[],"_links":{"self":[{"href":"https:\/\/sic.nodscloud.com\/nodsglobal\/wp-json\/wp\/v2\/pages\/5531","targetHints":{"allow":["GET"]}}],"collection":[{"href":"https:\/\/sic.nodscloud.com\/nodsglobal\/wp-json\/wp\/v2\/pages"}],"about":[{"href":"https:\/\/sic.nodscloud.com\/nodsglobal\/wp-json\/wp\/v2\/types\/page"}],"author":[{"embeddable":true,"href":"https:\/\/sic.nodscloud.com\/nodsglobal\/wp-json\/wp\/v2\/users\/16"}],"replies":[{"embeddable":true,"href":"https:\/\/sic.nodscloud.com\/nodsglobal\/wp-json\/wp\/v2\/comments?post=5531"}],"version-history":[{"count":5,"href":"https:\/\/sic.nodscloud.com\/nodsglobal\/wp-json\/wp\/v2\/pages\/5531\/revisions"}],"predecessor-version":[{"id":5572,"href":"https:\/\/sic.nodscloud.com\/nodsglobal\/wp-json\/wp\/v2\/pages\/5531\/revisions\/5572"}],"wp:attachment":[{"href":"https:\/\/sic.nodscloud.com\/nodsglobal\/wp-json\/wp\/v2\/media?parent=5531"}],"curies":[{"name":"wp","href":"https:\/\/api.w.org\/{rel}","templated":true}]}}