
{"id":5612,"date":"2024-11-06T13:19:51","date_gmt":"2024-11-06T13:19:51","guid":{"rendered":"https:\/\/sic.nodscloud.com\/nodsglobal\/?page_id=5612"},"modified":"2024-11-06T18:12:15","modified_gmt":"2024-11-06T18:12:15","slug":"porfolio-academico-2","status":"publish","type":"page","link":"https:\/\/sic.nodscloud.com\/nodsglobal\/porfolio-academico-2\/","title":{"rendered":"Porfolio Academico"},"content":{"rendered":"<div class=\"et_pb_section et_pb_section_1 et_section_regular\">\n<div class=\"et_pb_row et_pb_row_1\">\n<div class=\"et_pb_column et_pb_column_2_3 et_pb_column_1  et_pb_css_mix_blend_mode_passthrough\">\n<div class=\"et_pb_with_border et_pb_module et_pb_text et_pb_text_0  et_pb_text_align_left et_pb_bg_layout_light\">\n<div class=\"et_pb_text_inner\">\n<h1><img fetchpriority=\"high\" decoding=\"async\" class=\"alignnone size-full wp-image-5615 aligncenter\" src=\"https:\/\/sic.nodscloud.com\/nodsglobal\/wp-content\/uploads\/sites\/3\/2024\/11\/unab.png\" sizes=\"(max-width: 400px) 100vw, 400px\" srcset=\"https:\/\/sic.nodscloud.com\/nodsglobal\/wp-content\/uploads\/sites\/3\/2024\/11\/unab.png 400w, https:\/\/sic.nodscloud.com\/nodsglobal\/wp-content\/uploads\/sites\/3\/2024\/11\/unab-300x95.png 300w\" alt=\"\" width=\"400\" height=\"126\" \/><\/h1>\n<h1 style=\"text-align: center;\"><strong><span style=\"color: #008000;\">PORFOLIO ACADEMICO\u00a0<\/span><\/strong><\/h1>\n<p>&nbsp;<\/p>\n<h2><\/h2>\n<h3 style=\"text-align: center;\"><strong><span style=\"color: #008000;\">Presentaci\u00f3n institucional<\/span><\/strong><\/h3>\n<div>\n<div>\n<p>&nbsp;<\/p>\n<\/div>\n<\/div>\n<\/div>\n<\/div>\n<div class=\"et_pb_module et_pb_text et_pb_text_1  et_pb_text_align_left et_pb_bg_layout_light\">\n<div class=\"et_pb_text_inner\"><img decoding=\"async\" class=\"wp-image-40420 alignleft\" title=\"Fachada-Unab-vertical\" src=\"https:\/\/unab.edu.co\/wp-content\/uploads\/2022\/01\/Fachada-Unab-vertical.jpg\" alt=\"\" width=\"246\" height=\"369\" \/>La Universidad Aut\u00f3noma de Bucaramanga* es una Instituci\u00f3n dedicada al servicio de la Educaci\u00f3n Superior con Acreditaci\u00f3n de Alta Calidad, de car\u00e1cter privado. Su prop\u00f3sito de engrandecimiento del ser humano se traduce en los principios de autonom\u00eda, armon\u00eda, conocimiento y ciudadan\u00eda que gu\u00edan su acci\u00f3n, propendiendo al mejoramiento regional, nacional e internacional. Mediante la formaci\u00f3n de t\u00e9cnicos, tecn\u00f3logos, profesionales, especialistas, mag\u00edsteres y doctores, la Unab entrega a la sociedad personas integrales, aut\u00f3nomas y tolerantes, altamente capaces desde sus \u00e1reas de conocimiento. La Unab tiene presencia en Bucaramanga, San Gil, Yopal, Armenia, Valledupar, y Bogot\u00e1, con programas en las \u00e1reas de salud, ciencias sociales, humanidades, artes, ciencias administrativas, econ\u00f3micas y contables, ingenier\u00eda y derecho.&nbsp;<\/p>\n<p>La din\u00e1mica de su crecimiento est\u00e1 representada por una amplia y pertinente oferta acad\u00e9mica que se orienta a la formaci\u00f3n de personas, en valores para la convivencia, la construcci\u00f3n de comunidad, el desarrollo del conocimiento para el progreso de la regi\u00f3n y del pa\u00eds, ciudadanos que intervienen en el mejoramiento de la sociedad y de su calidad de vida, mediante un profundo compromiso con el mundo del trabajo, la valoraci\u00f3n de la propia cultura y el di\u00e1logo interactivo con otras culturas, la contribuci\u00f3n significativa de la generaci\u00f3n de propuestas alternativas, acordes al contexto cambiante del mejoramiento colectivo, la soluci\u00f3n creativa de problemas y el ejercicio de las habilidades de liderazgo exigidas por la din\u00e1mica del desarrollo del mundo.<\/p>\n<p>La propuesta educativa de la Universidad le apunta a procesos educativos innovadores, influenciados por la creatividad, la transformaci\u00f3n digital y la investigaci\u00f3n, alineada con los Objetivos de Desarrollo Sostenible (ODS), entre otros.<\/p>\n<\/div>\n<p>&nbsp;<\/p>\n<\/div>\n<\/div>\n<\/div>\n<\/div>\n<div class=\"et_pb_section et_pb_section_2 et_pb_section_parallax et_pb_with_background et_section_regular\">\n<div class=\"et_pb_row et_pb_row_2\">\n<div class=\"et_pb_column et_pb_column_1_2 et_pb_column_3  et_pb_css_mix_blend_mode_passthrough\">\n<div class=\"et_pb_module et_pb_cta_0 et_pb_promo  et_pb_text_align_center et_pb_bg_layout_dark\">\n<div class=\"et_pb_promo_description\">\n<h2><\/h2>\n<h2><\/h2>\n<h2 class=\"et_pb_module_header\"><strong><span style=\"color: #008000;\">Prop\u00f3sito central<\/span><\/strong><\/h2>\n<div>\n<p>Formamos integralmente personas\u00a0<strong>aut\u00f3nomas<\/strong>,\u00a0<strong>\u00e9ticas<\/strong>\u00a0y\u00a0<strong>creativas<\/strong>, que contribuyan a transformar su entorno para construir una sociedad m\u00e1s pr\u00f3spera.<\/p>\n<p>&nbsp;<\/p>\n<\/div>\n<\/div>\n<\/div>\n<\/div>\n<div class=\"et_pb_column et_pb_column_1_2 et_pb_column_4  et_pb_css_mix_blend_mode_passthrough et-last-child\">\n<div class=\"et_pb_module et_pb_cta_1 et_pb_promo  et_pb_text_align_center et_pb_bg_layout_dark\">\n<div class=\"et_pb_promo_description\">\n<h2 class=\"et_pb_module_header\"><strong><span style=\"color: #008000;\">Objetivo retador<\/span><\/strong><\/h2>\n<div>\n<p>En el 2024, la Unab ser\u00e1 una comunidad educativa global y sostenible, reconocida entre las primeras 200 universidades en Latinoam\u00e9rica, contando con al menos 10 programas acreditados internacionalmente.<\/p>\n<\/div>\n<\/div>\n<p>&nbsp;<\/p>\n<div class=\"et_pb_promo_description\">\n<div>\n<p><iframe title=\"Esto es la UNAB I Video institucional\" src=\"https:\/\/www.youtube.com\/embed\/B4uuE-ZmRSI?feature=oembed\" width=\"1060\" height=\"596\" frameborder=\"0\" allowfullscreen=\"allowfullscreen\" data-mce-fragment=\"1\"><\/iframe><\/p>\n<\/div>\n<\/div>\n<\/div>\n<\/div>\n<\/div>\n<\/div>\n","protected":false},"excerpt":{"rendered":"<p>PORFOLIO ACADEMICO\u00a0 &nbsp; Presentaci\u00f3n institucional &nbsp; La Universidad Aut\u00f3noma de Bucaramanga* es una Instituci\u00f3n dedicada al servicio de la Educaci\u00f3n Superior con Acreditaci\u00f3n de Alta Calidad, de car\u00e1cter privado. Su prop\u00f3sito de engrandecimiento del ser humano se traduce en los principios de autonom\u00eda, armon\u00eda, conocimiento&#8230;<\/p>\n","protected":false},"author":16,"featured_media":0,"parent":0,"menu_order":0,"comment_status":"closed","ping_status":"closed","template":"","meta":{"footnotes":""},"class_list":["post-5612","page","type-page","status-publish","hentry"],"aioseo_notices":[],"_links":{"self":[{"href":"https:\/\/sic.nodscloud.com\/nodsglobal\/wp-json\/wp\/v2\/pages\/5612","targetHints":{"allow":["GET"]}}],"collection":[{"href":"https:\/\/sic.nodscloud.com\/nodsglobal\/wp-json\/wp\/v2\/pages"}],"about":[{"href":"https:\/\/sic.nodscloud.com\/nodsglobal\/wp-json\/wp\/v2\/types\/page"}],"author":[{"embeddable":true,"href":"https:\/\/sic.nodscloud.com\/nodsglobal\/wp-json\/wp\/v2\/users\/16"}],"replies":[{"embeddable":true,"href":"https:\/\/sic.nodscloud.com\/nodsglobal\/wp-json\/wp\/v2\/comments?post=5612"}],"version-history":[{"count":3,"href":"https:\/\/sic.nodscloud.com\/nodsglobal\/wp-json\/wp\/v2\/pages\/5612\/revisions"}],"predecessor-version":[{"id":5726,"href":"https:\/\/sic.nodscloud.com\/nodsglobal\/wp-json\/wp\/v2\/pages\/5612\/revisions\/5726"}],"wp:attachment":[{"href":"https:\/\/sic.nodscloud.com\/nodsglobal\/wp-json\/wp\/v2\/media?parent=5612"}],"curies":[{"name":"wp","href":"https:\/\/api.w.org\/{rel}","templated":true}]}}