
{"id":5616,"date":"2024-11-06T14:35:13","date_gmt":"2024-11-06T14:35:13","guid":{"rendered":"https:\/\/sic.nodscloud.com\/nodsglobal\/?page_id=5616"},"modified":"2024-11-06T14:35:13","modified_gmt":"2024-11-06T14:35:13","slug":"preguntas-frecuentes-2","status":"publish","type":"page","link":"https:\/\/sic.nodscloud.com\/nodsglobal\/preguntas-frecuentes-2\/","title":{"rendered":"Preguntas Frecuentes"},"content":{"rendered":"<h1><img fetchpriority=\"high\" decoding=\"async\" class=\"alignnone size-full wp-image-5615 aligncenter\" src=\"https:\/\/sic.nodscloud.com\/nodsglobal\/wp-content\/uploads\/sites\/3\/2024\/11\/unab.png\" sizes=\"(max-width: 400px) 100vw, 400px\" srcset=\"https:\/\/sic.nodscloud.com\/nodsglobal\/wp-content\/uploads\/sites\/3\/2024\/11\/unab.png 400w, https:\/\/sic.nodscloud.com\/nodsglobal\/wp-content\/uploads\/sites\/3\/2024\/11\/unab-300x95.png 300w\" alt=\"\" width=\"400\" height=\"126\" \/><\/h1>\n<h1 style=\"text-align: center;\"><span style=\"color: #008000;\"><strong>PREGUNTAS FRECUENTES\u00a0<\/strong><\/span><\/h1>\n<p>&nbsp;<\/p>\n<p>&nbsp;<\/p>\n<ol>\n<li style=\"font-weight: 400;\" aria-level=\"1\"><span style=\"font-weight: 400; color: #008000;\">\u00bfCon respecto a los cupos publicados en las landing se empieza la corte de cualquier programa as\u00ed no se completen los mismo?<\/span><\/li>\n<\/ol>\n<p><b>Respuesta<\/b><\/p>\n<p><b>C\u00f3mo funciona para pregrado:<\/b><span style=\"font-weight: 400;\"> Para un programa de pregrado, el semestre inicia independientemente del n\u00famero de estudiantes que se inscriban.<\/span><\/p>\n<p><b>C\u00f3mo funciona para posgrados:<\/b><span style=\"font-weight: 400;\"> Cada posgrado tiene un punto de equilibrio que determina su apertura o no. Esta decisi\u00f3n se toma y revisa unos d\u00edas antes con el gerente de promoci\u00f3n, el programa y la jefa de recaudo y presupuestos. Una vez finalizada esta sesi\u00f3n, se confirma el inicio a todo el equipo.<\/span><\/p>\n<p>&nbsp;<\/p>\n<p>&nbsp;<\/p>\n<ol>\n<li style=\"font-weight: 400;\" aria-level=\"1\"><span style=\"font-weight: 400; color: #008000;\">\u00bfEn la p\u00e1gina web de los posgrados, en su mayor\u00eda tienen folleto de programa son similar a un Brochures, existen este tipo de folletos del programa que nos puedan compartir pero con todos los programas virtuales?<\/span><\/li>\n<\/ol>\n<p><b>Respuesta<\/b><\/p>\n<p><span style=\"font-weight: 400;\"> Si, se comparte (Aunque se est\u00e1 actualizando)<\/span><\/p>\n<p>&nbsp;<\/p>\n<p>&nbsp;<\/p>\n<ol>\n<li style=\"font-weight: 400;\" aria-level=\"1\"><span style=\"font-weight: 400; color: #008000;\">\u00bfExiste un porcentaje de asistencia en los encuentros sincr\u00f3nicos y participaci\u00f3n en foros?<\/span><\/li>\n<\/ol>\n<p><b>Respuesta: Encuentros sincr\u00f3nicos:<\/b><span style=\"font-weight: 400;\"> No se requiere un porcentaje de asistencia para estas sesiones, y no contienen actividades calificables. Sin embargo, se recomienda que los estudiantes se conecten si tienen la disponibilidad. Es importante mencionar que las sesiones quedan completamente grabadas, por lo que pueden acceder al video cuando tengan tiempo. (Solo de manera extraordinaria o en circunstancias especiales, acordadas previamente entre el docente y la clase, se podr\u00e1 solicitar la asistencia para realizar una actividad puntual, pero esto no es habitual ) pero no es algo habitual.<\/span><\/p>\n<p><b>Respuesta: Participaci\u00f3n en foros:<\/b><span style=\"font-weight: 400;\"> Todas las actividades acad\u00e9micas, incluidos los foros asignados, son importantes y representan una responsabilidad para el estudiante.<\/span><\/p>\n<p>&nbsp;<\/p>\n<ol>\n<li style=\"font-weight: 400;\" aria-level=\"1\"><span style=\"font-weight: 400; color: #008000;\">\u00bfC\u00f3mo son las instancias de evaluaci\u00f3n? \u00bfSon igual para t\u00e9cnico, pregrado y posgrados?<\/span><\/li>\n<\/ol>\n<p><b>Respuesta<\/b><span style=\"font-weight: 400;\">: En la virtualidad\u00a0 UNAB, la evaluaci\u00f3n de las actividades detalla cada rubro que ser\u00e1 evaluado, con el objetivo de que el estudiante tenga claridad sobre lo que se va a evaluar. Esto mismo aplica para todos los niveles de formaci\u00f3n<\/span><\/p>\n<p><b>Ejemplo:<\/b><\/p>\n<p><img decoding=\"async\" class=\"size-full wp-image-5618 aligncenter\" src=\"https:\/\/sic.nodscloud.com\/nodsglobal\/wp-content\/uploads\/sites\/3\/2024\/11\/1.png\" alt=\"\" width=\"700\" height=\"436\" srcset=\"https:\/\/sic.nodscloud.com\/nodsglobal\/wp-content\/uploads\/sites\/3\/2024\/11\/1.png 700w, https:\/\/sic.nodscloud.com\/nodsglobal\/wp-content\/uploads\/sites\/3\/2024\/11\/1-300x187.png 300w\" sizes=\"(max-width: 700px) 100vw, 700px\" \/><\/p>\n<p>&nbsp;<\/p>\n<p>&nbsp;<\/p>\n<ol start=\"5\">\n<li><span style=\"color: #008000;\"><span style=\"font-weight: 400;\"> \u00bfExisten pr\u00e1cticas para los programas de pregrado y tecnol\u00f3gico? \u00bfC\u00f3mo funcionan<\/span><span style=\"font-weight: 400;\"><br \/>\n<\/span><\/span><span style=\"font-weight: 400;\">?\u00a0<\/span><\/li>\n<\/ol>\n<p><b>Respuesta:<\/b><span style=\"font-weight: 400;\">\u00a1Correcto! En los programas tecnol\u00f3gicos y carreras profesionales, las pr\u00e1cticas son una parte fundamental para aplicar lo aprendido en el aula y adquirir experiencia real en el campo.<\/span><\/p>\n<p><b>\u00bfC\u00f3mo funcionan?<\/b><\/p>\n<p><span style=\"font-weight: 400;\">Las pr\u00e1cticas se organizan en alianza con empresas, instituciones y organizaciones afines al \u00e1rea de estudio.<\/span><\/p>\n<p><span style=\"font-weight: 400;\">Por lo general, se realizan en el \u00faltimo semestre del programa, cuando los estudiantes ya han adquirido las bases te\u00f3ricas necesarias.<\/span><\/p>\n<p><span style=\"font-weight: 400;\">Dependiendo del programa se llevan a cabo en modalidad presencial<\/span><\/p>\n<p><img decoding=\"async\" class=\"alignnone size-full wp-image-5619\" src=\"https:\/\/sic.nodscloud.com\/nodsglobal\/wp-content\/uploads\/sites\/3\/2024\/11\/2.png\" alt=\"\" width=\"636\" height=\"186\" srcset=\"https:\/\/sic.nodscloud.com\/nodsglobal\/wp-content\/uploads\/sites\/3\/2024\/11\/2.png 636w, https:\/\/sic.nodscloud.com\/nodsglobal\/wp-content\/uploads\/sites\/3\/2024\/11\/2-300x88.png 300w\" sizes=\"(max-width: 636px) 100vw, 636px\" \/><\/p>\n<ol start=\"6\">\n<li><span style=\"font-weight: 400; color: #008000;\"> \u00bfPara las entrevistas de posgrado, deben estudiar algo previo? \u00bfSon grupales? Virtuales?<\/span><\/li>\n<\/ol>\n<p>&nbsp;<\/p>\n<p><b>Respuesta Entrevista Posgrado :<\/b><span style=\"font-weight: 400;\">\u00a0 El proceso de entrevista UNAB para posgrados virtuales tiene el objetivo de conocer al aspirante antes de ser admitido y, no requiere de prueba de conocimientos\u00a0<\/span><\/p>\n<p>&nbsp;<\/p>\n<p><span style=\"font-weight: 400;\">Todos los posgrados virtuales requieren de presentar una entrevista en el proceso de admisi\u00f3n\u00a0<\/span><\/p>\n<p>&nbsp;<\/p>\n<p><b>Respuesta Entrevista\u00a0 pregrado:<\/b><span style=\"font-weight: 400;\"> El proceso de entrevista de los aspirantes de pregrado virtual de nivel tecnol\u00f3gico y de pregrado\u00a0 tiene el objetivo de perfilar y conocer al estudiante , solo aplica para estos programas:\u00a0<\/span><\/p>\n<p>&nbsp;<\/p>\n<p><b>1.Tecnologia en Gestion Gastronomica<\/b><\/p>\n<p>&nbsp;<\/p>\n<p><b>2.Derecho<\/b><\/p>\n<p>&nbsp;<\/p>\n<p><span style=\"font-weight: 400; color: #008000;\">7.\u00bfExisten oportunidades de trabajo luego de egresarse de los programas? \u00bfLa universidad cuenta con una bolsa de empleo?<\/span><\/p>\n<p><b>Respuesta<\/b> <span style=\"font-weight: 400;\">S\u00ed, al graduarse de nuestros programas, existen diversas oportunidades laborales para los estudiantes, ya que la universidad mantiene una red activa de contactos con empresas e instituciones que buscan talento capacitado.<\/span><\/p>\n<p><span style=\"font-weight: 400;\">Adem\u00e1s, contamos con una <\/span><b>Oficina de Graduados<\/b><span style=\"font-weight: 400;\"> que apoya a los egresados en su inserci\u00f3n laboral mediante una bolsa de empleo exclusiva.<\/span><\/p>\n<p>&nbsp;<\/p>\n<ol start=\"8\">\n<li><span style=\"font-weight: 400; color: #008000;\"> \u00bfQu\u00e9 plataforma utilizan para rendir sus instancias evaluativas? \u00bfDentro del mismo canva?<\/span><\/li>\n<\/ol>\n<p><b>Respuesta:<\/b><span style=\"font-weight: 400;\"> Todas las calificaciones de las actividades acad\u00e9micas asignadas , muestran y dejan evidencia entre la misma plataforma CANVA. As\u00ed como tambi\u00e9n la asignaci\u00f3n de de las mismas, guiadas por una fecha m\u00e1xima de entrega como gu\u00eda para el estudiante.<\/span><\/p>\n<p><span style=\"font-weight: 400;\">Ejemplo:<\/span><\/p>\n<p><img loading=\"lazy\" decoding=\"async\" class=\"alignnone size-full wp-image-5620\" src=\"https:\/\/sic.nodscloud.com\/nodsglobal\/wp-content\/uploads\/sites\/3\/2024\/11\/3.png\" alt=\"\" width=\"920\" height=\"516\" srcset=\"https:\/\/sic.nodscloud.com\/nodsglobal\/wp-content\/uploads\/sites\/3\/2024\/11\/3.png 920w, https:\/\/sic.nodscloud.com\/nodsglobal\/wp-content\/uploads\/sites\/3\/2024\/11\/3-300x168.png 300w, https:\/\/sic.nodscloud.com\/nodsglobal\/wp-content\/uploads\/sites\/3\/2024\/11\/3-768x431.png 768w, https:\/\/sic.nodscloud.com\/nodsglobal\/wp-content\/uploads\/sites\/3\/2024\/11\/3-700x393.png 700w, https:\/\/sic.nodscloud.com\/nodsglobal\/wp-content\/uploads\/sites\/3\/2024\/11\/3-539x303.png 539w\" sizes=\"(max-width: 920px) 100vw, 920px\" \/><\/p>\n<p><span style=\"font-weight: 400; color: #008000;\">9.\u00bfLas materias son promocionables? \u00bfO siempre se rinde examen final?<\/span><\/p>\n<p><b>Respuesta:<\/b><span style=\"font-weight: 400;\"> En la virtualidad de la Universidad UNAB, las materias no son promocionables. Cada asignatura requiere cumplir con los criterios de evaluaci\u00f3n establecidos, que incluyen la entrega de trabajos, participaci\u00f3n en foros y ex\u00e1menes. Es importante que los estudiantes se mantengan al d\u00eda con los requisitos para poder aprobar las materias de acuerdo con el plan de estudios.<\/span><\/p>\n<p>&nbsp;<\/p>\n<p><span style=\"font-weight: 400; color: #008000;\">10.\u00bfPuedo utilizar cualquier dispositivo para seguir la cursada? \u00bfPermiten descargar la bibliograf\u00eda para uno seguir aunque no tenga se\u00f1al?\u00a0<\/span><\/p>\n<p><b>Respuesta<\/b><span style=\"font-weight: 400;\">: S\u00ed, se puede\u00a0 acceder a los cursos\u00a0 desde cualquier dispositivo, aunque es<\/span><b> recomendable<\/b><span style=\"font-weight: 400;\"> contar con un computador para una mejor experiencia. Adem\u00e1s, el material de cada m\u00f3dulo puede descargarse\u00a0 siempre y cuando el m\u00f3dulo est\u00e9 habilitado en la plataforma.\u00a0<\/span><\/p>\n<p>&nbsp;<\/p>\n<p><span style=\"font-weight: 400; color: #008000;\">11.\u00bfC\u00f3mo se dividen los contenidos de las materias o asignaturas? Ejemplo en m\u00f3dulos, unidades, cortes.<\/span><\/p>\n<p><b>Respuesta: <\/b><span style=\"font-weight: 400;\">En la virtualidad UNAB tanto para pregrado como para posgrado los contenidos se denominan m\u00f3dulos<\/span><\/p>\n<p>&nbsp;<\/p>\n<p><span style=\"font-weight: 400; color: #008000;\">12.\u00bfQu\u00e9 sucede si alg\u00fan semestre no puedo pagar? \u00bfPuedo dejar y retomar cuando pueda?<\/span><\/p>\n<p><b>Respuesta<\/b><span style=\"font-weight: 400;\">: Si, el estudiante puede solicitar su estado llamado RESERVA DE CUPO , haciendo la solicitud formal a su programa directamente por medio de correo electr\u00f3nico, el tiempo m\u00e1ximo de retomar es un 1 a\u00f1o.<\/span><\/p>\n<p>&nbsp;<\/p>\n<p><span style=\"font-weight: 400; color: #008000;\">13.\u00bfC\u00f3mo requisito el Certificado que acredite la afiliaci\u00f3n vigente al sistema de seguridad social en salud, no aplica para programas virtuales?\u00a0<\/span><\/p>\n<p><b>Respuesta: <\/b><span style=\"font-weight: 400;\">El certificado de afiliaci\u00f3n vigente de la EPS no aplica para estudiantes virtuales es un requisito \u00fanico para el estudiante presencial\u00a0<\/span><\/p>\n<p>&nbsp;<\/p>\n<p><span style=\"font-weight: 400; color: #008000;\">14.existen convenios de intercambios internacionales \u00bfc\u00f3mo funcionan\u00bf \u00bfc\u00f3mo pueden aplicar los interesados que sus programas puedan hacerlo?<\/span><\/p>\n<p><b>Respuesta<\/b><span style=\"font-weight: 400;\">:<\/span><span style=\"font-weight: 400;\"> S\u00ed, contamos con convenios de intercambios internacionales para varios programas acad\u00e9micos. Los interesados en realizar un intercambio deben comunicarse directamente con su programa y con el Departamento de Relaciones Internacionales, quienes los guiar\u00e1n en el proceso, los requisitos y las oportunidades disponibles. Esta coordinaci\u00f3n asegura que los estudiantes puedan acceder a la mejor experiencia internacional de acuerdo con su plan de estudios.<\/span><\/p>\n<p>&nbsp;<\/p>\n<p><span style=\"font-weight: 400;\">15.<\/span><a href=\"https:\/\/unab.edu.co\/programas\/tecnologia-en-regencia-de-farmacia-2\/\"><span style=\"font-weight: 400;\">Tecnolog\u00eda en Regencia de Farmacia<\/span><\/a><\/p>\n<p>&nbsp;<\/p>\n<p><span style=\"font-weight: 400; color: #008000;\">\u00bfA qu\u00e9 se refiere la p\u00e1gina cuando en el costo informa (no incluye pecuniarios)?\u00a0<\/span><\/p>\n<p><b>Respuesta:<\/b><span style=\"font-weight: 400;\"> Los \u00abpecuniarios\u00bb se refieren a los pagos adicionales que el estudiante debe cancelar adicionales a su matr\u00edcula por ejemplo, certificados academics niveles de ingl\u00e9s<\/span><\/p>\n<p>&nbsp;<\/p>\n<p><span style=\"color: #008000;\"><span style=\"font-weight: 400;\">\u00a0<\/span><span style=\"font-weight: 400;\">\u00bfEl proyecto integrador es algo as\u00ed como una tesis?<\/span><\/span><\/p>\n<p>&nbsp;<\/p>\n<p><span style=\"font-weight: 400; color: #008000;\">\u00bfCu\u00e1les son las formas de evaluaci\u00f3n?<\/span><\/p>\n<p><b>Respuesta:<\/b><span style=\"font-weight: 400;\"> En la plataforma virtualidad UNAB , durante la duraci\u00f3n del m\u00f3dulo o curso, se asignan al estudiante\u00a0 diversas actividades evaluables. Estas incluyen ex\u00e1menes, actividades grupales e individuales, foros, exposiciones, podcasts, videos y grabaciones, entre otros.<\/span><\/p>\n<p>&nbsp;<\/p>\n<p><span style=\"font-weight: 400;\">16.<\/span><a href=\"https:\/\/unab.edu.co\/programas\/contaduria-publica-virtual\/\"><span style=\"font-weight: 400;\">Contadur\u00eda P\u00fablica<\/span><\/a><\/p>\n<p>&nbsp;<\/p>\n<p><span style=\"font-weight: 400; color: #008000;\">\u00bfCu\u00e1les son las opciones de grado? Tesis? \u00bfPasant\u00eda?<\/span><\/p>\n<p><b>Respuesta: <\/b><\/p>\n<p><b><img loading=\"lazy\" decoding=\"async\" class=\"alignnone size-full wp-image-5621\" src=\"https:\/\/sic.nodscloud.com\/nodsglobal\/wp-content\/uploads\/sites\/3\/2024\/11\/4.png\" alt=\"\" width=\"790\" height=\"234\" srcset=\"https:\/\/sic.nodscloud.com\/nodsglobal\/wp-content\/uploads\/sites\/3\/2024\/11\/4.png 790w, https:\/\/sic.nodscloud.com\/nodsglobal\/wp-content\/uploads\/sites\/3\/2024\/11\/4-300x89.png 300w, https:\/\/sic.nodscloud.com\/nodsglobal\/wp-content\/uploads\/sites\/3\/2024\/11\/4-768x227.png 768w, https:\/\/sic.nodscloud.com\/nodsglobal\/wp-content\/uploads\/sites\/3\/2024\/11\/4-700x207.png 700w\" sizes=\"(max-width: 790px) 100vw, 790px\" \/><\/b><\/p>\n<p>&nbsp;<\/p>\n<ol start=\"17\">\n<li><a href=\"https:\/\/unab.edu.co\/programas\/maestria-en-ciencias-biomedicas\/\"><span style=\"font-weight: 400;\">Maestr\u00eda en Ciencias Biom\u00e9dicas<\/span><\/a><\/li>\n<\/ol>\n<p><span style=\"font-weight: 400;\">Este programa habla de 25 cupos anuales, su proceso de inscripci\u00f3n\u00bfes anual?<\/span><\/p>\n<p>&nbsp;<\/p>\n<p><b>Respuesta: Correcto, es un programa que se oferta cada a\u00f1o.<\/b><\/p>\n<p>&nbsp;<\/p>\n<ol start=\"18\">\n<li><a href=\"https:\/\/unab.edu.co\/programas\/especializacion-tecnologica-en-farmacovigilancia-y-tecnovigilancia-convenio-universidad-ces\/\"><span style=\"font-weight: 400;\">Especializacion Tecnologica en Farmacovigilancia y Tecnovigilancia<\/span><\/a><\/li>\n<\/ol>\n<p>&nbsp;<\/p>\n<p><span style=\"font-weight: 400; color: #008000;\">Cu\u00e1les son las opciones de grado? Tesis? \u00bfPasant\u00edas?<\/span><\/p>\n<p><b>Respuesta:<\/b><span style=\"font-weight: 400;\"> Las opciones de grado para la Especializaci\u00f3n en farmacovigilancia y todas las especializaciones en modalidad virtual Unab, requieren de la elaboraci\u00f3n de un trabajo final (no al mismo de nivel de una tesis )\u00a0<\/span><\/p>\n<p>&nbsp;<\/p>\n<ol start=\"19\">\n<li><a href=\"https:\/\/unab.edu.co\/programas\/derecho-virtual\/\"><span style=\"font-weight: 400;\">Derecho<\/span><\/a><\/li>\n<\/ol>\n<p>&nbsp;<\/p>\n<p><span style=\"font-weight: 400; color: #008000;\">A partir de que semestre tienen pr\u00e1cticas ya que o sale en el pensum, pero si sale que a partir del 5 semestre empiezan seminario jur\u00eddico<\/span><\/p>\n<p><b>Respuesta<\/b><span style=\"font-weight: 400;\">: A partir del quinto semestre, los estudiantes de Derecho deben realizar <\/span><b>consultorios jur\u00eddicos de manera presencial<\/b><span style=\"font-weight: 400;\">. Esto implica coordinar un horario con la empresa o entidad donde se llevar\u00e1 a cabo el consultorio, para poder cumplir con las actividades pr\u00e1cticas requeridas. En total, se deben completar cuatro consultorios jur\u00eddicos a lo largo del programa<\/span><\/p>\n<p>&nbsp;<\/p>\n<p><span style=\"color: #008000;\"><b>PREGUNTAS FRECUENTES INGL\u00c9S UNAB\u00a0 &#8211; INGLES UNAB<\/b><\/span><\/p>\n<p>&nbsp;<\/p>\n<ol>\n<li style=\"font-weight: 400;\" aria-level=\"1\"><span style=\"font-weight: 400; color: #008000;\">\u00bfCu\u00e1ntos niveles de ingl\u00e9s debo completar para mi pregrado profesional?<\/span><\/li>\n<\/ol>\n<p><span style=\"font-weight: 400;\">\u00a0<\/span><b>Respuesta<\/b><span style=\"font-weight: 400;\">: <\/span><span style=\"font-weight: 400;\">7 niveles<\/span><\/p>\n<p>&nbsp;<\/p>\n<ol>\n<li style=\"font-weight: 400;\" aria-level=\"1\"><span style=\"font-weight: 400; color: #008000;\">\u00bfCu\u00e1nto dura cada nivel de ingl\u00e9s en la UNAB?<\/span><\/li>\n<\/ol>\n<p><b>\u00a0Respuesta<\/b><span style=\"font-weight: 400;\">:<\/span><span style=\"font-weight: 400;\">80 horas.\u00a0<\/span><\/p>\n<p>&nbsp;<\/p>\n<ol>\n<li style=\"font-weight: 400;\" aria-level=\"1\"><span style=\"color: #008000;\"><span style=\"font-weight: 400;\">Si ya tengo conocimientos de ingl\u00e9s, \u00bfen qu\u00e9 momento me realizan el test y qu\u00e9 debo hacer para solicitarlo?<\/span><span style=\"font-weight: 400;\">\u00a0<\/span><\/span><\/li>\n<\/ol>\n<p><b>Respuesta<\/b><span style=\"font-weight: 400;\">: Todos los estudiantes de primer ingreso son citados durante la semana de inducci\u00f3n para presentar la prueba de diagn\u00f3stico la cual se presenta una sola vez por carrera.\u00a0 Si es un estudiante continuo que no present\u00f3 el diagn\u00f3stico cuando ingres\u00f3 a la Universidad, puede consultar MiPortal en donde se publican las fechas de pruebas de diagn\u00f3stico para dichos estudiantes.<\/span><\/p>\n<p>&nbsp;<\/p>\n<ol>\n<li style=\"font-weight: 400;\" aria-level=\"1\"><span style=\"font-weight: 400; color: #008000;\">\u00bfC\u00f3mo funcionan las clases en los niveles de ingl\u00e9s? \u00bfTengo sesiones remotas o es 100% virtual? \u00bfPuedo asistir presencialmente?\u00a0<\/span><\/li>\n<\/ol>\n<p><span style=\"font-weight: 400;\"><strong>Respuesta:<\/strong>Las clases correspondientes a los pregrados profesionales presenciales son clases presenciales. Las clases para estudiantes matriculados en los pregrados virtuales (literatura, administraci\u00f3n de empresas virtual, seguridad y salud en el trabajo, contadur\u00eda virtual) son virtuales pero tienen un encuentro sincr\u00f3nico semanal con el profesor seg\u00fan el horario que se acuerde.<\/span><\/p>\n<p>&nbsp;<\/p>\n<ol>\n<li style=\"font-weight: 400;\" aria-level=\"1\"><span style=\"font-weight: 400; color: #008000;\">Si decido estudiar ingl\u00e9s en una instituci\u00f3n diferente a la UNAB, \u00bfcu\u00e1les son los ex\u00e1menes que me sirven y qu\u00e9 fecha deben tener al momento de solicitar el proceso de graduaci\u00f3n?<\/span><\/li>\n<\/ol>\n<p><b>Respuesta:<\/b><span style=\"font-weight: 400;\">\u00a0 <\/span><span style=\"font-weight: 400;\">Los ex\u00e1menes que se aceptan para homologaci\u00f3n son aquellas pruebas de dominio internacional que est\u00e9n avaladas en la NTC 5580 y cuya vigencia de presentaci\u00f3n no sea mayor a dos (2) a\u00f1os. Tambi\u00e9n pueden presentar las pruebas de homologaci\u00f3n institucionales. Toda la informaci\u00f3n se publica en MiPortal U d\u00edas antes del cronograma de presentaci\u00f3n de pruebas de homologaci\u00f3n.<\/span><\/p>\n<p>&nbsp;<\/p>\n<ol>\n<li style=\"font-weight: 400;\" aria-level=\"1\"><span style=\"font-weight: 400; color: #008000;\">\u00bfTodo el material de apoyo de clase es virtual o se me entrega alg\u00fan libro f\u00edsico?<\/span><\/li>\n<\/ol>\n<p><b>Respuesta:<\/b> <span style=\"font-weight: 400;\">Todo el material que se entrega al estudiante que matricula cualquier nivel es digital: student&#8217;s book, students&#8217; resources, audios etc No se entrega material f\u00edsico.<\/span><\/p>\n<p>&nbsp;<\/p>\n<ol>\n<li style=\"font-weight: 400;\" aria-level=\"1\"><span style=\"font-weight: 400; color: #008000;\">\u00bfCu\u00e1l es el valor actual de cada nivel? \u00bfTienen alg\u00fan descuento por ser graduado de la UNAB?<\/span><\/li>\n<\/ol>\n<p><b>Respuesta:<\/b> <span style=\"font-weight: 400;\">En el a\u00f1o 2024, cada nivel de ingl\u00e9s tiene un costo de $703.000\u00a0 Se puede consultar con la oficina de graduados si ellos tendr\u00edan alg\u00fan descuento.<\/span><\/p>\n<p>&nbsp;<\/p>\n<ol>\n<li style=\"font-weight: 400;\" aria-level=\"1\"><span style=\"font-weight: 400; color: #008000;\">\u00bfPuedo financiar mi ingl\u00e9s con la UNAB?\u00a0<\/span><\/li>\n<\/ol>\n<p><b>Respuesta:<\/b><span style=\"font-weight: 400;\"> Si es posible financiar con FlexiUnab siempre y cuando se encuentre entre el mismo periodo acad\u00e9mico\u00a0<\/span><\/p>\n<p>&nbsp;<\/p>\n<ol>\n<li style=\"font-weight: 400;\" aria-level=\"1\"><span style=\"font-weight: 400; color: #008000;\">Si requiero m\u00e1s informaci\u00f3n, \u00bftienen alguna l\u00ednea de atenci\u00f3n al estudiante?<\/span><\/li>\n<\/ol>\n<p><b>Respuesta:<\/b> <span style=\"font-weight: 400;\">Siempre se atienden a los estudiantes en las ext 146 &#8211; 242 o en el correo: <\/span><span style=\"font-weight: 400;\">lenguas@unab.edu.co<\/span><\/p>\n<p>&nbsp;<\/p>\n","protected":false},"excerpt":{"rendered":"<p>PREGUNTAS FRECUENTES\u00a0 &nbsp; &nbsp; \u00bfCon respecto a los cupos publicados en las landing se empieza la corte de cualquier programa as\u00ed no se completen los mismo? Respuesta C\u00f3mo funciona para pregrado: Para un programa de pregrado, el semestre inicia independientemente del n\u00famero de estudiantes que&#8230;<\/p>\n","protected":false},"author":16,"featured_media":0,"parent":0,"menu_order":0,"comment_status":"closed","ping_status":"closed","template":"","meta":{"footnotes":""},"class_list":["post-5616","page","type-page","status-publish","hentry"],"aioseo_notices":[],"_links":{"self":[{"href":"https:\/\/sic.nodscloud.com\/nodsglobal\/wp-json\/wp\/v2\/pages\/5616","targetHints":{"allow":["GET"]}}],"collection":[{"href":"https:\/\/sic.nodscloud.com\/nodsglobal\/wp-json\/wp\/v2\/pages"}],"about":[{"href":"https:\/\/sic.nodscloud.com\/nodsglobal\/wp-json\/wp\/v2\/types\/page"}],"author":[{"embeddable":true,"href":"https:\/\/sic.nodscloud.com\/nodsglobal\/wp-json\/wp\/v2\/users\/16"}],"replies":[{"embeddable":true,"href":"https:\/\/sic.nodscloud.com\/nodsglobal\/wp-json\/wp\/v2\/comments?post=5616"}],"version-history":[{"count":2,"href":"https:\/\/sic.nodscloud.com\/nodsglobal\/wp-json\/wp\/v2\/pages\/5616\/revisions"}],"predecessor-version":[{"id":5622,"href":"https:\/\/sic.nodscloud.com\/nodsglobal\/wp-json\/wp\/v2\/pages\/5616\/revisions\/5622"}],"wp:attachment":[{"href":"https:\/\/sic.nodscloud.com\/nodsglobal\/wp-json\/wp\/v2\/media?parent=5616"}],"curies":[{"name":"wp","href":"https:\/\/api.w.org\/{rel}","templated":true}]}}