
{"id":5627,"date":"2024-11-06T17:24:00","date_gmt":"2024-11-06T17:24:00","guid":{"rendered":"https:\/\/sic.nodscloud.com\/nodsglobal\/?page_id=5627"},"modified":"2025-05-02T13:00:21","modified_gmt":"2025-05-02T13:00:21","slug":"proceso-de-admision-2","status":"publish","type":"page","link":"https:\/\/sic.nodscloud.com\/nodsglobal\/proceso-de-admision-2\/","title":{"rendered":"Proceso de Admisi\u00f3n"},"content":{"rendered":"<h1><img fetchpriority=\"high\" decoding=\"async\" class=\"alignnone size-full wp-image-5615 aligncenter\" src=\"https:\/\/sic.nodscloud.com\/nodsglobal\/wp-content\/uploads\/sites\/3\/2024\/11\/unab.png\" sizes=\"(max-width: 400px) 100vw, 400px\" srcset=\"https:\/\/sic.nodscloud.com\/nodsglobal\/wp-content\/uploads\/sites\/3\/2024\/11\/unab.png 400w, https:\/\/sic.nodscloud.com\/nodsglobal\/wp-content\/uploads\/sites\/3\/2024\/11\/unab-300x95.png 300w\" alt=\"\" width=\"400\" height=\"126\" \/><\/h1>\n<h1 style=\"text-align: center;\"><strong><span style=\"color: #008000;\">PROCESO DE\u00a0<span style=\"color: #008000;\">ADMISI\u00d3N<\/span><\/span><\/strong><\/h1>\n<p>&nbsp;<\/p>\n<h2><span style=\"color: #008000;\"><strong>PREGRADO:<\/strong><\/span><\/h2>\n<h4><strong><span style=\"color: #0000ff;\"><a style=\"color: #0000ff;\" href=\"https:\/\/sic.nodscloud.com\/nodsglobal\/wp-content\/uploads\/sites\/3\/2024\/11\/ADMISIOn_compressed.pdf\" target=\"_blank\" rel=\"noopener\">Instructivo: Ver Aqu\u00ed<\/a><\/span><\/strong><\/h4>\n<p>&nbsp;<\/p>\n<p><iframe title=\"Proceso de Admision Pregrado UNAB\" width=\"1060\" height=\"596\" src=\"https:\/\/www.youtube.com\/embed\/Whb4n4Z745o?feature=oembed\" frameborder=\"0\" allow=\"accelerometer; autoplay; clipboard-write; encrypted-media; gyroscope; picture-in-picture; web-share\" referrerpolicy=\"strict-origin-when-cross-origin\" allowfullscreen><\/iframe><\/p>\n<p>&nbsp;<\/p>\n<h2><strong><span style=\"color: #008000;\">POSGRADO:<\/span><\/strong><\/h2>\n<h4><span style=\"color: #0000ff;\"><strong><a style=\"color: #0000ff;\" href=\"https:\/\/sic.nodscloud.com\/nodsglobal\/wp-content\/uploads\/sites\/3\/2024\/11\/ADMISIONPRIMERINGRESOPOSGRADO.pdf\" target=\"_blank\" rel=\"noopener\">Instructivo: Ver Aqu\u00ed<\/a><\/strong><\/span><\/h4>\n<p>&nbsp;<\/p>\n<p><iframe title=\"Proceso de Admision Posgrado UNAB\" width=\"1060\" height=\"596\" src=\"https:\/\/www.youtube.com\/embed\/CwcmYJVSYOc?feature=oembed\" frameborder=\"0\" allow=\"accelerometer; autoplay; clipboard-write; encrypted-media; gyroscope; picture-in-picture; web-share\" referrerpolicy=\"strict-origin-when-cross-origin\" allowfullscreen><\/iframe><\/p>\n<p>&nbsp;<\/p>\n<h1 style=\"text-align: center;\"><strong><span style=\"color: #008000;\">PROCESO DE\u00a0ADMISI\u00d3N <\/span><\/strong><\/h1>\n<h1 style=\"text-align: center;\"><strong><span style=\"color: #008000;\">2 PROGRAMAS SIMULTANEOS<\/span><\/strong><\/h1>\n<p>&nbsp;<\/p>\n<p>&nbsp;<\/p>\n<p><img decoding=\"async\" class=\"size-full wp-image-6795 aligncenter\" src=\"https:\/\/sic.nodscloud.com\/nodsglobal\/wp-content\/uploads\/sites\/3\/2025\/05\/2PRO-1.png\" alt=\"\" width=\"895\" height=\"861\" srcset=\"https:\/\/sic.nodscloud.com\/nodsglobal\/wp-content\/uploads\/sites\/3\/2025\/05\/2PRO-1.png 895w, https:\/\/sic.nodscloud.com\/nodsglobal\/wp-content\/uploads\/sites\/3\/2025\/05\/2PRO-1-300x289.png 300w, https:\/\/sic.nodscloud.com\/nodsglobal\/wp-content\/uploads\/sites\/3\/2025\/05\/2PRO-1-768x739.png 768w, https:\/\/sic.nodscloud.com\/nodsglobal\/wp-content\/uploads\/sites\/3\/2025\/05\/2PRO-1-700x673.png 700w\" sizes=\"(max-width: 895px) 100vw, 895px\" \/><\/p>\n<p>&nbsp;<\/p>\n<p>&nbsp;<\/p>\n<p>&nbsp;<\/p>\n","protected":false},"excerpt":{"rendered":"<p>PROCESO DE\u00a0ADMISI\u00d3N &nbsp; PREGRADO: Instructivo: Ver Aqu\u00ed &nbsp; &nbsp; POSGRADO: Instructivo: Ver Aqu\u00ed &nbsp; &nbsp; PROCESO DE\u00a0ADMISI\u00d3N 2 PROGRAMAS SIMULTANEOS &nbsp; &nbsp; &nbsp; &nbsp; &nbsp;<\/p>\n","protected":false},"author":16,"featured_media":0,"parent":0,"menu_order":0,"comment_status":"closed","ping_status":"closed","template":"","meta":{"footnotes":""},"class_list":["post-5627","page","type-page","status-publish","hentry"],"aioseo_notices":[],"_links":{"self":[{"href":"https:\/\/sic.nodscloud.com\/nodsglobal\/wp-json\/wp\/v2\/pages\/5627","targetHints":{"allow":["GET"]}}],"collection":[{"href":"https:\/\/sic.nodscloud.com\/nodsglobal\/wp-json\/wp\/v2\/pages"}],"about":[{"href":"https:\/\/sic.nodscloud.com\/nodsglobal\/wp-json\/wp\/v2\/types\/page"}],"author":[{"embeddable":true,"href":"https:\/\/sic.nodscloud.com\/nodsglobal\/wp-json\/wp\/v2\/users\/16"}],"replies":[{"embeddable":true,"href":"https:\/\/sic.nodscloud.com\/nodsglobal\/wp-json\/wp\/v2\/comments?post=5627"}],"version-history":[{"count":7,"href":"https:\/\/sic.nodscloud.com\/nodsglobal\/wp-json\/wp\/v2\/pages\/5627\/revisions"}],"predecessor-version":[{"id":6796,"href":"https:\/\/sic.nodscloud.com\/nodsglobal\/wp-json\/wp\/v2\/pages\/5627\/revisions\/6796"}],"wp:attachment":[{"href":"https:\/\/sic.nodscloud.com\/nodsglobal\/wp-json\/wp\/v2\/media?parent=5627"}],"curies":[{"name":"wp","href":"https:\/\/api.w.org\/{rel}","templated":true}]}}