
{"id":5656,"date":"2024-11-06T17:36:19","date_gmt":"2024-11-06T17:36:19","guid":{"rendered":"https:\/\/sic.nodscloud.com\/nodsglobal\/?page_id=5656"},"modified":"2024-11-11T12:30:47","modified_gmt":"2024-11-11T12:30:47","slug":"tecnologia-en-regencia-de-farmacia","status":"publish","type":"page","link":"https:\/\/sic.nodscloud.com\/nodsglobal\/tecnologia-en-regencia-de-farmacia\/","title":{"rendered":"Tecnolog\u00eda en Regencia de Farmacia"},"content":{"rendered":"<div class=\"et_pb_row et_pb_row_2\">\n<div class=\"et_pb_column et_pb_column_1_2 et_pb_column_4  et_pb_css_mix_blend_mode_passthrough\">\n<div class=\"et_pb_module et_pb_text et_pb_text_1  et_pb_text_align_justified et_pb_bg_layout_light\">\n<div class=\"et_pb_text_inner\">\n<p><img fetchpriority=\"high\" decoding=\"async\" class=\"alignnone size-full wp-image-5615\" src=\"https:\/\/sic.nodscloud.com\/nodsglobal\/wp-content\/uploads\/sites\/3\/2024\/11\/unab.png\" alt=\"\" width=\"400\" height=\"126\" srcset=\"https:\/\/sic.nodscloud.com\/nodsglobal\/wp-content\/uploads\/sites\/3\/2024\/11\/unab.png 400w, https:\/\/sic.nodscloud.com\/nodsglobal\/wp-content\/uploads\/sites\/3\/2024\/11\/unab-300x95.png 300w\" sizes=\"(max-width: 400px) 100vw, 400px\" \/><img decoding=\"async\" class=\" lazyloaded\" title=\"logo_acreditacion_UNAB\" src=\"https:\/\/unab.edu.co\/wp-content\/uploads\/archivos\/imagenes\/logo-acreditacion-UNAB.png\" alt=\"\" data-src=\"\/wp-content\/uploads\/archivos\/imagenes\/logo-acreditacion-UNAB.png\" \/><img decoding=\"async\" class=\"size-large wp-image-5903 aligncenter\" src=\"https:\/\/sic.nodscloud.com\/nodsglobal\/wp-content\/uploads\/sites\/3\/2024\/11\/RE1-1024x248.png\" alt=\"\" width=\"1024\" height=\"248\" srcset=\"https:\/\/sic.nodscloud.com\/nodsglobal\/wp-content\/uploads\/sites\/3\/2024\/11\/RE1-1024x248.png 1024w, https:\/\/sic.nodscloud.com\/nodsglobal\/wp-content\/uploads\/sites\/3\/2024\/11\/RE1-300x73.png 300w, https:\/\/sic.nodscloud.com\/nodsglobal\/wp-content\/uploads\/sites\/3\/2024\/11\/RE1-768x186.png 768w, https:\/\/sic.nodscloud.com\/nodsglobal\/wp-content\/uploads\/sites\/3\/2024\/11\/RE1-700x169.png 700w, https:\/\/sic.nodscloud.com\/nodsglobal\/wp-content\/uploads\/sites\/3\/2024\/11\/RE1.png 1070w\" sizes=\"(max-width: 1024px) 100vw, 1024px\" \/><\/p>\n<p>El Tecnolog\u00eda en Regencia de farmacia de la UNAB-CES forma profesionales competentes dedicados a la gesti\u00f3n y fomento al acceso de los medicamentos y dispositivos m\u00e9dicos, la promoci\u00f3n y uso adecuado, el aseguramiento de la calidad, la vigilancia, seguimiento y auditor\u00eda de estos en los establecimientos farmac\u00e9uticos, seg\u00fan la normatividad vigente que regula la prestaci\u00f3n del servicio farmac\u00e9utico en el pa\u00eds.<\/p>\n<p>&nbsp;<\/p>\n<\/div>\n<\/div>\n<\/div>\n<div class=\"et_pb_column et_pb_column_1_2 et_pb_column_5  et_pb_css_mix_blend_mode_passthrough et-last-child\">\n<div class=\"et_pb_module et_pb_video et_pb_video_0\">\n<div class=\"et_pb_video_box\"><\/div>\n<\/div>\n<\/div>\n<\/div>\n<div class=\"et_pb_row et_pb_row_3\">\n<div class=\"et_pb_column et_pb_column_1_2 et_pb_column_6  et_pb_css_mix_blend_mode_passthrough\">\n<div class=\"et_pb_module et_pb_blurb et_pb_blurb_0  et_pb_text_align_left  et_pb_blurb_position_left et_pb_bg_layout_light\">\n<div class=\"et_pb_blurb_content\">\n<div class=\"et_pb_blurb_container\">\n<h4 class=\"et_pb_module_header\"><strong><span style=\"color: #008000;\">T\u00edtulo otorgado<\/span><\/strong><\/h4>\n<div class=\"et_pb_blurb_description\">\n<p>Tecn\u00f3logo\/a en Regencia de Farmacia UNAB-CES<\/p>\n<\/div>\n<\/div>\n<\/div>\n<\/div>\n<p>&nbsp;<\/p>\n<div class=\"et_pb_module et_pb_blurb et_pb_blurb_1  et_pb_text_align_left  et_pb_blurb_position_left et_pb_bg_layout_light\">\n<div class=\"et_pb_blurb_content\">\n<div class=\"et_pb_blurb_container\">\n<h4 class=\"et_pb_module_header\"><strong><span style=\"color: #008000;\">Nivel de formaci\u00f3n<\/span><\/strong><\/h4>\n<div class=\"et_pb_blurb_description\">\n<p>Tecnolog\u00eda<\/p>\n<\/div>\n<\/div>\n<p>&nbsp;<\/p>\n<\/div>\n<\/div>\n<div class=\"et_pb_module et_pb_blurb et_pb_blurb_2  et_pb_text_align_left  et_pb_blurb_position_left et_pb_bg_layout_light\">\n<div class=\"et_pb_blurb_content\">\n<div class=\"et_pb_blurb_container\">\n<h4 class=\"et_pb_module_header\"><strong><span style=\"color: #008000;\">Modalidad<\/span><\/strong><\/h4>\n<div class=\"et_pb_blurb_description\">\n<p>Virtual \u2013 Se realizan pr\u00e1cticas presenciales en Bucaramanga y Medell\u00edn obligatorias durante tres d\u00edas en cuarto semestre. En sexto semestre se deben realizar 192 horas de pr\u00e1cticas cl\u00ednicas presenciales.<\/p>\n<p>&nbsp;<\/p>\n<\/div>\n<\/div>\n<\/div>\n<\/div>\n<div class=\"et_pb_module et_pb_blurb et_pb_blurb_3  et_pb_text_align_left  et_pb_blurb_position_left et_pb_bg_layout_light\">\n<div class=\"et_pb_blurb_content\">\n<div class=\"et_pb_main_blurb_image\"><\/div>\n<\/div>\n<div><\/div>\n<div class=\"et_pb_blurb_content\">\n<div class=\"et_pb_blurb_container\">\n<h4 class=\"et_pb_module_header\"><span style=\"color: #008000;\"><strong>Duraci\u00f3n<\/strong><\/span><\/h4>\n<div class=\"et_pb_blurb_description\">\n<p>6 semestres<\/p>\n<\/div>\n<\/div>\n<\/div>\n<\/div>\n<\/div>\n<\/div>\n<hr \/>\n<div class=\"et_pb_row et_pb_row_3\">\n<div class=\"et_pb_column et_pb_column_1_2 et_pb_column_6  et_pb_css_mix_blend_mode_passthrough\">\n<div class=\"et_pb_module et_pb_blurb et_pb_blurb_4  et_pb_text_align_left  et_pb_blurb_position_left et_pb_bg_layout_light\">\n<div class=\"et_pb_blurb_content\">\n<div class=\"et_pb_blurb_container\">\n<div class=\"et_pb_column et_pb_column_1_4 et_pb_column_8  et_pb_css_mix_blend_mode_passthrough\">\n<div class=\"et_pb_module et_pb_text et_pb_text_2  et_pb_text_align_left et_pb_bg_layout_light\">\n<div class=\"et_pb_text_inner\">\n<h2 style=\"text-align: left;\"><span style=\"color: #008000;\"><strong>\u00bfPor que estudiar <\/strong><strong>Tecnolog\u00eda en Regencia de Farmacia en la UNAB?<\/strong><\/span><\/h2>\n<\/div>\n<\/div>\n<\/div>\n<div class=\"et_pb_column et_pb_column_3_4 et_pb_column_9  et_pb_css_mix_blend_mode_passthrough et-last-child\">\n<div class=\"et_pb_module et_pb_slider et_pb_slider_0 et_pb_slider_fullwidth_off et_pb_bg_layout_dark\" data-active-slide=\"et_pb_slide_0\">\n<div class=\"et_pb_slides\">\n<div class=\"et_pb_slide et_pb_slide_0 et_pb_bg_layout_dark et_pb_media_alignment_center et-pb-active-slide\" data-slide-id=\"et_pb_slide_0\">\n<div class=\"et_pb_container clearfix\">\n<div class=\"et_pb_slider_container_inner\">\n<div class=\"et_pb_slide_description\">\n<ul>\n<li class=\"et_pb_slide_title\">Alianza con la Universidad CES de Medell\u00edn que pone a disposici\u00f3n del estudiante todos los convenios de ambas instituciones<\/li>\n<\/ul>\n<div class=\"et_pb_slides\">\n<div class=\"et_pb_slide et_pb_slide_1 et_pb_bg_layout_dark et_pb_media_alignment_center et-pb-active-slide\" data-slide-id=\"et_pb_slide_1\">\n<div class=\"et_pb_container clearfix\">\n<div class=\"et_pb_slider_container_inner\">\n<div class=\"et_pb_slide_description\">\n<ul>\n<li class=\"et_pb_slide_title\">El programa cuenta con dos momentos presenciales: en cuarto semestre durante un fin de semana para la Pr\u00e1ctica de Laboratorio en la Unab o en la Universidad CES, y en sexto semestre durante 192 horas para la pr\u00e1ctica de Formaci\u00f3n en Centros de Trabajo<\/li>\n<\/ul>\n<\/div>\n<div class=\"et_pb_slides\">\n<div class=\"et_pb_slide et_pb_slide_2 et_pb_bg_layout_dark et_pb_media_alignment_center et-pb-active-slide\" data-slide-id=\"et_pb_slide_2\">\n<div class=\"et_pb_container clearfix\">\n<div class=\"et_pb_slider_container_inner\">\n<div class=\"et_pb_slide_description\">\n<ul>\n<li class=\"et_pb_slide_title\">En sexto semestre se realiza la pr\u00e1ctica de Formaci\u00f3n en Centros de Trabajo. Estas pr\u00e1cticas se programan en los sitios donde la universidad tenga convenios del municipio o ciudad m\u00e1s cercana a su lugar de residencia.<\/li>\n<\/ul>\n<\/div>\n<div class=\"et_pb_slides\">\n<div class=\"et_pb_slide et_pb_slide_3 et_pb_bg_layout_dark et_pb_media_alignment_center et-pb-active-slide\" data-slide-id=\"et_pb_slide_3\">\n<div class=\"et_pb_container clearfix\">\n<div class=\"et_pb_slider_container_inner\">\n<div class=\"et_pb_slide_description\">\n<ul>\n<li class=\"et_pb_slide_title\">Convenios para las pr\u00e1cticas de Formaci\u00f3n en Centros de Trabajo con Instituciones Prestadoras de Salud de mediana y alta complejidad<\/li>\n<\/ul>\n<\/div>\n<\/div>\n<\/div>\n<\/div>\n<\/div>\n<div class=\"et-pb-slider-arrows\"><\/div>\n<hr \/>\n<\/div>\n<\/div>\n<\/div>\n<\/div>\n<div class=\"et-pb-slider-arrows\"><\/div>\n<\/div>\n<\/div>\n<\/div>\n<\/div>\n<\/div>\n<\/div>\n<\/div>\n<div>\n<h4 class=\"et_pb_toggle_title\"><span style=\"color: #008000;\"><strong>Perfil profesional<\/strong><\/span><\/h4>\n<div class=\"et_pb_toggle_content clearfix\">\n<div class=\"page\" title=\"Page 3\">\n<div class=\"section\">\n<div class=\"layoutArea\">\n<div class=\"column\">\n<div class=\"page\" title=\"Page 27\">\n<div class=\"section\">\n<div class=\"layoutArea\">\n<div class=\"column\">\n<div class=\"page\" title=\"Page 30\">\n<div class=\"section\">\n<div class=\"layoutArea\">\n<div class=\"column\">\n<div class=\"page\" title=\"Page 33\">\n<div class=\"section\">\n<div class=\"layoutArea\">\n<div class=\"column\">\n<div class=\"page\" title=\"Page 36\">\n<div class=\"section\">\n<div class=\"layoutArea\">\n<div class=\"column\">\n<p>El Tecn\u00f3logo en Regencia de Farmacia UNAB-CES es un profesional competente, con s\u00f3lidos conocimientos, respetuoso de los valores fundamentales de la sociedad que contribuyen al desarrollo, gracias a su participaci\u00f3n y compromiso \u00e9tico en el \u00e1rea farmac\u00e9utica y de la salud, en los sectores p\u00fablico y privado. Es reflexivo y cr\u00edtico en la construcci\u00f3n y toma de decisiones, y creativo e innovador en la soluci\u00f3n de problemas.<\/p>\n<\/div>\n<hr \/>\n<\/div>\n<\/div>\n<\/div>\n<\/div>\n<\/div>\n<\/div>\n<\/div>\n<\/div>\n<\/div>\n<\/div>\n<\/div>\n<\/div>\n<\/div>\n<\/div>\n<\/div>\n<\/div>\n<\/div>\n<\/div>\n<\/div>\n<\/div>\n<\/div>\n<div class=\"et_pb_container clearfix\">\n<div class=\"et_pb_slider_container_inner\">\n<div class=\"et_pb_slide_description\">\n<div class=\"et_pb_slides\">\n<div class=\"et_pb_slide et_pb_slide_1 et_pb_bg_layout_dark et_pb_media_alignment_center et-pb-active-slide\" data-slide-id=\"et_pb_slide_1\">\n<div class=\"et_pb_container clearfix\">\n<div>\n<h4 class=\"et_pb_toggle_title\"><span style=\"color: #008000;\"><strong>Perfil ocupacional<\/strong><\/span><\/h4>\n<div class=\"et_pb_toggle_content clearfix\">\n<p>El Tecn\u00f3logo en Regencia de Farmacia UNAB-CES puede desempe\u00f1arse:<\/p>\n<p>&nbsp;<\/p>\n<ul>\n<li>En la direcci\u00f3n t\u00e9cnica de establecimientos farmac\u00e9uticos de IPS de baja complejidad y establecimientos farmac\u00e9uticos minoristas.<\/li>\n<li>En la capacitaci\u00f3n de promoci\u00f3n y prevenci\u00f3n y actividades de mercadeo.<\/li>\n<li>En auditor\u00eda farmac\u00e9utica.<\/li>\n<li>En inspecci\u00f3n, vigilancia y control de establecimientos, servicios farmac\u00e9uticos.<\/li>\n<li>En la direcci\u00f3n t\u00e9cnica de establecimientos farmac\u00e9uticos minoristas y mayoristas.<\/li>\n<li>En la promoci\u00f3n y uso adecuado de los medicamentos en el campo de su formaci\u00f3n.<\/li>\n<\/ul>\n<hr \/>\n<\/div>\n<h1><\/h1>\n<h1 style=\"text-align: center;\"><span style=\"color: #008000;\">Plan de estudios<\/span><\/h1>\n<table width=\"95%\" align=\"center\">\n<tbody>\n<tr>\n<td>\n<div class=\"datos_admonesContent\">\n<h2><\/h2>\n<table border=\"0\" width=\"90%\" align=\"center\">\n<tbody>\n<tr bgcolor=\"#FFFFFF\">\n<td colspan=\"3\"><\/td>\n<\/tr>\n<tr>\n<td class=\"tablas_th\"><strong>Primer Semestre<\/strong><\/td>\n<td class=\"tablas_th\" width=\"20%\">Cr\u00e9ditos<\/td>\n<td class=\"tablas_th\" width=\"20%\"><\/td>\n<\/tr>\n<tr class=\"tablas_td\">\n<td width=\"60%\">EXPRESION<\/td>\n<td align=\"center\" width=\"20%\">4<\/td>\n<td align=\"center\">\n<div class=\"w3-container\"><\/div>\n<\/td>\n<\/tr>\n<tr class=\"tablas_td\">\n<td width=\"60%\">FUNDAMENTACI\u00d3N EN BIOCIENCIAS<\/td>\n<td align=\"center\" width=\"20%\">5<\/td>\n<td align=\"center\">\n<div class=\"w3-container\"><\/div>\n<\/td>\n<\/tr>\n<tr class=\"tablas_td\">\n<td width=\"60%\">IDENTIDAD Y EMPRENDIMIENTO<\/td>\n<td align=\"center\" width=\"20%\">3<\/td>\n<td align=\"center\">\n<div class=\"w3-container\"><\/div>\n<\/td>\n<\/tr>\n<tr class=\"tablas_td\">\n<td width=\"60%\">LEGISLACION FARMACEUTICA Y ETICA<\/td>\n<td align=\"center\" width=\"20%\">2<\/td>\n<td align=\"center\">\n<div class=\"w3-container\"><\/div>\n<\/td>\n<\/tr>\n<tr class=\"tablas_td\">\n<td width=\"60%\">TALLER DE DESARROLLO HUMANO VIRTUAL<\/td>\n<td align=\"center\" width=\"20%\">1<\/td>\n<td align=\"center\">\n<div class=\"w3-container\"><\/div>\n<\/td>\n<\/tr>\n<tr class=\"tablas_td\">\n<td width=\"60%\">TALLER DEPOR RECRE Y CULTURA<\/td>\n<td align=\"center\" width=\"20%\">1<\/td>\n<td align=\"center\">\n<div class=\"w3-container\"><\/div>\n<\/td>\n<\/tr>\n<tr class=\"tablas_td\">\n<td width=\"60%\">USO DE HERRAMIENTAS OFIM\u00c1TICAS<\/td>\n<td align=\"center\" width=\"20%\">2<\/td>\n<td align=\"center\">\n<div class=\"w3-container\"><\/div>\n<\/td>\n<\/tr>\n<\/tbody>\n<\/table>\n<table border=\"0\" width=\"90%\" align=\"center\">\n<tbody>\n<tr>\n<td class=\"tablas_td\" colspan=\"1\" align=\"right\"><b>Total Cr\u00e9ditos<\/b><\/td>\n<td class=\"tablas_td\" align=\"center\" width=\"20%\"><b>18<\/b><\/td>\n<td class=\"tablas_td\"><\/td>\n<\/tr>\n<tr bgcolor=\"#FFFFFF\">\n<td colspan=\"3\"><\/td>\n<\/tr>\n<tr>\n<td class=\"tablas_th\"><strong>Segundo Semestre<\/strong><\/td>\n<td class=\"tablas_th\" width=\"20%\">Cr\u00e9ditos<\/td>\n<td class=\"tablas_th\" width=\"20%\"><\/td>\n<\/tr>\n<tr class=\"tablas_td\">\n<td width=\"60%\">ADMINISTRACION DE SERVICIOS FARMACEUTICOS I<\/td>\n<td align=\"center\" width=\"20%\">4<\/td>\n<td align=\"center\">\n<div class=\"w3-container\"><\/div>\n<\/td>\n<\/tr>\n<tr class=\"tablas_td\">\n<td width=\"60%\">CREATIVIDAD APLICADA<\/td>\n<td align=\"center\" width=\"20%\">3<\/td>\n<td align=\"center\">\n<div class=\"w3-container\"><\/div>\n<\/td>\n<\/tr>\n<tr class=\"tablas_td\">\n<td width=\"60%\">CURSO FLEXIBLE &#8211; TRFA<\/td>\n<td align=\"center\" width=\"20%\">4<\/td>\n<td align=\"center\">\n<div class=\"w3-container\"><\/div>\n<\/td>\n<\/tr>\n<tr class=\"tablas_td\">\n<td width=\"60%\">INGLES A1<\/td>\n<td align=\"center\" width=\"20%\">2<\/td>\n<td align=\"center\">\n<div class=\"w3-container\"><\/div>\n<\/td>\n<\/tr>\n<tr class=\"tablas_td\">\n<td width=\"60%\">PRIMEROS AUXILIOS, SEGURIDAD Y SALUD EN EL TRABAJO<\/td>\n<td align=\"center\" width=\"20%\">3<\/td>\n<td align=\"center\">\n<div class=\"w3-container\"><\/div>\n<\/td>\n<\/tr>\n<tr class=\"tablas_td\">\n<td width=\"60%\">SALUD PUBLICA<\/td>\n<td align=\"center\" width=\"20%\">2<\/td>\n<td align=\"center\">\n<div class=\"w3-container\"><\/div>\n<\/td>\n<\/tr>\n<\/tbody>\n<\/table>\n<table border=\"0\" width=\"90%\" align=\"center\">\n<tbody>\n<tr>\n<td class=\"tablas_td\" colspan=\"1\" align=\"right\"><b>Total Cr\u00e9ditos<\/b><\/td>\n<td class=\"tablas_td\" align=\"center\" width=\"20%\"><b>18<\/b><\/td>\n<td class=\"tablas_td\"><\/td>\n<\/tr>\n<tr bgcolor=\"#FFFFFF\">\n<td colspan=\"3\"><\/td>\n<\/tr>\n<tr>\n<td class=\"tablas_th\"><strong>Tercer Semestre<\/strong><\/td>\n<td class=\"tablas_th\" width=\"20%\">Cr\u00e9ditos<\/td>\n<td class=\"tablas_th\" width=\"20%\"><\/td>\n<\/tr>\n<tr class=\"tablas_td\">\n<td width=\"60%\">ADMINISTRACION DE SERVICIOS FARMACEUTICOS II<\/td>\n<td align=\"center\" width=\"20%\">4<\/td>\n<td align=\"center\">\n<div class=\"w3-container\"><\/div>\n<\/td>\n<\/tr>\n<tr class=\"tablas_td\">\n<td width=\"60%\">ELECTIVA SOCIOHUMANISTICA<\/td>\n<td align=\"center\" width=\"20%\">3<\/td>\n<td align=\"center\">\n<div class=\"w3-container\"><\/div>\n<\/td>\n<\/tr>\n<tr class=\"tablas_td\">\n<td width=\"60%\">INGLES A2<\/td>\n<td align=\"center\" width=\"20%\">2<\/td>\n<td align=\"center\">\n<div class=\"w3-container\"><\/div>\n<\/td>\n<\/tr>\n<tr class=\"tablas_td\">\n<td width=\"60%\">MANEJO INTEGRAL DE RESIDUOS FARMACEUTICOS<\/td>\n<td align=\"center\" width=\"20%\">3<\/td>\n<td align=\"center\">\n<div class=\"w3-container\"><\/div>\n<\/td>\n<\/tr>\n<tr class=\"tablas_td\">\n<td width=\"60%\">PREPARADOS MAGISTRALES (TE\u00d3RICO)<\/td>\n<td align=\"center\" width=\"20%\">3<\/td>\n<td align=\"center\">\n<div class=\"w3-container\"><\/div>\n<\/td>\n<\/tr>\n<\/tbody>\n<\/table>\n<table border=\"0\" width=\"90%\" align=\"center\">\n<tbody>\n<tr>\n<td class=\"tablas_td\" colspan=\"1\" align=\"right\"><b>Total Cr\u00e9ditos<\/b><\/td>\n<td class=\"tablas_td\" align=\"center\" width=\"20%\"><b>15<\/b><\/td>\n<td class=\"tablas_td\"><\/td>\n<\/tr>\n<tr bgcolor=\"#FFFFFF\">\n<td colspan=\"3\"><\/td>\n<\/tr>\n<tr>\n<td class=\"tablas_th\"><strong>Cuarto Semestre<\/strong><\/td>\n<td class=\"tablas_th\" width=\"20%\">Cr\u00e9ditos<\/td>\n<td class=\"tablas_th\" width=\"20%\"><\/td>\n<\/tr>\n<tr class=\"tablas_td\">\n<td width=\"60%\">FUNDAMENTOS EN FARMACOLOGIA<\/td>\n<td align=\"center\" width=\"20%\">3<\/td>\n<td align=\"center\">\n<div class=\"w3-container\"><\/div>\n<\/td>\n<\/tr>\n<tr class=\"tablas_td\">\n<td width=\"60%\">INGLES B1<\/td>\n<td align=\"center\" width=\"20%\">4<\/td>\n<td align=\"center\">\n<div class=\"w3-container\"><\/div>\n<\/td>\n<\/tr>\n<tr class=\"tablas_td\">\n<td width=\"60%\">LABORATORIO DE PREPARADOS MAGISTRALES<\/td>\n<td align=\"center\" width=\"20%\">2<\/td>\n<td align=\"center\">\n<div class=\"w3-container\"><\/div>\n<\/td>\n<\/tr>\n<tr class=\"tablas_td\">\n<td width=\"60%\">MERCADEO Y VENTA DE MEDICAMENTOS Y DISPOSITIVOS MEDICOS<\/td>\n<td align=\"center\" width=\"20%\">3<\/td>\n<td align=\"center\">\n<div class=\"w3-container\"><\/div>\n<\/td>\n<\/tr>\n<tr class=\"tablas_td\">\n<td width=\"60%\">PROMOCION Y USO ADECUADO DE MEDICAMENTOS<\/td>\n<td align=\"center\" width=\"20%\">3<\/td>\n<td align=\"center\">\n<div class=\"w3-container\"><\/div>\n<\/td>\n<\/tr>\n<\/tbody>\n<\/table>\n<table border=\"0\" width=\"90%\" align=\"center\">\n<tbody>\n<tr>\n<td class=\"tablas_td\" colspan=\"1\" align=\"right\"><b>Total Cr\u00e9ditos<\/b><\/td>\n<td class=\"tablas_td\" align=\"center\" width=\"20%\"><b>15<\/b><\/td>\n<td class=\"tablas_td\"><\/td>\n<\/tr>\n<tr bgcolor=\"#FFFFFF\">\n<td colspan=\"3\"><\/td>\n<\/tr>\n<tr>\n<td class=\"tablas_th\"><strong>Quinto Semestre<\/strong><\/td>\n<td class=\"tablas_th\" width=\"20%\">Cr\u00e9ditos<\/td>\n<td class=\"tablas_th\" width=\"20%\"><\/td>\n<\/tr>\n<tr class=\"tablas_td\">\n<td width=\"60%\">ELECTIVA SOCIOHUMANISTICA<\/td>\n<td align=\"center\" width=\"20%\">3<\/td>\n<td align=\"center\">\n<div class=\"w3-container\"><\/div>\n<\/td>\n<\/tr>\n<tr class=\"tablas_td\">\n<td width=\"60%\">FARMACOGNOSIA<\/td>\n<td align=\"center\" width=\"20%\">3<\/td>\n<td align=\"center\">\n<div class=\"w3-container\"><\/div>\n<\/td>\n<\/tr>\n<tr class=\"tablas_td\">\n<td width=\"60%\">FUNDAMENTOS EN TOXICOLOGIA<\/td>\n<td align=\"center\" width=\"20%\">3<\/td>\n<td align=\"center\">\n<div class=\"w3-container\"><\/div>\n<\/td>\n<\/tr>\n<tr class=\"tablas_td\">\n<td width=\"60%\">IMPLEMENTACION DEL SISTEMA DE GESTION DE LA CALIDAD EN EL SERVICIO FARMACEUTICO<\/td>\n<td align=\"center\" width=\"20%\">4<\/td>\n<td align=\"center\">\n<div class=\"w3-container\"><\/div>\n<\/td>\n<\/tr>\n<tr class=\"tablas_td\">\n<td width=\"60%\">PROCESOS ESPECIALES SERVICIO FARMACEUTICO ( FV, TV, AF)<\/td>\n<td align=\"center\" width=\"20%\">4<\/td>\n<td align=\"center\">\n<div class=\"w3-container\"><\/div>\n<\/td>\n<\/tr>\n<tr class=\"tablas_td\">\n<td width=\"60%\">PROYECTO INTEGRADOR I<\/td>\n<td align=\"center\" width=\"20%\">3<\/td>\n<td align=\"center\">\n<div class=\"w3-container\"><\/div>\n<\/td>\n<\/tr>\n<\/tbody>\n<\/table>\n<table border=\"0\" width=\"90%\" align=\"center\">\n<tbody>\n<tr>\n<td class=\"tablas_td\" colspan=\"1\" align=\"right\"><b>Total Cr\u00e9ditos<\/b><\/td>\n<td class=\"tablas_td\" align=\"center\" width=\"20%\"><b>20<\/b><\/td>\n<td class=\"tablas_td\"><\/td>\n<\/tr>\n<tr bgcolor=\"#FFFFFF\">\n<td colspan=\"3\"><\/td>\n<\/tr>\n<tr>\n<td class=\"tablas_th\"><strong>Sexto Semestre<\/strong><\/td>\n<td class=\"tablas_th\" width=\"20%\">Cr\u00e9ditos<\/td>\n<td class=\"tablas_th\" width=\"20%\"><\/td>\n<\/tr>\n<tr class=\"tablas_td\">\n<td width=\"60%\">CURSO FLEXIBLE &#8211; TRFA<\/td>\n<td align=\"center\" width=\"20%\">4<\/td>\n<td align=\"center\">\n<div class=\"w3-container\"><\/div>\n<\/td>\n<\/tr>\n<tr class=\"tablas_td\">\n<td width=\"60%\">FARMACIA CLINICA (PRINCIPIOS DE FARMACOLOGIA CLINICA Y TERAPEUTICA)<\/td>\n<td align=\"center\" width=\"20%\">3<\/td>\n<td align=\"center\">\n<div class=\"w3-container\"><\/div>\n<\/td>\n<\/tr>\n<tr class=\"tablas_td\">\n<td width=\"60%\">FORMACI\u00d3N EN CENTRO DE TRABAJO (FCT)**<\/td>\n<td align=\"center\" width=\"20%\">6<\/td>\n<td align=\"center\">\n<div class=\"w3-container\"><\/div>\n<\/td>\n<\/tr>\n<tr class=\"tablas_td\">\n<td width=\"60%\">PROYECTO INTEGRADOR II<\/td>\n<td align=\"center\" width=\"20%\">3<\/td>\n<td align=\"center\">\n<div class=\"w3-container\"><\/div>\n<\/td>\n<\/tr>\n<tr>\n<td class=\"tablas_td\" colspan=\"1\" align=\"right\" width=\"60%\"><b>Total Cr\u00e9ditos<\/b><\/td>\n<td class=\"tablas_td\" align=\"center\" width=\"20%\"><b>16<\/b><\/td>\n<\/tr>\n<tr class=\"alertas\">\n<td colspan=\"3\" align=\"center\">Total cr\u00e9ditos del programa: 102<\/td>\n<\/tr>\n<\/tbody>\n<\/table>\n<\/div>\n<\/td>\n<\/tr>\n<\/tbody>\n<\/table>\n<\/div>\n<\/div>\n<\/div>\n<\/div>\n<\/div>\n<\/div>\n<\/div>\n<\/div>\n<\/div>\n<\/div>\n<\/div>\n<\/div>\n<\/div>\n<\/div>\n<\/div>\n<\/div>\n","protected":false},"excerpt":{"rendered":"<p>El Tecnolog\u00eda en Regencia de farmacia de la UNAB-CES forma profesionales competentes dedicados a la gesti\u00f3n y fomento al acceso de los medicamentos y dispositivos m\u00e9dicos, la promoci\u00f3n y uso adecuado, el aseguramiento de la calidad, la vigilancia, seguimiento y auditor\u00eda de estos en los&#8230;<\/p>\n","protected":false},"author":16,"featured_media":0,"parent":0,"menu_order":0,"comment_status":"closed","ping_status":"closed","template":"","meta":{"footnotes":""},"class_list":["post-5656","page","type-page","status-publish","hentry"],"aioseo_notices":[],"_links":{"self":[{"href":"https:\/\/sic.nodscloud.com\/nodsglobal\/wp-json\/wp\/v2\/pages\/5656","targetHints":{"allow":["GET"]}}],"collection":[{"href":"https:\/\/sic.nodscloud.com\/nodsglobal\/wp-json\/wp\/v2\/pages"}],"about":[{"href":"https:\/\/sic.nodscloud.com\/nodsglobal\/wp-json\/wp\/v2\/types\/page"}],"author":[{"embeddable":true,"href":"https:\/\/sic.nodscloud.com\/nodsglobal\/wp-json\/wp\/v2\/users\/16"}],"replies":[{"embeddable":true,"href":"https:\/\/sic.nodscloud.com\/nodsglobal\/wp-json\/wp\/v2\/comments?post=5656"}],"version-history":[{"count":3,"href":"https:\/\/sic.nodscloud.com\/nodsglobal\/wp-json\/wp\/v2\/pages\/5656\/revisions"}],"predecessor-version":[{"id":5904,"href":"https:\/\/sic.nodscloud.com\/nodsglobal\/wp-json\/wp\/v2\/pages\/5656\/revisions\/5904"}],"wp:attachment":[{"href":"https:\/\/sic.nodscloud.com\/nodsglobal\/wp-json\/wp\/v2\/media?parent=5656"}],"curies":[{"name":"wp","href":"https:\/\/api.w.org\/{rel}","templated":true}]}}