
{"id":5658,"date":"2024-11-06T17:36:35","date_gmt":"2024-11-06T17:36:35","guid":{"rendered":"https:\/\/sic.nodscloud.com\/nodsglobal\/?page_id=5658"},"modified":"2024-11-11T15:58:51","modified_gmt":"2024-11-11T15:58:51","slug":"tecnologia-en-seguridad-y-salud-en-el-trabajo","status":"publish","type":"page","link":"https:\/\/sic.nodscloud.com\/nodsglobal\/tecnologia-en-seguridad-y-salud-en-el-trabajo\/","title":{"rendered":"Tecnolog\u00eda en Seguridad y Salud en el Trabajo"},"content":{"rendered":"<p><img fetchpriority=\"high\" decoding=\"async\" class=\"alignnone size-full wp-image-5615\" src=\"https:\/\/sic.nodscloud.com\/nodsglobal\/wp-content\/uploads\/sites\/3\/2024\/11\/unab.png\" sizes=\"(max-width: 400px) 100vw, 400px\" srcset=\"https:\/\/sic.nodscloud.com\/nodsglobal\/wp-content\/uploads\/sites\/3\/2024\/11\/unab.png 400w, https:\/\/sic.nodscloud.com\/nodsglobal\/wp-content\/uploads\/sites\/3\/2024\/11\/unab-300x95.png 300w\" alt=\"\" width=\"400\" height=\"126\" \/><img decoding=\"async\" class=\" lazyloaded\" title=\"logo_acreditacion_UNAB\" src=\"https:\/\/unab.edu.co\/wp-content\/uploads\/archivos\/imagenes\/logo-acreditacion-UNAB.png\" alt=\"\" data-src=\"\/wp-content\/uploads\/archivos\/imagenes\/logo-acreditacion-UNAB.png\" \/><\/p>\n<p><img decoding=\"async\" class=\"alignnone size-large wp-image-5906\" src=\"https:\/\/sic.nodscloud.com\/nodsglobal\/wp-content\/uploads\/sites\/3\/2024\/11\/ss1-1024x240.png\" alt=\"\" width=\"1024\" height=\"240\" srcset=\"https:\/\/sic.nodscloud.com\/nodsglobal\/wp-content\/uploads\/sites\/3\/2024\/11\/ss1-1024x240.png 1024w, https:\/\/sic.nodscloud.com\/nodsglobal\/wp-content\/uploads\/sites\/3\/2024\/11\/ss1-300x70.png 300w, https:\/\/sic.nodscloud.com\/nodsglobal\/wp-content\/uploads\/sites\/3\/2024\/11\/ss1-768x180.png 768w, https:\/\/sic.nodscloud.com\/nodsglobal\/wp-content\/uploads\/sites\/3\/2024\/11\/ss1-700x164.png 700w, https:\/\/sic.nodscloud.com\/nodsglobal\/wp-content\/uploads\/sites\/3\/2024\/11\/ss1.png 1085w\" sizes=\"(max-width: 1024px) 100vw, 1024px\" \/><\/p>\n<div class=\"et_pb_row et_pb_row_2\">\n<div class=\"et_pb_column et_pb_column_1_2 et_pb_column_4 et_pb_css_mix_blend_mode_passthrough\">\n<div class=\"et_pb_module et_pb_text et_pb_text_1 et_pb_text_align_justified et_pb_bg_layout_light\">\n<div class=\"et_pb_text_inner\">\n<p>La Tecnolog\u00eda en Seguridad y Salud en el Trabajo de la UNAB forma tecn\u00f3logos que se desempe\u00f1an en el sector productivo ejecutando actividades encaminadas a promover entornos de trabajo seguros y saludables, previniendo accidentes de trabajo y enfermedades laborales.<\/p>\n<\/div>\n<p>&nbsp;<\/p>\n<\/div>\n<\/div>\n<div class=\"et_pb_column et_pb_column_1_2 et_pb_column_5 et_pb_css_mix_blend_mode_passthrough et-last-child\">\n<div class=\"et_pb_module et_pb_video et_pb_video_0\">\n<div class=\"et_pb_video_box\">\n<div class=\"fluid-width-video-wrapper\"><\/div>\n<\/div>\n<\/div>\n<\/div>\n<\/div>\n<div class=\"et_pb_row et_pb_row_3\">\n<div class=\"et_pb_column et_pb_column_1_2 et_pb_column_6 et_pb_css_mix_blend_mode_passthrough\">\n<div class=\"et_pb_module et_pb_blurb et_pb_blurb_0 et_pb_text_align_left et_pb_blurb_position_left et_pb_bg_layout_light\">\n<div class=\"et_pb_blurb_content\">\n<div class=\"et_pb_blurb_container\">\n<h4 class=\"et_pb_module_header\"><span style=\"color: #008000;\"><strong>T\u00edtulo otorgado<\/strong><\/span><\/h4>\n<div class=\"et_pb_blurb_description\">\n<p>Tecn\u00f3logo\/a en Seguridad y Salud en el Trabajo<\/p>\n<p>&nbsp;<\/p>\n<\/div>\n<\/div>\n<\/div>\n<\/div>\n<div class=\"et_pb_module et_pb_blurb et_pb_blurb_1 et_pb_text_align_left et_pb_blurb_position_left et_pb_bg_layout_light\">\n<div class=\"et_pb_blurb_content\">\n<div class=\"et_pb_main_blurb_image\"><\/div>\n<div class=\"et_pb_blurb_container\">\n<h4 class=\"et_pb_module_header\"><strong><span style=\"color: #008000;\">Nivel de formaci\u00f3n<\/span><\/strong><\/h4>\n<div class=\"et_pb_blurb_description\">\n<p>Tecnolog\u00eda<\/p>\n<p>&nbsp;<\/p>\n<\/div>\n<\/div>\n<\/div>\n<\/div>\n<div class=\"et_pb_module et_pb_blurb et_pb_blurb_2 et_pb_text_align_left et_pb_blurb_position_left et_pb_bg_layout_light\">\n<div class=\"et_pb_main_blurb_image\"><\/div>\n<div class=\"et_pb_blurb_content\">\n<div class=\"et_pb_blurb_container\">\n<h4 class=\"et_pb_module_header\"><span style=\"color: #008000;\"><strong>Modalidad<\/strong><\/span><\/h4>\n<div class=\"et_pb_blurb_description\">\n<p>Virtual<\/p>\n<p>&nbsp;<\/p>\n<\/div>\n<\/div>\n<\/div>\n<\/div>\n<div class=\"et_pb_module et_pb_blurb et_pb_blurb_3 et_pb_text_align_left et_pb_blurb_position_left et_pb_bg_layout_light\">\n<div class=\"et_pb_blurb_content\">\n<div class=\"et_pb_main_blurb_image\"><\/div>\n<div class=\"et_pb_blurb_container\">\n<h4 class=\"et_pb_module_header\"><strong><span style=\"color: #008000;\">Duraci\u00f3n<\/span><\/strong><\/h4>\n<div class=\"et_pb_blurb_description\">\n<p>5 semestres<\/p>\n<hr \/>\n<div class=\"et_pb_module et_pb_text et_pb_text_2 et_pb_text_align_left et_pb_bg_layout_light\">\n<div class=\"et_pb_text_inner\">\n<h2><strong><span style=\"color: #008000;\">\u00bfPor qu\u00e9 estudiar Tecnolog\u00eda en Seguridad y Salud en el Trabajo en la UNAB?\u00a0<\/span><\/strong><\/h2>\n<p>&nbsp;<\/p>\n<\/div>\n<\/div>\n<div class=\"et_pb_slides\">\n<div class=\"et_pb_slide et_pb_slide_2 et_pb_bg_layout_dark et_pb_media_alignment_center et-pb-active-slide\" data-slide-id=\"et_pb_slide_2\">\n<div class=\"et_pb_container clearfix\">\n<div class=\"et_pb_slider_container_inner\">\n<div class=\"et_pb_slide_description\">\n<ul>\n<li class=\"et_pb_slide_title\">Los graduados estar\u00e1 en capacidad de identificar, evaluar y controlar los riesgos, buscando las mejoras en las condiciones de salud y trabajo, productividad y competitividad permanente en las organizaciones.<\/li>\n<\/ul>\n<div class=\"et_pb_slides\">\n<div class=\"et_pb_slide et_pb_slide_1 et_pb_bg_layout_dark et_pb_media_alignment_center et-pb-active-slide\" data-slide-id=\"et_pb_slide_1\">\n<div class=\"et_pb_container clearfix\">\n<div class=\"et_pb_slider_container_inner\">\n<div class=\"et_pb_slide_description\">\n<ul>\n<li class=\"et_pb_slide_title\">Pr\u00e1cticas presenciales una vez al semestre en espacios como la Estaci\u00f3n de Bomberos de Piedecuesta.<\/li>\n<\/ul>\n<div class=\"et_pb_slides\">\n<div class=\"et_pb_slide et_pb_slide_0 et_pb_bg_layout_dark et_pb_media_alignment_center et-pb-active-slide\" data-slide-id=\"et_pb_slide_0\">\n<div class=\"et_pb_container clearfix\">\n<div class=\"et_pb_slider_container_inner\">\n<div class=\"et_pb_slide_description\">\n<ul>\n<li class=\"et_pb_slide_title\">Modalidad virtual que permite flexibilidad en el aprendizaje para el estudiante.<\/li>\n<\/ul>\n<\/div>\n<\/div>\n<\/div>\n<\/div>\n<\/div>\n<div class=\"et-pb-slider-arrows\"><\/div>\n<\/div>\n<\/div>\n<\/div>\n<\/div>\n<\/div>\n<div class=\"et-pb-slider-arrows\">\n<hr \/>\n<\/div>\n<\/div>\n<\/div>\n<\/div>\n<\/div>\n<\/div>\n<div class=\"et-pb-slider-arrows\">\n<h4 class=\"et_pb_toggle_title\"><strong><span style=\"color: #008000;\">Perfil profesional<\/span><\/strong><\/h4>\n<div class=\"et_pb_toggle_content clearfix\">\n<div class=\"page\" title=\"Page 3\">\n<div class=\"section\">\n<div class=\"layoutArea\">\n<div class=\"column\">\n<div class=\"page\" title=\"Page 27\">\n<div class=\"section\">\n<div class=\"layoutArea\">\n<div class=\"column\">\n<div class=\"page\" title=\"Page 30\">\n<div class=\"section\">\n<div class=\"layoutArea\">\n<div class=\"column\">\n<div class=\"page\" title=\"Page 33\">\n<div class=\"section\">\n<div class=\"layoutArea\">\n<div class=\"column\">\n<div class=\"page\" title=\"Page 36\">\n<div class=\"section\">\n<div class=\"layoutArea\">\n<div class=\"column\">\n<div class=\"page\" title=\"Page 37\">\n<div class=\"section\">\n<div class=\"layoutArea\">\n<div class=\"column\">\n<p>El Tecno\u0301logo en Seguridad y Salud en el Trabajo UNAB es un ciudadano competente acade\u0301micamente, con so\u0301lida formacio\u0301n e\u0301tica, con actitud de servicio y respetuoso de los valores del desarrollo humano. Contribuye al mejoramiento de la sociedad, mediante\u00a0la identificacio\u0301n y solucio\u0301n de problemas en a\u0301reas de Seguridad y Salud en el Trabajo en los sectores productivos. Es reflexivo y cri\u0301tico en la construccio\u0301n de criterios para\u00a0la toma de decisiones y es creativo e innovador en la implementacio\u0301n y generacio\u0301n de ambientes de trabajo seguros en las empresas. Su formacio\u0301n le permite el disen\u0303o e implementacio\u0301n del Sistema de Gestio\u0301n en Seguridad y Salud en el Trabajo, gestionando las medidas de proteccio\u0301n y prevencio\u0301n pertinentes que mejoren las condiciones de salud y trabajo de los trabajadores cumpliendo con el marco normativo legal vigente.<\/p>\n<hr \/>\n<h4 class=\"et_pb_toggle_title\"><strong><span style=\"color: #008000;\">Perfil ocupacional<\/span><\/strong><\/h4>\n<div class=\"et_pb_toggle_content clearfix\">\n<div class=\"page\" title=\"Page 37\">\n<div class=\"section\">\n<div class=\"layoutArea\">\n<div class=\"column\">\n<p>El Tecno\u0301logo en Seguridad y Salud en el Trabajo UNAB (SGSST) podra\u0301 desempen\u0303ar los\u00a0siguientes cargos en empresas de hasta cincuenta (50) trabajadores, clasificadas con\u00a0riesgo I, II,III:<\/p>\n<\/div>\n<\/div>\n<div class=\"layoutArea\">\n<div class=\"column\"><\/div>\n<div class=\"column\">\n<ul>\n<li>Coordinador de SGSST. Li\u0301der de SGSST. Inspector de SGSST.<\/li>\n<li>Analista de SGSST.<\/li>\n<li>Asesor de SGSST.<\/li>\n<li>Consultor de SGSST.<\/li>\n<\/ul>\n<hr \/>\n<h4 class=\"et_pb_toggle_title\"><strong><span style=\"color: #008000;\">Perfil laboral<\/span><\/strong><\/h4>\n<div class=\"et_pb_toggle_content clearfix\">\n<div class=\"page\" title=\"Page 37\">\n<div class=\"section\">\n<div class=\"layoutArea\">\n<div class=\"column\">\n<ul>\n<li>Elabora la matriz de peligros, evalu\u0301a y controla los riesgos y establece medidas de control.<\/li>\n<li>Elabora el sistema de vigilancia epidemiolo\u0301gica.<\/li>\n<li>Determina el origen de los accidentes\u00a0de trabajo identificando su causalidad\u00a0e interviene en la mejora continua de los procesos para eliminar o minimizar su ocurrencia.<\/li>\n<li>Cumple y aplica normas legales vigentes para generar espacios de trabajo, seguros y saludables.<\/li>\n<li>Establece el procedimiento para ejecutar el SGSST en las organizaciones, asi\u0301 como el desarrollo de actividades contenidas en el plan de trabajo anual.<\/li>\n<li>Participa de procesos investigativos que permiten construir conocimiento de manera sistema\u0301tica para comprender y apoyar la transformacio\u0301n de su profesio\u0301n y ejercicio laboral.<\/li>\n<li>Integra equipos de trabajo y toma decisiones teniendo en cuenta los principios e\u0301ticos de su profesio\u0301n.<\/li>\n<li>Utiliza el ingle\u0301s para ampliar su campo de ejercicio laboral y fortalecer sus competencias y actuar profesional.<\/li>\n<li>Potencia sus habilidades creativas en el a\u0301mbito personal, profesional y organizacional.<\/li>\n<li>Valora sus capacidades en relacio\u0301n con lo colectivo, mediante la reflexio\u0301n como persona social y sociable.<\/li>\n<\/ul>\n<hr \/>\n<h1 style=\"text-align: center;\"><span style=\"color: #008000;\"><strong>Plan de estudios<\/strong><\/span><\/h1>\n<table width=\"95%\" align=\"center\">\n<tbody>\n<tr>\n<td>\n<table border=\"0\" width=\"90%\" align=\"center\">\n<tbody>\n<tr bgcolor=\"#FFFFFF\">\n<td colspan=\"3\"><\/td>\n<\/tr>\n<tr>\n<td class=\"tablas_th\"><strong>Primer Semestre<\/strong><\/td>\n<td class=\"tablas_th\" width=\"20%\">Cr\u00e9ditos<\/td>\n<td class=\"tablas_th\" width=\"20%\"><\/td>\n<\/tr>\n<tr class=\"tablas_td\">\n<td width=\"60%\">EL CUERPO HUMANO Y SUS CUIDADOS EN EL TRABAJO<\/td>\n<td align=\"center\" width=\"20%\">3<\/td>\n<td align=\"center\">\n<div class=\"w3-container\"><\/div>\n<\/td>\n<\/tr>\n<tr class=\"tablas_td\">\n<td width=\"60%\">EXPRESION<\/td>\n<td align=\"center\" width=\"20%\">4<\/td>\n<td align=\"center\">\n<div class=\"w3-container\"><\/div>\n<\/td>\n<\/tr>\n<tr class=\"tablas_td\">\n<td width=\"60%\">INTRODUCCION A LA SEGURIDAD Y SALUD EN EL TRABAJO<\/td>\n<td align=\"center\" width=\"20%\">2<\/td>\n<td align=\"center\">\n<div class=\"w3-container\"><\/div>\n<\/td>\n<\/tr>\n<tr class=\"tablas_td\">\n<td width=\"60%\">MEDICINA PREVENTIVA, FACTORES ERGONOMICOS Y PSICOSOCIALES<\/td>\n<td align=\"center\" width=\"20%\">2<\/td>\n<td align=\"center\">\n<div class=\"w3-container\"><\/div>\n<\/td>\n<\/tr>\n<tr class=\"tablas_td\">\n<td width=\"60%\">PROCESOS INDUSTRIALES<\/td>\n<td align=\"center\" width=\"20%\">2<\/td>\n<td align=\"center\">\n<div class=\"w3-container\"><\/div>\n<\/td>\n<\/tr>\n<tr class=\"tablas_td\">\n<td width=\"60%\">USO DE HERRAMIENTAS OFIM\u00c1TICAS<\/td>\n<td align=\"center\" width=\"20%\">2<\/td>\n<td align=\"center\">\n<div class=\"w3-container\"><\/div>\n<\/td>\n<\/tr>\n<\/tbody>\n<\/table>\n<table border=\"0\" width=\"90%\" align=\"center\">\n<tbody>\n<tr>\n<td class=\"tablas_td\" colspan=\"1\" align=\"right\"><b>Total Cr\u00e9ditos<\/b><\/td>\n<td class=\"tablas_td\" align=\"center\" width=\"20%\"><b>15<\/b><\/td>\n<td class=\"tablas_td\"><\/td>\n<\/tr>\n<tr bgcolor=\"#FFFFFF\">\n<td colspan=\"3\"><\/td>\n<\/tr>\n<tr>\n<td class=\"tablas_th\"><strong>Segundo Semestre<\/strong><\/td>\n<td class=\"tablas_th\" width=\"20%\">Cr\u00e9ditos<\/td>\n<td class=\"tablas_th\" width=\"20%\"><\/td>\n<\/tr>\n<tr class=\"tablas_td\">\n<td width=\"60%\">CIENCIAS BASICAS PARA LA RESOLUCION DE PROBLEMAS RELCIONADOS EN SST<\/td>\n<td align=\"center\" width=\"20%\">3<\/td>\n<td align=\"center\">\n<div class=\"w3-container\"><\/div>\n<\/td>\n<\/tr>\n<tr class=\"tablas_td\">\n<td width=\"60%\">IDENTIDAD<\/td>\n<td align=\"center\" width=\"20%\">3<\/td>\n<td align=\"center\">\n<div class=\"w3-container\"><\/div>\n<\/td>\n<\/tr>\n<tr class=\"tablas_td\">\n<td width=\"60%\">IDENTIFICACION DE PELIGROS, EVALUACION, VALORACION DE LOS RIESGOS Y MEDIDAS DE CONTROL<\/td>\n<td align=\"center\" width=\"20%\">3<\/td>\n<td align=\"center\">\n<div class=\"w3-container\"><\/div>\n<\/td>\n<\/tr>\n<tr class=\"tablas_td\">\n<td width=\"60%\">INGLES A1<\/td>\n<td align=\"center\" width=\"20%\">2<\/td>\n<td align=\"center\">\n<div class=\"w3-container\"><\/div>\n<\/td>\n<\/tr>\n<tr class=\"tablas_td\">\n<td width=\"60%\">NORMATIVIDAD EN SEGURIDAD Y SALUD EN EL TRABAJO<\/td>\n<td align=\"center\" width=\"20%\">4<\/td>\n<td align=\"center\">\n<div class=\"w3-container\"><\/div>\n<\/td>\n<\/tr>\n<tr class=\"tablas_td\">\n<td width=\"60%\">TALLER DE DESARROLLO HUMANO VIRTUAL<\/td>\n<td align=\"center\" width=\"20%\">1<\/td>\n<td align=\"center\">\n<div class=\"w3-container\"><\/div>\n<\/td>\n<\/tr>\n<tr class=\"tablas_td\">\n<td width=\"60%\">VIGILANCIA EPIDEMIOL\u00d3GICA DE LA SALUD EN EL TRABAJO<\/td>\n<td align=\"center\" width=\"20%\">2<\/td>\n<td align=\"center\">\n<div class=\"w3-container\"><\/div>\n<\/td>\n<\/tr>\n<\/tbody>\n<\/table>\n<table border=\"0\" width=\"90%\" align=\"center\">\n<tbody>\n<tr>\n<td class=\"tablas_td\" colspan=\"1\" align=\"right\"><b>Total Cr\u00e9ditos<\/b><\/td>\n<td class=\"tablas_td\" align=\"center\" width=\"20%\"><b>18<\/b><\/td>\n<td class=\"tablas_td\"><\/td>\n<\/tr>\n<tr bgcolor=\"#FFFFFF\">\n<td colspan=\"3\"><\/td>\n<\/tr>\n<tr>\n<td class=\"tablas_th\"><strong>Tercer Semestre<\/strong><\/td>\n<td class=\"tablas_th\" width=\"20%\">Cr\u00e9ditos<\/td>\n<td class=\"tablas_th\" width=\"20%\"><\/td>\n<\/tr>\n<tr class=\"tablas_td\">\n<td width=\"60%\">CREATIVIDAD<\/td>\n<td align=\"center\" width=\"20%\">3<\/td>\n<td align=\"center\">\n<div class=\"w3-container\"><\/div>\n<\/td>\n<\/tr>\n<tr class=\"tablas_td\">\n<td width=\"60%\">HERRAMIENTAS EFICACES PARA LA ADMINISTRACI\u00d3N DEL SGSST<\/td>\n<td align=\"center\" width=\"20%\">4<\/td>\n<td align=\"center\">\n<div class=\"w3-container\"><\/div>\n<\/td>\n<\/tr>\n<tr class=\"tablas_td\">\n<td width=\"60%\">INGLES A2<\/td>\n<td align=\"center\" width=\"20%\">3<\/td>\n<td align=\"center\">\n<div class=\"w3-container\"><\/div>\n<\/td>\n<\/tr>\n<tr class=\"tablas_td\">\n<td width=\"60%\">SEGURIDAD Y SALUD EN EL TRABAJO EN RELACION CON LOS SIG<\/td>\n<td align=\"center\" width=\"20%\">4<\/td>\n<td align=\"center\">\n<div class=\"w3-container\"><\/div>\n<\/td>\n<\/tr>\n<tr class=\"tablas_td\">\n<td width=\"60%\">SEMINARIO TALLER EN SST<\/td>\n<td align=\"center\" width=\"20%\">3<\/td>\n<td align=\"center\">\n<div class=\"w3-container\"><\/div>\n<\/td>\n<\/tr>\n<tr class=\"tablas_td\">\n<td width=\"60%\">TALLER DEPOR RECRE Y CULTURA<\/td>\n<td align=\"center\" width=\"20%\">1<\/td>\n<td align=\"center\">\n<div class=\"w3-container\"><\/div>\n<\/td>\n<\/tr>\n<\/tbody>\n<\/table>\n<table border=\"0\" width=\"90%\" align=\"center\">\n<tbody>\n<tr>\n<td class=\"tablas_td\" colspan=\"1\" align=\"right\"><b>Total Cr\u00e9ditos<\/b><\/td>\n<td class=\"tablas_td\" align=\"center\" width=\"20%\"><b>18<\/b><\/td>\n<td class=\"tablas_td\"><\/td>\n<\/tr>\n<tr bgcolor=\"#FFFFFF\">\n<td colspan=\"3\"><\/td>\n<\/tr>\n<tr>\n<td class=\"tablas_th\"><strong>Cuarto Semestre<\/strong><\/td>\n<td class=\"tablas_th\" width=\"20%\">Cr\u00e9ditos<\/td>\n<td class=\"tablas_th\" width=\"20%\">Gu\u00eda<\/td>\n<\/tr>\n<tr class=\"tablas_td\">\n<td width=\"60%\">ELECTIVA SOCIOHUMANISTICA<\/td>\n<td align=\"center\" width=\"20%\">3<\/td>\n<td align=\"center\">\n<div class=\"w3-container\"><\/div>\n<\/td>\n<\/tr>\n<tr class=\"tablas_td\">\n<td width=\"60%\">ELECTIVA DE CONTEXTO *<\/td>\n<td align=\"center\" width=\"20%\">3<\/td>\n<td align=\"center\">\n<div class=\"w3-container\"><\/div>\n<\/td>\n<\/tr>\n<tr class=\"tablas_td\">\n<td width=\"60%\">ELECTIVA PROFESIONAL I<\/td>\n<td align=\"center\" width=\"20%\">3<\/td>\n<td align=\"center\">\n<div class=\"w3-container\"><\/div>\n<\/td>\n<\/tr>\n<tr class=\"tablas_td\">\n<td width=\"60%\">HIGIENE Y SEGURIDAD INDUSTRIAL<\/td>\n<td align=\"center\" width=\"20%\">4<\/td>\n<td align=\"center\">\n<div class=\"w3-container\"><\/div>\n<\/td>\n<\/tr>\n<tr class=\"tablas_td\">\n<td width=\"60%\">INGLES B1<\/td>\n<td align=\"center\" width=\"20%\">4<\/td>\n<td align=\"center\">\n<div class=\"w3-container\"><\/div>\n<\/td>\n<\/tr>\n<tr class=\"tablas_td\">\n<td width=\"60%\">PROYECTO INTEGRADOR I<\/td>\n<td align=\"center\" width=\"20%\">2<\/td>\n<td align=\"center\">\n<div class=\"w3-container\"><\/div>\n<\/td>\n<\/tr>\n<\/tbody>\n<\/table>\n<table border=\"0\" width=\"90%\" align=\"center\">\n<tbody>\n<tr>\n<td class=\"tablas_td\" colspan=\"1\" align=\"right\"><b>Total Cr\u00e9ditos<\/b><\/td>\n<td class=\"tablas_td\" align=\"center\" width=\"20%\"><b>19<\/b><\/td>\n<td class=\"tablas_td\"><\/td>\n<\/tr>\n<tr bgcolor=\"#FFFFFF\">\n<td colspan=\"3\"><\/td>\n<\/tr>\n<tr>\n<td class=\"tablas_th\"><strong>Quinto Semestre<\/strong><\/td>\n<td class=\"tablas_th\" width=\"20%\">Cr\u00e9ditos<\/td>\n<td class=\"tablas_th\" width=\"20%\"><\/td>\n<\/tr>\n<tr class=\"tablas_td\">\n<td width=\"60%\">ANDRAGOGIA EN SEGURIDAD Y SALUD EN EL TRABAJO<\/td>\n<td align=\"center\" width=\"20%\">2<\/td>\n<td align=\"center\">\n<div class=\"w3-container\"><\/div>\n<\/td>\n<\/tr>\n<tr class=\"tablas_td\">\n<td width=\"60%\">ELECTIVA PROFESIONAL II<\/td>\n<td align=\"center\" width=\"20%\">3<\/td>\n<td align=\"center\">\n<div class=\"w3-container\"><\/div>\n<\/td>\n<\/tr>\n<tr class=\"tablas_td\">\n<td width=\"60%\">ESTRATEGIAS PARA LA PREVENCION, PREPARACION Y RESPUESTA ANTE EMERGENCIAS<\/td>\n<td align=\"center\" width=\"20%\">2<\/td>\n<td align=\"center\">\n<div class=\"w3-container\"><\/div>\n<\/td>\n<\/tr>\n<tr class=\"tablas_td\">\n<td width=\"60%\">FORMACION EN CENTROS DETRABAJO<\/td>\n<td align=\"center\" width=\"20%\">6<\/td>\n<td align=\"center\">\n<div class=\"w3-container\"><\/div>\n<\/td>\n<\/tr>\n<tr class=\"tablas_td\">\n<td width=\"60%\">PROYECTO INTEGRADOR II<\/td>\n<td align=\"center\" width=\"20%\">2<\/td>\n<td align=\"center\">\n<div class=\"w3-container\"><\/div>\n<\/td>\n<\/tr>\n<tr>\n<td class=\"tablas_td\" colspan=\"1\" align=\"right\" width=\"60%\"><b>Total Cr\u00e9ditos<\/b><\/td>\n<td class=\"tablas_td\" align=\"center\" width=\"20%\"><b>15<\/b><\/td>\n<\/tr>\n<tr class=\"alertas\">\n<td colspan=\"3\" align=\"center\">Total cr\u00e9ditos del programa: 85<\/td>\n<\/tr>\n<\/tbody>\n<\/table>\n<\/td>\n<\/tr>\n<\/tbody>\n<\/table>\n<\/div>\n<\/div>\n<\/div>\n<\/div>\n<\/div>\n<\/div>\n<\/div>\n<\/div>\n<\/div>\n<\/div>\n<\/div>\n<\/div>\n<\/div>\n<\/div>\n<\/div>\n<\/div>\n<\/div>\n<\/div>\n<\/div>\n<\/div>\n<\/div>\n<\/div>\n<\/div>\n<\/div>\n<\/div>\n<\/div>\n<\/div>\n<\/div>\n<\/div>\n<\/div>\n<\/div>\n<\/div>\n<\/div>\n<\/div>\n<\/div>\n<\/div>\n<\/div>\n<\/div>\n<\/div>\n<\/div>\n<\/div>\n<\/div>\n","protected":false},"excerpt":{"rendered":"<p>La Tecnolog\u00eda en Seguridad y Salud en el Trabajo de la UNAB forma tecn\u00f3logos que se desempe\u00f1an en el sector productivo ejecutando actividades encaminadas a promover entornos de trabajo seguros y saludables, previniendo accidentes de trabajo y enfermedades laborales. &nbsp; T\u00edtulo otorgado Tecn\u00f3logo\/a en Seguridad&#8230;<\/p>\n","protected":false},"author":16,"featured_media":0,"parent":0,"menu_order":0,"comment_status":"closed","ping_status":"closed","template":"","meta":{"footnotes":""},"class_list":["post-5658","page","type-page","status-publish","hentry"],"aioseo_notices":[],"_links":{"self":[{"href":"https:\/\/sic.nodscloud.com\/nodsglobal\/wp-json\/wp\/v2\/pages\/5658","targetHints":{"allow":["GET"]}}],"collection":[{"href":"https:\/\/sic.nodscloud.com\/nodsglobal\/wp-json\/wp\/v2\/pages"}],"about":[{"href":"https:\/\/sic.nodscloud.com\/nodsglobal\/wp-json\/wp\/v2\/types\/page"}],"author":[{"embeddable":true,"href":"https:\/\/sic.nodscloud.com\/nodsglobal\/wp-json\/wp\/v2\/users\/16"}],"replies":[{"embeddable":true,"href":"https:\/\/sic.nodscloud.com\/nodsglobal\/wp-json\/wp\/v2\/comments?post=5658"}],"version-history":[{"count":4,"href":"https:\/\/sic.nodscloud.com\/nodsglobal\/wp-json\/wp\/v2\/pages\/5658\/revisions"}],"predecessor-version":[{"id":5905,"href":"https:\/\/sic.nodscloud.com\/nodsglobal\/wp-json\/wp\/v2\/pages\/5658\/revisions\/5905"}],"wp:attachment":[{"href":"https:\/\/sic.nodscloud.com\/nodsglobal\/wp-json\/wp\/v2\/media?parent=5658"}],"curies":[{"name":"wp","href":"https:\/\/api.w.org\/{rel}","templated":true}]}}