
{"id":5660,"date":"2024-11-06T17:36:51","date_gmt":"2024-11-06T17:36:51","guid":{"rendered":"https:\/\/sic.nodscloud.com\/nodsglobal\/?page_id=5660"},"modified":"2024-11-11T16:15:53","modified_gmt":"2024-11-11T16:15:53","slug":"tecnologia-en-marketing","status":"publish","type":"page","link":"https:\/\/sic.nodscloud.com\/nodsglobal\/tecnologia-en-marketing\/","title":{"rendered":"Tecnolog\u00eda en Marketing"},"content":{"rendered":"<p><img fetchpriority=\"high\" decoding=\"async\" class=\"alignnone size-full wp-image-5615\" src=\"https:\/\/sic.nodscloud.com\/nodsglobal\/wp-content\/uploads\/sites\/3\/2024\/11\/unab.png\" sizes=\"(max-width: 400px) 100vw, 400px\" srcset=\"https:\/\/sic.nodscloud.com\/nodsglobal\/wp-content\/uploads\/sites\/3\/2024\/11\/unab.png 400w, https:\/\/sic.nodscloud.com\/nodsglobal\/wp-content\/uploads\/sites\/3\/2024\/11\/unab-300x95.png 300w\" alt=\"\" width=\"400\" height=\"126\" \/><img decoding=\"async\" class=\" lazyloaded\" title=\"logo_acreditacion_UNAB\" src=\"https:\/\/unab.edu.co\/wp-content\/uploads\/archivos\/imagenes\/logo-acreditacion-UNAB.png\" alt=\"\" data-src=\"\/wp-content\/uploads\/archivos\/imagenes\/logo-acreditacion-UNAB.png\" \/><\/p>\n<p><img decoding=\"async\" class=\"alignnone size-large wp-image-5910\" src=\"https:\/\/sic.nodscloud.com\/nodsglobal\/wp-content\/uploads\/sites\/3\/2024\/11\/ma1-1024x215.png\" alt=\"\" width=\"1024\" height=\"215\" srcset=\"https:\/\/sic.nodscloud.com\/nodsglobal\/wp-content\/uploads\/sites\/3\/2024\/11\/ma1-1024x215.png 1024w, https:\/\/sic.nodscloud.com\/nodsglobal\/wp-content\/uploads\/sites\/3\/2024\/11\/ma1-300x63.png 300w, https:\/\/sic.nodscloud.com\/nodsglobal\/wp-content\/uploads\/sites\/3\/2024\/11\/ma1-768x161.png 768w, https:\/\/sic.nodscloud.com\/nodsglobal\/wp-content\/uploads\/sites\/3\/2024\/11\/ma1-700x147.png 700w, https:\/\/sic.nodscloud.com\/nodsglobal\/wp-content\/uploads\/sites\/3\/2024\/11\/ma1.png 1071w\" sizes=\"(max-width: 1024px) 100vw, 1024px\" \/><\/p>\n<div class=\"et_pb_row et_pb_row_2\">\n<div class=\"et_pb_column et_pb_column_4_4 et_pb_column_3 et_pb_css_mix_blend_mode_passthrough et-last-child\">\n<div class=\"et_pb_module et_pb_text et_pb_text_1 et_pb_text_align_justified et_pb_bg_layout_light\">\n<div class=\"et_pb_text_inner\">\n<p>La Tecnolog\u00eda en Marketing de la UNAB es un programa de car\u00e1cter y relacionamiento internacional de alto nivel, implantado directamente por Francia en Colombia y articulado con los Institutos Tecnol\u00f3gicos Franceses \u2013 IUT.<\/p>\n<p>El programa forma tecn\u00f3logos calificados, con amplias competencias para liderar equipos comerciales y de ventas, con un enfoque en el desarrollo de estrategias de promoci\u00f3n, marketing de productos, servicios y an\u00e1lisis de mercados.<\/p>\n<p>&nbsp;<\/p>\n<\/div>\n<\/div>\n<\/div>\n<\/div>\n<div class=\"et_pb_row et_pb_row_3\">\n<div class=\"et_pb_column et_pb_column_1_2 et_pb_column_4 et_pb_css_mix_blend_mode_passthrough\">\n<div class=\"et_pb_module et_pb_blurb et_pb_blurb_0 et_pb_text_align_left et_pb_blurb_position_left et_pb_bg_layout_light\">\n<div class=\"et_pb_blurb_content\">\n<div class=\"et_pb_main_blurb_image\"><\/div>\n<div class=\"et_pb_blurb_container\">\n<h4 class=\"et_pb_module_header\"><strong><span style=\"color: #008000;\">T\u00edtulo otorgado<\/span><\/strong><\/h4>\n<div class=\"et_pb_blurb_description\">\n<p>Tecn\u00f3logo\/a en Marketing<\/p>\n<p>&nbsp;<\/p>\n<\/div>\n<\/div>\n<\/div>\n<\/div>\n<div class=\"et_pb_module et_pb_blurb et_pb_blurb_1 et_pb_text_align_left et_pb_blurb_position_left et_pb_bg_layout_light\">\n<div class=\"et_pb_main_blurb_image\"><\/div>\n<div class=\"et_pb_blurb_content\">\n<div class=\"et_pb_blurb_container\">\n<h4 class=\"et_pb_module_header\"><strong><span style=\"color: #008000;\">Nivel de formaci\u00f3n<\/span><\/strong><\/h4>\n<div class=\"et_pb_blurb_description\">\n<p>Tecnolog\u00eda<\/p>\n<p>&nbsp;<\/p>\n<\/div>\n<\/div>\n<\/div>\n<\/div>\n<div class=\"et_pb_module et_pb_blurb et_pb_blurb_2 et_pb_text_align_left et_pb_blurb_position_left et_pb_bg_layout_light\">\n<div class=\"et_pb_blurb_content\">\n<div class=\"et_pb_main_blurb_image\"><\/div>\n<div class=\"et_pb_blurb_container\">\n<h4 class=\"et_pb_module_header\"><strong><span style=\"color: #008000;\">Modalidad<\/span><\/strong><\/h4>\n<div class=\"et_pb_blurb_description\">\n<p>Virtual<\/p>\n<p>&nbsp;<\/p>\n<\/div>\n<\/div>\n<\/div>\n<\/div>\n<div class=\"et_pb_module et_pb_blurb et_pb_blurb_3 et_pb_text_align_left et_pb_blurb_position_left et_pb_bg_layout_light\">\n<div class=\"et_pb_blurb_content\">\n<div class=\"et_pb_main_blurb_image\"><\/div>\n<div class=\"et_pb_blurb_container\">\n<h4 class=\"et_pb_module_header\"><strong><span style=\"color: #008000;\">Duraci\u00f3n<\/span><\/strong><\/h4>\n<div class=\"et_pb_blurb_description\">\n<p>5 semestres<\/p>\n<hr \/>\n<div class=\"et_pb_module et_pb_text et_pb_text_2 et_pb_text_align_left et_pb_bg_layout_light\">\n<div class=\"et_pb_text_inner\">\n<h2 style=\"text-align: center;\"><span style=\"color: #008000;\"><strong>\u00bfPor qu\u00e9 estudiar Tecnolog\u00eda en Marketing en la UNAB?<\/strong><\/span><\/h2>\n<\/div>\n<div class=\"et_pb_slides\">\n<div class=\"et_pb_slide et_pb_slide_0 et_pb_bg_layout_dark et_pb_media_alignment_center et-pb-active-slide\" data-slide-id=\"et_pb_slide_0\">\n<div class=\"et_pb_container clearfix\">\n<div class=\"et_pb_slider_container_inner\">\n<div class=\"et_pb_slide_description\">\n<ul>\n<li class=\"et_pb_slide_title\">Porque el programa se desarroll\u00f3 con los IT de Francia y su plan de estudios es igual, lo que da m\u00e1s oportunidades de internacionalizarse.<\/li>\n<\/ul>\n<\/div>\n<div class=\"et_pb_slides\">\n<div class=\"et_pb_slide et_pb_slide_1 et_pb_bg_layout_dark et_pb_media_alignment_center et-pb-active-slide\" data-slide-id=\"et_pb_slide_1\">\n<div class=\"et_pb_container clearfix\">\n<div class=\"et_pb_slider_container_inner\">\n<div class=\"et_pb_slide_description\">\n<ul>\n<li class=\"et_pb_slide_title\">Porque puedes hacer movilidad internacional muy f\u00e1cil con nuestros partners de la Red de Instituciones Universitarias Tecnol\u00f3gicas en Francia.<\/li>\n<\/ul>\n<\/div>\n<\/div>\n<\/div>\n<\/div>\n<\/div>\n<div class=\"et-pb-slider-arrows\">\n<div class=\"et_pb_slides\">\n<div class=\"et_pb_slide et_pb_slide_2 et_pb_bg_layout_dark et_pb_media_alignment_center et-pb-active-slide\" data-slide-id=\"et_pb_slide_2\">\n<div class=\"et_pb_container clearfix\">\n<div class=\"et_pb_slider_container_inner\">\n<div class=\"et_pb_slide_description\">\n<ul>\n<li class=\"et_pb_slide_title\">Porque este programa te prepara con dos idiomas (ingl\u00e9s y franc\u00e9s) para que pienses globalmente.<\/li>\n<\/ul>\n<\/div>\n<\/div>\n<\/div>\n<\/div>\n<\/div>\n<div class=\"et-pb-slider-arrows\">\n<div class=\"et_pb_slides\">\n<div class=\"et_pb_slide et_pb_slide_3 et_pb_bg_layout_dark et_pb_media_alignment_center et-pb-active-slide\" data-slide-id=\"et_pb_slide_3\">\n<div class=\"et_pb_container clearfix\">\n<div class=\"et_pb_slider_container_inner\">\n<div class=\"et_pb_slide_description\">\n<ul>\n<li class=\"et_pb_slide_title\">Porque podr\u00e1s ver clases en simult\u00e1neo con estudiantes de otras universidades en el pa\u00eds o en el mundo.<\/li>\n<\/ul>\n<\/div>\n<\/div>\n<\/div>\n<\/div>\n<\/div>\n<div class=\"et-pb-slider-arrows\">\n<div class=\"et_pb_slides\">\n<div class=\"et_pb_slide et_pb_slide_4 et_pb_bg_layout_dark et_pb_media_alignment_center et-pb-active-slide\" data-slide-id=\"et_pb_slide_4\">\n<div class=\"et_pb_container clearfix\">\n<div class=\"et_pb_slider_container_inner\">\n<div class=\"et_pb_slide_description\">\n<ul>\n<li class=\"et_pb_slide_title\">Porque cuando te grad\u00faes podr\u00e1s homologar el 46% de tus cursos con Profesional en Marketing.<\/li>\n<\/ul>\n<\/div>\n<\/div>\n<\/div>\n<\/div>\n<\/div>\n<div class=\"et-pb-slider-arrows\">\n<div class=\"et_pb_slides\">\n<div class=\"et_pb_slide et_pb_slide_5 et_pb_bg_layout_dark et_pb_media_alignment_center et-pb-active-slide\" data-slide-id=\"et_pb_slide_5\">\n<div class=\"et_pb_container clearfix\">\n<div class=\"et_pb_slider_container_inner\">\n<div class=\"et_pb_slide_description\">\n<ul>\n<li class=\"et_pb_slide_title\">Si eres trabajador y tu trabajo est\u00e1 en l\u00ednea con tu programa, podr\u00e1s homologar tu pr\u00e1ctica empresarial.<\/li>\n<\/ul>\n<\/div>\n<\/div>\n<\/div>\n<\/div>\n<\/div>\n<div class=\"et-pb-slider-arrows\">\n<hr \/>\n<\/div>\n<\/div>\n<\/div>\n<\/div>\n<\/div>\n<\/div>\n<\/div>\n<\/div>\n<\/div>\n<div class=\"et-pb-slider-arrows\">\n<h2 class=\"et_pb_module_header\"><strong><span style=\"color: #008000;\">Perfil profesional<\/span><\/strong><\/h2>\n<div>\n<p>Los Tecn\u00f3logos en Marketing de la UNAB poseen amplias competencias e intervienen en todas las etapas de la comercializaci\u00f3n: desde el estudio de mercados hasta la venta, pasando por la estrategia de marketing, la comunicaci\u00f3n comercial, la negociaci\u00f3n en compras, la negociaci\u00f3n en ventas y la relaci\u00f3n con el cliente.<\/p>\n<p>Funciones:<\/p>\n<ul>\n<li>Dirige y conduce equipos comerciales y ventas.<\/li>\n<li>Implementa estrategias de ventas y marketing.<\/li>\n<li>Brinda soporte al departamento Comercial.<\/li>\n<li>Administra el proceso comercial enmarcado dentro de la organizaci\u00f3n.<\/li>\n<li>Operacionaliza las directrices a fin de dirigir las acciones requeridas para el logro de los objetivos estrat\u00e9gicos en el \u00e1mbito Comercial.<\/li>\n<li>Entrena, motiva y orienta recursos humanos de los equipos comerciales.<\/li>\n<\/ul>\n<hr \/>\n<h2 class=\"et_pb_module_header\"><strong><span style=\"color: #008000;\">Campos de acci\u00f3n<\/span><\/strong><\/h2>\n<div>\n<p>Los Tecn\u00f3logos en Marketing de la UNAB pueden operar en todos los sectores de la actividad econ\u00f3mica (banca, seguros, gesti\u00f3n de patrimonio, sector inmobiliario, agr\u00edcola, transporte, comunicaci\u00f3n, industria, eventos, gran distribuci\u00f3n y comercio al por menor) en cargos como:<\/p>\n<ul>\n<li>Director de equipo comerciales.<\/li>\n<li>Supervisor de ventas.<\/li>\n<li>Administrador de ventas y servicios.<\/li>\n<li>Representante de ventas.<\/li>\n<\/ul>\n<hr \/>\n<h2 style=\"text-align: center;\"><strong><span style=\"color: #008000;\">Plan de estudios<\/span><\/strong><\/h2>\n<table width=\"95%\" align=\"center\">\n<tbody>\n<tr>\n<td>\n<table border=\"0\" width=\"90%\" align=\"center\">\n<tbody>\n<tr bgcolor=\"#FFFFFF\">\n<td colspan=\"3\"><\/td>\n<\/tr>\n<tr>\n<td class=\"tablas_th\"><strong>Primer Semestre<\/strong><\/td>\n<td class=\"tablas_th\" width=\"20%\">Cr\u00e9ditos<\/td>\n<td class=\"tablas_th\" width=\"20%\"><\/td>\n<\/tr>\n<tr class=\"tablas_td\">\n<td width=\"60%\">COMPETENCIAS COMUNICATIVAS<\/td>\n<td align=\"center\" width=\"20%\">3<\/td>\n<td align=\"center\">\n<div class=\"w3-container\"><\/div>\n<\/td>\n<\/tr>\n<tr class=\"tablas_td\">\n<td width=\"60%\">DERECHO COMERCIAL<\/td>\n<td align=\"center\" width=\"20%\">2<\/td>\n<td align=\"center\">\n<div class=\"w3-container\"><\/div>\n<\/td>\n<\/tr>\n<tr class=\"tablas_td\">\n<td width=\"60%\">ECONOMIA<\/td>\n<td align=\"center\" width=\"20%\">2<\/td>\n<td align=\"center\">\n<div class=\"w3-container\"><\/div>\n<\/td>\n<\/tr>\n<tr class=\"tablas_td\">\n<td width=\"60%\">ELECTIVA I<\/td>\n<td align=\"center\" width=\"20%\">2<\/td>\n<td align=\"center\">\n<div class=\"w3-container\"><\/div>\n<\/td>\n<\/tr>\n<tr class=\"tablas_td\">\n<td width=\"60%\">FUNDAMENTOS DE ADMINISTRACION<\/td>\n<td align=\"center\" width=\"20%\">2<\/td>\n<td align=\"center\">\n<div class=\"w3-container\"><\/div>\n<\/td>\n<\/tr>\n<tr class=\"tablas_td\">\n<td width=\"60%\">FUNDAMENTOS Y CONCEPTOS DE MARKETING<\/td>\n<td align=\"center\" width=\"20%\">3<\/td>\n<td align=\"center\">\n<div class=\"w3-container\"><\/div>\n<\/td>\n<\/tr>\n<tr class=\"tablas_td\">\n<td width=\"60%\">MATEMATICAS COMERCIALES<\/td>\n<td align=\"center\" width=\"20%\">2<\/td>\n<td align=\"center\">\n<div class=\"w3-container\"><\/div>\n<\/td>\n<\/tr>\n<tr class=\"tablas_td\">\n<td width=\"60%\">TALLER DESARROLLO HUMANO<\/td>\n<td align=\"center\" width=\"20%\">1<\/td>\n<td align=\"center\">\n<div class=\"w3-container\"><\/div>\n<\/td>\n<\/tr>\n<\/tbody>\n<\/table>\n<table border=\"0\" width=\"90%\" align=\"center\">\n<tbody>\n<tr>\n<td class=\"tablas_td\" colspan=\"1\" align=\"right\"><b>Total Cr\u00e9ditos<\/b><\/td>\n<td class=\"tablas_td\" align=\"center\" width=\"20%\"><b>17<\/b><\/td>\n<td class=\"tablas_td\"><\/td>\n<\/tr>\n<tr bgcolor=\"#FFFFFF\">\n<td colspan=\"3\"><\/td>\n<\/tr>\n<tr>\n<td class=\"tablas_th\"><strong>Segundo Semestre<\/strong><\/td>\n<td class=\"tablas_th\" width=\"20%\">Cr\u00e9ditos<\/td>\n<td class=\"tablas_th\" width=\"20%\"><\/td>\n<\/tr>\n<tr class=\"tablas_td\">\n<td width=\"60%\">DISTRIBUCION Y LOGISTICA<\/td>\n<td align=\"center\" width=\"20%\">2<\/td>\n<td align=\"center\">\n<div class=\"w3-container\"><\/div>\n<\/td>\n<\/tr>\n<tr class=\"tablas_td\">\n<td width=\"60%\">ELECTIVA II<\/td>\n<td align=\"center\" width=\"20%\">2<\/td>\n<td align=\"center\">\n<div class=\"w3-container\"><\/div>\n<\/td>\n<\/tr>\n<tr class=\"tablas_td\">\n<td width=\"60%\">ESTADISTICA Y PROBABILIDAD<\/td>\n<td align=\"center\" width=\"20%\">2<\/td>\n<td align=\"center\">\n<div class=\"w3-container\"><\/div>\n<\/td>\n<\/tr>\n<tr class=\"tablas_td\">\n<td width=\"60%\">INVESTIGACION COMERCIAL<\/td>\n<td align=\"center\" width=\"20%\">3<\/td>\n<td align=\"center\">\n<div class=\"w3-container\"><\/div>\n<\/td>\n<\/tr>\n<tr class=\"tablas_td\">\n<td width=\"60%\">LENGUA EXTRANJERA I<\/td>\n<td align=\"center\" width=\"20%\">2<\/td>\n<td align=\"center\">\n<div class=\"w3-container\"><\/div>\n<\/td>\n<\/tr>\n<tr class=\"tablas_td\">\n<td width=\"60%\">PROYECTO DE VIDA TDC<\/td>\n<td align=\"center\" width=\"20%\">3<\/td>\n<td align=\"center\">\n<div class=\"w3-container\"><\/div>\n<\/td>\n<\/tr>\n<tr class=\"tablas_td\">\n<td width=\"60%\">PSICOLOGIA DEL CONSUMIDOR<\/td>\n<td align=\"center\" width=\"20%\">2<\/td>\n<td align=\"center\">\n<div class=\"w3-container\"><\/div>\n<\/td>\n<\/tr>\n<tr class=\"tablas_td\">\n<td width=\"60%\">TALLER DE DEPORTES, RECREACION Y CULTURA<\/td>\n<td align=\"center\" width=\"20%\">1<\/td>\n<td align=\"center\">\n<div class=\"w3-container\"><\/div>\n<\/td>\n<\/tr>\n<\/tbody>\n<\/table>\n<table border=\"0\" width=\"90%\" align=\"center\">\n<tbody>\n<tr>\n<td class=\"tablas_td\" colspan=\"1\" align=\"right\"><b>Total Cr\u00e9ditos<\/b><\/td>\n<td class=\"tablas_td\" align=\"center\" width=\"20%\"><b>17<\/b><\/td>\n<td class=\"tablas_td\"><\/td>\n<\/tr>\n<tr bgcolor=\"#FFFFFF\">\n<td colspan=\"3\"><\/td>\n<\/tr>\n<tr>\n<td class=\"tablas_th\"><strong>Tercer Semestre<\/strong><\/td>\n<td class=\"tablas_th\" width=\"20%\">Cr\u00e9ditos<\/td>\n<td class=\"tablas_th\" width=\"20%\"><\/td>\n<\/tr>\n<tr class=\"tablas_td\">\n<td width=\"60%\">CONTABILIDAD GENERAL<\/td>\n<td align=\"center\" width=\"20%\">2<\/td>\n<td align=\"center\">\n<div class=\"w3-container\"><\/div>\n<\/td>\n<\/tr>\n<tr class=\"tablas_td\">\n<td width=\"60%\">INNOVACION Y EMPRENDIMIENTO<\/td>\n<td align=\"center\" width=\"20%\">3<\/td>\n<td align=\"center\">\n<div class=\"w3-container\"><\/div>\n<\/td>\n<\/tr>\n<tr class=\"tablas_td\">\n<td width=\"60%\">INTELIGENCIA DE MERCADOS<\/td>\n<td align=\"center\" width=\"20%\">3<\/td>\n<td align=\"center\">\n<div class=\"w3-container\"><\/div>\n<\/td>\n<\/tr>\n<tr class=\"tablas_td\">\n<td width=\"60%\">LENGUA EXTRANJERA II<\/td>\n<td align=\"center\" width=\"20%\">3<\/td>\n<td align=\"center\">\n<div class=\"w3-container\"><\/div>\n<\/td>\n<\/tr>\n<tr class=\"tablas_td\">\n<td width=\"60%\">MARKETING RELACIONAL<\/td>\n<td align=\"center\" width=\"20%\">3<\/td>\n<td align=\"center\">\n<div class=\"w3-container\"><\/div>\n<\/td>\n<\/tr>\n<tr class=\"tablas_td\">\n<td width=\"60%\">NEGOCIACION COMERCIAL<\/td>\n<td align=\"center\" width=\"20%\">3<\/td>\n<td align=\"center\">\n<div class=\"w3-container\"><\/div>\n<\/td>\n<\/tr>\n<\/tbody>\n<\/table>\n<table border=\"0\" width=\"90%\" align=\"center\">\n<tbody>\n<tr>\n<td class=\"tablas_td\" colspan=\"1\" align=\"right\"><b>Total Cr\u00e9ditos<\/b><\/td>\n<td class=\"tablas_td\" align=\"center\" width=\"20%\"><b>17<\/b><\/td>\n<td class=\"tablas_td\"><\/td>\n<\/tr>\n<tr bgcolor=\"#FFFFFF\">\n<td colspan=\"3\"><\/td>\n<\/tr>\n<tr>\n<td class=\"tablas_th\"><strong>Cuarto Semestre<\/strong><\/td>\n<td class=\"tablas_th\" width=\"20%\">Cr\u00e9ditos<\/td>\n<td class=\"tablas_th\" width=\"20%\"><\/td>\n<\/tr>\n<tr class=\"tablas_td\">\n<td width=\"60%\">COMERCIALIZACION DE BIENES Y SERVICIOS<\/td>\n<td align=\"center\" width=\"20%\">3<\/td>\n<td align=\"center\">\n<div class=\"w3-container\"><\/div>\n<\/td>\n<\/tr>\n<tr class=\"tablas_td\">\n<td width=\"60%\">COMUNICACION COMERCIAL<\/td>\n<td align=\"center\" width=\"20%\">3<\/td>\n<td align=\"center\">\n<div class=\"w3-container\"><\/div>\n<\/td>\n<\/tr>\n<tr class=\"tablas_td\">\n<td width=\"60%\">COSTOS Y PRESUPUESTOS<\/td>\n<td align=\"center\" width=\"20%\">2<\/td>\n<td align=\"center\">\n<div class=\"w3-container\"><\/div>\n<\/td>\n<\/tr>\n<tr class=\"tablas_td\">\n<td width=\"60%\">ELECTIVA SOCIOHUMANISTICA<\/td>\n<td align=\"center\" width=\"20%\">2<\/td>\n<td align=\"center\">\n<div class=\"w3-container\"><\/div>\n<\/td>\n<\/tr>\n<tr class=\"tablas_td\">\n<td width=\"60%\">LENGUA EXTRANJERA III<\/td>\n<td align=\"center\" width=\"20%\">4<\/td>\n<td align=\"center\">\n<div class=\"w3-container\"><\/div>\n<\/td>\n<\/tr>\n<tr class=\"tablas_td\">\n<td width=\"60%\">MERCADOS INTERNACIONALES<\/td>\n<td align=\"center\" width=\"20%\">3<\/td>\n<td align=\"center\">\n<div class=\"w3-container\"><\/div>\n<\/td>\n<\/tr>\n<\/tbody>\n<\/table>\n<table border=\"0\" width=\"90%\" align=\"center\">\n<tbody>\n<tr>\n<td class=\"tablas_td\" colspan=\"1\" align=\"right\"><b>Total Cr\u00e9ditos<\/b><\/td>\n<td class=\"tablas_td\" align=\"center\" width=\"20%\"><b>17<\/b><\/td>\n<td class=\"tablas_td\"><\/td>\n<\/tr>\n<tr bgcolor=\"#FFFFFF\">\n<td colspan=\"3\"><\/td>\n<\/tr>\n<tr>\n<td class=\"tablas_th\"><strong>Quinto Semestre<\/strong><\/td>\n<td class=\"tablas_th\" width=\"20%\">Cr\u00e9ditos<\/td>\n<td class=\"tablas_th\" width=\"20%\"><\/td>\n<\/tr>\n<tr class=\"tablas_td\">\n<td width=\"60%\">E- MARKETING<\/td>\n<td align=\"center\" width=\"20%\">2<\/td>\n<td align=\"center\">\n<div class=\"w3-container\"><\/div>\n<\/td>\n<\/tr>\n<tr class=\"tablas_td\">\n<td width=\"60%\">GESTION DEL TALENTO HUMANO<\/td>\n<td align=\"center\" width=\"20%\">2<\/td>\n<td align=\"center\">\n<div class=\"w3-container\"><\/div>\n<\/td>\n<\/tr>\n<tr class=\"tablas_td\">\n<td width=\"60%\">MARKETING ESTRATEGICO<\/td>\n<td align=\"center\" width=\"20%\">3<\/td>\n<td align=\"center\">\n<div class=\"w3-container\"><\/div>\n<\/td>\n<\/tr>\n<tr class=\"tablas_td\">\n<td width=\"60%\">PRACTICA PROFESIONAL<\/td>\n<td align=\"center\" width=\"20%\">6<\/td>\n<td align=\"center\">\n<div class=\"w3-container\"><\/div>\n<\/td>\n<\/tr>\n<tr class=\"tablas_td\">\n<td width=\"60%\">PUBLICIDAD DIGITAL<\/td>\n<td align=\"center\" width=\"20%\">2<\/td>\n<td align=\"center\">\n<div class=\"w3-container\"><\/div>\n<\/td>\n<\/tr>\n<tr class=\"tablas_td\">\n<td width=\"60%\">TECNOLOGIAS DE INFORMACION Y LA COMUNICACION<\/td>\n<td align=\"center\" width=\"20%\">2<\/td>\n<td align=\"center\">\n<div class=\"w3-container\"><\/div>\n<\/td>\n<\/tr>\n<tr>\n<td class=\"tablas_td\" colspan=\"1\" align=\"right\" width=\"60%\"><b>Total Cr\u00e9ditos<\/b><\/td>\n<td class=\"tablas_td\" align=\"center\" width=\"20%\"><b>17<\/b><\/td>\n<\/tr>\n<tr class=\"alertas\">\n<td colspan=\"3\" align=\"center\">Total cr\u00e9ditos del programa: 85<\/td>\n<\/tr>\n<\/tbody>\n<\/table>\n<\/td>\n<\/tr>\n<\/tbody>\n<\/table>\n<\/div>\n<\/div>\n<\/div>\n<\/div>\n<\/div>\n<\/div>\n<\/div>\n<\/div>\n<\/div>\n<\/div>\n","protected":false},"excerpt":{"rendered":"<p>La Tecnolog\u00eda en Marketing de la UNAB es un programa de car\u00e1cter y relacionamiento internacional de alto nivel, implantado directamente por Francia en Colombia y articulado con los Institutos Tecnol\u00f3gicos Franceses \u2013 IUT. El programa forma tecn\u00f3logos calificados, con amplias competencias para liderar equipos comerciales&#8230;<\/p>\n","protected":false},"author":16,"featured_media":0,"parent":0,"menu_order":0,"comment_status":"closed","ping_status":"closed","template":"","meta":{"footnotes":""},"class_list":["post-5660","page","type-page","status-publish","hentry"],"aioseo_notices":[],"_links":{"self":[{"href":"https:\/\/sic.nodscloud.com\/nodsglobal\/wp-json\/wp\/v2\/pages\/5660","targetHints":{"allow":["GET"]}}],"collection":[{"href":"https:\/\/sic.nodscloud.com\/nodsglobal\/wp-json\/wp\/v2\/pages"}],"about":[{"href":"https:\/\/sic.nodscloud.com\/nodsglobal\/wp-json\/wp\/v2\/types\/page"}],"author":[{"embeddable":true,"href":"https:\/\/sic.nodscloud.com\/nodsglobal\/wp-json\/wp\/v2\/users\/16"}],"replies":[{"embeddable":true,"href":"https:\/\/sic.nodscloud.com\/nodsglobal\/wp-json\/wp\/v2\/comments?post=5660"}],"version-history":[{"count":3,"href":"https:\/\/sic.nodscloud.com\/nodsglobal\/wp-json\/wp\/v2\/pages\/5660\/revisions"}],"predecessor-version":[{"id":5911,"href":"https:\/\/sic.nodscloud.com\/nodsglobal\/wp-json\/wp\/v2\/pages\/5660\/revisions\/5911"}],"wp:attachment":[{"href":"https:\/\/sic.nodscloud.com\/nodsglobal\/wp-json\/wp\/v2\/media?parent=5660"}],"curies":[{"name":"wp","href":"https:\/\/api.w.org\/{rel}","templated":true}]}}