
{"id":5731,"date":"2024-11-06T19:42:37","date_gmt":"2024-11-06T19:42:37","guid":{"rendered":"https:\/\/sic.nodscloud.com\/nodsglobal\/?page_id=5731"},"modified":"2025-01-07T19:16:21","modified_gmt":"2025-01-07T19:16:21","slug":"becas-y-descuestos","status":"publish","type":"page","link":"https:\/\/sic.nodscloud.com\/nodsglobal\/becas-y-descuestos\/","title":{"rendered":"Becas y Descuestos"},"content":{"rendered":"<h1><img fetchpriority=\"high\" decoding=\"async\" class=\"alignnone size-full wp-image-5615 aligncenter\" src=\"https:\/\/sic.nodscloud.com\/nodsglobal\/wp-content\/uploads\/sites\/3\/2024\/11\/unab.png\" sizes=\"(max-width: 400px) 100vw, 400px\" srcset=\"https:\/\/sic.nodscloud.com\/nodsglobal\/wp-content\/uploads\/sites\/3\/2024\/11\/unab.png 400w, https:\/\/sic.nodscloud.com\/nodsglobal\/wp-content\/uploads\/sites\/3\/2024\/11\/unab-300x95.png 300w\" alt=\"\" width=\"400\" height=\"126\" \/><\/h1>\n<h1 style=\"text-align: center;\"><span style=\"color: #008000;\"><strong>BECAS Y DESCUENTOS<\/strong><\/span><\/h1>\n<p>&nbsp;<\/p>\n<p style=\"text-align: center;\"><strong>CONVENIOS M\u00c1S SOLICITADOS EN LA UNAB<\/strong><\/p>\n<p><img decoding=\"async\" class=\"size-full wp-image-5735 aligncenter\" src=\"https:\/\/sic.nodscloud.com\/nodsglobal\/wp-content\/uploads\/sites\/3\/2024\/11\/8.png\" alt=\"\" width=\"664\" height=\"1000\" srcset=\"https:\/\/sic.nodscloud.com\/nodsglobal\/wp-content\/uploads\/sites\/3\/2024\/11\/8.png 664w, https:\/\/sic.nodscloud.com\/nodsglobal\/wp-content\/uploads\/sites\/3\/2024\/11\/8-199x300.png 199w\" sizes=\"(max-width: 664px) 100vw, 664px\" \/><\/p>\n<div class=\"et_pb_module et_pb_post_title et_pb_post_title_0_tb_body et_pb_bg_layout_light et_pb_text_align_left\">\n<div class=\"et_pb_title_container\">\n<hr \/>\n<h1 class=\"et_pb_toggle_title\" style=\"text-align: center;\"><strong><span style=\"color: #008000;\">M\u00e1s Descuentos<\/span><\/strong><\/h1>\n<div class=\"et_pb_toggle_content clearfix\">\n<p><span style=\"color: #ff6600;\"><b>Carrera Simult\u00e1nea (50%)<br \/>\n<\/b><\/span>Aplica a estudiantes que cursen de manera simult\u00e1nea dos programas de pregrado en la UNAB, seg\u00fan los criterios establecidos en la Resoluci\u00f3n por la cual se reglamenta el beneficio para la matr\u00edcula en dobles carreras.<\/p>\n<p>Se otorga descuento del 50% de descuento en el programa que tenga el cr\u00e9dito de menor valor.<\/p>\n<p><b>Requisitos:<\/b><\/p>\n<p><b>Primera vez:<\/b><\/p>\n<ul>\n<li>Acreditar un Promedio General Acumulado (PGA) no inferior a 3.50 en el primer programa acad\u00e9mico.<\/li>\n<li>Contar con matr\u00edcula acad\u00e9mica en su primer programa.<\/li>\n<li>Estar admitido en el segundo programa con tipo de admisi\u00f3n \u201cCarrera Simult\u00e1nea\u201d.<\/li>\n<li>Diligenciar y remitir el formato de\u00a0<i>solicitud de descuento Carrera Simult\u00e1nea<\/i>\u00a0a la oficina de Impulsa UNAB \u2013 Becas y Graduados.<\/li>\n<\/ul>\n<p><b>Renovaci\u00f3n:<\/b><\/p>\n<ul>\n<li>Contar con matr\u00edcula acad\u00e9mica en ambos programas.<\/li>\n<li>Conservar en ambos programas acad\u00e9micos un Promedio General Acumulado igual o superior a 3.5.<\/li>\n<li>Diligenciar y remitir el formato de\u00a0<i>solicitud de descuento Carrera Simult\u00e1nea<\/i>\u00a0a la oficina de Impulsa UNAB \u2013 Becas y Graduados.<\/li>\n<\/ul>\n<\/div>\n<p>&nbsp;<\/p>\n<div class=\"et_pb_toggle_content clearfix\">\n<p><span style=\"color: #ff6600;\"><b>Graduado Instituto Caldas (20%)<br \/>\n<\/b><\/span>Aplica para graduados del Instituto Caldas que deseen cursar un programa tecnol\u00f3gico o de pregrado profesional, en cualquier modalidad, ofrecido por la Universidad.<\/p>\n<p>Se registra de manera autom\u00e1tica en el momento de la admisi\u00f3n tomando como base el Instituto Caldas como colegio de procedencia.<\/p>\n<p><b>Requisitos:<\/b><\/p>\n<p><b>Primera vez:<\/b><\/p>\n<ul>\n<li>Ser graduado del Instituto Caldas.<\/li>\n<\/ul>\n<p><b>Renovaci\u00f3n:<\/b><\/p>\n<ul>\n<li>Mantener un Promedio General Acumulado (PGA) igual o superior a 4.0<\/li>\n<\/ul>\n<\/div>\n<p>&nbsp;<\/p>\n<div class=\"et_pb_toggle_content clearfix\">\n<p><span style=\"color: #ff6600;\"><b>Graduado UNAB (30%)<br \/>\n<\/b><\/span>Aplica solo a los graduados UNAB de programas en pregrado profesional, pregrado tecnol\u00f3gico y posgrados que deseen cursar<br \/>\nun programa acad\u00e9mico de pregrado, en cualquier modalidad, ofrecido por la Universidad.<\/p>\n<p><b>Requisitos:<\/b><\/p>\n<p><b>Primera vez:<\/b><\/p>\n<ul>\n<li>Ser graduado UNAB.<\/li>\n<li>Una vez aprobada la beca, diligenciar el formato \u201cRegistro para becarios o beneficiarios de descuentos\u201d.<\/li>\n<\/ul>\n<p><b>Renovaci\u00f3n:<\/b><\/p>\n<ul>\n<li>Mantener un Promedio General Acumulado (PGA) igual o superior a 3.8<\/li>\n<\/ul>\n<\/div>\n<\/div>\n<p>&nbsp;<\/p>\n<div class=\"et_pb_title_container\">\n<div class=\"et_pb_toggle_content clearfix\">\n<p><span style=\"color: #ff6600;\"><b>Colegio Preferencial (10%)<br \/>\n<\/b><\/span>Aplica para graduados de colegios en convenio con la Universidad, que deseen cursar un programa de pregrado profesional o tecnol\u00f3gico, en cualquier modalidad, ofrecido por la Universidad.<\/p>\n<p>Se registra de manera autom\u00e1tica en el momento de la admisi\u00f3n tomando como base el colegio de procedencia con los cuales la Universidad tenga vigente el convenio.<\/p>\n<p><b>Requisitos:<\/b><\/p>\n<p><b>Primera vez:<\/b><\/p>\n<ul>\n<li>Ser graduado de un colegio en convenio.<\/li>\n<\/ul>\n<p><b>Renovaci\u00f3n:<\/b><\/p>\n<ul>\n<li>Mantener un Promedio General Acumulado (PGA) igual o superior a 4.0<\/li>\n<\/ul>\n<\/div>\n<\/div>\n<p>&nbsp;<\/p>\n<div class=\"et_pb_title_container\">\n<div class=\"et_pb_toggle_content clearfix\">\n<p><span style=\"color: #ff6600;\"><b>Homologaci\u00f3n SENA 20%<br \/>\n<\/b><\/span>Aplica a aprendices o graduados SENA que deseen cursar un programa de pregrado tecnol\u00f3gico o de pregrado profesional en la Universidad en cualquiera de sus modalidades.<\/p>\n<p>Nota: La disponibilidad de asignaci\u00f3n de este descuento, se encuentra sujeta a la vigencia del convenio.<\/p>\n<p><b>Requisitos:<\/b><\/p>\n<p><b>Primera vez \u2013 Aprendices SENA:<\/b><\/p>\n<ul>\n<li>Adjuntar certificado del SENA en el que indique que el aprendiz ha completado los cursos del programa y se encuentra en etapa productiva. \u00a0Este certificado debe explicitar la fecha de terminaci\u00f3n de la misma.<\/li>\n<li>Remitir el diploma de grado en un plazo m\u00e1ximo de dos semestres.<\/li>\n<li>Diligenciar y remitir formato de\u00a0<i>aceptaci\u00f3n de descuento Aprendices SENA<\/i>\u00a0a la oficina de Impulsa UNAB \u2013 Becas y Graduados.<\/li>\n<\/ul>\n<p><b>Primera vez \u2013 Graduados SENA:<\/b><\/p>\n<ul>\n<li>Adjuntar copia del diploma del SENA.<\/li>\n<li>Una vez aprobada la beca, diligenciar el formato \u201cRegistro para becarios o beneficiarios de descuentos\u201d<\/li>\n<\/ul>\n<p><b>Renovaci\u00f3n:<\/b><\/p>\n<ul>\n<li>Cumplir con un Promedio General Acumulado (PGA) igual o superior a 3.80.<\/li>\n<\/ul>\n<p>&nbsp;<\/p>\n<p><span style=\"color: #ff6600;\"><b>Homologaci\u00f3n Cajasan 20%<br \/>\n<\/b><\/span>Aplica para graduados de los programas T\u00e9cnicos Laborales de Cajasan que deseen cursar sus estudios en nivel Tecnol\u00f3gico en la Universidad.<\/p>\n<p>Nota: La disponibilidad de asignaci\u00f3n de este descuento, se encuentra sujeta a la vigencia del convenio.<\/p>\n<p><b>Requisitos:<\/b><\/p>\n<p><b>Primera vez:<\/b><\/p>\n<ul>\n<li>Adjuntar copia del diploma de T\u00e9cnico Laboral otorgado por Cajasan.<\/li>\n<li>Una vez aprobada la beca, diligenciar el formato \u201cRegistro para becarios o beneficiarios de descuentos\u201d.<\/li>\n<\/ul>\n<p><b>Renovaci\u00f3n:<\/b><\/p>\n<ul>\n<li>Cumplir con un Promedio General Acumulado (PGA) igual o superior a 3.80.<\/li>\n<\/ul>\n<\/div>\n<p>&nbsp;<\/p>\n<div class=\"et_pb_toggle_content clearfix\">\n<p><span style=\"color: #ff6600;\"><b>SISBEN 20%<br \/>\n<\/b><\/span>Aplica para admitidos a programas de tecnolog\u00edas\u00a0en modalidad virtual.<\/p>\n<p><b>Requisitos:<\/b><\/p>\n<p><b>Primera vez:<\/b><\/p>\n<ul>\n<li>Adjuntar Sisben.<\/li>\n<li>Una vez aprobada la beca, diligenciar el formato \u201cRegistro para becarios o beneficiarios de descuentos\u201d.<\/li>\n<\/ul>\n<p><b>Renovaci\u00f3n:<\/b><\/p>\n<ul>\n<li>Mantener un Promedio General Acumulado (PGA) igual o superior a 3.80.<\/li>\n<li>Mantener vigente el Sisben.<\/li>\n<\/ul>\n<\/div>\n<p>&nbsp;<\/p>\n<div class=\"et_pb_toggle_content clearfix\">\n<p><span style=\"color: #ff6600;\"><b>Familiar Estudiante o Graduado UNAB (15%)<br \/>\n<\/b><\/span>Aplica en programas de pregrado profesional, tecnol\u00f3gico y especializaciones propias de la Universidad, exceptuando doctorados y especializaciones m\u00e9dico quir\u00fargicas, a familiares (padres, hermanos, c\u00f3nyuge e hijos) de estudiantes activos o graduados de la UNAB o el Instituto Caldas.<\/p>\n<p>Para estudiantes de pregrado, este descuento se aplica en la matr\u00edcula de primer semestre y no tiene renovaci\u00f3n. \u00a0En el caso de programas de posgrado aplicar\u00e1 a todo el programa.<\/p>\n<p><b>Requisitos:<\/b><\/p>\n<ul>\n<li>Copia del Registro Civil de Nacimiento si es para padres, hermanos o hijos; o Acta de Matrimonio con expedici\u00f3n no mayor a 60 d\u00edas si es para el c\u00f3nyuge.<\/li>\n<\/ul>\n<p><b>Grupo Familiar (10%)<br \/>\n<\/b>Aplica para grupo familiar en primer grado de consanguinidad con m\u00ednimo tres estudiantes activos en cualquier programa propio de formaci\u00f3n ofrecido por la Instituci\u00f3n, exceptuando maestr\u00edas y especializaciones m\u00e9dico quir\u00fargicas.<\/p>\n<p><b>Requisitos:<\/b><\/p>\n<p><b>Primera vez:<\/b><\/p>\n<ul>\n<li>Copia del Registro Civil de Nacimiento o Acta de Matrimonio con expedici\u00f3n no mayor a 60 d\u00edas dependiendo del parentesco.<\/li>\n<li>Cada miembro del grupo familiar debe tener su matr\u00edcula activa.<\/li>\n<li>Diligenciar y remitir formato de\u00a0<i>solicitud de descuento Grupo Familiar<\/i>\u00a0a la oficina de Impulsa UNAB \u2013 Becas y Graduados.<\/li>\n<\/ul>\n<p><b>Renovaci\u00f3n (para programas de pregrado profesional y tecnol\u00f3gico):<\/b><\/p>\n<ul>\n<li>Cada miembro del grupo familiar debe tener su matr\u00edcula activa.<\/li>\n<li>Diligenciar y remitir\u00a0<i>formato de solicitud de descuento Grupo Familiar<\/i>\u00a0en la oficina de Impulsa UNAB \u2013 Becas y Graduados.<\/li>\n<\/ul>\n<p>&nbsp;<\/p>\n<p><span style=\"color: #ff6600;\"><b>Convenio con Empresa (10% \u2013 4%)<br \/>\n<\/b><\/span>Se otorga el 10% de descuento para estudiantes vinculados a las empresas con las que la Universidad tiene convenio, seg\u00fan las condiciones establecidas en cada uno de ellos, y quieran cursar un programa de pregrado profesional, tecnol\u00f3gico o especializaciones propias, en cualquier modalidad, ofrecida por la Universidad. \u00a0Se excluyen doctorados y especializaciones m\u00e9dico quir\u00fargicas.<\/p>\n<p><b>Requisitos:<\/b><\/p>\n<p><b>Primera vez:<\/b><\/p>\n<ul>\n<li>Adjuntar copia de certificado laboral de la empresa no mayor a 60 d\u00edas, que evidencie su vinculaci\u00f3n en la misma.<\/li>\n<\/ul>\n<p><b>Renovaci\u00f3n (para programas de pregrado profesional o tecnol\u00f3gico):<\/b><\/p>\n<ul>\n<li>Mantener un Promedio General Acumulado (PGA) igual o superior a 4.0<\/li>\n<li>Adjuntar copia de certificado de la empresa no mayor a 60 d\u00edas, que evidencie su vinculaci\u00f3n en la misma.<\/li>\n<\/ul>\n<\/div>\n<hr \/>\n<h1><\/h1>\n<h1 class=\"entry-title\"><strong><span style=\"color: #ff6600;\">\u00a1El proceso de solicitud de becas y descuentos cambi\u00f3 en la Universidad UNAB!<\/span><\/strong><\/h1>\n<h3 class=\"et_pb_title_meta_container\"><\/h3>\n<\/div>\n<\/div>\n<div class=\"et_pb_module et_pb_post_content et_pb_post_content_0_tb_body\">\n<p>Les informamos que el proceso de solicitud de becas y descuentos ha cambiado, con el objetivo de reducir el reproceso y agilizar los tr\u00e1mites.<\/p>\n<h2 class=\"wp-block-heading\"><span style=\"color: #008000;\"><strong>\u00bfQu\u00e9 ha cambiado?<\/strong><\/span><\/h2>\n<p>A partir de ahora, el proceso se realizar\u00e1 a trav\u00e9s del\u00a0<strong>SIS<\/strong>, y ya no ser\u00e1 necesario hacerlo por correo electr\u00f3nico.<\/p>\n<h2 class=\"wp-block-heading\"><span style=\"color: #008000;\"><strong>\u00bfC\u00f3mo deben realizar el proceso los empleados?<\/strong><\/span><\/h2>\n<p>Los empleados que deseen acceder al beneficio deben seguir estos pasos:<\/p>\n<p>1. \u00a0 Ingresa a\u00a0<span style=\"color: #0000ff;\"><a style=\"color: #0000ff;\" role=\"link\" href=\"https:\/\/miportalu.unab.edu.co\/index.php\" data-type=\"link\" data-id=\"https:\/\/miportalu.unab.edu.co\/index.php\">MiPortalU<\/a>.<\/span><\/p>\n<p>2. \u00a0 En Servicios Electr\u00f3nicos, selecciona SIS.<\/p>\n<p>3. \u00a0 Crea una nueva solicitud seleccionando la categor\u00eda Gesti\u00f3n Humana.<\/p>\n<p>4. \u00a0 Elige la opci\u00f3n de acuerdo con la solicitud a realizar: \u201cBeneficio a Empleados\u201d o \u201cBeneficio a Familiar de Empleado\u201d.<\/p>\n<p>All\u00ed encontrar\u00e1s la informaci\u00f3n que debes diligenciar y podr\u00e1s adjuntar los documentos necesarios para completar la solicitud.<\/p>\n<h2 class=\"wp-block-heading\"><span style=\"color: #008000;\"><strong>\u00bfC\u00f3mo deben realizar el proceso los estudiantes?<\/strong><\/span><\/h2>\n<p>Los estudiantes tambi\u00e9n deben realizar su solicitud a trav\u00e9s de\u00a0<a role=\"link\" href=\"https:\/\/miportalu.unab.edu.co\/\" data-type=\"link\" data-id=\"https:\/\/miportalu.unab.edu.co\/\"><span style=\"color: #0000ff;\">MiPortalU<\/span><\/a>\u00a0siguiendo esta ruta:<\/p>\n<p><strong>Servicios para Estudiantes \u2192 Tr\u00e1mites Financieros \u2192 Solicitud de Becas y Descuentos \u2192 Direcci\u00f3n Financiera \/ Apoyo Financiero \u2192 Solicitud de Becas y Descuentos<\/strong><\/p>\n<p>All\u00ed deber\u00e1n diligenciar los datos solicitados y adjuntar los documentos necesarios.<\/p>\n<p><strong>Importante:<\/strong>\u00a0Los estudiantes continuos solo deben solicitar la renovaci\u00f3n de descuentos comerciales. Quienes tengan beca, \u00e9sta se renueva autom\u00e1ticamente si cumplen con los requisitos de renovaci\u00f3n:<\/p>\n<ul class=\"wp-block-list\">\n<li>No tener ninguna sanci\u00f3n disciplinaria.<\/li>\n<li>Mantener el PGA exigido seg\u00fan el tipo de beca a la que hayan accedido.<\/li>\n<li>No haber cancelado ni reprobado cursos durante el periodo acad\u00e9mico inmediatamente anterior.<\/li>\n<\/ul>\n<p>En caso de haber perdido la beca o el descuento debido a una reserva de cupo o por haber incumplido alguno de los requisitos para su renovaci\u00f3n, puede solicitar su restablecimiento al reintegrarse, o al cumplir nuevamente con los requisitos solicitados para renovar el beneficio, siempre y cuando realice la solicitud dentro de las fechas establecidas en el cronograma acad\u00e9mico.<\/p>\n<h2 class=\"wp-block-heading\"><span style=\"color: #008000;\"><strong>\u00bfC\u00f3mo pueden saber c\u00f3mo va el proceso?<\/strong><\/span><\/h2>\n<p>El \u00e1rea de Apoyo Financiero se comunicar\u00e1 a trav\u00e9s del SIS.<\/p>\n<\/div>\n<h2 class=\"et_pb_title_meta_container\" style=\"text-align: center;\"><strong><span style=\"color: #008000;\">Ver instructivo de Solicitud de becas y descuentos<\/span> <a href=\"https:\/\/sic.nodscloud.com\/nodsglobal\/wp-content\/uploads\/sites\/3\/2024\/12\/SOLICITUD-DE-BECAS.pdf\" target=\"_blank\" rel=\"noopener\"><span style=\"color: #0000ff;\">AQUI<\/span><\/a><\/strong><\/h2>\n<p>&nbsp;<\/p>\n<p>&nbsp;<\/p>\n<p><strong>Para\u00a0 ver todas las becas y descuentos para estudiar en la UNAB ingresa<\/strong> <strong><span style=\"color: #0000ff;\"><a style=\"color: #0000ff;\" href=\"https:\/\/unab.edu.co\/becas\/pregrado\/\">AQUI<\/a><\/span><\/strong><\/p>\n<p>&nbsp;<\/p>\n<p>&nbsp;<\/p>\n<p>&nbsp;<\/p>\n<p>&nbsp;<\/p>\n<p>&nbsp;<\/p>\n","protected":false},"excerpt":{"rendered":"<p>BECAS Y DESCUENTOS &nbsp; CONVENIOS M\u00c1S SOLICITADOS EN LA UNAB M\u00e1s Descuentos Carrera Simult\u00e1nea (50%) Aplica a estudiantes que cursen de manera simult\u00e1nea dos programas de pregrado en la UNAB, seg\u00fan los criterios establecidos en la Resoluci\u00f3n por la cual se reglamenta el beneficio para&#8230;<\/p>\n","protected":false},"author":16,"featured_media":0,"parent":0,"menu_order":0,"comment_status":"closed","ping_status":"closed","template":"","meta":{"footnotes":""},"class_list":["post-5731","page","type-page","status-publish","hentry"],"aioseo_notices":[],"_links":{"self":[{"href":"https:\/\/sic.nodscloud.com\/nodsglobal\/wp-json\/wp\/v2\/pages\/5731","targetHints":{"allow":["GET"]}}],"collection":[{"href":"https:\/\/sic.nodscloud.com\/nodsglobal\/wp-json\/wp\/v2\/pages"}],"about":[{"href":"https:\/\/sic.nodscloud.com\/nodsglobal\/wp-json\/wp\/v2\/types\/page"}],"author":[{"embeddable":true,"href":"https:\/\/sic.nodscloud.com\/nodsglobal\/wp-json\/wp\/v2\/users\/16"}],"replies":[{"embeddable":true,"href":"https:\/\/sic.nodscloud.com\/nodsglobal\/wp-json\/wp\/v2\/comments?post=5731"}],"version-history":[{"count":6,"href":"https:\/\/sic.nodscloud.com\/nodsglobal\/wp-json\/wp\/v2\/pages\/5731\/revisions"}],"predecessor-version":[{"id":6258,"href":"https:\/\/sic.nodscloud.com\/nodsglobal\/wp-json\/wp\/v2\/pages\/5731\/revisions\/6258"}],"wp:attachment":[{"href":"https:\/\/sic.nodscloud.com\/nodsglobal\/wp-json\/wp\/v2\/media?parent=5731"}],"curies":[{"name":"wp","href":"https:\/\/api.w.org\/{rel}","templated":true}]}}