
{"id":5755,"date":"2024-11-07T13:44:35","date_gmt":"2024-11-07T13:44:35","guid":{"rendered":"https:\/\/sic.nodscloud.com\/nodsglobal\/?page_id=5755"},"modified":"2024-11-07T13:44:35","modified_gmt":"2024-11-07T13:44:35","slug":"porfolio-academico-3","status":"publish","type":"page","link":"https:\/\/sic.nodscloud.com\/nodsglobal\/porfolio-academico-3\/","title":{"rendered":"Porfolio Acad\u00e9mico"},"content":{"rendered":"<p><img fetchpriority=\"high\" decoding=\"async\" class=\" wp-image-5757 aligncenter\" src=\"https:\/\/sic.nodscloud.com\/nodsglobal\/wp-content\/uploads\/sites\/3\/2024\/11\/1-1.png\" alt=\"\" width=\"414\" height=\"140\" srcset=\"https:\/\/sic.nodscloud.com\/nodsglobal\/wp-content\/uploads\/sites\/3\/2024\/11\/1-1.png 900w, https:\/\/sic.nodscloud.com\/nodsglobal\/wp-content\/uploads\/sites\/3\/2024\/11\/1-1-300x101.png 300w, https:\/\/sic.nodscloud.com\/nodsglobal\/wp-content\/uploads\/sites\/3\/2024\/11\/1-1-768x259.png 768w, https:\/\/sic.nodscloud.com\/nodsglobal\/wp-content\/uploads\/sites\/3\/2024\/11\/1-1-700x236.png 700w\" sizes=\"(max-width: 414px) 100vw, 414px\" \/><\/p>\n<h1 style=\"text-align: center;\"><span style=\"color: #008000;\"><strong>PORFOLIO ACAD\u00c9MICO\u00a0<\/strong><\/span><\/h1>\n<p>&nbsp;<\/p>\n<div class=\"elementor-element elementor-element-75c1a6ab elementor-widget elementor-widget-heading\" data-id=\"75c1a6ab\" data-element_type=\"widget\" data-widget_type=\"heading.default\">\n<div class=\"elementor-widget-container\">\n<h3 class=\"elementor-heading-title elementor-size-default\"><strong><span style=\"color: #008000;\">Nuestra historia<\/span><\/strong><\/h3>\n<\/div>\n<\/div>\n<section class=\"elementor-section elementor-inner-section elementor-element elementor-element-7fa29c96 elementor-section-boxed elementor-section-height-default elementor-section-height-default\" data-id=\"7fa29c96\" data-element_type=\"section\">\n<div class=\"elementor-container elementor-column-gap-no\">\n<div class=\"elementor-column elementor-col-50 elementor-inner-column elementor-element elementor-element-51ae2acd\" data-id=\"51ae2acd\" data-element_type=\"column\">\n<div class=\"elementor-widget-wrap elementor-element-populated\">\n<div class=\"elementor-element elementor-element-33fa027a elementor-widget elementor-widget-text-editor\" data-id=\"33fa027a\" data-element_type=\"widget\" data-widget_type=\"text-editor.default\">\n<div class=\"elementor-widget-container\">\n<p>ULINEA es una universidad 100% en l\u00ednea, que surge como una respuesta a las tendencias actuales en cuanto al uso adecuado de la tecnologia, al manejo eficiente y flexible del tiempo y al acceso ilimitado al conocimiento a traves del entorno digital.<\/p>\n<p>&nbsp;<\/p>\n<p>La Universidad ULINEA fue fundada el 28 de septiembre de 2017.<\/p>\n<p>&nbsp;<\/p>\n<\/div>\n<\/div>\n<\/div>\n<\/div>\n<div class=\"elementor-column elementor-col-50 elementor-inner-column elementor-element elementor-element-9d7ec34\" data-id=\"9d7ec34\" data-element_type=\"column\">\n<div class=\"elementor-widget-wrap elementor-element-populated\">\n<div class=\"elementor-element elementor-element-76bf47f8 elementor-widget elementor-widget-text-editor\" data-id=\"76bf47f8\" data-element_type=\"widget\" data-widget_type=\"text-editor.default\">\n<div class=\"elementor-widget-container\">\n<p>ULINEA tiene disponibles todos los recursos necesarios para garantizar al estudiante un excelente servicio, traducido en acompa\u00f1amiento personalizado.<\/p>\n<p>&nbsp;<\/p>\n<p>Nuestro compromiso es entregar educaci\u00f3n de alta calidad, dotada de sentido pr\u00e1ctico para potenciar al alumno hacia m\u00e1s y\u00a0<strong>mejores oportunidades de empleo y emprendimiento.<\/strong><\/p>\n<p>&nbsp;<\/p>\n<\/div>\n<\/div>\n<\/div>\n<\/div>\n<\/div>\n<\/section>\n<section class=\"elementor-section elementor-inner-section elementor-element elementor-element-15f2bc8 elementor-section-boxed elementor-section-height-default elementor-section-height-default\" data-id=\"15f2bc8\" data-element_type=\"section\">\n<div class=\"elementor-container elementor-column-gap-no\">\n<div class=\"elementor-column elementor-col-100 elementor-inner-column elementor-element elementor-element-63818ba\" data-id=\"63818ba\" data-element_type=\"column\">\n<div class=\"elementor-widget-wrap elementor-element-populated\">\n<div class=\"elementor-element elementor-element-b60eb38 elementor-widget elementor-widget-text-editor\" data-id=\"b60eb38\" data-element_type=\"widget\" data-widget_type=\"text-editor.default\">\n<div class=\"elementor-widget-container\">\n<h3><span style=\"color: #008000;\"><strong>MISI\u00d3N<\/strong><\/span><\/h3>\n<p>Contribuir desde nuestra esfera acad\u00e9mica con el fortalecimiento y el progreso social, gestionando el conocimiento y entregando educaci\u00f3n de alta calidad.<\/p>\n<p>&nbsp;<\/p>\n<h3><span style=\"color: #008000;\"><strong>VISI\u00d3N<\/strong><\/span><\/h3>\n<p>Convertirnos en una opci\u00f3n educativa de clase mundial, causando un impacto positivo en la sociedad, ligado con el \u00e9xito de nuestros egresados en el empleo y el emprendimiento.<\/p>\n<p>Nuestra oferta se fundamenta en valores concretos que marcan el camino y la visi\u00f3n de Ulinea en el contexto del siglo XXI:<\/p>\n<ol>\n<li>Innovaci\u00f3n y creatividad<\/li>\n<li>Inclusi\u00f3n y diversidad<\/li>\n<li>Transparencia<\/li>\n<li>Desarrollo sostenible<\/li>\n<\/ol>\n<\/div>\n<\/div>\n<div class=\"elementor-element elementor-element-4b53bec elementor-widget elementor-widget-text-editor\" data-id=\"4b53bec\" data-element_type=\"widget\" data-widget_type=\"text-editor.default\">\n<div class=\"elementor-widget-container\"><\/div>\n<\/div>\n<\/div>\n<\/div>\n<\/div>\n<\/section>\n<div data-id=\"4f2cd575\" data-element_type=\"widget\" data-widget_type=\"image.default\"><img decoding=\"async\" class=\"alignnone size-large wp-image-5760\" src=\"https:\/\/sic.nodscloud.com\/nodsglobal\/wp-content\/uploads\/sites\/3\/2024\/11\/2-1-1024x427.png\" alt=\"\" width=\"1024\" height=\"427\" srcset=\"https:\/\/sic.nodscloud.com\/nodsglobal\/wp-content\/uploads\/sites\/3\/2024\/11\/2-1-1024x427.png 1024w, https:\/\/sic.nodscloud.com\/nodsglobal\/wp-content\/uploads\/sites\/3\/2024\/11\/2-1-300x125.png 300w, https:\/\/sic.nodscloud.com\/nodsglobal\/wp-content\/uploads\/sites\/3\/2024\/11\/2-1-768x320.png 768w, https:\/\/sic.nodscloud.com\/nodsglobal\/wp-content\/uploads\/sites\/3\/2024\/11\/2-1-700x292.png 700w, https:\/\/sic.nodscloud.com\/nodsglobal\/wp-content\/uploads\/sites\/3\/2024\/11\/2-1.png 1158w\" sizes=\"(max-width: 1024px) 100vw, 1024px\" \/><\/div>\n","protected":false},"excerpt":{"rendered":"<p>PORFOLIO ACAD\u00c9MICO\u00a0 &nbsp; Nuestra historia ULINEA es una universidad 100% en l\u00ednea, que surge como una respuesta a las tendencias actuales en cuanto al uso adecuado de la tecnologia, al manejo eficiente y flexible del tiempo y al acceso ilimitado al conocimiento a traves del&#8230;<\/p>\n","protected":false},"author":16,"featured_media":0,"parent":0,"menu_order":0,"comment_status":"closed","ping_status":"closed","template":"","meta":{"footnotes":""},"class_list":["post-5755","page","type-page","status-publish","hentry"],"aioseo_notices":[],"_links":{"self":[{"href":"https:\/\/sic.nodscloud.com\/nodsglobal\/wp-json\/wp\/v2\/pages\/5755","targetHints":{"allow":["GET"]}}],"collection":[{"href":"https:\/\/sic.nodscloud.com\/nodsglobal\/wp-json\/wp\/v2\/pages"}],"about":[{"href":"https:\/\/sic.nodscloud.com\/nodsglobal\/wp-json\/wp\/v2\/types\/page"}],"author":[{"embeddable":true,"href":"https:\/\/sic.nodscloud.com\/nodsglobal\/wp-json\/wp\/v2\/users\/16"}],"replies":[{"embeddable":true,"href":"https:\/\/sic.nodscloud.com\/nodsglobal\/wp-json\/wp\/v2\/comments?post=5755"}],"version-history":[{"count":4,"href":"https:\/\/sic.nodscloud.com\/nodsglobal\/wp-json\/wp\/v2\/pages\/5755\/revisions"}],"predecessor-version":[{"id":5761,"href":"https:\/\/sic.nodscloud.com\/nodsglobal\/wp-json\/wp\/v2\/pages\/5755\/revisions\/5761"}],"wp:attachment":[{"href":"https:\/\/sic.nodscloud.com\/nodsglobal\/wp-json\/wp\/v2\/media?parent=5755"}],"curies":[{"name":"wp","href":"https:\/\/api.w.org\/{rel}","templated":true}]}}