
{"id":5872,"date":"2024-11-08T18:53:29","date_gmt":"2024-11-08T18:53:29","guid":{"rendered":"https:\/\/sic.nodscloud.com\/nodsglobal\/?page_id=5872"},"modified":"2024-11-08T18:53:29","modified_gmt":"2024-11-08T18:53:29","slug":"speech-comercial","status":"publish","type":"page","link":"https:\/\/sic.nodscloud.com\/nodsglobal\/speech-comercial\/","title":{"rendered":"Speech Comercial"},"content":{"rendered":"<p><img fetchpriority=\"high\" decoding=\"async\" class=\" wp-image-5757 aligncenter\" src=\"https:\/\/sic.nodscloud.com\/nodsglobal\/wp-content\/uploads\/sites\/3\/2024\/11\/1-1.png\" alt=\"\" width=\"426\" height=\"144\" srcset=\"https:\/\/sic.nodscloud.com\/nodsglobal\/wp-content\/uploads\/sites\/3\/2024\/11\/1-1.png 900w, https:\/\/sic.nodscloud.com\/nodsglobal\/wp-content\/uploads\/sites\/3\/2024\/11\/1-1-300x101.png 300w, https:\/\/sic.nodscloud.com\/nodsglobal\/wp-content\/uploads\/sites\/3\/2024\/11\/1-1-768x259.png 768w, https:\/\/sic.nodscloud.com\/nodsglobal\/wp-content\/uploads\/sites\/3\/2024\/11\/1-1-700x236.png 700w\" sizes=\"(max-width: 426px) 100vw, 426px\" \/><\/p>\n<h1 style=\"text-align: center;\"><span style=\"color: #008000;\"><strong>Speech Comercial<\/strong><\/span><\/h1>\n<p>&nbsp;<\/p>\n<ol>\n<li style=\"font-weight: 400;\" aria-level=\"1\"><strong><span style=\"color: #008000;\">Inicio de la Llamada<\/span><\/strong>\n<ul>\n<li style=\"font-weight: 400;\" aria-level=\"2\"><span style=\"font-weight: 400;\">Asesor: <\/span><i><span style=\"font-weight: 400;\">\u00abBuenos d\u00edas\/tardes\/noches, \u00bfme comunico con [Nombre del aspirante]?\u00bb<\/span><\/i><\/li>\n<li style=\"font-weight: 400;\" aria-level=\"2\"><span style=\"font-weight: 400;\">Aspirante: \u00abS\u00ed, soy yo.\u00bb<\/span>\n<ul>\n<li style=\"font-weight: 400;\" aria-level=\"3\"><span style=\"font-weight: 400;\">Asesor: contin\u00faa con el gui\u00f3n.<\/span><\/li>\n<\/ul>\n<\/li>\n<li style=\"font-weight: 400;\" aria-level=\"2\"><span style=\"font-weight: 400;\">Aspirante: \u00abNo, no soy yo.\u00bb<\/span>\n<ul>\n<li style=\"font-weight: 400;\" aria-level=\"3\"><span style=\"font-weight: 400;\">Asesor: <\/span><i><span style=\"font-weight: 400;\">\u00abEntiendo, disculpe la molestia. Registrar\u00e9 esto en nuestro sistema. Que tenga un buen d\u00eda.\u00bb<\/span><\/i><\/li>\n<\/ul>\n<\/li>\n<\/ul>\n<\/li>\n<li style=\"font-weight: 400;\" aria-level=\"1\"><span style=\"color: #008000;\"><strong>Presentaci\u00f3n del Asesor<\/strong><\/span>\n<ul>\n<li style=\"font-weight: 400;\" aria-level=\"2\"><span style=\"font-weight: 400;\">Asesor: <\/span><i><span style=\"font-weight: 400;\">\u00abHablo de la Universidad ULINEA. Mi nombre es [Nombre del asesor] y estoy aqu\u00ed para resolver todas tus dudas sobre la carrera de [Nombre de la carrera]. \u00bfPuedo confirmar que tu n\u00famero de tel\u00e9fono es xxx-xxxxxxx y tu correo electr\u00f3nico es xxxxx@xxxx.xxx?\u00bb<\/span><\/i><\/li>\n<li style=\"font-weight: 400;\" aria-level=\"2\"><span style=\"font-weight: 400;\">Aspirante: \u00abS\u00ed, esos son mis datos.\u00bb<\/span>\n<ul>\n<li style=\"font-weight: 400;\" aria-level=\"3\"><span style=\"font-weight: 400;\">Asesor: <\/span><i><span style=\"font-weight: 400;\">\u00abExcelente, gracias por confirmarlo. \u00bfCuentas con unos minutos para platicar sobre la carrera?\u00bb<\/span><\/i><\/li>\n<\/ul>\n<\/li>\n<li style=\"font-weight: 400;\" aria-level=\"2\"><span style=\"font-weight: 400;\">Aspirante: \u00abNo, en este momento no puedo.\u00bb<\/span>\n<ul>\n<li style=\"font-weight: 400;\" aria-level=\"3\"><span style=\"font-weight: 400;\">Asesor: <\/span><i><span style=\"font-weight: 400;\">\u00abNo te preocupes. \u00bfQu\u00e9 d\u00eda y hora te viene mejor para que podamos platicarlo con calma? Lo agendar\u00e9 y te contactar\u00e9 en ese momento.\u00bb<\/span><\/i><\/li>\n<\/ul>\n<\/li>\n<\/ul>\n<\/li>\n<li style=\"font-weight: 400;\" aria-level=\"1\"><span style=\"color: #008000;\"><strong>Exploraci\u00f3n de Intereses<\/strong><\/span>\n<ul>\n<li style=\"font-weight: 400;\" aria-level=\"2\"><span style=\"font-weight: 400;\">Asesor: <\/span><i><span style=\"font-weight: 400;\">\u00abPerfecto, gracias por tu tiempo, [Nombre del aspirante]. Para ayudarte mejor, \u00bfhas tenido oportunidad de revisar la informaci\u00f3n sobre la carrera en nuestra p\u00e1gina web?\u00bb<\/span><\/i><\/li>\n<li style=\"font-weight: 400;\" aria-level=\"2\"><span style=\"font-weight: 400;\">Aspirante: \u00abS\u00ed, ya la revis\u00e9.\u00bb<\/span>\n<ul>\n<li style=\"font-weight: 400;\" aria-level=\"3\"><span style=\"font-weight: 400;\">Asesor: <\/span><i><span style=\"font-weight: 400;\">\u00ab\u00a1Excelente! Me alegra saber que ya tienes una idea.\u00bb<\/span><\/i><\/li>\n<\/ul>\n<\/li>\n<li style=\"font-weight: 400;\" aria-level=\"2\"><span style=\"font-weight: 400;\">Aspirante: \u00abNo, no he revisado nada.\u00bb<\/span>\n<ul>\n<li style=\"font-weight: 400;\" aria-level=\"3\"><span style=\"font-weight: 400;\">Asesor: <\/span><i><span style=\"font-weight: 400;\">\u00abNo pasa nada, te explico brevemente en qu\u00e9 consiste la carrera para que la conozcas mejor.\u00bb<\/span><\/i><\/li>\n<\/ul>\n<\/li>\n<\/ul>\n<\/li>\n<li style=\"font-weight: 400;\" aria-level=\"1\"><span style=\"color: #008000;\"><strong>Exploraci\u00f3n de Perfil y Motivaciones<\/strong><\/span>\n<ul>\n<li style=\"font-weight: 400;\" aria-level=\"2\"><span style=\"font-weight: 400;\">Asesor: <\/span><i><span style=\"font-weight: 400;\">\u00abAhora me gustar\u00eda conocer un poco m\u00e1s de tus intereses. \u00bfEst\u00e1s trabajando en algo relacionado con esta carrera? \u00bfPor qu\u00e9 te gustar\u00eda estudiarla? \u00bfC\u00f3mo nos encontraste? \u00bfEsta ser\u00eda tu primera carrera universitaria?\u00bb<\/span><\/i><\/li>\n<\/ul>\n<\/li>\n<li style=\"font-weight: 400;\" aria-level=\"1\"><strong><span style=\"color: #008000;\">Argumentaci\u00f3n y Propuesta<\/span><\/strong>\n<ul>\n<li style=\"font-weight: 400;\" aria-level=\"2\"><span style=\"font-weight: 400;\">Asesor: <\/span><i><span style=\"font-weight: 400;\">\u00abGracias por compartir todo esto, [Nombre del aspirante]. Basado en lo que me cuentas, creo que la carrera de [Nombre de la carrera] es una gran opci\u00f3n para ti. En ULINEA, nuestra ense\u00f1anza es 100% virtual, lo que te permite estudiar a tu ritmo y ahorrar tiempo y dinero en traslados. Adem\u00e1s, nuestro enfoque es pr\u00e1ctico y te prepara con conocimientos y habilidades que podr\u00e1s aplicar desde el inicio.\u00bb<\/span><\/i><\/li>\n<\/ul>\n<\/li>\n<li style=\"font-weight: 400;\" aria-level=\"1\"><strong><span style=\"color: #008000;\">Manejo de Objeciones y Cierre<\/span><\/strong>\n<ul>\n<li style=\"font-weight: 400;\" aria-level=\"2\"><span style=\"font-weight: 400;\">Asesor: <\/span><i><span style=\"font-weight: 400;\">\u00abVeo que te interesa la propuesta. La carrera tiene una duraci\u00f3n de [XX a\u00f1os] y comenzamos clases el [DD\/MM\/AA]. \u00bfTe parece bien que te siga contando m\u00e1s detalles?\u00bb<\/span><\/i><\/li>\n<li style=\"font-weight: 400;\" aria-level=\"2\"><span style=\"font-weight: 400;\">Aspirante: Objeci\u00f3n.<\/span>\n<ul>\n<li style=\"font-weight: 400;\" aria-level=\"3\"><span style=\"font-weight: 400;\">Asesor: <\/span><i><span style=\"font-weight: 400;\">\u00abEntiendo tu preocupaci\u00f3n, [Nombre del aspirante]. Lo que puedo decirte es que&#8230;\u00bb<\/span><\/i><span style=\"font-weight: 400;\"> (manejando la objeci\u00f3n y aclarando).<\/span><\/li>\n<\/ul>\n<\/li>\n<\/ul>\n<\/li>\n<li style=\"font-weight: 400;\" aria-level=\"1\"><strong><span style=\"color: #008000;\">Explicaci\u00f3n de Costos<\/span><\/strong>\n<ul>\n<li style=\"font-weight: 400;\" aria-level=\"2\"><span style=\"font-weight: 400;\">Asesor: <\/span><i><span style=\"font-weight: 400;\">\u00abMe gustar\u00eda comentarte que en ULINEA ofrecemos educaci\u00f3n de calidad a un costo accesible. La matr\u00edcula se puede cubrir hasta el [DD\/MM] y tiene un costo de [$]. Tambi\u00e9n tenemos opciones de pago en mensualidades de [$], que podr\u00edas financiar , aplicando descuentos si decides pagar antes de [fecha de promoci\u00f3n]. \u00bfEst\u00e1 clara esta informaci\u00f3n?\u00bb<\/span><\/i><\/li>\n<\/ul>\n<\/li>\n<li style=\"font-weight: 400;\" aria-level=\"1\"><strong><span style=\"color: #008000;\">Validaci\u00f3n de Datos y Cierre de la Venta<\/span><\/strong>\n<ul>\n<li style=\"font-weight: 400;\" aria-level=\"2\"><span style=\"font-weight: 400;\">Asesor: <\/span><i><span style=\"font-weight: 400;\">\u00abSi est\u00e1s de acuerdo, vamos a validar tus datos para asegurar tu lugar. \u00bfTe parece bien?\u00bb<\/span><\/i><\/li>\n<li style=\"font-weight: 400;\" aria-level=\"2\"><span style=\"font-weight: 400;\">Aspirante: <\/span><i><span style=\"font-weight: 400;\">\u00abS\u00ed, estoy de acuerdo.\u00bb<\/span><\/i>\n<ul>\n<li style=\"font-weight: 400;\" aria-level=\"3\"><span style=\"font-weight: 400;\">Asesor: <\/span><i><span style=\"font-weight: 400;\">\u00abPerfecto. El siguiente paso ser\u00eda realizar una preinscripci\u00f3n para que no pierdas tu cupo. Primero, necesitas hacer el pago de la inscripci\u00f3n mediante una transferencia a la cuenta de la universidad, y luego cargar la documentaci\u00f3n necesaria. \u00bfTe late?\u00bb<\/span><\/i><\/li>\n<\/ul>\n<\/li>\n<\/ul>\n<\/li>\n<li style=\"font-weight: 400;\" aria-level=\"1\"><strong><span style=\"color: #008000;\">Seguimiento<\/span><\/strong>\n<ul>\n<li style=\"font-weight: 400;\" aria-level=\"2\"><span style=\"font-weight: 400;\">Si el aspirante necesita tiempo para pensar:<\/span>\n<ul>\n<li style=\"font-weight: 400;\" aria-level=\"3\"><span style=\"font-weight: 400;\">Asesor: <\/span><i><span style=\"font-weight: 400;\">\u00abEntiendo, [Nombre del aspirante]. Los cupos son limitados, pero no hay problema. Te enviar\u00e9 la informaci\u00f3n por WhatsApp para que lo revises. \u00bfEn qu\u00e9 fecha y hora te llamo para que tengas tiempo de evaluarlo?\u00bb<\/span><\/i><\/li>\n<\/ul>\n<\/li>\n<\/ul>\n<\/li>\n<\/ol>\n<p><span style=\"font-weight: 400;\">Muchas gracias por tu tiempo y la escucha que me has brindado!.<\/span><\/p>\n<p>&nbsp;<\/p>\n","protected":false},"excerpt":{"rendered":"<p>Speech Comercial &nbsp; Inicio de la Llamada Asesor: \u00abBuenos d\u00edas\/tardes\/noches, \u00bfme comunico con [Nombre del aspirante]?\u00bb Aspirante: \u00abS\u00ed, soy yo.\u00bb Asesor: contin\u00faa con el gui\u00f3n. Aspirante: \u00abNo, no soy yo.\u00bb Asesor: \u00abEntiendo, disculpe la molestia. Registrar\u00e9 esto en nuestro sistema. Que tenga un buen d\u00eda.\u00bb&#8230;<\/p>\n","protected":false},"author":16,"featured_media":0,"parent":0,"menu_order":0,"comment_status":"closed","ping_status":"closed","template":"","meta":{"footnotes":""},"class_list":["post-5872","page","type-page","status-publish","hentry"],"aioseo_notices":[],"_links":{"self":[{"href":"https:\/\/sic.nodscloud.com\/nodsglobal\/wp-json\/wp\/v2\/pages\/5872","targetHints":{"allow":["GET"]}}],"collection":[{"href":"https:\/\/sic.nodscloud.com\/nodsglobal\/wp-json\/wp\/v2\/pages"}],"about":[{"href":"https:\/\/sic.nodscloud.com\/nodsglobal\/wp-json\/wp\/v2\/types\/page"}],"author":[{"embeddable":true,"href":"https:\/\/sic.nodscloud.com\/nodsglobal\/wp-json\/wp\/v2\/users\/16"}],"replies":[{"embeddable":true,"href":"https:\/\/sic.nodscloud.com\/nodsglobal\/wp-json\/wp\/v2\/comments?post=5872"}],"version-history":[{"count":1,"href":"https:\/\/sic.nodscloud.com\/nodsglobal\/wp-json\/wp\/v2\/pages\/5872\/revisions"}],"predecessor-version":[{"id":5873,"href":"https:\/\/sic.nodscloud.com\/nodsglobal\/wp-json\/wp\/v2\/pages\/5872\/revisions\/5873"}],"wp:attachment":[{"href":"https:\/\/sic.nodscloud.com\/nodsglobal\/wp-json\/wp\/v2\/media?parent=5872"}],"curies":[{"name":"wp","href":"https:\/\/api.w.org\/{rel}","templated":true}]}}