
{"id":5988,"date":"2024-12-13T23:57:26","date_gmt":"2024-12-13T23:57:26","guid":{"rendered":"https:\/\/sic.nodscloud.com\/nodsglobal\/?page_id=5988"},"modified":"2024-12-13T23:57:26","modified_gmt":"2024-12-13T23:57:26","slug":"diplomado-en-biofilia-para-el-diseno-de-interiores","status":"publish","type":"page","link":"https:\/\/sic.nodscloud.com\/nodsglobal\/diplomado-en-biofilia-para-el-diseno-de-interiores\/","title":{"rendered":"Diplomado en Biofilia para el Dise\u00f1o de Interiores"},"content":{"rendered":"<p><img fetchpriority=\"high\" decoding=\"async\" class=\"size-full wp-image-5288 aligncenter\" src=\"https:\/\/sic.nodscloud.com\/nodsglobal\/wp-content\/uploads\/sites\/3\/2024\/09\/logo-anahuac-24.webp\" sizes=\"(max-width: 613px) 100vw, 613px\" srcset=\"https:\/\/sic.nodscloud.com\/nodsglobal\/wp-content\/uploads\/sites\/3\/2024\/09\/logo-anahuac-24.webp 613w, https:\/\/sic.nodscloud.com\/nodsglobal\/wp-content\/uploads\/sites\/3\/2024\/09\/logo-anahuac-24-300x78.webp 300w\" alt=\"\" width=\"613\" height=\"160\" \/><\/p>\n<p>&nbsp;<\/p>\n<h1 style=\"text-align: center;\"><span style=\"color: #008000;\"><strong>Diplomado en Dise\u00f1o de Escenograf\u00eda y Vestuario teatral<\/strong><\/span><\/h1>\n<hr \/>\n<p><span style=\"font-weight: 400;\">La biofilia es un concepto que est\u00e1 adquiriendo relevancia a nivel mundial. Entendida como la relacio\u0301n que tienen los humanos con lo vivo para crear un entorno amigable y que promueva el bienestar del ser humano por medio de plantas, luz natural y materiales orga\u0301nicos, tales como la madera, siluetas fluidas en interiores, entre otros factores para lograr un dise\u00f1o adecuado con este concepto. Por ello, es necesario que nuestro pa\u00eds tambi\u00e9n se encuentre a la vanguardia promoviendo as\u00ed, espacios confortables para el ser humano.<\/span><\/p>\n<hr \/>\n<h3><span style=\"color: #ff6600;\"><strong>OBJETIVO GENERAL DEL PROGRAMA<\/strong><\/span><\/h3>\n<p>&nbsp;<\/p>\n<p><span style=\"font-weight: 400;\">Brindar a los alumnos herramientas de dise\u00f1o innovadoras que contribuyan a mejorar la calidad de vida y bienestar del usuario en sus proyectos de interiorismo por medio de la biofilia. <\/span><\/p>\n<p>&nbsp;<\/p>\n<p><strong>Fecha de Inicio:<\/strong>\u00a012\/02\/2025<\/p>\n<p><strong>Duraci\u00f3n<\/strong>: 100 horas<\/p>\n<p><strong>Modalidad:\u00a0<\/strong>Aula Virtual<\/p>\n<p><strong>Horarios:<\/strong> <span style=\"font-weight: 400;\">Mi\u00e9rcoles de 18:00 a 22:00 horas<\/span><\/p>\n<p><strong>Requisitos:\u00a0<\/strong>Formulario de Preinscripci\u00f3n\u00a0 (profesionales: titulo y cedula)<\/p>\n<p><strong>Costo:<\/strong>\u00a0$40,000.00 8 pagos mensuales De $5,000.00<\/p>\n<p><strong><br \/>\nSin cuota de inscripci\u00f3n<\/strong><\/p>\n<p>&nbsp;<\/p>\n<hr \/>\n<h3><span style=\"color: #ff6600;\"><strong>PERFIL DE INGRESO<\/strong><\/span><\/h3>\n<p>Arquitectos, ingenieros, urbanistas, dise\u00f1adores de interiores, dise\u00f1adores de reglamentos y pol\u00edticas p\u00fablicas en el ramo de la construcci\u00f3n y la planeaci\u00f3n urbana.<\/p>\n<p>&nbsp;<\/p>\n<hr \/>\n<h3><span style=\"color: #ff6600;\"><strong>PLAN DE ESTUDIOS<\/strong><\/span><\/h3>\n<p>&nbsp;<\/p>\n<p><span style=\"color: #008000;\"><strong>M\u00d3DULO 1. Antecedentes a la biofilia<\/strong><\/span><\/p>\n<p>1.1 El ser humano y sus or\u00edgenes en la naturaleza<br \/>\n1.2 C\u00f3mo surge el dise\u00f1o biofilico<br \/>\n1.3 Diferencias entre sustentabilidad y biofilia<br \/>\n1.4 Cambios de estilos de vida del consumidor y tendencias wellness<br \/>\n1.5 Estudios cient\u00edficos del dise\u00f1o biof\u00edlico y sus beneficios para la salud<\/p>\n<p><span style=\"color: #008000;\"><strong>M\u00d3DULO 2. Caracter\u00edsticas del dise\u00f1o biof\u00edlico y la percepci\u00f3n del usuario<\/strong><\/span><\/p>\n<p>2.1 Los 15 patrones biof\u00edlicos<br \/>\n2.2 La percepci\u00f3n del usuario en el entorno contru\u00eddo<br \/>\n2.3 Aplicaci\u00f3n del dise\u00f1o biof\u00edlico: Beneficios y respuestas restauradoras de manera (f\u00edsica, cognitiva y psicol\u00f3gica).<br \/>\n2.4 Casos de dise\u00f1o con biofilia en : Restaurantes, hospitales, hoteles, escuelas, residenciales.<br \/>\n2.5 Par\u00e1metros para dise\u00f1ar con biofilia<br \/>\n2.5.1 Costo \u2013 Beneficio<br \/>\n2.5.2 Par\u00e1metros visuales<\/p>\n<p><span style=\"color: #008000;\"><strong>M\u00d3DULO 3. Desarrollo de un proyecto biof\u00edlico<\/strong><\/span><\/p>\n<p>3.1 Consideraciones al desarrollar un proyecto con biof\u00edlia<br \/>\n3.1.1 An\u00e1lisis de puntos de estr\u00e9s del usuario y sus necesidades a satisfacer<br \/>\n3.1.2 \u00bfC\u00f3mo dise\u00f1ar un mapeo de la experiencia del usuario?<br \/>\n3.1.3 Definici\u00f3n de patrones biof\u00edlicos<br \/>\n3.2 Pr\u00e1ctica: El alumno realizar\u00e1 el dise\u00f1o de un espacio con biofilia el cual deber\u00e1 contar con:<br \/>\n&#8211; An\u00e1lisis de espacio a intervenir<br \/>\n&#8211; Definici\u00f3n del usuario<br \/>\n&#8211; Flujo y actividades del usuario<br \/>\n&#8211; Intervenci\u00f3n biof\u00edlica y respuestas esperadas en el usuario<br \/>\n&#8211; Propuesta espacial: Planos (planta y alzados).<br \/>\n&#8211; Propuesta de acabados: Planos de acabados.<br \/>\n&#8211; Propuesta de mobiliario o complementos : Detalles constructivos.<br \/>\n&#8211; Render o representaci\u00f3n visual del espacio<br \/>\n&#8211; Justificaci\u00f3n del dise\u00f1o<\/p>\n<p>&nbsp;<\/p>\n<p>&nbsp;<\/p>\n<hr \/>\n<h3><span style=\"color: #ff6600;\"><strong>HABILIDADES<\/strong><\/span><\/h3>\n<p>&nbsp;<\/p>\n<ul>\n<li><strong>Integraci\u00f3n de principios de biofilia en el dise\u00f1o de interiores:<\/strong><br \/>\nCapacidad para aplicar los conceptos de biofilia en proyectos de interiorismo, creando espacios que fomenten una mayor conexi\u00f3n entre las personas y la naturaleza.<\/li>\n<li><strong>Promoci\u00f3n del bienestar y la calidad de vida:<\/strong><br \/>\nHabilidad para dise\u00f1ar interiores que mejoren el bienestar f\u00edsico y emocional de los usuarios, utilizando elementos que aporten confort, tranquilidad y armon\u00eda.<\/li>\n<li><strong>Uso de elementos naturales en proyectos de dise\u00f1o:<\/strong><br \/>\nCompetencia para incorporar materiales naturales, iluminaci\u00f3n adecuada y vegetaci\u00f3n en los espacios interiores, optimizando su impacto positivo en el entorno.<\/li>\n<li><strong>Enfoques sostenibles en el interiorismo:<\/strong><br \/>\nCapacidad para implementar estrategias de dise\u00f1o sostenible, utilizando recursos que respeten el medio ambiente y contribuyan a la salud del ecosistema.<\/li>\n<li><strong>Mejora de la conexi\u00f3n entre las personas y la naturaleza:<\/strong><br \/>\nHabilidad para crear ambientes que refuercen el v\u00ednculo natural de las personas con su entorno, promoviendo espacios m\u00e1s saludables y equilibrados.<\/li>\n<\/ul>\n<hr \/>\n<h3><strong><span style=\"color: #ff6600;\">PROFESORES<\/span><\/strong><\/h3>\n<p>&nbsp;<\/p>\n<p><strong>Ana Isabel Carre\u00f1o Guti\u00e9rrez<\/strong><br \/>\nMaestra en Arquitectura y Dise\u00f1o de Interiores por la Universidad An\u00e1huac M\u00e9xico Norte, con\u00a0<strong>menci\u00f3n honor\u00edfica<\/strong>\u00a0(2021-2023), y especialista en Interiorismo por la misma universidad (2021-2022). Cuenta con una\u00a0<strong>Licenciatura en Dise\u00f1o Textil<\/strong>\u00a0por la Universidad Iberoamericana, tambi\u00e9n con menci\u00f3n honor\u00edfica (2009-2014).<\/p>\n<p>Ana Isabel ha brindado asesor\u00edas y cursos de dise\u00f1o de interiores, decoraci\u00f3n y tendencias en interiorismo, colaborando en\u00a0<strong>workshops<\/strong>\u00a0con empresas como\u00a0<strong>Westelm M\u00e9xico<\/strong>. Trabaj\u00f3 en el corporativo de\u00a0<strong>Liverpool<\/strong>\u00a0durante\u00a0<strong>cuatro a\u00f1os y medio<\/strong>\u00a0en el \u00e1rea de Tendencias Hardline, participando en ferias internacionales de dise\u00f1o para investigar las tendencias actuales.<\/p>\n<p>Ha colaborado con\u00a0<strong>Grupo Reforma<\/strong>,\u00a0<strong>Glocal<\/strong>\u00a0y\u00a0<strong>Architectural Digest<\/strong>\u00a0en la creaci\u00f3n de contenido sobre tendencias. Adem\u00e1s, lider\u00f3 proyectos de dise\u00f1o de interiores y decoraci\u00f3n para Liverpool y capacit\u00f3 a colaboradores de la empresa a nivel nacional en tendencias de moda y hogar.<\/p>\n<p>&nbsp;<\/p>\n<p>&nbsp;<\/p>\n<hr \/>\n<h3><span style=\"color: #ff6600;\"><strong>BENEFICIOS<\/strong><\/span><\/h3>\n<ul>\n<li><strong>Modalidad<\/strong>: Si es virtual, enfatizar la comodidad, de poder estudiar en donde quiera sin trasladarse al campus<\/li>\n<li><strong>Financiaci\u00f3n:<\/strong>\u00a0si el programa cuenta con pagos en cuotas, mencionar que es financiaci\u00f3n propia, sin intereses ni costo de inscripci\u00f3n<\/li>\n<li><strong>Descuento:<\/strong>\u00a0Si es ex alumno de cuenta con un 20% de Descuento en cualquier programa.<\/li>\n<li><strong>Titulaci\u00f3n<\/strong>: La titulaci\u00f3n no cuenta con costo adicional, y la entrega del Diploma al culminar el cursado se entrega a la brevedad.<\/li>\n<\/ul>\n<hr \/>\n<p>&nbsp;<\/p>\n","protected":false},"excerpt":{"rendered":"<p>&nbsp; Diplomado en Dise\u00f1o de Escenograf\u00eda y Vestuario teatral La biofilia es un concepto que est\u00e1 adquiriendo relevancia a nivel mundial. Entendida como la relacio\u0301n que tienen los humanos con lo vivo para crear un entorno amigable y que promueva el bienestar del ser humano&#8230;<\/p>\n","protected":false},"author":16,"featured_media":0,"parent":0,"menu_order":0,"comment_status":"closed","ping_status":"closed","template":"","meta":{"footnotes":""},"class_list":["post-5988","page","type-page","status-publish","hentry"],"aioseo_notices":[],"_links":{"self":[{"href":"https:\/\/sic.nodscloud.com\/nodsglobal\/wp-json\/wp\/v2\/pages\/5988","targetHints":{"allow":["GET"]}}],"collection":[{"href":"https:\/\/sic.nodscloud.com\/nodsglobal\/wp-json\/wp\/v2\/pages"}],"about":[{"href":"https:\/\/sic.nodscloud.com\/nodsglobal\/wp-json\/wp\/v2\/types\/page"}],"author":[{"embeddable":true,"href":"https:\/\/sic.nodscloud.com\/nodsglobal\/wp-json\/wp\/v2\/users\/16"}],"replies":[{"embeddable":true,"href":"https:\/\/sic.nodscloud.com\/nodsglobal\/wp-json\/wp\/v2\/comments?post=5988"}],"version-history":[{"count":4,"href":"https:\/\/sic.nodscloud.com\/nodsglobal\/wp-json\/wp\/v2\/pages\/5988\/revisions"}],"predecessor-version":[{"id":5992,"href":"https:\/\/sic.nodscloud.com\/nodsglobal\/wp-json\/wp\/v2\/pages\/5988\/revisions\/5992"}],"wp:attachment":[{"href":"https:\/\/sic.nodscloud.com\/nodsglobal\/wp-json\/wp\/v2\/media?parent=5988"}],"curies":[{"name":"wp","href":"https:\/\/api.w.org\/{rel}","templated":true}]}}