
{"id":5993,"date":"2024-12-14T00:11:53","date_gmt":"2024-12-14T00:11:53","guid":{"rendered":"https:\/\/sic.nodscloud.com\/nodsglobal\/?page_id=5993"},"modified":"2024-12-14T00:11:53","modified_gmt":"2024-12-14T00:11:53","slug":"curso-metaverse-development-program","status":"publish","type":"page","link":"https:\/\/sic.nodscloud.com\/nodsglobal\/curso-metaverse-development-program\/","title":{"rendered":"Curso Metaverse Development Program"},"content":{"rendered":"<p><img fetchpriority=\"high\" decoding=\"async\" class=\"size-full wp-image-5288 aligncenter\" src=\"https:\/\/sic.nodscloud.com\/nodsglobal\/wp-content\/uploads\/sites\/3\/2024\/09\/logo-anahuac-24.webp\" sizes=\"(max-width: 613px) 100vw, 613px\" srcset=\"https:\/\/sic.nodscloud.com\/nodsglobal\/wp-content\/uploads\/sites\/3\/2024\/09\/logo-anahuac-24.webp 613w, https:\/\/sic.nodscloud.com\/nodsglobal\/wp-content\/uploads\/sites\/3\/2024\/09\/logo-anahuac-24-300x78.webp 300w\" alt=\"\" width=\"613\" height=\"160\" \/><\/p>\n<p>&nbsp;<\/p>\n<h1 style=\"text-align: center;\"><strong><span style=\"color: #008000;\">Curso Metaverse Development Program<\/span><\/strong><\/h1>\n<hr \/>\n<p>Este programa te prepara desde cero para desarrollar mundos y aplicaciones dentro de la realidad virtual. Aprende las habilidades y conocimientos necesarios para crear experiencias inmersivas que transformen la forma en que las personas interact\u00faan con la tecnolog\u00eda.<\/p>\n<hr \/>\n<h3><span style=\"color: #ff6600;\"><strong>OBJETIVO GENERAL DEL PROGRAMA<\/strong><\/span><\/h3>\n<p>Formar especialistas en el desarrollo de mundos y aplicaciones dentro de la realidad virtual, capacitando a los participantes en el uso de tecnolog\u00edas emergentes como Unity y Universe para la creaci\u00f3n de experiencias inmersivas. A trav\u00e9s de este programa, los alumnos adquirir\u00e1n habilidades t\u00e9cnicas y competencias colaborativas que les permitir\u00e1n aplicar la realidad virtual en diversos contextos profesionales, ampliando sus oportunidades de empleo en un entorno globalizado y digital. Adem\u00e1s, obtendr\u00e1n certificaciones internacionales que los posicionar\u00e1n como profesionales altamente calificados en el metaverso y la realidad virtual<\/p>\n<p>&nbsp;<\/p>\n<p><strong>Fecha de Inicio:<\/strong> 01\/02\/2025<\/p>\n<p><strong>Duraci\u00f3n<\/strong>: 60 horas<\/p>\n<p><strong>Modalidad:\u00a0<\/strong>Aula Virtual<\/p>\n<p><strong>Horarios:<\/strong> <span style=\"font-weight: 400;\">S\u00e1bados de 11:00 a 13:00 horas<\/span><\/p>\n<p><strong>Requisitos:\u00a0<\/strong>Formulario de Preinscripci\u00f3n\u00a0 (profesionales: titulo y cedula)<\/p>\n<p><strong>Costo:\u00a0<\/strong><span style=\"font-weight: 400;\">Inscripci\u00f3n de: $4,200.00 pesos m.n.<\/span><\/p>\n<p><span style=\"font-weight: 400;\">8 colegiaturas de $4,200 pesos m.n.\u00a0<\/span><\/p>\n<p>&nbsp;<\/p>\n<hr \/>\n<h3><span style=\"color: #ff6600;\"><strong>PERFIL DE INGRESO<\/strong><\/span><\/h3>\n<p>No requiere experiencia previa al tomar este programa, ideal para cualquier alumno que desee transformar su vida y sus conocimientos dentro de la tecnolog\u00eda que desee desarrollar mundos en el metaverso y habilidades de realidad virtual. Los alumnos ideales van de los 15 a\u00f1os a los 39 a\u00f1os.<\/p>\n<p>&nbsp;<\/p>\n<hr \/>\n<h3><span style=\"color: #ff6600;\"><strong>PLAN DE ESTUDIOS<\/strong><\/span><\/h3>\n<h4><span style=\"color: #008000;\"><strong>Parte 1: Introducci\u00f3n a Unity y C# (10 semanas)<\/strong><\/span><\/h4>\n<p>Este programa ense\u00f1ar\u00e1 a los estudiantes c\u00f3mo utilizar el motor Unity, la biblioteca de programaci\u00f3n Unity3D y el lenguaje de programaci\u00f3n C#. Aprender\u00e1n a navegar por la interfaz de Unity, desarrollar mec\u00e1nicas de juego y crear dise\u00f1o de interfaz de usuario y sonido. Adem\u00e1s, los estudiantes tomar\u00e1n el examen de Certificaci\u00f3n Unity Certified User: Programmer para obtener su certificaci\u00f3n.<\/p>\n<h4><span style=\"color: #008000;\"><strong>Parte 2: Construcci\u00f3n de mundos (10 semanas)<\/strong><\/span><\/h4>\n<p>En este curso, los estudiantes aprender\u00e1n habilidades y conceptos avanzados de Unity y los utilizar\u00e1n para construir sus propios mundos 3D. Estas habilidades y conceptos incluyen iluminaci\u00f3n, animaci\u00f3n, aniquilaci\u00f3n de Blender, uso de almacenes de activos 3D para activos y uso de Git y GitHub para control de versiones.<\/p>\n<h4><span style=\"color: #008000;\"><strong>Parte 3: Desarrollo de aplicaciones (XR)(10 semanas)<\/strong><\/span><\/h4>\n<p>En este curso, los estudiantes crear\u00e1n su propia aplicaci\u00f3n XR utilizando el SDK de Interacciones XR de Unity. Los estudiantes trabajar\u00e1n con un equipo de 2 o 3 compa\u00f1eros para configurar Unity para el desarrollo de XR, programar la presencia manual de XR, la teletransportaci\u00f3n de realidad virtual y usar\u00e1n Git y GitHub para trabajar con varios desarrolladores en un solo proyecto de Unity.<\/p>\n<p>&nbsp;<\/p>\n<p>&nbsp;<\/p>\n<hr \/>\n<h3><span style=\"color: #ff6600;\"><strong>HABILIDADES<\/strong><\/span><\/h3>\n<p>&nbsp;<\/p>\n<ul>\n<li><strong>Entendimiento profundo de la realidad virtual:<\/strong>\u00a0Capacidad para comprender los conceptos fundamentales de la realidad virtual, su evoluci\u00f3n y sus aplicaciones en diversos sectores, desde el entretenimiento hasta la educaci\u00f3n y la medicina.<\/li>\n<li><strong>Manejo de herramientas especializadas en VR:<\/strong>\u00a0Dominio de las plataformas Unity y Universe para el desarrollo de contenido en realidad virtual, incluyendo la creaci\u00f3n de entornos interactivos y experiencias inmersivas.<\/li>\n<li><strong>Desarrollo de contenido inmersivo en VR:<\/strong>\u00a0Habilidad para producir, dise\u00f1ar y crear entornos tridimensionales, integrando mec\u00e1nicas interactivas y garantizando una experiencia de usuario inmersiva.<\/li>\n<li><strong>Certificaci\u00f3n en Unity y Universe:<\/strong>\u00a0Obtenci\u00f3n de certificaciones reconocidas por la industria, lo que abrir\u00e1 oportunidades laborales remotas en todo el mundo, especialmente en el \u00e1mbito de la tecnolog\u00eda y la innovaci\u00f3n.<\/li>\n<li><strong>Competencias en trabajo en equipo remoto:<\/strong>\u00a0Habilidad para colaborar en proyectos comunes de realidad virtual, gestionando el trabajo en equipo de manera eficiente, incluso a distancia, mediante herramientas digitales.<\/li>\n<li><strong>Networking exclusivo con empresas l\u00edderes:<\/strong>\u00a0Acceso a un ecosistema de profesionales y empresas interesadas en la realidad virtual, con la posibilidad de ser evaluado semanalmente y ser reclutado por grandes empresas al finalizar el programa.<\/li>\n<li><strong>Evaluaci\u00f3n constante y mejora continua:<\/strong>\u00a0Participaci\u00f3n en un entorno de aprendizaje colaborativo, donde recibir\u00e1s retroalimentaci\u00f3n constante para mejorar tus habilidades y garantizar el \u00e9xito en proyectos reales de realidad virtual.<\/li>\n<li><strong>Toma de decisiones basada en tecnolog\u00eda VR:<\/strong>\u00a0Desarrollo de capacidades para identificar c\u00f3mo la realidad virtual puede aplicarse estrat\u00e9gicamente en diferentes industrias, contribuyendo a la innovaci\u00f3n dentro de proyectos empresariales.<\/li>\n<\/ul>\n<p>&nbsp;<\/p>\n<hr \/>\n<h3><strong><span style=\"color: #ff6600;\">PROFESORES<\/span><\/strong><\/h3>\n<h3><strong>Nicolas Barone<\/strong><\/h3>\n<p>Fundador y CEO de Universe, con m\u00e1s de 3 a\u00f1os de experiencia en ense\u00f1anza en el metaverso y 15 cursos impartidos de Unity.Es propietario de CSinVR\u00a0 y ha liderado m\u00e1s de 250 sesiones de ciencias de la computaci\u00f3n. Ha desarrollado mundos en Altspace utilizando Unity, incluyendo la aplicaci\u00f3n VRQuiz MRE con m\u00e1s de 7,000 usuarios.<\/p>\n<p>&nbsp;<\/p>\n<hr \/>\n<h3><span style=\"color: #ff6600;\"><strong>BENEFICIOS<\/strong><\/span><\/h3>\n<ul>\n<li><strong>Modalidad<\/strong>: Si es virtual, enfatizar la comodidad, de poder estudiar en donde quiera sin trasladarse al campus<\/li>\n<li><strong>Financiaci\u00f3n:<\/strong>\u00a0si el programa cuenta con pagos en cuotas, mencionar que es financiaci\u00f3n propia, sin intereses ni costo de inscripci\u00f3n<\/li>\n<li><strong>Descuento:<\/strong>\u00a0Si es ex alumno de cuenta con un 20% de Descuento en cualquier programa.<\/li>\n<li><strong>Titulaci\u00f3n<\/strong>: La titulaci\u00f3n no cuenta con costo adicional, y la entrega del Diploma al culminar el cursado se entrega a la brevedad.<\/li>\n<\/ul>\n<hr \/>\n<p>&nbsp;<\/p>\n","protected":false},"excerpt":{"rendered":"<p>&nbsp; Curso Metaverse Development Program Este programa te prepara desde cero para desarrollar mundos y aplicaciones dentro de la realidad virtual. Aprende las habilidades y conocimientos necesarios para crear experiencias inmersivas que transformen la forma en que las personas interact\u00faan con la tecnolog\u00eda. OBJETIVO GENERAL&#8230;<\/p>\n","protected":false},"author":16,"featured_media":0,"parent":0,"menu_order":0,"comment_status":"closed","ping_status":"closed","template":"","meta":{"footnotes":""},"class_list":["post-5993","page","type-page","status-publish","hentry"],"aioseo_notices":[],"_links":{"self":[{"href":"https:\/\/sic.nodscloud.com\/nodsglobal\/wp-json\/wp\/v2\/pages\/5993","targetHints":{"allow":["GET"]}}],"collection":[{"href":"https:\/\/sic.nodscloud.com\/nodsglobal\/wp-json\/wp\/v2\/pages"}],"about":[{"href":"https:\/\/sic.nodscloud.com\/nodsglobal\/wp-json\/wp\/v2\/types\/page"}],"author":[{"embeddable":true,"href":"https:\/\/sic.nodscloud.com\/nodsglobal\/wp-json\/wp\/v2\/users\/16"}],"replies":[{"embeddable":true,"href":"https:\/\/sic.nodscloud.com\/nodsglobal\/wp-json\/wp\/v2\/comments?post=5993"}],"version-history":[{"count":3,"href":"https:\/\/sic.nodscloud.com\/nodsglobal\/wp-json\/wp\/v2\/pages\/5993\/revisions"}],"predecessor-version":[{"id":5996,"href":"https:\/\/sic.nodscloud.com\/nodsglobal\/wp-json\/wp\/v2\/pages\/5993\/revisions\/5996"}],"wp:attachment":[{"href":"https:\/\/sic.nodscloud.com\/nodsglobal\/wp-json\/wp\/v2\/media?parent=5993"}],"curies":[{"name":"wp","href":"https:\/\/api.w.org\/{rel}","templated":true}]}}