
{"id":5998,"date":"2024-12-14T00:20:56","date_gmt":"2024-12-14T00:20:56","guid":{"rendered":"https:\/\/sic.nodscloud.com\/nodsglobal\/?page_id=5998"},"modified":"2024-12-14T00:20:56","modified_gmt":"2024-12-14T00:20:56","slug":"diplomado-en-color-como-herramienta-de-diseno","status":"publish","type":"page","link":"https:\/\/sic.nodscloud.com\/nodsglobal\/diplomado-en-color-como-herramienta-de-diseno\/","title":{"rendered":"Diplomado en Color como Herramienta de Dise\u00f1o"},"content":{"rendered":"<p><img fetchpriority=\"high\" decoding=\"async\" class=\"size-full wp-image-5288 aligncenter\" src=\"https:\/\/sic.nodscloud.com\/nodsglobal\/wp-content\/uploads\/sites\/3\/2024\/09\/logo-anahuac-24.webp\" sizes=\"(max-width: 613px) 100vw, 613px\" srcset=\"https:\/\/sic.nodscloud.com\/nodsglobal\/wp-content\/uploads\/sites\/3\/2024\/09\/logo-anahuac-24.webp 613w, https:\/\/sic.nodscloud.com\/nodsglobal\/wp-content\/uploads\/sites\/3\/2024\/09\/logo-anahuac-24-300x78.webp 300w\" alt=\"\" width=\"613\" height=\"160\" \/><\/p>\n<p>&nbsp;<\/p>\n<h1 style=\"text-align: center;\"><span style=\"color: #008000;\"><strong>Diplomado en Color como Herramienta de Dise\u00f1o<\/strong><\/span><\/h1>\n<hr \/>\n<p>Aprende c\u00f3mo utilizar el color para comunicar ideas, emociones y conceptos a trav\u00e9s del dise\u00f1o. Este diplomado te dotar\u00e1 de las herramientas necesarias para crear composiciones visuales impactantes y funcionales, aplicando t\u00e9cnicas innovadoras que transformar\u00e1n tu forma de dise\u00f1ar.<\/p>\n<hr \/>\n<h3><span style=\"color: #ff6600;\"><strong>OBJETIVO GENERAL DEL PROGRAMA<\/strong><\/span><\/h3>\n<p>En este diplomado se desarrolla la percepci\u00f3n visual del color y se aprende a aplicar el color desde diferentes puntos de vista: cient\u00edficos, t\u00e9cnicos, est\u00e9ticos, psicol\u00f3gicos y\u00a0simb\u00f3licos, para el uso adecuado del color en proyectos de dise\u00f1o.<\/p>\n<p>Los colores tienen una importancia vital en el bienestar de las personas. La utilizaci\u00f3n del color ha demostrado a lo largo de la historia como sus diferentes tonalidades pueden\u00a0repercutir de forma positiva en nuestro estado de \u00e1nimo o atenci\u00f3n, provocando reacciones diferentes. Cada color tiene un poder particular, ya que posee una energ\u00eda que\u00a0impacta de diferentes maneras en las relaciones humanas de las personas y su entorno<\/p>\n<p>&nbsp;<\/p>\n<p><strong>Fecha de Inicio:<\/strong> 08\/02\/2025<\/p>\n<p><strong>Duraci\u00f3n<\/strong>: 80 horas<\/p>\n<p><strong>Modalidad:\u00a0<\/strong>Aula Virtual<\/p>\n<p><strong>Horarios: <\/strong><span style=\"font-weight: 400;\">S\u00e1bados de 9:00 a 13:00 horas<\/span><\/p>\n<p><strong>Requisitos:\u00a0<\/strong>Formulario de Preinscripci\u00f3n\u00a0 (profesionales: titulo y cedula)<\/p>\n<p><strong>Costo: <span style=\"font-weight: 400;\">$40,000 pesos \/ 8 pagos de $5,000.00<\/span><\/strong><\/p>\n<p>&nbsp;<\/p>\n<hr \/>\n<h3><span style=\"color: #ff6600;\"><strong>PERFIL DE INGRESO<\/strong><\/span><\/h3>\n<p>No requiere experiencia previa al tomar este programa, ideal para cualquier alumno que desee transformar su vida y sus conocimientos dentro de la tecnolog\u00eda que desee desarrollar mundos en el metaverso y habilidades de realidad virtual. Los alumnos ideales van de los 15 a\u00f1os a los 39 a\u00f1os.<\/p>\n<p>&nbsp;<\/p>\n<hr \/>\n<h3><span style=\"color: #ff6600;\"><strong>PLAN DE ESTUDIOS<\/strong><\/span><\/h3>\n<h3><span style=\"color: #008000;\"><strong>Introducci\u00f3n<\/strong><\/span><\/h3>\n<p>Los colores son esenciales para el bienestar humano y han demostrado su capacidad para influir en el estado de \u00e1nimo, la atenci\u00f3n y las reacciones ante diferentes situaciones. Cada color tiene una energ\u00eda \u00fanica que afecta a las relaciones humanas y su entorno, lo que hace del color una herramienta poderosa en el dise\u00f1o de espacios.<\/p>\n<h4><span style=\"color: #008000;\"><strong>M\u00d3DULO 1: Color, el Medio Ambiente y la Reacci\u00f3n Humana<\/strong><\/span><\/h4>\n<ul>\n<li><strong>1.1 Introducci\u00f3n<\/strong>: El color como una percepci\u00f3n sensorial.<\/li>\n<li><strong>1.2 \u00bfQu\u00e9 es color?<\/strong><\/li>\n<li><strong>1.3 Efectos psicofisiol\u00f3gicos<\/strong><\/li>\n<li><strong>1.4 El papel de la ergonom\u00eda visual y psicolog\u00eda de la percepci\u00f3n<\/strong><\/li>\n<\/ul>\n<h4><span style=\"color: #008000;\"><strong>M\u00d3DULO 2: Principios de la Teor\u00eda del Color Aditiva y Sustractiva<\/strong><\/span><\/h4>\n<ul>\n<li><strong>2.1 Teor\u00eda Aditiva<\/strong><\/li>\n<li><strong>2.2 Teor\u00eda Sustractiva<\/strong><\/li>\n<\/ul>\n<h4><span style=\"color: #008000;\"><strong>M\u00d3DULO 3: Principios del Dise\u00f1o con Color<\/strong><\/span><\/h4>\n<ul>\n<li><strong>3.1<\/strong>\u00a0\u00bfC\u00f3mo seleccionar colores y por qu\u00e9?<\/li>\n<li><strong>3.2<\/strong>\u00a0Elementos de la Composici\u00f3n con Color<\/li>\n<li><strong>3.3<\/strong>\u00a0Combinaciones de color<\/li>\n<li><strong>3.4<\/strong>\u00a0Contraste de Color<\/li>\n<\/ul>\n<h4><span style=\"color: #008000;\"><strong>M\u00d3DULO 4: El Color en el Espacio Arquitect\u00f3nico<\/strong><\/span><\/h4>\n<ul>\n<li><strong>4.1<\/strong>\u00a0M\u00e9todos de an\u00e1lisis del entorno arquitect\u00f3nico<\/li>\n<li><strong>4.2<\/strong>\u00a0Dise\u00f1o correcto del color en diferentes espacios<\/li>\n<\/ul>\n<h4><span style=\"color: #008000;\"><strong>M\u00d3DULO 5: Psicolog\u00eda del Color<\/strong><\/span><\/h4>\n<ul>\n<li><strong>5.1<\/strong>\u00a0Efectos biol\u00f3gicos de la luz y el color<\/li>\n<li><strong>5.2<\/strong>\u00a0Cromobiolog\u00eda<\/li>\n<li><strong>5.3<\/strong>\u00a0Cromoterapia<\/li>\n<li><strong>5.4<\/strong>\u00a0El color en Psicoterapia<\/li>\n<li><strong>5.5<\/strong>\u00a0Efectos psicol\u00f3gicos del color<\/li>\n<li><strong>5.6<\/strong>\u00a0Sinestesia<\/li>\n<\/ul>\n<h4><span style=\"color: #008000;\"><strong>M\u00d3DULO 6: Comunicaci\u00f3n y Marketing con Color<\/strong><\/span><\/h4>\n<ul>\n<li><strong>6.1<\/strong>\u00a0Comunica con Color<\/li>\n<li><strong>6.2<\/strong>\u00a0El papel del color en la comercializaci\u00f3n<\/li>\n<li><strong>6.3<\/strong>\u00a0Niveles de comunicaci\u00f3n con color<\/li>\n<li><strong>6.4<\/strong>\u00a0Expresi\u00f3n de l\u00edneas simples y formas<\/li>\n<li><strong>6.5<\/strong>\u00a0Significado de los Colores<\/li>\n<li><strong>6.6<\/strong>\u00a0Color en el Dise\u00f1o Gr\u00e1fico<\/li>\n<li><strong>6.7<\/strong>\u00a0Color en el Dise\u00f1o Industrial<\/li>\n<li><strong>6.8<\/strong>\u00a0Marketing con Color<\/li>\n<li><strong>6.9<\/strong>\u00a0Color en la Publicidad<\/li>\n<\/ul>\n<h4><span style=\"color: #008000;\"><strong>M\u00d3DULO 7: Taller<\/strong><\/span><\/h4>\n<ul>\n<li><strong>7.1<\/strong>\u00a0Crea tu paleta de Colores<\/li>\n<\/ul>\n<p>&nbsp;<\/p>\n<hr \/>\n<h3><span style=\"color: #ff6600;\"><strong>HABILIDADES<\/strong><\/span><\/h3>\n<p>&nbsp;<\/p>\n<ul>\n<li>Comprensi\u00f3n profunda de la\u00a0<strong>psicolog\u00eda y simbolog\u00eda del color<\/strong>\u00a0y su influencia en el comportamiento humano.<\/li>\n<li>Aplicaci\u00f3n de\u00a0<strong>principios cient\u00edficos y est\u00e9ticos del color<\/strong>\u00a0para mejorar la percepci\u00f3n y la experiencia de los usuarios.<\/li>\n<li>Capacidad para dise\u00f1ar espacios que promuevan el\u00a0<strong>bienestar emocional<\/strong>\u00a0a trav\u00e9s de elecciones de color adecuadas.<\/li>\n<li>Desarrollo de una\u00a0<strong>visi\u00f3n integral<\/strong>\u00a0del color como herramienta funcional y est\u00e9tica en el dise\u00f1o de interiores y exteriores.<\/li>\n<\/ul>\n<p>&nbsp;<\/p>\n<hr \/>\n<h3><strong><span style=\"color: #ff6600;\">PROFESORES<\/span><\/strong><\/h3>\n<p><strong>Mtra. \u00c1ngela Mar\u00eda Alva Escudero<\/strong><br \/>\nDise\u00f1adora de interiores y consultora de color acreditada por el programa de Business of Color con el grado de colorIQ-1. Su misi\u00f3n es promover el conocimiento, experiencias y t\u00e9cnicas entre personas de las diversas\u00a0\u00e1reas del arte, el dise\u00f1o creando mejores pr\u00e1cticas de ense\u00f1anza y aprendizaje del color y generando propuestas, productos y servicios de vanguardia que tengan al color como protagonista.<\/p>\n<p>Cuenta con m\u00e1s de 25 a\u00f1os de experiencia en la asesor\u00eda de color, en el dise\u00f1o e impartici\u00f3n de cursos y conferencias de color para universidades, escuelas y empresas en el ramo de la decoraci\u00f3n, de pintura y\u00a0recubrimientos, personal de tienda menudeo, tiendas de decoraci\u00f3n, muebler\u00edas, amas de casa, y profesiones vinculadas con la arquitectura y el dise\u00f1o. Es investigadora y autora del sistema de aprendizaje del color\u00a0\u201cabc del color\u201d.<\/p>\n<p>Algunos de los cursos que he impartido en la actualidad son la materia de Teor\u00eda del color, el Diplomado \u201cEl color como herramienta de dise\u00f1o\u201d en el \u00e1rea de posgrados de la Universidad An\u00e1huac en la facultad de\u00a0arquitectura. En el sector de interiorismo, los cursos de \u201cTendencias de color 2015\u201d, \u201cVive el color\u201d, para Comex y \u201cEl color en la decoraci\u00f3n,\u201d en CICATA.<\/p>\n<p>Ha Implementado aplicaciones del uso del color en proyectos como: \u201cNuevos Ambientes de aprendizaje\u201d; Colegio de la Madrid, Texcoco y Estancia Infantil, Nezahualc\u00f3yotl.<\/p>\n<p>&nbsp;<\/p>\n<hr \/>\n<h3><span style=\"color: #ff6600;\"><strong>BENEFICIOS<\/strong><\/span><\/h3>\n<ul>\n<li><strong>Modalidad<\/strong>: Si es virtual, enfatizar la comodidad, de poder estudiar en donde quiera sin trasladarse al campus<\/li>\n<li><strong>Financiaci\u00f3n:<\/strong>\u00a0si el programa cuenta con pagos en cuotas, mencionar que es financiaci\u00f3n propia, sin intereses ni costo de inscripci\u00f3n<\/li>\n<li><strong>Descuento:<\/strong>\u00a0Si es ex alumno de cuenta con un 20% de Descuento en cualquier programa.<\/li>\n<li><strong>Titulaci\u00f3n<\/strong>: La titulaci\u00f3n no cuenta con costo adicional, y la entrega del Diploma al culminar el cursado se entrega a la brevedad.<\/li>\n<\/ul>\n<hr \/>\n<p>&nbsp;<\/p>\n","protected":false},"excerpt":{"rendered":"<p>&nbsp; Diplomado en Color como Herramienta de Dise\u00f1o Aprende c\u00f3mo utilizar el color para comunicar ideas, emociones y conceptos a trav\u00e9s del dise\u00f1o. Este diplomado te dotar\u00e1 de las herramientas necesarias para crear composiciones visuales impactantes y funcionales, aplicando t\u00e9cnicas innovadoras que transformar\u00e1n tu forma&#8230;<\/p>\n","protected":false},"author":16,"featured_media":0,"parent":0,"menu_order":0,"comment_status":"closed","ping_status":"closed","template":"","meta":{"footnotes":""},"class_list":["post-5998","page","type-page","status-publish","hentry"],"aioseo_notices":[],"_links":{"self":[{"href":"https:\/\/sic.nodscloud.com\/nodsglobal\/wp-json\/wp\/v2\/pages\/5998","targetHints":{"allow":["GET"]}}],"collection":[{"href":"https:\/\/sic.nodscloud.com\/nodsglobal\/wp-json\/wp\/v2\/pages"}],"about":[{"href":"https:\/\/sic.nodscloud.com\/nodsglobal\/wp-json\/wp\/v2\/types\/page"}],"author":[{"embeddable":true,"href":"https:\/\/sic.nodscloud.com\/nodsglobal\/wp-json\/wp\/v2\/users\/16"}],"replies":[{"embeddable":true,"href":"https:\/\/sic.nodscloud.com\/nodsglobal\/wp-json\/wp\/v2\/comments?post=5998"}],"version-history":[{"count":2,"href":"https:\/\/sic.nodscloud.com\/nodsglobal\/wp-json\/wp\/v2\/pages\/5998\/revisions"}],"predecessor-version":[{"id":6000,"href":"https:\/\/sic.nodscloud.com\/nodsglobal\/wp-json\/wp\/v2\/pages\/5998\/revisions\/6000"}],"wp:attachment":[{"href":"https:\/\/sic.nodscloud.com\/nodsglobal\/wp-json\/wp\/v2\/media?parent=5998"}],"curies":[{"name":"wp","href":"https:\/\/api.w.org\/{rel}","templated":true}]}}