
{"id":6001,"date":"2024-12-14T00:28:06","date_gmt":"2024-12-14T00:28:06","guid":{"rendered":"https:\/\/sic.nodscloud.com\/nodsglobal\/?page_id=6001"},"modified":"2024-12-14T00:28:06","modified_gmt":"2024-12-14T00:28:06","slug":"diplomado-integral-en-bim-con-autodesk-revit","status":"publish","type":"page","link":"https:\/\/sic.nodscloud.com\/nodsglobal\/diplomado-integral-en-bim-con-autodesk-revit\/","title":{"rendered":"Diplomado Integral en BIM con Autodesk Revit"},"content":{"rendered":"<p><img fetchpriority=\"high\" decoding=\"async\" class=\"size-full wp-image-5288 aligncenter\" src=\"https:\/\/sic.nodscloud.com\/nodsglobal\/wp-content\/uploads\/sites\/3\/2024\/09\/logo-anahuac-24.webp\" sizes=\"(max-width: 613px) 100vw, 613px\" srcset=\"https:\/\/sic.nodscloud.com\/nodsglobal\/wp-content\/uploads\/sites\/3\/2024\/09\/logo-anahuac-24.webp 613w, https:\/\/sic.nodscloud.com\/nodsglobal\/wp-content\/uploads\/sites\/3\/2024\/09\/logo-anahuac-24-300x78.webp 300w\" alt=\"\" width=\"613\" height=\"160\" \/><\/p>\n<p>&nbsp;<\/p>\n<h1 style=\"text-align: center;\"><strong><span style=\"color: #008000;\">Diplomado Integral en BIM con Autodesk Revit<\/span><\/strong><\/h1>\n<hr \/>\n<p><span style=\"color: #ff6600;\"><strong>\u00a1Domina el futuro de la construcci\u00f3n con BIM!<\/strong><\/span><\/p>\n<p>Este diplomado te capacitar\u00e1 en el uso de Building Information Modeling (BIM) con Autodesk Revit, desde el modelado hasta la entrega final de proyectos arquitect\u00f3nicos. Aprende a integrar instalaciones y estructuras utilizando herramientas digitales avanzadas que optimicen cada etapa del proyecto<\/p>\n<hr \/>\n<h3><span style=\"color: #ff6600;\"><strong>OBJETIVO GENERAL DEL PROGRAMA<\/strong><\/span><\/h3>\n<p>Capacitar a los estudiantes en el uso efectivo de building information modeling (bim) en proyectos arquitect\u00f3nicos, desde la conceptualizaci\u00f3n hasta la entrega de proyectos, promoviendo la formaci\u00f3n integral y el desarrollo de competencias informacionales esenciales, y facilitando la generaci\u00f3n de nuevo conocimiento en el campo de la arquitectura.<\/p>\n<p>&nbsp;<\/p>\n<p><strong>Fecha de Inicio:<\/strong> 17\/02\/2025<\/p>\n<p><strong>Duraci\u00f3n<\/strong>: 120 horas<\/p>\n<p><strong>Modalidad:\u00a0<\/strong>Aula Virtual<\/p>\n<p><strong>Horarios: <span style=\"font-weight: 400;\">Viernes de 17:00 a 22:00 horas<\/span><\/strong><\/p>\n<p><strong>Requisitos:\u00a0<\/strong>Formulario de Preinscripci\u00f3n\u00a0 (profesionales: titulo y cedula)<\/p>\n<p><strong>Precio: <\/strong><span style=\"font-weight: 400;\">$45,000 pesos \/ Anticipo de $3,000.00 y 7 pagos de $6,000.00 (La raz\u00f3n por la que se pide anticipo en este programa es que necesitan obtener una licencia de estudiante de Autodesk. Se pide el anticipo para poder inscribirlos y darles su credencial apropiadamente para que tengan la licencia necesaria para tomar el diplomado)<\/span><\/p>\n<p>&nbsp;<\/p>\n<hr \/>\n<h3><span style=\"color: #ff6600;\"><strong>PERFIL DE INGRESO<\/strong><\/span><\/h3>\n<p>Arquitectos y constructores.<\/p>\n<p>&nbsp;<\/p>\n<hr \/>\n<h3><span style=\"color: #ff6600;\"><strong>PLAN DE ESTUDIOS<\/strong><\/span><\/h3>\n<p><span style=\"color: #008000;\"><strong>M\u00d3DULO 1. Introducci\u00f3n BIM (Entender los conceptos detr\u00e1s de BIM as\u00ed como sus terminolog\u00edas).<\/strong><\/span><br \/>\n1.1 LOD (Nivel de detalle en modelo)<br \/>\n1.2 PEB (Plan de desarrollo BIM y c\u00f3mo se compone)<br \/>\n1.3 LOI (Nivel de informaci\u00f3n cargada en el RVT)<br \/>\n1.4 COBie (Formatos para exportar entre REVIT y otros programas)<br \/>\n1.5 IFC (Modelo de informaci\u00f3n para otras aplicaciones BIM como Navisworks)<br \/>\n1.6 BIM &#8211; Informaci\u00f3n de modelo BIM, pr\u00e1cticas, \u00e9tica profesional en el uso de las herramientas<\/p>\n<p><strong><span style=\"color: #008000;\">M\u00d3DULO 2. Modelado general (Interactuar con la interfaz y aprender las formas b\u00e1sicas del modelado,<\/span><br \/>\ndejando a un lado la arquitectura por un momento para poder fortalecer y entender el programa desde ra\u00edz).<\/strong><br \/>\n2.1 Interfaz de revit y componentes<br \/>\n2.2 Unidades de trabajo (Sistema m\u00e9trico, imperial, pulgadas, pies y como se puede colaborar con otros proyectos).<br \/>\n2.3 Ejes (Dise\u00f1o de ejes rectos o curvos)<br \/>\n2.4 Cotas<br \/>\n2.5 Modelado mediante cotas<br \/>\n2.6 Ejercicio de muros y losas<br \/>\n2.7 Niveles (Colocaci\u00f3n de niveles de entrepiso, cumbreras, lechos bajos y altos de losa y trabes)<br \/>\n2.8 Ubicaci\u00f3n y Site (Coordenadas de proyecto, norte real y norte de proyecto)<br \/>\n2.9 Topografia<br \/>\n2.10 Property lines y lotificaci\u00f3n<\/p>\n<p><span style=\"color: #008000;\"><strong>M\u00d3DULO 3. Modelado y buenas practicas (Practicas BIM sobre el correcto modelado y qu\u00e9 es lo que se quiere lograr)<\/strong><\/span><br \/>\n3.1 Building pads (Sistema de taludes para modelado de topografia)<br \/>\n3.2 Entendimiento del proceso de modelado<br \/>\n3.3 Procesos constructivos y formas de modelar<br \/>\n3.4 Documentaci\u00f3n y preparativos antes de iniciar un proyecto<br \/>\n3.5 Escalas<br \/>\n3.6 Notas y tags<br \/>\n3.7 Creaci\u00f3n de materiales<br \/>\n3.8 Edici\u00f3n de materiales<br \/>\n3.9 Link de Keynotes, c\u00f3mo usarlos en las familias y aplicarlos a los materiales.<\/p>\n<p><span style=\"color: #008000;\"><strong>M\u00d3DULO 4. Arquitectura (Inicio de proyecto arquitect\u00f3nico: Ejemplo de todo lo aprendido posteriormente sobre un proyecto pr\u00e1ctico)<\/strong><\/span><br \/>\n4.1 Losas<br \/>\n4.2 Muros<br \/>\n4.3 Puertas<br \/>\n4.4 Ventanas<br \/>\n4.5 Escaleras<\/p>\n<p><span style=\"color: #008000;\"><strong>M\u00d3DULO 5. Familias de nivel basico (Creaci\u00f3n de una familia para entender el concepto b\u00e1sico detr\u00e1s de \u00e9l)<\/strong><\/span><br \/>\n5.1 Ventana de 2 hojas<br \/>\n5.2 Continuaci\u00f3n del proyecto ejecutivo<br \/>\n5.3 Modelado de acabados con sistema constructivo<br \/>\n5.3.1 Porcelanatos<br \/>\n5.3.2 Pastas<br \/>\n5.3.3 Zoclos<br \/>\n5.3.4 Plafones<\/p>\n<p><span style=\"color: #008000;\"><strong>M\u00d3DULO 6. Estructura, entendimiento del proceso y modelado estructural con sistemas constructivos<\/strong><\/span><br \/>\n6.1 Columnas<br \/>\n6.2 Losas<br \/>\n6.3 Trabes y contratrabes<br \/>\n6.4 Armado de acero de refuerzo en elementos tipo<br \/>\n6.4.1 Columnas y castillos<br \/>\n6.4.2 Losas<br \/>\n6.4.3 Trabes y contratrabes<br \/>\n6.5 Pr\u00e1cticas esenciales de diferentes niveles de detalle (LODs) en estructura<br \/>\n6.5.1 Grupos<br \/>\n6.5.2 Comentarios para filtros<br \/>\n6.5.3 Descripciones para filtros<br \/>\n6.5.4 Tags<\/p>\n<p><span style=\"color: #008000;\"><strong>M\u00d3DULO 7. Modelado de instalaciones con sistemas constructivos<\/strong><\/span><br \/>\n7.1 Modelado de instalaciones y referencias<br \/>\n7.2 Instalaciones, entendimiento del proceso y modelado<br \/>\n7.2.1 Instalaci\u00f3n sanitaria y familias<br \/>\n7.2.2 Instalaci\u00f3n hidraulica y familias<br \/>\n7.2.3 Instalaci\u00f3n el\u00e9ctrica y familias<br \/>\n7.2.4 Instalaciones especiales y familias<\/p>\n<p><span style=\"color: #008000;\"><strong>M\u00d3DULO 8. Tablas de de cuantificaci\u00f3n y administraci\u00f3n del proyecto<\/strong><\/span><br \/>\n8.1 Elaboraci\u00f3n de tablas de cuantificaci\u00f3n<br \/>\n8.2 Administraci\u00f3n de proyecto mediante tablas<br \/>\n8.3 Administraci\u00f3n de project browser<br \/>\n8.4 Administraci\u00f3n y separaci\u00f3n de etapas constructivas<br \/>\n8.5 Filtros para construcci\u00f3n<br \/>\n8.6 Preparativos antes de realizar programas de obra y cuantificaciones<br \/>\n8.7 Elaboraci\u00f3n de planos de taller<br \/>\n8.8 Planos ejecutivos<br \/>\n8.9 View templates<br \/>\n8.10 BIM 360<br \/>\n8.11 Clash detection<br \/>\n8.12 Document Management<br \/>\n8.13 Revisions<br \/>\n8.14 Navisworks<\/p>\n<p><span style=\"color: #008000;\"><strong>M\u00d3DULO 9. Pr\u00e1ctica de proyecto ejecutivo y soluci\u00f3n de problemas<\/strong><\/span><\/p>\n<p>&nbsp;<\/p>\n<hr \/>\n<h3><span style=\"color: #ff6600;\"><strong>HABILIDADES<\/strong><\/span><\/h3>\n<p>&nbsp;<\/p>\n<ul>\n<li><strong>Implementaci\u00f3n de Building Information Modeling (BIM):\u00a0<\/strong>Capacidad para aplicar el enfoque BIM en proyectos arquitect\u00f3nicos, gestionando eficientemente la informaci\u00f3n y los recursos a lo largo de todo el ciclo de vida del proyecto.<\/li>\n<li><strong>Gesti\u00f3n de las fases del ciclo de vida del proyecto:\u00a0<\/strong>Habilidad para coordinar todas las fases de un proyecto, desde el dise\u00f1o inicial hasta la construcci\u00f3n y mantenimiento de edificios y estructuras.<\/li>\n<li><strong>Uso de Revit para optimizar el dise\u00f1o y la construcci\u00f3n:\u00a0<\/strong>Competencia en el uso de la herramienta Revit para dise\u00f1ar, modelar y gestionar proyectos arquitect\u00f3nicos, mejorando la precisi\u00f3n y eficiencia en la construcci\u00f3n.<\/li>\n<li><strong>Mantenimiento y gesti\u00f3n de edificios mediante BIM:\u00a0<\/strong>Capacidad para utilizar BIM y Revit en la fase de mantenimiento de las edificaciones, optimizando la gesti\u00f3n operativa y prolongando la vida \u00fatil de las estructuras.<\/li>\n<\/ul>\n<p>&nbsp;<\/p>\n<hr \/>\n<h3><strong><span style=\"color: #ff6600;\">PROFESORES<\/span><\/strong><\/h3>\n<p><strong>Luis Emmanuel P\u00e9rez Jim\u00e9nez<\/strong><\/p>\n<p>Arquitecto egresado de la Universidad Tecnol\u00f3gica de M\u00e9xico con maestr\u00eda en Direcci\u00f3n de la Construcci\u00f3n y Dise\u00f1o Arquitect\u00f3nico Sustentable, BIM manager en Consorcio Ara durante 3 a\u00f1os y posteriormente 2 a\u00f1os en Quiero casa. Cofundador de URAR BIM quien particip\u00f3 en el aeropuerto de Texcoco bajo los est\u00e1ndares BIM, as\u00ed como consultar\u00edas a diversos despachos de arquitectura. Fundador de KimeralKahn, que actualmente se dedica a proyectos independientes con empresas particulares: MRP, BCGroup, XYZ Architects, dentro de los cuales, actualmente se trabaja en la coordinaci\u00f3n BIM de 3 proyectos habitacionales de m\u00e1s de 14 niveles.<\/p>\n<p>&nbsp;<\/p>\n<hr \/>\n<h3><span style=\"color: #ff6600;\"><strong>BENEFICIOS<\/strong><\/span><\/h3>\n<ul>\n<li><strong>Modalidad<\/strong>: Si es virtual, enfatizar la comodidad, de poder estudiar en donde quiera sin trasladarse al campus<\/li>\n<li><strong>Financiaci\u00f3n:<\/strong>\u00a0si el programa cuenta con pagos en cuotas, mencionar que es financiaci\u00f3n propia, sin intereses ni costo de inscripci\u00f3n<\/li>\n<li><strong>Descuento:<\/strong>\u00a0Si es ex alumno de cuenta con un 20% de Descuento en cualquier programa.<\/li>\n<li><strong>Titulaci\u00f3n<\/strong>: La titulaci\u00f3n no cuenta con costo adicional, y la entrega del Diploma al culminar el cursado se entrega a la brevedad.<\/li>\n<\/ul>\n<hr \/>\n<p>&nbsp;<\/p>\n","protected":false},"excerpt":{"rendered":"<p>&nbsp; Diplomado Integral en BIM con Autodesk Revit \u00a1Domina el futuro de la construcci\u00f3n con BIM! Este diplomado te capacitar\u00e1 en el uso de Building Information Modeling (BIM) con Autodesk Revit, desde el modelado hasta la entrega final de proyectos arquitect\u00f3nicos. Aprende a integrar instalaciones&#8230;<\/p>\n","protected":false},"author":16,"featured_media":0,"parent":0,"menu_order":0,"comment_status":"closed","ping_status":"closed","template":"","meta":{"footnotes":""},"class_list":["post-6001","page","type-page","status-publish","hentry"],"aioseo_notices":[],"_links":{"self":[{"href":"https:\/\/sic.nodscloud.com\/nodsglobal\/wp-json\/wp\/v2\/pages\/6001","targetHints":{"allow":["GET"]}}],"collection":[{"href":"https:\/\/sic.nodscloud.com\/nodsglobal\/wp-json\/wp\/v2\/pages"}],"about":[{"href":"https:\/\/sic.nodscloud.com\/nodsglobal\/wp-json\/wp\/v2\/types\/page"}],"author":[{"embeddable":true,"href":"https:\/\/sic.nodscloud.com\/nodsglobal\/wp-json\/wp\/v2\/users\/16"}],"replies":[{"embeddable":true,"href":"https:\/\/sic.nodscloud.com\/nodsglobal\/wp-json\/wp\/v2\/comments?post=6001"}],"version-history":[{"count":4,"href":"https:\/\/sic.nodscloud.com\/nodsglobal\/wp-json\/wp\/v2\/pages\/6001\/revisions"}],"predecessor-version":[{"id":6005,"href":"https:\/\/sic.nodscloud.com\/nodsglobal\/wp-json\/wp\/v2\/pages\/6001\/revisions\/6005"}],"wp:attachment":[{"href":"https:\/\/sic.nodscloud.com\/nodsglobal\/wp-json\/wp\/v2\/media?parent=6001"}],"curies":[{"name":"wp","href":"https:\/\/api.w.org\/{rel}","templated":true}]}}