
{"id":6014,"date":"2024-12-14T00:56:21","date_gmt":"2024-12-14T00:56:21","guid":{"rendered":"https:\/\/sic.nodscloud.com\/nodsglobal\/?page_id=6014"},"modified":"2024-12-14T00:56:21","modified_gmt":"2024-12-14T00:56:21","slug":"diplomado-en-transformacion-digital-para-abogados","status":"publish","type":"page","link":"https:\/\/sic.nodscloud.com\/nodsglobal\/diplomado-en-transformacion-digital-para-abogados\/","title":{"rendered":"Diplomado en Transformaci\u00f3n Digital para Abogados"},"content":{"rendered":"<p><img fetchpriority=\"high\" decoding=\"async\" class=\"size-full wp-image-5288 aligncenter\" src=\"https:\/\/sic.nodscloud.com\/nodsglobal\/wp-content\/uploads\/sites\/3\/2024\/09\/logo-anahuac-24.webp\" sizes=\"(max-width: 613px) 100vw, 613px\" srcset=\"https:\/\/sic.nodscloud.com\/nodsglobal\/wp-content\/uploads\/sites\/3\/2024\/09\/logo-anahuac-24.webp 613w, https:\/\/sic.nodscloud.com\/nodsglobal\/wp-content\/uploads\/sites\/3\/2024\/09\/logo-anahuac-24-300x78.webp 300w\" alt=\"\" width=\"613\" height=\"160\" \/><\/p>\n<p>&nbsp;<\/p>\n<h1 style=\"text-align: center;\"><span style=\"color: #008000;\"><strong>Diplomado en Transformaci\u00f3n Digital para Abogados<\/strong><\/span><\/h1>\n<hr \/>\n<p><strong>\u00a1Revoluciona tu pr\u00e1ctica legal con la tecnolog\u00eda!<\/strong><\/p>\n<p>Este diplomado brinda una formaci\u00f3n esencial en derecho digital y humanismo, abordando temas clave como econom\u00eda digital, ciberseguridad, Big Data, propiedad intelectual, y Fintech. A trav\u00e9s de m\u00f3dulos especializados y casos de estudio, los participantes desarrollar\u00e1n competencias para enfrentar los retos legales y \u00e9ticos en un entorno cada vez m\u00e1s digitalizado.<\/p>\n<p>&nbsp;<\/p>\n<hr \/>\n<h3><span style=\"color: #ff6600;\"><strong>OBJETIVO GENERAL DEL PROGRAMA<\/strong><\/span><\/h3>\n<p>Proporcionar a los estudiantes una comprensi\u00f3n de los aspectos legales relacionados con la econom\u00eda digital para que puedan contar con las herramientas necesarias para ejercer las distintas disciplinas del derecho en el entorno de la transformaci\u00f3n digital que est\u00e1 viviendo el mundo<\/p>\n<p>&nbsp;<\/p>\n<p><strong>Fecha de Inicio:<\/strong> 22\/04\/2025<\/p>\n<p><strong>Duraci\u00f3n<\/strong>: 120 horas<\/p>\n<p><strong>Modalidad:\u00a0<\/strong>H\u00edbrido<\/p>\n<p><strong>Horarios:\u00a0<\/strong>Martes y jueves de 19:00 a 21:30 horas (Aula Virtual),\u00a0S\u00e1bados de 9:00 a 14:00 horas (Presencial- Campus Norte)<\/p>\n<p><strong>Requisitos:\u00a0<\/strong>Formulario de Preinscripci\u00f3n\u00a0 (profesionales: titulo y cedula)<\/p>\n<p><strong>Costo:<\/strong> <span style=\"font-weight: 400;\">$42,000 MXN en 5 pagos<\/span><\/p>\n<p>&nbsp;<\/p>\n<hr \/>\n<h3><span style=\"color: #ff6600;\"><strong>PERFIL DE INGRESO<\/strong><\/span><\/h3>\n<p>Profesionales del \u00e1mbito jur\u00eddico, administrativo y corporativo, incluyendo abogados, acad\u00e9micos,<br \/>\nconsultores y desarrolladores interesados en tecnolog\u00eda legal. Este perfil busca adquirir conocimientos sobre la transformaci\u00f3n digital en el sector legal, ya sea para optimizar procesos internos, desarrollar soluciones tecnol\u00f3gicas innovadoras, o mantenerse actualizado en tendencias legales digitales. Tambi\u00e9n incluye a personas interesadas en explorar nuevas herramientas y enfoques para mejorar su pr\u00e1ctica profesional en un mundo cada vez m\u00e1s digitalizado<\/p>\n<p>&nbsp;<\/p>\n<hr \/>\n<h3><span style=\"color: #ff6600;\"><strong>PLAN DE ESTUDIOS<\/strong><\/span><\/h3>\n<p>&nbsp;<\/p>\n<section id=\"shopify-section-template--23341144408374__main\" class=\"shopify-section section-product-template\">\n<div id=\"ProductSection-template--23341144408374__main\" class=\"page-width-small\" data-section-id=\"template--23341144408374__main\" data-section-type=\"product\" data-enable-history-state=\"true\" data-enable_linked_options=\"true\" data-show_preorder_btn=\"false\" data-show_pick_an_option=\"true\">\n<div class=\"tabing small--hide\">\n<div class=\"tab-content\">\n<div id=\"tab3\" class=\"tab-pane active\">\n<div class=\"rte\">\n<div class=\"metafield-rich_text_field\">\n<h4><span style=\"color: #008000;\"><strong>I. Econom\u00eda Digital<\/strong><\/span><\/h4>\n<p><strong>Duraci\u00f3n:<\/strong>\u00a014 horas<\/p>\n<ol>\n<li><strong>Conceptos b\u00e1sicos de la econom\u00eda digital.<\/strong><\/li>\n<li><strong>Impacto de la econom\u00eda digital en los mercados.<\/strong><\/li>\n<li><strong>Estructura del mercado digital.<\/strong><\/li>\n<li><strong>Casos de estudio.<\/strong><\/li>\n<\/ol>\n<h4><span style=\"color: #008000;\"><strong>II. Derecho Digital General<\/strong><\/span><\/h4>\n<p><strong>Duraci\u00f3n:<\/strong>\u00a014 horas<\/p>\n<ol>\n<li><strong>Fundamentos del derecho digital.<\/strong><\/li>\n<li><strong>Retos y oportunidades en la era digital.<\/strong><\/li>\n<li><strong>Marco legal y regulaci\u00f3n.<\/strong><\/li>\n<li><strong>Casos de estudio.<\/strong><\/li>\n<\/ol>\n<h4><span style=\"color: #008000;\"><strong>III. Competencia y Mercados Digitales<\/strong><\/span><\/h4>\n<p><strong>Duraci\u00f3n:<\/strong>\u00a014 horas<\/p>\n<ol>\n<li><strong>Econom\u00edas en el sector digital.<\/strong><\/li>\n<li><strong>Regulaci\u00f3n de la competencia en la econom\u00eda digital.<\/strong><\/li>\n<li><strong>Casos de estudio.<\/strong><\/li>\n<\/ol>\n<h4><strong>IV. Big Data<\/strong><\/h4>\n<p><strong>Duraci\u00f3n:<\/strong>\u00a014 horas<\/p>\n<ol>\n<li><strong>Big Data y la nube.<\/strong><\/li>\n<li><strong>Regulaci\u00f3n de la recopilaci\u00f3n y uso de datos.<\/strong><\/li>\n<li><strong>Retos y regulaciones de las plataformas digitales.<\/strong><\/li>\n<li><strong>Casos de estudio.<\/strong><\/li>\n<\/ol>\n<h4><span style=\"color: #008000;\"><strong>V. Propiedad Intelectual y Protecci\u00f3n de Datos<\/strong><\/span><\/h4>\n<p><strong>Duraci\u00f3n:<\/strong>\u00a014 horas<\/p>\n<ol>\n<li><strong>Regulaciones globales y su impacto.<\/strong><\/li>\n<li><strong>Aspectos legales de la privacidad de datos.<\/strong><\/li>\n<li><strong>Protecci\u00f3n de la propiedad intelectual.<\/strong><\/li>\n<li><strong>Casos de estudio.<\/strong><\/li>\n<\/ol>\n<h4><span style=\"color: #008000;\"><strong>VI. Ciberseguridad<\/strong><\/span><\/h4>\n<p><strong>Duraci\u00f3n:<\/strong>\u00a014 horas<\/p>\n<ol>\n<li><strong>Implicaciones legales de la ciberseguridad.<\/strong><\/li>\n<li><strong>Seguridad de la informaci\u00f3n.<\/strong><\/li>\n<li><strong>Inteligencia Artificial.<\/strong><\/li>\n<li><strong>Regulaci\u00f3n local e internacional.<\/strong><\/li>\n<li><strong>Casos de estudio.<\/strong><\/li>\n<\/ol>\n<h4><span style=\"color: #008000;\"><strong>VII. Contratos Digitales<\/strong><\/span><\/h4>\n<p><strong>Duraci\u00f3n:<\/strong>\u00a012 horas<\/p>\n<ol>\n<li><strong>Comercio electr\u00f3nico.<\/strong><\/li>\n<li><strong>Criptomonedas y Blockchain:<\/strong>\u00a0Aspectos legales.<\/li>\n<li><strong>Casos de estudio.<\/strong><\/li>\n<\/ol>\n<h4><span style=\"color: #008000;\"><strong>VIII. Fintech<\/strong><\/span><\/h4>\n<p><strong>Duraci\u00f3n:<\/strong>\u00a010 horas<\/p>\n<ol>\n<li><strong>Leyes y regulaciones aplicables a las empresas Fintech.<\/strong><\/li>\n<li><strong>Licencias y permisos requeridos para operar.<\/strong><\/li>\n<li><strong>Casos de estudio.<\/strong><\/li>\n<\/ol>\n<h4><span style=\"color: #008000;\"><strong>IX. Legal Tech<\/strong><\/span><\/h4>\n<p><strong>Duraci\u00f3n:<\/strong>\u00a014 horas<\/p>\n<ol>\n<li><strong>Justicia digital.<\/strong><\/li>\n<li><strong>Compliance.<\/strong><\/li>\n<li><strong>Herramientas para abogados.<\/strong><\/li>\n<li><strong>Casos de estudio.<\/strong><\/li>\n<\/ol>\n<\/div>\n<\/div>\n<\/div>\n<\/div>\n<\/div>\n<\/div>\n<div class=\"hidden_contactForm\">\n<form id=\"ContactForm_9760897106230\" class=\"contact-form\" accept-charset=\"UTF-8\" action=\"https:\/\/educacioncontinua.anahuac.mx\/contact#ContactForm_9760897106230\" method=\"post\">\n<div class=\"form-status\"><\/div>\n<div><\/div>\n<\/form>\n<\/div>\n<div id=\"form_popup__form_popup_nLw7py\" class=\"form_popup modal\" aria-hidden=\"true\">\n<div class=\"modal__dialog modal__dialog--stretch\" role=\"dialog\">\n<div class=\"modal__inner \">\n<div class=\"page-width-small\">\n<div class=\"modal__inner_page_content rte\">\n<hr \/>\n<h3><\/h3>\n<\/div>\n<\/div>\n<\/div>\n<\/div>\n<\/div>\n<\/section>\n<h3><span style=\"color: #ff6600;\"><strong>HABILIDADES<\/strong><\/span><\/h3>\n<p>&nbsp;<\/p>\n<ul>\n<li>\n<ul>\n<li><strong>Adquirir un entendimiento s\u00f3lido de los aspectos legales de la econom\u00eda digital<\/strong>, comprendiendo las leyes y regulaciones que rigen las actividades en el entorno digital.<\/li>\n<li><strong>Aplicar las normativas legales que regulan el entorno digital<\/strong>, asegurando el cumplimiento de las leyes en \u00e1reas como protecci\u00f3n de datos, comercio electr\u00f3nico y propiedad intelectual.<\/li>\n<li><strong>Mejorar su capacidad para ejercer el derecho en un contexto de transformaci\u00f3n digital global<\/strong>, adapt\u00e1ndose a los cambios tecnol\u00f3gicos y su impacto en el ejercicio del derecho.<\/li>\n<\/ul>\n<\/li>\n<\/ul>\n<p>&nbsp;<\/p>\n<hr \/>\n<h3><strong><span style=\"color: #ff6600;\">PROFESORES<\/span><\/strong><\/h3>\n<p><strong>Adri\u00e1n L\u00f3pez G.<\/strong>: Socio en Nader, Hayaux &amp; Goebel, es un abogado con amplia experiencia en financiamiento, fusiones, adquisiciones, reestructuraci\u00f3n de deuda y transacciones en la industria inmobiliaria. Especialista en regulaci\u00f3n Blockchain y Fintech, asesora a entidades financieras y actores en el sector de activos digitales. Adem\u00e1s, es un reconocido experto en derecho bancario y financiero\u200b(Biography ALG esp).<\/p>\n<p><strong>Pedro Isaac Alcal\u00e1 Berhouague<\/strong>: Con m\u00e1s de 15 a\u00f1os de experiencia en econom\u00eda digital y pol\u00edticas de competencia, es Director General de Mercados Digitales en la Comisi\u00f3n Federal de Competencia Econ\u00f3mica (Cofece). Ha liderado equipos multidisciplinarios en temas de competencia, regulaci\u00f3n digital e inteligencia artificial, colaborando con autoridades en \u00e1reas como privacidad y protecci\u00f3n al consumidor\u200b(CV PIAB 2024 ESP).<\/p>\n<p><strong>Alejandro Mendiola D\u00edaz<\/strong>: Abogado especializado en competencia econ\u00f3mica y econom\u00eda digital, es socio en Nader, Hayaux &amp; Goebel. Representa a empresas en investigaciones de pr\u00e1cticas monop\u00f3licas y transformaci\u00f3n digital. Ha cursado programas avanzados en MIT y Queen Mary University, y es vicepresidente de la Comisi\u00f3n de Competencia Econ\u00f3mica en la International Chamber of Commerce\u200b(CV.AMD.Ana\u0301huac.v1).<\/p>\n<p>&nbsp;<\/p>\n<p>&nbsp;<\/p>\n<hr \/>\n<h3><span style=\"color: #ff6600;\"><strong>BENEFICIOS<\/strong><\/span><\/h3>\n<ul>\n<li><strong>Modalidad<\/strong>: Si es virtual, enfatizar la comodidad, de poder estudiar en donde quiera sin trasladarse al campus<\/li>\n<li><strong>Financiaci\u00f3n:<\/strong>\u00a0si el programa cuenta con pagos en cuotas, mencionar que es financiaci\u00f3n propia, sin intereses ni costo de inscripci\u00f3n<\/li>\n<li><strong>Descuento:<\/strong>\u00a0Si es ex alumno de cuenta con un 20% de Descuento en cualquier programa.<\/li>\n<li><strong>Titulaci\u00f3n<\/strong>: La titulaci\u00f3n no cuenta con costo adicional, y la entrega del Diploma al culminar el cursado se entrega a la brevedad.<\/li>\n<\/ul>\n<hr \/>\n<p>&nbsp;<\/p>\n<p>&nbsp;<\/p>\n","protected":false},"excerpt":{"rendered":"<p>&nbsp; Diplomado en Transformaci\u00f3n Digital para Abogados \u00a1Revoluciona tu pr\u00e1ctica legal con la tecnolog\u00eda! Este diplomado brinda una formaci\u00f3n esencial en derecho digital y humanismo, abordando temas clave como econom\u00eda digital, ciberseguridad, Big Data, propiedad intelectual, y Fintech. A trav\u00e9s de m\u00f3dulos especializados y casos&#8230;<\/p>\n","protected":false},"author":16,"featured_media":0,"parent":0,"menu_order":0,"comment_status":"closed","ping_status":"closed","template":"","meta":{"footnotes":""},"class_list":["post-6014","page","type-page","status-publish","hentry"],"aioseo_notices":[],"_links":{"self":[{"href":"https:\/\/sic.nodscloud.com\/nodsglobal\/wp-json\/wp\/v2\/pages\/6014","targetHints":{"allow":["GET"]}}],"collection":[{"href":"https:\/\/sic.nodscloud.com\/nodsglobal\/wp-json\/wp\/v2\/pages"}],"about":[{"href":"https:\/\/sic.nodscloud.com\/nodsglobal\/wp-json\/wp\/v2\/types\/page"}],"author":[{"embeddable":true,"href":"https:\/\/sic.nodscloud.com\/nodsglobal\/wp-json\/wp\/v2\/users\/16"}],"replies":[{"embeddable":true,"href":"https:\/\/sic.nodscloud.com\/nodsglobal\/wp-json\/wp\/v2\/comments?post=6014"}],"version-history":[{"count":1,"href":"https:\/\/sic.nodscloud.com\/nodsglobal\/wp-json\/wp\/v2\/pages\/6014\/revisions"}],"predecessor-version":[{"id":6015,"href":"https:\/\/sic.nodscloud.com\/nodsglobal\/wp-json\/wp\/v2\/pages\/6014\/revisions\/6015"}],"wp:attachment":[{"href":"https:\/\/sic.nodscloud.com\/nodsglobal\/wp-json\/wp\/v2\/media?parent=6014"}],"curies":[{"name":"wp","href":"https:\/\/api.w.org\/{rel}","templated":true}]}}