
{"id":6061,"date":"2024-12-19T19:02:51","date_gmt":"2024-12-19T19:02:51","guid":{"rendered":"https:\/\/sic.nodscloud.com\/nodsglobal\/?page_id=6061"},"modified":"2024-12-19T19:02:51","modified_gmt":"2024-12-19T19:02:51","slug":"fundamentos-de-gestion-en-salud","status":"publish","type":"page","link":"https:\/\/sic.nodscloud.com\/nodsglobal\/fundamentos-de-gestion-en-salud\/","title":{"rendered":"Fundamentos de Gesti\u00f3n en Salud"},"content":{"rendered":"<p><strong><img fetchpriority=\"high\" decoding=\"async\" class=\"size-full wp-image-3774 aligncenter\" src=\"https:\/\/sic.nodscloud.com\/nodsglobal\/wp-content\/uploads\/sites\/3\/2023\/11\/logo-uniandes.png\" sizes=\"(max-width: 542px) 100vw, 542px\" srcset=\"https:\/\/sic.nodscloud.com\/nodsglobal\/wp-content\/uploads\/sites\/3\/2023\/11\/logo-uniandes.png 542w, https:\/\/sic.nodscloud.com\/nodsglobal\/wp-content\/uploads\/sites\/3\/2023\/11\/logo-uniandes-300x172.png 300w, https:\/\/sic.nodscloud.com\/nodsglobal\/wp-content\/uploads\/sites\/3\/2023\/11\/logo-uniandes-345x198.png 345w\" alt=\"\" width=\"542\" height=\"310\" \/><\/strong><\/p>\n<p><strong>Nombre de Programa\/Campa\u00f1a: Fundamentos de Gesti\u00f3n en Salud<\/strong><\/p>\n<p>Landing page:\u00a0<span style=\"color: #0000ff;\"><a style=\"color: #0000ff;\" href=\"https:\/\/online.uniandes.edu.co\/programas\/fundamentos-de-gestion-en-salud\/\" target=\"_blank\" rel=\"noopener\">https:\/\/online.uniandes.edu.co\/programas\/fundamentos-de-gestion-en-salud\/<\/a><\/span><\/p>\n<p><strong>Universidad:\u00a0<\/strong><u>Universidad de los Andes \u2013 Executive Education<\/u><\/p>\n<p>&nbsp;<\/p>\n<table width=\"370\">\n<tbody>\n<tr>\n<td width=\"354\">Fecha de Lanzamiento:\u00a0\u00a0<strong>Noviembre 2024<\/strong>&nbsp;<\/p>\n<p>Inicio de clases:\u00a0<strong>Marzo 2025<\/strong><\/td>\n<td width=\"16\"><\/td>\n<\/tr>\n<\/tbody>\n<\/table>\n<p>&nbsp;<\/p>\n<table width=\"736\">\n<tbody>\n<tr>\n<td width=\"154\"><strong>Descripci\u00f3n\/<\/strong>&nbsp;<\/p>\n<p><strong>Justificaci\u00f3n<\/strong><\/td>\n<td width=\"582\"><strong>PROGRAMA: Fundamentos de Gesti\u00f3n en Salud<\/strong>&nbsp;<\/p>\n<p>5 Cursos \u2013 100 horas ( 50 sincronico\/ 50 asincr\u00f3nico)<\/p>\n<p>&nbsp;<\/p>\n<p><b>Sobre el programa<\/b><\/p>\n<p>El sector de la salud enfrenta constantes transformaciones que presentan desaf\u00edos significativos en la<br \/>\ngesti\u00f3n. Aunque los profesionales son altamente<br \/>\ncapacitados en sus \u00e1reas t\u00e9cnicas, muchos carecen<br \/>\nde competencias administrativas y de gesti\u00f3n, lo<br \/>\nque limita su capacidad de respuesta y adaptaci\u00f3n<br \/>\nen un entorno din\u00e1mico.<br \/>\nEsto ha generado una creciente demanda por<br \/>\nconocimientos fundamentales que permitan a los<br \/>\nprofesionales de la salud anticipar desaf\u00edos, gestionar equipos eficientemente y mejorar procesos, sin<br \/>\nnecesidad de profundizar en estudios administrativos extensos, pero adquiriendo de forma \u00e1gil<br \/>\nconocimientos consistentes y acreditados para<br \/>\navanzar en sus carreras y enfrentarse a este<br \/>\nmercado en constante cambio.<\/p>\n<p>&nbsp;<\/p>\n<p><b>Objetivo del Programa<\/b><\/p>\n<p>&nbsp;<\/p>\n<p>El objetivo del programa es mejorar la gesti\u00f3n en las organizaciones del sector salud aplicando conocimientos de administraci\u00f3n eficiente y adaptable al cambio. Podr\u00e1s desarrollar competencias administrativas enfocadas en el \u00e1rea, combinando habilidades duras y blandas para promover la eficiencia y enfrentar los desaf\u00edos de un entorno en constante transformaci\u00f3n.<\/p>\n<p>&nbsp;<\/p>\n<p>&nbsp;<\/p>\n<p><b>Objetivo Espec\u00edficos\u00a0<\/b><\/p>\n<p>&nbsp;<\/p>\n<ul>\n<li>Fortalecer la capacidad de pensamiento estrat\u00e9gico que conlleve a la formulaci\u00f3n de estrategias organizacionales acordes a la realidad del sector salud.<\/li>\n<li>Mejorar la gesti\u00f3n eficiente de recursos a partir del entendimiento de los fundamentos financieros del sector.<\/li>\n<li>Optimizar los procesos administrativos y cl\u00ednicos mediante la implementaci\u00f3n de herramientas de mejora continua, con el fin de aumentar la eficiencia y calidad.<\/li>\n<li>Fomentar una cultura de innovaci\u00f3n en la organizaci\u00f3n que lleve a la mejora de servicios del sector salud.<\/li>\n<li>Consolidar y liderar equipos de alto desempe\u00f1o que logren impulsar las iniciativas y el alcance de los objetivos establecidos, entendiendo las din\u00e1micas organizacionales del sector y la multidisciplinariedad de los perfiles.<\/li>\n<\/ul>\n<p>&nbsp;<\/p>\n<p><b>\u00bfA qui\u00e9n va dirigido?<\/b><\/p>\n<p>&nbsp;<\/p>\n<ul>\n<li>M\u00e9dicos y Profesionales de la salud: interesados en desarrollarse en el \u00e1rea de emprendimiento y gesti\u00f3n de negocios en servicios de salud.<\/li>\n<li>L\u00edderes y Gerentes de empresas del sector salud: que buscan perfeccionar sus habilidades de gesti\u00f3n y adaptabilidad en entornos cambiantes y desafiantes.<\/li>\n<\/ul>\n<p>&nbsp;<\/p>\n<p><b>Perfil de Egresado<\/b><\/p>\n<p>&nbsp;<\/p>\n<p>L\u00edderes preparados para transformar las organizaciones de atenci\u00f3n m\u00e9dica,<br \/>\nintegrando la gesti\u00f3n, la administraci\u00f3n y los procesos para lograr la excelencia y la sostenibilidad.<\/p>\n<p>&nbsp;<\/p>\n<p><strong>Actuaci\u00f3n profesional<\/strong><\/p>\n<p>Trabajan en hospitales, cl\u00ednicas, consultoras y en la definici\u00f3n de pol\u00edticas, liderando e implementando estrategias de valor.<\/td>\n<\/tr>\n<tr>\n<td colspan=\"2\" width=\"736\"><\/td>\n<\/tr>\n<tr>\n<td width=\"154\"><\/td>\n<td width=\"582\"><\/td>\n<\/tr>\n<tr>\n<td width=\"154\"><\/td>\n<td width=\"582\"><\/td>\n<\/tr>\n<tr>\n<td width=\"154\"><\/td>\n<td width=\"582\"><\/td>\n<\/tr>\n<tr>\n<td width=\"154\"><\/td>\n<td width=\"582\"><\/td>\n<\/tr>\n<tr>\n<td width=\"154\"><\/td>\n<td width=\"582\"><\/td>\n<\/tr>\n<tr>\n<td width=\"154\"><strong>Mensaje central<\/strong>&nbsp;<\/p>\n<p><strong>\u00a0<\/strong><\/p>\n<p><strong>\u00a0<\/strong><\/td>\n<td width=\"582\">\u00danica universidad de en Colombia cuya Acreditaci\u00f3n de Alta Calidad ha sido renovada por el m\u00e1ximo periodo disponible (10 a\u00f1os).&nbsp;<\/p>\n<p>&nbsp;<\/p>\n<p>La Facultad de Administraci\u00f3n de la Universidad de los Andes, es la \u00fanica en Colombia que cuenta con la Triple Corona de acreditaciones internacionales: AACSB, EQUIS y AMBA. Solo 1% de las escuelas de negocio a nivel mundial cuentan con esta distinci\u00f3n.<\/p>\n<p>&nbsp;<\/p>\n<p>Executive Education de la Facultad de Administraci\u00f3n de la Universidad de los Andes, es la \u00fanica en Colombia en ser reconocida en el ranking de Financial Times (ver\u00a0<a href=\"https:\/\/rankings.ft.com\/home\/executive-education\">https:\/\/rankings.ft.com\/home\/executive-education<\/a>):<\/p>\n<p>&nbsp;<\/p>\n<p>Executive Education (General) \u2013 Top 40 del mundo<\/p>\n<p>Executive Education Open Programmes \u2013 #28 del mundo<\/p>\n<p>&nbsp;<\/td>\n<\/tr>\n<tr>\n<td width=\"154\"><\/td>\n<td width=\"582\"><\/td>\n<\/tr>\n<tr>\n<td width=\"154\"><\/td>\n<td width=\"582\"><\/td>\n<\/tr>\n<tr>\n<td width=\"154\"><\/td>\n<td width=\"582\"><\/td>\n<\/tr>\n<tr>\n<td colspan=\"2\" width=\"736\"><\/td>\n<\/tr>\n<tr>\n<td width=\"154\"><\/td>\n<td width=\"582\"><\/td>\n<\/tr>\n<\/tbody>\n<\/table>\n<p>&nbsp;<\/p>\n<table width=\"732\">\n<tbody>\n<tr>\n<td colspan=\"3\" width=\"732\"><strong>Estructura del Programa<\/strong><\/td>\n<\/tr>\n<tr>\n<td width=\"144\"><strong>Nombre Programa<\/strong><\/td>\n<td width=\"78\"><strong>Horas<\/strong><\/td>\n<td width=\"510\"><strong>Descripci\u00f3n<\/strong><\/td>\n<\/tr>\n<tr>\n<td width=\"144\">Fundamentos de<br \/>\nAdministraci\u00f3n y<br \/>\nFinanzas de la Salud<\/td>\n<td width=\"78\">20<\/td>\n<td width=\"510\">\n<ul>\n<li>Aprende principios de administraci\u00f3n y finanzas en el sector salud, enfoc\u00e1ndote en la gesti\u00f3n de recursos y el control financiero eficiente.<\/li>\n<li>Resultado del aprendizaje: <span style=\"font-family: inherit; font-size: inherit;\">Comprender la administraci\u00f3n y las finanzas <\/span><span style=\"font-family: inherit; font-size: inherit;\">en el contexto de la atenci\u00f3n sanitaria.<\/span><\/li>\n<li>Utilizar indicadores financieros para la toma de decisiones.<\/li>\n<li>Aplicar herramientas de gesti\u00f3n para optimizar los recursos.<\/li>\n<\/ul>\n<hr \/>\n<\/td>\n<\/tr>\n<tr>\n<td width=\"144\">Innovaci\u00f3n y gesti\u00f3n<br \/>\ndel cambio en salud<\/td>\n<td width=\"78\">20<\/td>\n<td width=\"510\">\n<ul>\n<li>Entiende la innovaci\u00f3n y la gesti\u00f3n del cambio en las organizaciones sanitarias, promoviendo una cultura de transformaci\u00f3n y adaptaci\u00f3n continua.<\/li>\n<li>Resultado del aprendizaje: Fomentar la innovaci\u00f3n en el sectorsanitario.<\/li>\n<li>Aplicar metodolog\u00edas de gesti\u00f3n del cambio organizacional.<\/li>\n<li>Promover una cultura de innovaci\u00f3n en las organizaciones.<\/li>\n<\/ul>\n<hr \/>\n<\/td>\n<\/tr>\n<tr>\n<td width=\"144\">Gesti\u00f3n de la estrategia<br \/>\nen empresas del sector salud<\/td>\n<td width=\"78\">20<\/td>\n<td width=\"510\">\n<ul>\n<li>Gesti\u00f3n de la estrategia en empresas del sector salud Enf\u00f3cate en controlar y monitorear las estrategias empresariales en salud, utilizando indicadores y an\u00e1lisis de riesgos y resultados para ajustes continuos.<\/li>\n<li>Resultado del aprendizaje: Monitorear la implementaci\u00f3n de estrategias en el sector de salud.<\/li>\n<li>Utilizar indicadores para medir y ajustar continuamente las estrategias.<\/li>\n<li>Analizar resultados y promover mejoras organizacionales.<\/li>\n<\/ul>\n<hr \/>\n<\/td>\n<\/tr>\n<tr>\n<td width=\"144\">Comunicaci\u00f3n efectiva:<br \/>\nnegociaci\u00f3n y posicionamiento<\/td>\n<td width=\"78\">20<\/td>\n<td width=\"510\">\n<ul>\n<li>Desarrolla habilidades de comunicaci\u00f3n y negociaci\u00f3n en el sector sanitario, mejorando el posicionamiento estrat\u00e9gico y maximizando los acuerdos operativos.<\/li>\n<li>Resultado del aprendizaje: Mejorar la comunicaci\u00f3n con los stakeholders internos y externos.<\/li>\n<li><span style=\"font-family: inherit; font-size: inherit;\">Desarrollar habilidades de negociaci\u00f3n para <\/span>maximizar resultados.<\/li>\n<li>Posicionarse para optimizar los procesos operativos.<\/li>\n<\/ul>\n<hr \/>\n<\/td>\n<\/tr>\n<tr>\n<td width=\"144\">Herramientas para la gesti\u00f3n<br \/>\nde equipos y la productividad<\/td>\n<td width=\"78\">20<\/td>\n<td width=\"510\">\n<ul>\n<li>Explora herramientas para gestionar equipos y aumentar la productividad, centr\u00e1ndote en el liderazgo, la eficiencia y los indicadores de desempe\u00f1o.<\/li>\n<li>Resultado del aprendizaje: Aplicar herramientas para aumentar la productividad del equipo.<\/li>\n<li>Implementar indicadores para evaluar el desempe\u00f1o y la eficiencia.<\/li>\n<li>Desarrollar un liderazgo y mejorar la cohesi\u00f3n organizacional.<\/li>\n<\/ul>\n<\/td>\n<\/tr>\n<tr>\n<td width=\"144\"><\/td>\n<td width=\"78\"><\/td>\n<td width=\"510\"><\/td>\n<\/tr>\n<tr>\n<td width=\"144\"><\/td>\n<td width=\"78\"><\/td>\n<td width=\"510\"><\/td>\n<\/tr>\n<tr>\n<td width=\"144\"><\/td>\n<td width=\"78\"><\/td>\n<td width=\"510\"><\/td>\n<\/tr>\n<tr>\n<td width=\"144\"><\/td>\n<td width=\"78\"><\/td>\n<td width=\"510\"><\/td>\n<\/tr>\n<tr>\n<td width=\"144\"><\/td>\n<td width=\"78\"><\/td>\n<td width=\"510\"><\/td>\n<\/tr>\n<\/tbody>\n<\/table>\n<p>&nbsp;<\/p>\n<p><b>Requisitos de aprobaci\u00f3n<\/b><\/p>\n<p>Los alumnos aprobar\u00e1n \u00fanicamente cumpliendo los siguientes requisitos:<\/p>\n<ol>\n<li aria-level=\"1\">Asistir a m\u00ednimo el 75% de los encuentros sincr\u00f3nicos con los profesores del curso.<\/li>\n<li aria-level=\"1\">Desarrollar al 100% las actividades asincr\u00f3nicas<\/li>\n<li aria-level=\"1\">Contar con una nota mayor o igual a 3,5<\/li>\n<\/ol>\n<p>&nbsp;<\/p>\n<p><b>Plataformas utilizadas\u00a0<\/b><\/p>\n<p>&nbsp;<\/p>\n<p>El programa se desarrollar\u00e1 por medios digitales de manera asincr\u00f3nica, a trav\u00e9s de plataformas de aprendizaje LXP., la cual es operada por CREXE y con encuentros sincr\u00f3nicos por medio de Zoom, igualmente operada a trav\u00e9s de LXP.<\/p>\n","protected":false},"excerpt":{"rendered":"<p>Nombre de Programa\/Campa\u00f1a: Fundamentos de Gesti\u00f3n en Salud Landing page:\u00a0https:\/\/online.uniandes.edu.co\/programas\/fundamentos-de-gestion-en-salud\/ Universidad:\u00a0Universidad de los Andes \u2013 Executive Education &nbsp; Fecha de Lanzamiento:\u00a0\u00a0Noviembre 2024&nbsp; Inicio de clases:\u00a0Marzo 2025 &nbsp; Descripci\u00f3n\/&nbsp; Justificaci\u00f3n PROGRAMA: Fundamentos de Gesti\u00f3n en Salud&nbsp; 5 Cursos \u2013 100 horas ( 50 sincronico\/ 50 asincr\u00f3nico)&#8230;<\/p>\n","protected":false},"author":16,"featured_media":0,"parent":0,"menu_order":0,"comment_status":"closed","ping_status":"closed","template":"","meta":{"footnotes":""},"class_list":["post-6061","page","type-page","status-publish","hentry"],"aioseo_notices":[],"_links":{"self":[{"href":"https:\/\/sic.nodscloud.com\/nodsglobal\/wp-json\/wp\/v2\/pages\/6061","targetHints":{"allow":["GET"]}}],"collection":[{"href":"https:\/\/sic.nodscloud.com\/nodsglobal\/wp-json\/wp\/v2\/pages"}],"about":[{"href":"https:\/\/sic.nodscloud.com\/nodsglobal\/wp-json\/wp\/v2\/types\/page"}],"author":[{"embeddable":true,"href":"https:\/\/sic.nodscloud.com\/nodsglobal\/wp-json\/wp\/v2\/users\/16"}],"replies":[{"embeddable":true,"href":"https:\/\/sic.nodscloud.com\/nodsglobal\/wp-json\/wp\/v2\/comments?post=6061"}],"version-history":[{"count":5,"href":"https:\/\/sic.nodscloud.com\/nodsglobal\/wp-json\/wp\/v2\/pages\/6061\/revisions"}],"predecessor-version":[{"id":6066,"href":"https:\/\/sic.nodscloud.com\/nodsglobal\/wp-json\/wp\/v2\/pages\/6061\/revisions\/6066"}],"wp:attachment":[{"href":"https:\/\/sic.nodscloud.com\/nodsglobal\/wp-json\/wp\/v2\/media?parent=6061"}],"curies":[{"name":"wp","href":"https:\/\/api.w.org\/{rel}","templated":true}]}}