
{"id":6067,"date":"2024-12-19T19:14:28","date_gmt":"2024-12-19T19:14:28","guid":{"rendered":"https:\/\/sic.nodscloud.com\/nodsglobal\/?page_id=6067"},"modified":"2024-12-19T19:14:28","modified_gmt":"2024-12-19T19:14:28","slug":"salud-4-0-inteligencia-artificial-e-innovacion","status":"publish","type":"page","link":"https:\/\/sic.nodscloud.com\/nodsglobal\/salud-4-0-inteligencia-artificial-e-innovacion\/","title":{"rendered":"Salud 4.0: Inteligencia Artificial e Innovaci\u00f3n"},"content":{"rendered":"<p><strong><img fetchpriority=\"high\" decoding=\"async\" class=\"size-full wp-image-3774 aligncenter\" src=\"https:\/\/sic.nodscloud.com\/nodsglobal\/wp-content\/uploads\/sites\/3\/2023\/11\/logo-uniandes.png\" sizes=\"(max-width: 542px) 100vw, 542px\" srcset=\"https:\/\/sic.nodscloud.com\/nodsglobal\/wp-content\/uploads\/sites\/3\/2023\/11\/logo-uniandes.png 542w, https:\/\/sic.nodscloud.com\/nodsglobal\/wp-content\/uploads\/sites\/3\/2023\/11\/logo-uniandes-300x172.png 300w, https:\/\/sic.nodscloud.com\/nodsglobal\/wp-content\/uploads\/sites\/3\/2023\/11\/logo-uniandes-345x198.png 345w\" alt=\"\" width=\"542\" height=\"310\" \/><\/strong><\/p>\n<p><strong>Nombre de Programa\/Salud 4.0: Inteligencia Artificial e Innovaci\u00f3n<\/strong><\/p>\n<p>Landing page:\u00a0<span style=\"color: #0000ff;\"><a style=\"color: #0000ff;\" href=\"https:\/\/online.uniandes.edu.co\/programas\/salud-4-0-inteligencia-artificial-e-innovacion\/\" target=\"_blank\" rel=\"noopener\">https:\/\/online.uniandes.edu.co\/programas\/salud-4-0-inteligencia-artificial-e-innovacion\/<\/a><\/span><\/p>\n<p><strong>Universidad:\u00a0<\/strong><u>Universidad de los Andes \u2013 Executive Education<\/u><\/p>\n<p>&nbsp;<\/p>\n<table width=\"370\">\n<tbody>\n<tr>\n<td width=\"354\">Fecha de Lanzamiento:\u00a0\u00a0<strong>Noviembre 2024<\/strong><\/p>\n<p>Inicio de clases:\u00a0<strong>Marzo 2025<\/strong><\/td>\n<td width=\"16\"><\/td>\n<\/tr>\n<\/tbody>\n<\/table>\n<p>&nbsp;<\/p>\n<table width=\"736\">\n<tbody>\n<tr>\n<td width=\"154\"><strong>Descripci\u00f3n\/<\/strong><\/p>\n<p><strong>Justificaci\u00f3n<\/strong><\/td>\n<td width=\"582\"><strong>PROGRAMA: Salud 4.0: Inteligencia Artificial e Innovaci\u00f3n<\/strong><\/p>\n<p>5 Cursos \u2013 100 horas ( 50 sincronico\/ 50 asincr\u00f3nico)<\/p>\n<p>&nbsp;<\/p>\n<p><b>Sobre el programa<\/b><\/p>\n<p>El acelerado avance de la inteligencia artificial y sus aplicaciones en el sector salud han generado una demanda creciente de profesionales que comprendan el contexto e integren las tecnolog\u00edas de manera efectiva. Sin embargo, existe una<br \/>\nbrecha significativa en las habilidades necesarias para implementar soluciones innovadoras.<\/p>\n<p>Este vac\u00edo de competencias presenta una oportunidad clara: capacitar a los profesionales en herramientas y enfoques disruptivos que les permitan aprovechar al m\u00e1ximo las innovaciones tecnol\u00f3gicas. La necesidad de formaci\u00f3n es inmediata, ya que el mercado busca adaptarse r\u00e1pidamente a estas transformaciones para mejorar la calidad y la eficiencia en el sector salud.<br \/>\nEn el programa no solo se abordan las demandas actuales del sector salud, sino que tambi\u00e9n forma a los profesionales para liderar el cambio en sus<br \/>\norganizaciones, a trav\u00e9s de un enfoque pr\u00e1ctico y estrat\u00e9gico, se adquirir\u00e1n competencias clave para implementar soluciones basadas en inteligencia<br \/>\nartificial, mejorar la toma de decisiones mediante el an\u00e1lisis de datos y optimizar procesos operativos.<\/p>\n<p>Este aprendizaje transformador les permitir\u00e1 enfrentar desaf\u00edos complejos, mejorar el perfil profesional y maximizar el impacto positivo en sus<br \/>\nentornos laborales.<\/p>\n<p>&nbsp;<\/p>\n<p><b>Objetivo del Programa<\/b><\/p>\n<p>&nbsp;<\/p>\n<p>El objetivo del programa es capacitar a los profesionales para optimizar procesos en el \u00e1rea de salud. A trav\u00e9s del uso de la tecnolog\u00eda y la Inteligencia Artificial, el<br \/>\nprop\u00f3sito es que puedas crear soluciones innovadoras y responder con eficacia a los desaf\u00edos que enfrenta el sector en la actualidad. De esta manera, podr\u00e1s mejorar la eficiencia operativa en negocios y servicios de salud con conocimientos pr\u00e1cticos.<\/p>\n<p>&nbsp;<\/p>\n<p>&nbsp;<\/p>\n<p><b>Objetivo Espec\u00edficos\u00a0<\/b><\/p>\n<p>&nbsp;<\/p>\n<ul>\n<li>Incorporar la inteligencia artificial en los diferentes procesos cl\u00ednicos y de salud tales como diagn\u00f3stico, predicci\u00f3n de resultados, gesti\u00f3n del paciente, entre otros.<\/li>\n<li>Promover la innovaci\u00f3n en el sector salud a partir de la identificaci\u00f3n y evaluaci\u00f3n de tecnolog\u00edas emergentes.<\/li>\n<li>Usar herramientas de anal\u00edtica de datos y Big Data para transformar datos cl\u00ednicos y administrativos en informaci\u00f3n estrat\u00e9gica, facilitando la toma de decisiones.<\/li>\n<li>Proponer soluciones innovadoras que permitan participar activamente en<br \/>\nproyectos de transformaci\u00f3n tecnol\u00f3gica en salud.<\/li>\n<li>Gestionar servicios de telemedicina y salud digital para lograr una atenci\u00f3n m\u00e1s accesible, eficiente y centrada en el paciente.<\/li>\n<\/ul>\n<p>&nbsp;<\/p>\n<p><b>\u00bfA qui\u00e9n va dirigido?<\/b><\/p>\n<p>&nbsp;<\/p>\n<ul>\n<li>M\u00e9dicos y Profesionales de la salud: que desean comprender las oportunidades y el potencial de aplicaci\u00f3n de IA en sus rutinas de negocios y servicios.<\/li>\n<li>Consultores y Gestores de salud: que tienen como objetivo liderar los procesos para optimizar los resultados organizacionales.<\/li>\n<li>Profesionales de operaciones y tecnolog\u00eda en el sector salud: que quieran implementar el uso de nuevas herramientas digitales con foco en salud.<\/li>\n<\/ul>\n<p>&nbsp;<\/p>\n<p><b>Perfil de Egresado<\/b><\/p>\n<p>&nbsp;<\/p>\n<p>El egresado estar\u00e1 capacitado en el uso de IA y tecnolog\u00edas digitales para aplicar<br \/>\nsoluciones innovadoras, mejorar la eficiencia operativa y optimizar la atenci\u00f3n al paciente en entornos de negocios y servicios de salud.<\/p>\n<p>&nbsp;<\/p>\n<p><strong>Actuaci\u00f3n profesional<\/strong><\/p>\n<p>&nbsp;<\/p>\n<p>El graduado aplicar\u00e1 IA y tecnolog\u00edas emergentes para optimizar procesos cl\u00ednicos y operativos, mejorar la toma de decisiones y aumentar la calidad y eficiencia en la atenci\u00f3n y gesti\u00f3n de servicios de salud.<\/td>\n<\/tr>\n<tr>\n<td colspan=\"2\" width=\"736\"><\/td>\n<\/tr>\n<tr>\n<td width=\"154\"><\/td>\n<td width=\"582\"><\/td>\n<\/tr>\n<tr>\n<td width=\"154\"><\/td>\n<td width=\"582\"><\/td>\n<\/tr>\n<tr>\n<td width=\"154\"><\/td>\n<td width=\"582\"><\/td>\n<\/tr>\n<tr>\n<td width=\"154\"><\/td>\n<td width=\"582\"><\/td>\n<\/tr>\n<tr>\n<td width=\"154\"><\/td>\n<td width=\"582\"><\/td>\n<\/tr>\n<tr>\n<td width=\"154\"><strong>Mensaje central<\/strong><\/p>\n<p><strong>\u00a0<\/strong><\/p>\n<p><strong>\u00a0<\/strong><\/td>\n<td width=\"582\">\u00danica universidad de en Colombia cuya Acreditaci\u00f3n de Alta Calidad ha sido renovada por el m\u00e1ximo periodo disponible (10 a\u00f1os).<\/p>\n<p>&nbsp;<\/p>\n<p>La Facultad de Administraci\u00f3n de la Universidad de los Andes, es la \u00fanica en Colombia que cuenta con la Triple Corona de acreditaciones internacionales: AACSB, EQUIS y AMBA. Solo 1% de las escuelas de negocio a nivel mundial cuentan con esta distinci\u00f3n.<\/p>\n<p>&nbsp;<\/p>\n<p>Executive Education de la Facultad de Administraci\u00f3n de la Universidad de los Andes, es la \u00fanica en Colombia en ser reconocida en el ranking de Financial Times (ver\u00a0<a href=\"https:\/\/rankings.ft.com\/home\/executive-education\">https:\/\/rankings.ft.com\/home\/executive-education<\/a>):<\/p>\n<p>&nbsp;<\/p>\n<p>Executive Education (General) \u2013 Top 40 del mundo<\/p>\n<p>Executive Education Open Programmes \u2013 #28 del mundo<\/p>\n<p>&nbsp;<\/td>\n<\/tr>\n<tr>\n<td width=\"154\"><\/td>\n<td width=\"582\"><\/td>\n<\/tr>\n<tr>\n<td width=\"154\"><\/td>\n<td width=\"582\"><\/td>\n<\/tr>\n<tr>\n<td width=\"154\"><\/td>\n<td width=\"582\"><\/td>\n<\/tr>\n<tr>\n<td colspan=\"2\" width=\"736\"><\/td>\n<\/tr>\n<tr>\n<td width=\"154\"><\/td>\n<td width=\"582\"><\/td>\n<\/tr>\n<\/tbody>\n<\/table>\n<p>&nbsp;<\/p>\n<table width=\"732\">\n<tbody>\n<tr>\n<td colspan=\"3\" width=\"732\"><strong>Estructura del Programa<\/strong><\/td>\n<\/tr>\n<tr>\n<td width=\"144\"><strong>Nombre Programa<\/strong><\/td>\n<td width=\"78\"><strong>Horas<\/strong><\/td>\n<td width=\"510\"><strong>Descripci\u00f3n<\/strong><\/td>\n<\/tr>\n<tr>\n<td width=\"144\">Gesti\u00f3n de la<br \/>\nInnovaci\u00f3n en Salud:<br \/>\nNuevas oportunidades<\/td>\n<td width=\"78\">20<\/td>\n<td width=\"510\">\n<ul>\n<li>Obt\u00e9n una aproximaci\u00f3n a modelos de innovaci\u00f3n e implementaci\u00f3n de nuevas tecnolog\u00edas para optimizar los servicios y procesos sanitarios.<\/li>\n<li>Resultado del aprendizaje: Comprender los principios de la innovaci\u00f3n.<\/li>\n<li>Identificar oportunidades tecnol\u00f3gicas.<\/li>\n<li>Desarrollar planes estrat\u00e9gicos de innovaci\u00f3n<\/li>\n<\/ul>\n<hr \/>\n<\/td>\n<\/tr>\n<tr>\n<td width=\"144\">Herramientas y<br \/>\naplicaciones de IA<br \/>\nen el sector de Salud<\/td>\n<td width=\"78\">20<\/td>\n<td width=\"510\">\n<ul>\n<li>Explora herramientas de IA y sus aplicaciones pr\u00e1cticas en el sector sanitario.<\/li>\n<li>Resultado del aprendizaje: Explorar herramientas de IA en el sector sanitario.<\/li>\n<li>Analizar casos de uso pr\u00e1cticos.<\/li>\n<li>Proponer estrat\u00e9gias de adopci\u00f3n tecnol\u00f3gicas.<\/li>\n<\/ul>\n<hr \/>\n<\/td>\n<\/tr>\n<tr>\n<td width=\"144\">Healthcare Low Touch Economy:<br \/>\nTeleconsulta, Telemonitoramiento y Consulta Virtual<\/td>\n<td width=\"78\">20<\/td>\n<td width=\"510\">\n<ul>\n<li>Comprende el concepto de econom\u00eda de bajo contacto en atenci\u00f3n m\u00e9dica y sus implicaciones en el \u00e1rea de la salud. Se<br \/>\nrecorren las diferentes formas de aplicaci\u00f3n (teleconsulta, telemonitorizaci\u00f3n, etc.)<\/li>\n<li>Resultado del aprendizaje: Describir diferentes modelos de atenci\u00f3n m\u00e9dica de bajo contacto.<\/li>\n<li>Analizar las tecnolog\u00edas disponibles para la implementaci\u00f3n de soluciones de atenci\u00f3n.<\/li>\n<li>Dise\u00f1ar un plan para la implementaci\u00f3n.<\/li>\n<\/ul>\n<hr \/>\n<\/td>\n<\/tr>\n<tr>\n<td width=\"144\">Machine Learning<br \/>\naplicado a la salud<\/td>\n<td width=\"78\">20<\/td>\n<td width=\"510\">\n<ul>\n<li>Desarrolla los conceptos de modelado de datos y big data, en los que la tecnolog\u00eda digital puede ayudar a automatizar procesos del sector salud.<\/li>\n<li>Resultado del aprendizaje: Identificar las principales fuentes de datos en salud.<\/li>\n<li>Aplicar t\u00e9cnicas de modelado para resolver problemas espec\u00edficos (ej. optimizaci\u00f3n de recursos).<\/li>\n<li>Evaluar diferentes modelos de Machine Learning y seleccionar el adecuado<\/li>\n<\/ul>\n<hr \/>\n<\/td>\n<\/tr>\n<tr>\n<td width=\"144\">An\u00e1lisis de datos para<br \/>\nla toma de decisiones<\/td>\n<td width=\"78\">20<\/td>\n<td width=\"510\">\n<ul>\n<li>Aplica t\u00e9cnicas de an\u00e1lisis de datos para apoyar decisiones estrat\u00e9gicas y cl\u00ednicas en el \u00e1mbito sanitario, con el objetivo de mejorar la eficiencia.<\/li>\n<li>Resultado del aprendizaje: Comprender el an\u00e1lisis de datos.<br \/>\nAplicar herramientas de an\u00e1lisis de datos.<\/li>\n<li>Interpretar datos para optimizar procesos.<\/li>\n<\/ul>\n<\/td>\n<\/tr>\n<tr>\n<td width=\"144\"><\/td>\n<td width=\"78\"><\/td>\n<td width=\"510\"><\/td>\n<\/tr>\n<tr>\n<td width=\"144\"><\/td>\n<td width=\"78\"><\/td>\n<td width=\"510\"><\/td>\n<\/tr>\n<tr>\n<td width=\"144\"><\/td>\n<td width=\"78\"><\/td>\n<td width=\"510\"><\/td>\n<\/tr>\n<tr>\n<td width=\"144\"><\/td>\n<td width=\"78\"><\/td>\n<td width=\"510\"><\/td>\n<\/tr>\n<tr>\n<td width=\"144\"><\/td>\n<td width=\"78\"><\/td>\n<td width=\"510\"><\/td>\n<\/tr>\n<\/tbody>\n<\/table>\n<p>&nbsp;<\/p>\n<p><b>Requisitos de aprobaci\u00f3n<\/b><\/p>\n<p>Los alumnos aprobar\u00e1n \u00fanicamente cumpliendo los siguientes requisitos:<\/p>\n<ol>\n<li aria-level=\"1\">Asistir a m\u00ednimo el 75% de los encuentros sincr\u00f3nicos con los profesores del curso.<\/li>\n<li aria-level=\"1\">Desarrollar al 100% las actividades asincr\u00f3nicas<\/li>\n<li aria-level=\"1\">Contar con una nota mayor o igual a 3,5<\/li>\n<\/ol>\n<p>&nbsp;<\/p>\n<p><b>Plataformas utilizadas\u00a0<\/b><\/p>\n<p>&nbsp;<\/p>\n<p>El programa se desarrollar\u00e1 por medios digitales de manera asincr\u00f3nica, a trav\u00e9s de plataformas de aprendizaje LXP., la cual es operada por CREXE y con encuentros sincr\u00f3nicos por medio de Zoom, igualmente operada a trav\u00e9s de LXP.<\/p>\n","protected":false},"excerpt":{"rendered":"<p>Nombre de Programa\/Salud 4.0: Inteligencia Artificial e Innovaci\u00f3n Landing page:\u00a0https:\/\/online.uniandes.edu.co\/programas\/salud-4-0-inteligencia-artificial-e-innovacion\/ Universidad:\u00a0Universidad de los Andes \u2013 Executive Education &nbsp; Fecha de Lanzamiento:\u00a0\u00a0Noviembre 2024 Inicio de clases:\u00a0Marzo 2025 &nbsp; Descripci\u00f3n\/ Justificaci\u00f3n PROGRAMA: Salud 4.0: Inteligencia Artificial e Innovaci\u00f3n 5 Cursos \u2013 100 horas ( 50 sincronico\/ 50&#8230;<\/p>\n","protected":false},"author":16,"featured_media":0,"parent":0,"menu_order":0,"comment_status":"closed","ping_status":"closed","template":"","meta":{"footnotes":""},"class_list":["post-6067","page","type-page","status-publish","hentry"],"aioseo_notices":[],"_links":{"self":[{"href":"https:\/\/sic.nodscloud.com\/nodsglobal\/wp-json\/wp\/v2\/pages\/6067","targetHints":{"allow":["GET"]}}],"collection":[{"href":"https:\/\/sic.nodscloud.com\/nodsglobal\/wp-json\/wp\/v2\/pages"}],"about":[{"href":"https:\/\/sic.nodscloud.com\/nodsglobal\/wp-json\/wp\/v2\/types\/page"}],"author":[{"embeddable":true,"href":"https:\/\/sic.nodscloud.com\/nodsglobal\/wp-json\/wp\/v2\/users\/16"}],"replies":[{"embeddable":true,"href":"https:\/\/sic.nodscloud.com\/nodsglobal\/wp-json\/wp\/v2\/comments?post=6067"}],"version-history":[{"count":1,"href":"https:\/\/sic.nodscloud.com\/nodsglobal\/wp-json\/wp\/v2\/pages\/6067\/revisions"}],"predecessor-version":[{"id":6068,"href":"https:\/\/sic.nodscloud.com\/nodsglobal\/wp-json\/wp\/v2\/pages\/6067\/revisions\/6068"}],"wp:attachment":[{"href":"https:\/\/sic.nodscloud.com\/nodsglobal\/wp-json\/wp\/v2\/media?parent=6067"}],"curies":[{"name":"wp","href":"https:\/\/api.w.org\/{rel}","templated":true}]}}