
{"id":6069,"date":"2024-12-19T19:44:39","date_gmt":"2024-12-19T19:44:39","guid":{"rendered":"https:\/\/sic.nodscloud.com\/nodsglobal\/?page_id=6069"},"modified":"2024-12-19T19:44:39","modified_gmt":"2024-12-19T19:44:39","slug":"gestion-de-personas-en-la-era-actual-management-humanizado","status":"publish","type":"page","link":"https:\/\/sic.nodscloud.com\/nodsglobal\/gestion-de-personas-en-la-era-actual-management-humanizado\/","title":{"rendered":"Gesti\u00f3n de Personas en la Era Actual: Management Humanizado"},"content":{"rendered":"<p><strong><img fetchpriority=\"high\" decoding=\"async\" class=\"size-full wp-image-3774 aligncenter\" src=\"https:\/\/sic.nodscloud.com\/nodsglobal\/wp-content\/uploads\/sites\/3\/2023\/11\/logo-uniandes.png\" sizes=\"(max-width: 542px) 100vw, 542px\" srcset=\"https:\/\/sic.nodscloud.com\/nodsglobal\/wp-content\/uploads\/sites\/3\/2023\/11\/logo-uniandes.png 542w, https:\/\/sic.nodscloud.com\/nodsglobal\/wp-content\/uploads\/sites\/3\/2023\/11\/logo-uniandes-300x172.png 300w, https:\/\/sic.nodscloud.com\/nodsglobal\/wp-content\/uploads\/sites\/3\/2023\/11\/logo-uniandes-345x198.png 345w\" alt=\"\" width=\"542\" height=\"310\" \/><\/strong><\/p>\n<p><strong>Nombre de Programa\/Gesti\u00f3n de Personas en la Era Actual: Management Humanizado<\/strong><\/p>\n<p>Landing page:\u00a0<span style=\"color: #0000ff;\"><a style=\"color: #0000ff;\" href=\"https:\/\/online.uniandes.edu.co\/programas\/management-humanizado-gestion-de-personas-en-la-era-actual\/\" target=\"_blank\" rel=\"noopener\">https:\/\/online.uniandes.edu.co\/programas\/management-humanizado-gestion-de-personas-en-la-era-actual\/<\/a><\/span><\/p>\n<p><strong>Universidad:\u00a0<\/strong><u>Universidad de los Andes \u2013 Executive Education<\/u><\/p>\n<p>&nbsp;<\/p>\n<table width=\"370\">\n<tbody>\n<tr>\n<td width=\"354\">Fecha de Lanzamiento:\u00a0\u00a0<strong>Noviembre 2024<\/strong><\/p>\n<p>Inicio de clases:\u00a0<strong>Marzo 2025<\/strong><\/td>\n<td width=\"16\"><\/td>\n<\/tr>\n<\/tbody>\n<\/table>\n<p>&nbsp;<\/p>\n<table width=\"736\">\n<tbody>\n<tr>\n<td width=\"154\"><strong>Descripci\u00f3n\/<\/strong><\/p>\n<p><strong>Justificaci\u00f3n<\/strong><\/td>\n<td width=\"582\"><strong>PROGRAMA: Gesti\u00f3n de Personas en la Era Actual: Management Humanizado<\/strong><\/p>\n<p>5 Cursos \u2013 100 horas ( 50 sincronico\/ 50 asincr\u00f3nico)<\/p>\n<p>&nbsp;<\/p>\n<p><b>Sobre el programa<\/b><\/p>\n<p>El entorno empresarial enfrenta desaf\u00edos cr\u00edticos en la gesti\u00f3n del talento,\u00a0 agravados por la ansiedad, el burnout, el trabajo h\u00edbrido y los conflictos generacionales. En Colombia, cerca del 40% de los empleados entre 24 y 35 a\u00f1os planea cambiar de empleo en seis meses, lo que aumenta los costos de recontrataci\u00f3n y afecta la productividad. La falta de estrategias efectivas para retener talento y adaptarse a modelos de trabajo flexibles genera alta rotaci\u00f3n y p\u00e9rdida,\u00a0 consolidando la retenci\u00f3n como un reto clave.<\/p>\n<p>En este contexto, existe una oportunidad de capacitar a las empresas en el uso de<br \/>\nherramientas enfocadas en el bienestar y el trabajo en equipo, fundamentales para gestionar de manera efectiva el talento humano.<\/p>\n<p>La Facultad de Administraci\u00f3n de la Universidad de los Andes, con su prestigio y<br \/>\nacceso a una vasta red de empresas, est\u00e1 en una posici\u00f3n ideal para ofrecer un<br \/>\nprograma corto y objetivo que ayude a diversos sectores a enfrentar este reto,<br \/>\nbrindando soluciones pr\u00e1cticas y aplicables en m\u00faltiples \u00e1reas empresariales.<\/p>\n<p>&nbsp;<\/p>\n<p><b>Objetivo del Programa<\/b><\/p>\n<p>&nbsp;<\/p>\n<p>El programa busca capacitar a profesionales para gestionar personas, cultura y rendimiento en entornos organizacionales. Los participantes aprender\u00e1n a crear equipos resilientes, optimizar la cultura organizacional y promover el bienestar de los colaboradores, adapt\u00e1ndose a nuevas demandas laborales y fomentando un entorno saludable y sostenible. El enfoque incluye el desarrollo personal y profesional, adaptado a las nuevas modalidades de trabajo, priorizando la salud mental de los empleados.<\/p>\n<p>&nbsp;<\/p>\n<p>&nbsp;<\/p>\n<p><b>Objetivo Espec\u00edficos\u00a0<\/b><\/p>\n<p>&nbsp;<\/p>\n<ul>\n<li>Desarrollar estrategias para gestionar equipos en contextos actuales de tecnolog\u00eda, cultura social y organizacional.<\/li>\n<li>Dise\u00f1ar estrategias de retenci\u00f3n de talento, enfocadas en mejorar la productividad y reducir la rotaci\u00f3n.<\/li>\n<li>Fomentar un ambiente laboral saludable, de colaboraci\u00f3n, bienestar y rendimiento sostenible.<\/li>\n<li>Aplicar t\u00e9cnicas de gesti\u00f3n de equipos que fortalezcan la cohesi\u00f3n y promuevan la innovaci\u00f3n.<\/li>\n<\/ul>\n<p>&nbsp;<\/p>\n<p><b>\u00bfA qui\u00e9n va dirigido?<\/b><\/p>\n<p>&nbsp;<\/p>\n<ul>\n<li>Gerentes de recursos humanos que buscan mejorar la gesti\u00f3n del talento mediante estrategias de bienestar y retenci\u00f3n.<\/li>\n<li>L\u00edderes de equipos interesados en crear entornos de trabajo positivos y fomentar el rendimiento e innovaci\u00f3n.<\/li>\n<li>Profesionales de talento humano enfocados en reducir el estr\u00e9s laboral y<br \/>\npromover el bienestar y la productividad en sus organizaciones.<\/li>\n<\/ul>\n<p>&nbsp;<\/p>\n<p><b>Perfil de Egresado<\/b><\/p>\n<p>&nbsp;<\/p>\n<p>El egresado podr\u00e1 liderar equipos implementando estrategias que promuevan<br \/>\nel bienestar, retenci\u00f3n de talento y una cultura organizacional positiva, mejorando la productividad en entornos diversos.<\/p>\n<p>&nbsp;<\/p>\n<p><strong>Actuaci\u00f3n profesional<\/strong><\/p>\n<p>&nbsp;<\/p>\n<p>El egresado estar\u00e1 preparado para roles de liderazgo en gesti\u00f3n de talento y desarrollo organizacional, con \u00e9nfasis en retenci\u00f3n, bienestar, cultura corporativa y optimizaci\u00f3n de la productividad en organizaciones de distintos sectores.<\/td>\n<\/tr>\n<tr>\n<td colspan=\"2\" width=\"736\"><\/td>\n<\/tr>\n<tr>\n<td width=\"154\"><\/td>\n<td width=\"582\"><\/td>\n<\/tr>\n<tr>\n<td width=\"154\"><\/td>\n<td width=\"582\"><\/td>\n<\/tr>\n<tr>\n<td width=\"154\"><\/td>\n<td width=\"582\"><\/td>\n<\/tr>\n<tr>\n<td width=\"154\"><\/td>\n<td width=\"582\"><\/td>\n<\/tr>\n<tr>\n<td width=\"154\"><\/td>\n<td width=\"582\"><\/td>\n<\/tr>\n<tr>\n<td width=\"154\"><strong>Mensaje central<\/strong><\/p>\n<p><strong>\u00a0<\/strong><\/p>\n<p><strong>\u00a0<\/strong><\/td>\n<td width=\"582\">\u00danica universidad de en Colombia cuya Acreditaci\u00f3n de Alta Calidad ha sido renovada por el m\u00e1ximo periodo disponible (10 a\u00f1os).<\/p>\n<p>&nbsp;<\/p>\n<p>La Facultad de Administraci\u00f3n de la Universidad de los Andes, es la \u00fanica en Colombia que cuenta con la Triple Corona de acreditaciones internacionales: AACSB, EQUIS y AMBA. Solo 1% de las escuelas de negocio a nivel mundial cuentan con esta distinci\u00f3n.<\/p>\n<p>&nbsp;<\/p>\n<p>Executive Education de la Facultad de Administraci\u00f3n de la Universidad de los Andes, es la \u00fanica en Colombia en ser reconocida en el ranking de Financial Times (ver\u00a0<a href=\"https:\/\/rankings.ft.com\/home\/executive-education\">https:\/\/rankings.ft.com\/home\/executive-education<\/a>):<\/p>\n<p>&nbsp;<\/p>\n<p>Executive Education (General) \u2013 Top 40 del mundo<\/p>\n<p>Executive Education Open Programmes \u2013 #28 del mundo<\/p>\n<p>&nbsp;<\/td>\n<\/tr>\n<tr>\n<td width=\"154\"><\/td>\n<td width=\"582\"><\/td>\n<\/tr>\n<tr>\n<td width=\"154\"><\/td>\n<td width=\"582\"><\/td>\n<\/tr>\n<tr>\n<td width=\"154\"><\/td>\n<td width=\"582\"><\/td>\n<\/tr>\n<tr>\n<td colspan=\"2\" width=\"736\"><\/td>\n<\/tr>\n<tr>\n<td width=\"154\"><\/td>\n<td width=\"582\"><\/td>\n<\/tr>\n<\/tbody>\n<\/table>\n<p>&nbsp;<\/p>\n<table width=\"732\">\n<tbody>\n<tr>\n<td colspan=\"3\" width=\"732\"><strong>Estructura del Programa<\/strong><\/td>\n<\/tr>\n<tr>\n<td width=\"144\"><strong>Nombre Programa<\/strong><\/td>\n<td width=\"78\"><strong>Horas<\/strong><\/td>\n<td width=\"510\"><strong>Descripci\u00f3n<\/strong><\/td>\n<\/tr>\n<tr>\n<td width=\"144\">Gesti\u00f3n \u00e1gil del talento<br \/>\ny equipos diversos<\/td>\n<td width=\"78\">20<\/td>\n<td width=\"510\">\n<ul>\n<li>Capac\u00edtate como l\u00edder para gestionar talentos y equipos con un enfoque en la agilidad, la inclusi\u00f3n y el alto rendimiento.<\/li>\n<li>Resultado del aprendizaje: Aplicar un liderazgo \u00e1gil en equipos diversos. Desarrollar estrategias inclusivas de gesti\u00f3n<br \/>\ndel talento.<\/li>\n<li>Crear entornos inclusivos y productivos.<\/li>\n<\/ul>\n<hr \/>\n<\/td>\n<\/tr>\n<tr>\n<td width=\"144\">Equilibrio emocional y<br \/>\nproductividad<\/td>\n<td width=\"78\">20<\/td>\n<td width=\"510\">\n<ul>\n<li>Explora la relaci\u00f3n entre equilibrio emocional y productividad, promoviendo pr\u00e1cticas para<br \/>\naumentar el bienestar y el rendimiento.<br \/>\nResultado del aprendizaje:<br \/>\nIdentificar factores que afectan el equilibrio<br \/>\ny la productividad.<br \/>\nDesarrollar pol\u00edticas que fusionen la salud<br \/>\nmental y el desempe\u00f1o.<br \/>\nAplicar t\u00e9cnicas para mejorar el bienestar y<br \/>\nproductividad.<\/li>\n<\/ul>\n<hr \/>\n<\/td>\n<\/tr>\n<tr>\n<td width=\"144\">Compromiso y bienestar:<br \/>\nestrategias para la<br \/>\nretenci\u00f3n del talento<\/td>\n<td width=\"78\">20<\/td>\n<td width=\"510\">\n<ul>\n<li>Aborda c\u00f3mo el bienestar y el compromiso impactan en la retenci\u00f3n del talento, promoviendo el equilibrio y la satisfacci\u00f3n en el trabajo.<\/li>\n<li>Resultado del aprendizaje: Desarrollar programas de participaci\u00f3n efectivos.<\/li>\n<li>Crear pol\u00edticas de retenci\u00f3n enfocadas al bienestar.<\/li>\n<li>Implementar estrategias que fusionen el bienestar y la retenci\u00f3n.<\/li>\n<\/ul>\n<hr \/>\n<\/td>\n<\/tr>\n<tr>\n<td width=\"144\">Inteligencia<br \/>\ny Gesti\u00f3n Emocional<\/td>\n<td width=\"78\">20<\/td>\n<td width=\"510\">\n<ul>\n<li>Empod\u00e9rate para aplicar la inteligencia emocional en la gesti\u00f3n de personas, promoviendo la resiliencia y el bienestar de<br \/>\nlos equipos.<\/li>\n<li>Resultado del aprendizaje: Desarrollar la inteligencia emocional en el liderazgo.<\/li>\n<li>Aplicar la inteligencia emocional en \u00e9l \u00e1mbito laboral.<\/li>\n<li>Fomentar la resiliencia emocional en los equipos.<\/li>\n<\/ul>\n<hr \/>\n<\/td>\n<\/tr>\n<tr>\n<td width=\"144\">Seguridad Psicol\u00f3gica: Di\u00e1logo<br \/>\ny Comunicaci\u00f3n Efectiva<\/td>\n<td width=\"78\">20<\/td>\n<td width=\"510\">\n<ul>\n<li>Ense\u00f1a c\u00f3mo crear seguridad psicol\u00f3gica y comunicaci\u00f3n asertiva para mejorar la colaboraci\u00f3n y la confianza en los equipos.<\/li>\n<li>Resultado del aprendizaje: Crear ambientes con seguridad psicol\u00f3gicas. Aplicar t\u00e9cnicas de comunicaci\u00f3n asertivas.<br \/>\nPromover la colaboraci\u00f3n y la resoluci\u00f3n de<br \/>\nconflictos.<\/li>\n<\/ul>\n<\/td>\n<\/tr>\n<tr>\n<td width=\"144\"><\/td>\n<td width=\"78\"><\/td>\n<td width=\"510\"><\/td>\n<\/tr>\n<tr>\n<td width=\"144\"><\/td>\n<td width=\"78\"><\/td>\n<td width=\"510\"><\/td>\n<\/tr>\n<tr>\n<td width=\"144\"><\/td>\n<td width=\"78\"><\/td>\n<td width=\"510\"><\/td>\n<\/tr>\n<tr>\n<td width=\"144\"><\/td>\n<td width=\"78\"><\/td>\n<td width=\"510\"><\/td>\n<\/tr>\n<tr>\n<td width=\"144\"><\/td>\n<td width=\"78\"><\/td>\n<td width=\"510\"><\/td>\n<\/tr>\n<\/tbody>\n<\/table>\n<p>&nbsp;<\/p>\n<p><b>Requisitos de aprobaci\u00f3n<\/b><\/p>\n<p>Los alumnos aprobar\u00e1n \u00fanicamente cumpliendo los siguientes requisitos:<\/p>\n<ol>\n<li aria-level=\"1\">Asistir a m\u00ednimo el 75% de los encuentros sincr\u00f3nicos con los profesores del curso.<\/li>\n<li aria-level=\"1\">Desarrollar al 100% las actividades asincr\u00f3nicas<\/li>\n<li aria-level=\"1\">Contar con una nota mayor o igual a 3,5<\/li>\n<\/ol>\n<p>&nbsp;<\/p>\n<p><b>Plataformas utilizadas\u00a0<\/b><\/p>\n<p>&nbsp;<\/p>\n<p>El programa se desarrollar\u00e1 por medios digitales de manera asincr\u00f3nica, a trav\u00e9s de plataformas de aprendizaje LXP., la cual es operada por CREXE y con encuentros sincr\u00f3nicos por medio de Zoom, igualmente operada a trav\u00e9s de LXP.<\/p>\n","protected":false},"excerpt":{"rendered":"<p>Nombre de Programa\/Gesti\u00f3n de Personas en la Era Actual: Management Humanizado Landing page:\u00a0https:\/\/online.uniandes.edu.co\/programas\/management-humanizado-gestion-de-personas-en-la-era-actual\/ Universidad:\u00a0Universidad de los Andes \u2013 Executive Education &nbsp; Fecha de Lanzamiento:\u00a0\u00a0Noviembre 2024 Inicio de clases:\u00a0Marzo 2025 &nbsp; Descripci\u00f3n\/ Justificaci\u00f3n PROGRAMA: Gesti\u00f3n de Personas en la Era Actual: Management Humanizado 5 Cursos \u2013&#8230;<\/p>\n","protected":false},"author":16,"featured_media":0,"parent":0,"menu_order":0,"comment_status":"closed","ping_status":"closed","template":"","meta":{"footnotes":""},"class_list":["post-6069","page","type-page","status-publish","hentry"],"aioseo_notices":[],"_links":{"self":[{"href":"https:\/\/sic.nodscloud.com\/nodsglobal\/wp-json\/wp\/v2\/pages\/6069","targetHints":{"allow":["GET"]}}],"collection":[{"href":"https:\/\/sic.nodscloud.com\/nodsglobal\/wp-json\/wp\/v2\/pages"}],"about":[{"href":"https:\/\/sic.nodscloud.com\/nodsglobal\/wp-json\/wp\/v2\/types\/page"}],"author":[{"embeddable":true,"href":"https:\/\/sic.nodscloud.com\/nodsglobal\/wp-json\/wp\/v2\/users\/16"}],"replies":[{"embeddable":true,"href":"https:\/\/sic.nodscloud.com\/nodsglobal\/wp-json\/wp\/v2\/comments?post=6069"}],"version-history":[{"count":1,"href":"https:\/\/sic.nodscloud.com\/nodsglobal\/wp-json\/wp\/v2\/pages\/6069\/revisions"}],"predecessor-version":[{"id":6070,"href":"https:\/\/sic.nodscloud.com\/nodsglobal\/wp-json\/wp\/v2\/pages\/6069\/revisions\/6070"}],"wp:attachment":[{"href":"https:\/\/sic.nodscloud.com\/nodsglobal\/wp-json\/wp\/v2\/media?parent=6069"}],"curies":[{"name":"wp","href":"https:\/\/api.w.org\/{rel}","templated":true}]}}