
{"id":6078,"date":"2024-12-20T13:54:44","date_gmt":"2024-12-20T13:54:44","guid":{"rendered":"https:\/\/sic.nodscloud.com\/nodsglobal\/?page_id=6078"},"modified":"2025-04-08T13:05:48","modified_gmt":"2025-04-08T13:05:48","slug":"portfolio-academico-cesa","status":"publish","type":"page","link":"https:\/\/sic.nodscloud.com\/nodsglobal\/portfolio-academico-cesa\/","title":{"rendered":"Portfolio Acad\u00e9mico Cesa"},"content":{"rendered":"<p><img fetchpriority=\"high\" decoding=\"async\" class=\"aligncenter\" src=\"https:\/\/www.ashoka.org\/sites\/default\/files\/cesa.png\" alt=\"Colegio de Estudios Superiores de Administraci\u00f3n | Ashoka\" width=\"604\" height=\"402\" \/><\/p>\n<section class=\"py-2\">\n<div class=\"container\">\n<div class=\"max-w-1000px mx-auto m:text-c\">\n<h2 class=\"h3 mb-1\"><strong><span style=\"color: #008000;\">Una escuela de negocios con vocaci\u00f3n de liderazgo para la transformaci\u00f3n<\/span><\/strong><\/h2>\n<p>&nbsp;<\/p>\n<\/div>\n<h4><\/h4>\n<p class=\"!larger\">El CESA -Colegio de Estudios Superiores de Administraci\u00f3n- fue fundado en 1974 por iniciativa de un grupo de empresarios colombianos que visualiz\u00f3 una nueva generaci\u00f3n de l\u00edderes para el pa\u00eds, por lo que decidieron darle vida a una escuela de negocios de primer nivel. A lo largo de medio siglo el CESA le ha entregado a la sociedad m\u00e1s de 4.500 administradores de empresas y cerca de 5.800 egresados de posgrados a la sociedad, en la que uno de cada cuatro es emprendedor. Los egresados del CESA son reconocidos como sobresalientes en el \u00e1mbito empresarial de Colombia.<\/p>\n<h4><\/h4>\n<div class=\"max-w-1000px mx-auto m:text-c\">\n<hr \/>\n<\/div>\n<\/div>\n<\/section>\n<section class=\"base-block  my-3 m:my-4\">\n<div class=\"container\">\n<div class=\"m:grid-2 m:gap-4\">\n<div>\n<div class=\"mb-15 m:mb-2 \">\n<h2><\/h2>\n<h3><\/h3>\n<div class=\"formatted mt-1\">\n<div><\/div>\n<div><\/div>\n<p><img decoding=\"async\" class=\"w-100% rounded aspect-ratio-2-1 alignleft\" src=\"https:\/\/www.cesa.edu.co\/media\/images-webp\/mision-cesa.webp\" alt=\"\" width=\"394\" height=\"197\" \/><\/p>\n<div>\n<h3><strong><span style=\"color: #008000;\">Misi\u00f3n<\/span><\/strong><\/h3>\n<\/div>\n<h4>Formar a lo largo de sus vidas, l\u00edderes \u00edntegros, capaces de comprender las necesidades y tendencias locales y globales; que generen valor en organizaciones p\u00fablicas o privadas a partir de un esp\u00edritu emprendedor, con actitud transformadora e innovadora, para promover el desarrollo y el bienestar en el presente y hacia el futuro.<\/h4>\n<\/div>\n<\/div>\n<div><\/div>\n<div class=\"mb-15 m:mb-2 \">\n<div><\/div>\n<\/div>\n<\/div>\n<div>\n<hr \/>\n<\/div>\n<\/div>\n<\/div>\n<\/section>\n<h2><\/h2>\n<p>&nbsp;<\/p>\n<p>&nbsp;<\/p>\n<section class=\"base-block  my-3 m:my-4\">\n<div class=\"container\">\n<div class=\"m:grid-2 m:gap-4\">\n<div>\n<div class=\"mb-15 m:mb-2 \">\n<h2><\/h2>\n<h2><img decoding=\"async\" class=\"w-100% rounded aspect-ratio-2-1 alignright\" src=\"https:\/\/www.cesa.edu.co\/media\/images-webp\/vision-cesa.webp\" alt=\"\" \/><\/h2>\n<h3><strong><span style=\"color: #008000;\">Visi\u00f3n<\/span><\/strong><\/h3>\n<div class=\"formatted mt-1\">\n<h4>En 2050, ser la mejor escuela de negocios de Colombia y de Latinoam\u00e9rica; inclusiva, diversa e integrada al entorno socioecon\u00f3mico y medioambiental, cuyos egresados generen soluciones transformadoras, sostenibles y socialmente responsables.<\/h4>\n<\/div>\n<\/div>\n<\/div>\n<\/div>\n<\/div>\n<\/section>\n","protected":false},"excerpt":{"rendered":"<p>Una escuela de negocios con vocaci\u00f3n de liderazgo para la transformaci\u00f3n &nbsp; El CESA -Colegio de Estudios Superiores de Administraci\u00f3n- fue fundado en 1974 por iniciativa de un grupo de empresarios colombianos que visualiz\u00f3 una nueva generaci\u00f3n de l\u00edderes para el pa\u00eds, por lo que&#8230;<\/p>\n","protected":false},"author":16,"featured_media":0,"parent":0,"menu_order":0,"comment_status":"closed","ping_status":"closed","template":"","meta":{"footnotes":""},"class_list":["post-6078","page","type-page","status-publish","hentry"],"aioseo_notices":[],"_links":{"self":[{"href":"https:\/\/sic.nodscloud.com\/nodsglobal\/wp-json\/wp\/v2\/pages\/6078","targetHints":{"allow":["GET"]}}],"collection":[{"href":"https:\/\/sic.nodscloud.com\/nodsglobal\/wp-json\/wp\/v2\/pages"}],"about":[{"href":"https:\/\/sic.nodscloud.com\/nodsglobal\/wp-json\/wp\/v2\/types\/page"}],"author":[{"embeddable":true,"href":"https:\/\/sic.nodscloud.com\/nodsglobal\/wp-json\/wp\/v2\/users\/16"}],"replies":[{"embeddable":true,"href":"https:\/\/sic.nodscloud.com\/nodsglobal\/wp-json\/wp\/v2\/comments?post=6078"}],"version-history":[{"count":20,"href":"https:\/\/sic.nodscloud.com\/nodsglobal\/wp-json\/wp\/v2\/pages\/6078\/revisions"}],"predecessor-version":[{"id":6701,"href":"https:\/\/sic.nodscloud.com\/nodsglobal\/wp-json\/wp\/v2\/pages\/6078\/revisions\/6701"}],"wp:attachment":[{"href":"https:\/\/sic.nodscloud.com\/nodsglobal\/wp-json\/wp\/v2\/media?parent=6078"}],"curies":[{"name":"wp","href":"https:\/\/api.w.org\/{rel}","templated":true}]}}