
{"id":6098,"date":"2024-12-20T14:30:12","date_gmt":"2024-12-20T14:30:12","guid":{"rendered":"https:\/\/sic.nodscloud.com\/nodsglobal\/?page_id=6098"},"modified":"2025-04-08T13:07:09","modified_gmt":"2025-04-08T13:07:09","slug":"lifelong-learning","status":"publish","type":"page","link":"https:\/\/sic.nodscloud.com\/nodsglobal\/lifelong-learning\/","title":{"rendered":"Lifelong Learning Cesa"},"content":{"rendered":"<p>&nbsp;<\/p>\n<p><img fetchpriority=\"high\" decoding=\"async\" class=\"aligncenter\" src=\"https:\/\/www.ashoka.org\/sites\/default\/files\/cesa.png\" alt=\"Colegio de Estudios Superiores de Administraci\u00f3n | Ashoka\" width=\"604\" height=\"402\" \/><\/p>\n<h1 style=\"text-align: center;\"><span style=\"color: #008000;\"><strong><img decoding=\"async\" class=\"alignnone size-large wp-image-6099\" src=\"https:\/\/sic.nodscloud.com\/nodsglobal\/wp-content\/uploads\/sites\/3\/2024\/12\/lll-1024x250.png\" alt=\"\" width=\"1024\" height=\"250\" srcset=\"https:\/\/sic.nodscloud.com\/nodsglobal\/wp-content\/uploads\/sites\/3\/2024\/12\/lll-1024x250.png 1024w, https:\/\/sic.nodscloud.com\/nodsglobal\/wp-content\/uploads\/sites\/3\/2024\/12\/lll-300x73.png 300w, https:\/\/sic.nodscloud.com\/nodsglobal\/wp-content\/uploads\/sites\/3\/2024\/12\/lll-768x187.png 768w, https:\/\/sic.nodscloud.com\/nodsglobal\/wp-content\/uploads\/sites\/3\/2024\/12\/lll-700x171.png 700w, https:\/\/sic.nodscloud.com\/nodsglobal\/wp-content\/uploads\/sites\/3\/2024\/12\/lll.png 1324w\" sizes=\"(max-width: 1024px) 100vw, 1024px\" \/><\/strong><\/span><\/h1>\n<h4><\/h4>\n<h4>El programa de <strong>Lifelong Learning<\/strong> del CESA est\u00e1 dise\u00f1ado para fortalecer tus habilidades y competencias, permiti\u00e9ndote alcanzar tu m\u00e1ximo potencial profesional y personal.<\/h4>\n<p>&nbsp;<\/p>\n<p>&nbsp;<\/p>\n<h3><span style=\"color: #008000;\"><strong>Caracter\u00edsticas principales del programa:<\/strong><\/span><\/h3>\n<ul>\n<li><strong>Amplia oferta educativa:<\/strong> M\u00e1s de 50 programas y diplomados en \u00e1reas como marketing, finanzas, direcci\u00f3n y gesti\u00f3n, entre otros.<\/li>\n<li><strong>Flexibilidad:<\/strong> Modalidades de estudio que se adaptan a tus necesidades, incluyendo opciones presenciales, en l\u00ednea y combinadas.<\/li>\n<li><strong>Personalizaci\u00f3n:<\/strong> Posibilidad de construir tu propio plan de formaci\u00f3n seg\u00fan tus objetivos espec\u00edficos.<\/li>\n<li><strong>Innovaci\u00f3n educativa:<\/strong> Introducci\u00f3n de L\u00b3UNA, un nuevo sistema de aprendizaje que revoluciona la educaci\u00f3n continua.<\/li>\n<\/ul>\n<p>&nbsp;<\/p>\n<p>&nbsp;<\/p>\n<h3><span style=\"color: #008000;\"><strong>Beneficios de participar en Lifelong Learning del CESA:<\/strong><\/span><\/h3>\n<ul>\n<li><strong>Actualizaci\u00f3n constante:<\/strong> Mantente al d\u00eda con las \u00faltimas tendencias y conocimientos en tu campo de inter\u00e9s.<\/li>\n<li><strong>Desarrollo profesional:<\/strong> Mejora tus perspectivas laborales y oportunidades de crecimiento.<\/li>\n<li><strong>Red de contactos:<\/strong> Conecta con profesionales y expertos de diversas industrias.<\/li>\n<li><strong>Certificaci\u00f3n:<\/strong> Obt\u00e9n diplomas y certificaciones que respaldan tu formaci\u00f3n con<\/li>\n<\/ul>\n<p>&nbsp;<\/p>\n<div class=\"mb-15 m:mb-2 \">\n<h3><strong><span style=\"color: #008000;\">Formaci\u00f3n a la medida de tus objetivos<\/span><\/strong><\/h3>\n<div class=\"formatted mt-1\"><\/div>\n<\/div>\n<div class=\"m:grid-1 m:gap-1 m:gap-15 m:grid-4\">\n<ul>\n<li class=\"!medium\">Fortalecer mis habilidades de direcci\u00f3n y gesti\u00f3n<\/li>\n<\/ul>\n<div class=\"box\"><\/div>\n<ul>\n<li class=\"!medium\">Desarrollar mis habilidades empresariales y de perfil profesional<\/li>\n<\/ul>\n<div class=\"box\"><\/div>\n<ul>\n<li class=\"!medium\">Lograr el \u00e9xito de mi emprendimiento<\/li>\n<\/ul>\n<div class=\"box\"><\/div>\n<ul>\n<li class=\"!medium\">Actualizarme en nuevos conocimientos y tendencias<\/li>\n<\/ul>\n<p>&nbsp;<\/p>\n<\/div>\n<p><img decoding=\"async\" class=\"aligncenter\" src=\"https:\/\/lifelonglearning.cesa.edu.co\/images\/logoblanco50.3.png\" alt=\"Cesa Logo\" width=\"483\" height=\"150\" \/><\/p>\n","protected":false},"excerpt":{"rendered":"<p>&nbsp; El programa de Lifelong Learning del CESA est\u00e1 dise\u00f1ado para fortalecer tus habilidades y competencias, permiti\u00e9ndote alcanzar tu m\u00e1ximo potencial profesional y personal. &nbsp; &nbsp; Caracter\u00edsticas principales del programa: Amplia oferta educativa: M\u00e1s de 50 programas y diplomados en \u00e1reas como marketing, finanzas, direcci\u00f3n&#8230;<\/p>\n","protected":false},"author":16,"featured_media":0,"parent":0,"menu_order":0,"comment_status":"closed","ping_status":"closed","template":"","meta":{"footnotes":""},"class_list":["post-6098","page","type-page","status-publish","hentry"],"aioseo_notices":[],"_links":{"self":[{"href":"https:\/\/sic.nodscloud.com\/nodsglobal\/wp-json\/wp\/v2\/pages\/6098","targetHints":{"allow":["GET"]}}],"collection":[{"href":"https:\/\/sic.nodscloud.com\/nodsglobal\/wp-json\/wp\/v2\/pages"}],"about":[{"href":"https:\/\/sic.nodscloud.com\/nodsglobal\/wp-json\/wp\/v2\/types\/page"}],"author":[{"embeddable":true,"href":"https:\/\/sic.nodscloud.com\/nodsglobal\/wp-json\/wp\/v2\/users\/16"}],"replies":[{"embeddable":true,"href":"https:\/\/sic.nodscloud.com\/nodsglobal\/wp-json\/wp\/v2\/comments?post=6098"}],"version-history":[{"count":14,"href":"https:\/\/sic.nodscloud.com\/nodsglobal\/wp-json\/wp\/v2\/pages\/6098\/revisions"}],"predecessor-version":[{"id":6702,"href":"https:\/\/sic.nodscloud.com\/nodsglobal\/wp-json\/wp\/v2\/pages\/6098\/revisions\/6702"}],"wp:attachment":[{"href":"https:\/\/sic.nodscloud.com\/nodsglobal\/wp-json\/wp\/v2\/media?parent=6098"}],"curies":[{"name":"wp","href":"https:\/\/api.w.org\/{rel}","templated":true}]}}