
{"id":6111,"date":"2024-12-20T16:38:32","date_gmt":"2024-12-20T16:38:32","guid":{"rendered":"https:\/\/sic.nodscloud.com\/nodsglobal\/?page_id=6111"},"modified":"2024-12-20T17:05:22","modified_gmt":"2024-12-20T17:05:22","slug":"l%c2%b3una-del-cesa","status":"publish","type":"page","link":"https:\/\/sic.nodscloud.com\/nodsglobal\/l%c2%b3una-del-cesa\/","title":{"rendered":"L\u00b3UNA del CESA"},"content":{"rendered":"<p>&nbsp;<\/p>\n<h2><img fetchpriority=\"high\" decoding=\"async\" class=\"aligncenter\" src=\"https:\/\/www.ashoka.org\/sites\/default\/files\/cesa.png\" alt=\"Colegio de Estudios Superiores de Administraci\u00f3n | Ashoka\" width=\"503\" height=\"335\" \/><\/h2>\n<h2 class=\"h4\" style=\"text-align: center;\"><strong>Construye tu propio plan de formaci\u00f3n con el <span style=\"color: #0000ff;\">CESA<\/span><\/strong><\/h2>\n<div class=\"formatted mt-1\">\n<h2 style=\"text-align: center;\"><span style=\"color: #008000;\"><strong>Conoce L\u00b3UNA:\u00a0<\/strong><\/span><strong>el nuevo sistema de aprendizaje del <span style=\"color: #0000ff;\">CESA<\/span> que revoluciona la educaci\u00f3n.<\/strong><\/h2>\n<p>&nbsp;<\/p>\n<\/div>\n<p>[vc_row css_animation=\u00bb\u00bb row_type=\u00bbrow\u00bb use_row_as_full_screen_section=\u00bbno\u00bb type=\u00bbfull_width\u00bb angled_section=\u00bbno\u00bb text_align=\u00bbleft\u00bb background_image_as_pattern=\u00bbwithout_pattern\u00bb][vc_column][vc_video link=\u00bbhttps:\/\/youtu.be\/kTu1K_8DEfo\u00bb el_width=\u00bb60&#8243; align=\u00bbcenter\u00bb][vc_column_text]<\/p>\n<h2><\/h2>\n<p>&nbsp;<\/p>\n<p>&nbsp;<\/p>\n<h3 class=\" margintop50 marginbottom50\">te invitamos a que conozcas un sistema de aprendizaje \u00fanico hecho a tu media para alcanzar tus objetivos. Dise\u00f1a tu propio plan de aprendizaje o conoce nuestros programas.<\/h3>\n<p>&nbsp;<\/p>\n<p>&nbsp;<\/p>\n<div class=\"text-center py-6 margintop50 marginbottom50 padding-4\">\n<h3 class=\"mt-3\"><strong><img decoding=\"async\" class=\"size-full wp-image-6122 aligncenter\" src=\"https:\/\/sic.nodscloud.com\/nodsglobal\/wp-content\/uploads\/sites\/3\/2024\/12\/LUNA.png\" alt=\"\" width=\"799\" height=\"365\" srcset=\"https:\/\/sic.nodscloud.com\/nodsglobal\/wp-content\/uploads\/sites\/3\/2024\/12\/LUNA.png 799w, https:\/\/sic.nodscloud.com\/nodsglobal\/wp-content\/uploads\/sites\/3\/2024\/12\/LUNA-300x137.png 300w, https:\/\/sic.nodscloud.com\/nodsglobal\/wp-content\/uploads\/sites\/3\/2024\/12\/LUNA-768x351.png 768w, https:\/\/sic.nodscloud.com\/nodsglobal\/wp-content\/uploads\/sites\/3\/2024\/12\/LUNA-700x320.png 700w\" sizes=\"(max-width: 799px) 100vw, 799px\" \/><\/strong><\/h3>\n<\/div>\n<p>&nbsp;<\/p>\n<p>&nbsp;<\/p>\n<div class=\"text-center py-6 margintop50 marginbottom50 padding-4\">\n<h3 class=\"mt-3\"><strong>El <span style=\"color: #0000ff;\">CESA<\/span> te ofrece una gran variedad de programas en todas las \u00e1reas de conocimientos, elige tu \u00e1rea de tu inter\u00e9s y encuentra el programa que se aliena a tus necesidades.<\/strong><\/h3>\n<\/div>\n<p><img decoding=\"async\" class=\"size-large wp-image-6114 aligncenter\" src=\"https:\/\/sic.nodscloud.com\/nodsglobal\/wp-content\/uploads\/sites\/3\/2024\/12\/areas-1024x556.png\" alt=\"\" width=\"1024\" height=\"556\" srcset=\"https:\/\/sic.nodscloud.com\/nodsglobal\/wp-content\/uploads\/sites\/3\/2024\/12\/areas-1024x556.png 1024w, https:\/\/sic.nodscloud.com\/nodsglobal\/wp-content\/uploads\/sites\/3\/2024\/12\/areas-300x163.png 300w, https:\/\/sic.nodscloud.com\/nodsglobal\/wp-content\/uploads\/sites\/3\/2024\/12\/areas-768x417.png 768w, https:\/\/sic.nodscloud.com\/nodsglobal\/wp-content\/uploads\/sites\/3\/2024\/12\/areas-700x380.png 700w, https:\/\/sic.nodscloud.com\/nodsglobal\/wp-content\/uploads\/sites\/3\/2024\/12\/areas.png 1316w\" sizes=\"(max-width: 1024px) 100vw, 1024px\" \/><\/p>\n<p>&nbsp;<\/p>\n<p>&nbsp;<\/p>\n<div class=\"smallbackgroundgrey padding-50-4\"><\/div>\n<p>&nbsp;<\/p>\n<p><img loading=\"lazy\" decoding=\"async\" class=\"aligncenter\" src=\"https:\/\/lifelonglearning.cesa.edu.co\/images\/logoblanco50.3.png\" alt=\"Cesa Logo\" width=\"313\" height=\"97\" \/>[\/vc_column_text][\/vc_column][\/vc_row][vc_row css_animation=\u00bb\u00bb row_type=\u00bbrow\u00bb use_row_as_full_screen_section=\u00bbno\u00bb type=\u00bbfull_width\u00bb angled_section=\u00bbno\u00bb text_align=\u00bbleft\u00bb background_image_as_pattern=\u00bbwithout_pattern\u00bb][vc_column][\/vc_column][\/vc_row]<\/p>\n","protected":false},"excerpt":{"rendered":"<p>&nbsp; Construye tu propio plan de formaci\u00f3n con el CESA Conoce L\u00b3UNA:\u00a0el nuevo sistema de aprendizaje del CESA que revoluciona la educaci\u00f3n. &nbsp; [vc_row css_animation=\u00bb\u00bb row_type=\u00bbrow\u00bb use_row_as_full_screen_section=\u00bbno\u00bb type=\u00bbfull_width\u00bb angled_section=\u00bbno\u00bb text_align=\u00bbleft\u00bb background_image_as_pattern=\u00bbwithout_pattern\u00bb][vc_column][vc_video link=\u00bbhttps:\/\/youtu.be\/kTu1K_8DEfo\u00bb el_width=\u00bb60&#8243; align=\u00bbcenter\u00bb][vc_column_text] &nbsp; &nbsp; te invitamos a que conozcas un sistema de aprendizaje&#8230;<\/p>\n","protected":false},"author":16,"featured_media":0,"parent":0,"menu_order":0,"comment_status":"closed","ping_status":"closed","template":"","meta":{"footnotes":""},"class_list":["post-6111","page","type-page","status-publish","hentry"],"aioseo_notices":[],"_links":{"self":[{"href":"https:\/\/sic.nodscloud.com\/nodsglobal\/wp-json\/wp\/v2\/pages\/6111","targetHints":{"allow":["GET"]}}],"collection":[{"href":"https:\/\/sic.nodscloud.com\/nodsglobal\/wp-json\/wp\/v2\/pages"}],"about":[{"href":"https:\/\/sic.nodscloud.com\/nodsglobal\/wp-json\/wp\/v2\/types\/page"}],"author":[{"embeddable":true,"href":"https:\/\/sic.nodscloud.com\/nodsglobal\/wp-json\/wp\/v2\/users\/16"}],"replies":[{"embeddable":true,"href":"https:\/\/sic.nodscloud.com\/nodsglobal\/wp-json\/wp\/v2\/comments?post=6111"}],"version-history":[{"count":10,"href":"https:\/\/sic.nodscloud.com\/nodsglobal\/wp-json\/wp\/v2\/pages\/6111\/revisions"}],"predecessor-version":[{"id":6125,"href":"https:\/\/sic.nodscloud.com\/nodsglobal\/wp-json\/wp\/v2\/pages\/6111\/revisions\/6125"}],"wp:attachment":[{"href":"https:\/\/sic.nodscloud.com\/nodsglobal\/wp-json\/wp\/v2\/media?parent=6111"}],"curies":[{"name":"wp","href":"https:\/\/api.w.org\/{rel}","templated":true}]}}