
{"id":6276,"date":"2025-01-10T13:33:34","date_gmt":"2025-01-10T13:33:34","guid":{"rendered":"https:\/\/sic.nodscloud.com\/nodsglobal\/?page_id=6276"},"modified":"2025-04-08T13:20:43","modified_gmt":"2025-04-08T13:20:43","slug":"preguntas-frecuentes-3","status":"publish","type":"page","link":"https:\/\/sic.nodscloud.com\/nodsglobal\/preguntas-frecuentes-3\/","title":{"rendered":"Preguntas frecuentes Cesa"},"content":{"rendered":"<h3><\/h3>\n<p><img fetchpriority=\"high\" decoding=\"async\" class=\"aligncenter\" src=\"https:\/\/www.ashoka.org\/sites\/default\/files\/cesa.png\" alt=\"Colegio de Estudios Superiores de Administraci\u00f3n | Ashoka\" width=\"433\" height=\"288\" \/><\/p>\n<h1 style=\"text-align: center;\"><span style=\"color: #008000;\"><strong>PREGUNTAS FRECUENTES<\/strong><\/span><\/h1>\n<p>&nbsp;<\/p>\n<p>&nbsp;<\/p>\n<h3><span style=\"color: #0000ff;\"><strong>Devoluciones antes del inicio del programa<\/strong><\/span><\/h3>\n<p><span style=\"font-weight: 400;\">si el programa a\u00fan no ha iniciado y una persona solicita la devoluci\u00f3n del dinero, se debe redirigir al \u00e1rea de Crecimiento para que ellos puedan realizar este proceso.\u00a0<\/span><\/p>\n<hr \/>\n<h3><span style=\"color: #0000ff;\"><strong>Facturaci\u00f3n<\/strong><\/span><\/h3>\n<p><span style=\"font-weight: 400;\">todo tema de facturas por pago de programas debe redirigirse al \u00e1rea de Crecimiento, quienes son los encargados de enviar la factura correspondiente.\u00a0<\/span><\/p>\n<hr \/>\n<h3><span style=\"color: #0000ff;\"><strong>Asistencia<\/strong><\/span><\/h3>\n<p><span style=\"font-weight: 400;\">Uno de los requerimientos importantes para poder aprobar un programa, son las asistencias las cuales deben ser m\u00ednimo del 85% del total de las horas del programa. Es por esto, que se realiza un seguimiento semanal a las asistencias de todos los estudiantes.<\/span><\/p>\n<hr \/>\n<h3><strong><span style=\"color: #0000ff;\">Diplomas y Certificados<\/span><\/strong><\/h3>\n<p><span style=\"font-weight: 400;\">Para poder expedir un certificado o diploma se debe revisar las asistencias que est\u00e9n por encima del 85% del total de las horas del programa y que el estudiante haya respondido al 100% de las encuestas del programa.\u00a0<\/span><\/p>\n<ol>\n<li style=\"font-weight: 400;\" aria-level=\"1\"><span style=\"font-weight: 400;\">Env\u00edo de diplomas:<\/span><span style=\"font-weight: 400;\"> los diplomas se env\u00edan por medio de correo electr\u00f3nico y se entregan en f\u00edsico durante los eventos de grados que se tienen programados durante el a\u00f1o.\u00a0<\/span><\/li>\n<li style=\"font-weight: 400;\" aria-level=\"1\"><span style=\"font-weight: 400;\">Env\u00edo de Certificados:<\/span><span style=\"font-weight: 400;\"> los certificados al igual que los diplomas, se env\u00edan por medio del mail. El estudiante debe realizar primero el pago del mismo y enviar el comprobante de pago a <\/span><a href=\"mailto:experiencia.luna@cesa.edu.co\"><span style=\"font-weight: 400;\">experiencia.luna@cesa.edu.co<\/span><\/a><span style=\"font-weight: 400;\"> . El costo de los certificados es de<\/span> <span style=\"font-weight: 400;\">$19.900 correspondiente a este documento a trav\u00e9s de nuestro portal de pagos ingresando en el siguiente link:<\/span> <span style=\"color: #0000ff;\"><a style=\"color: #0000ff;\" href=\"https:\/\/portalpagos.davivienda.com\/#\/comercio\/5159\/Colegio%20de%20Estudios%20Superiores%20de%20Administracion\"><i><span style=\"font-weight: 400;\">https:\/\/portalpagos.davivienda.com\/#\/comercio\/5159\/Colegio%20de%20Estudios%20Superiores%20de%20Administracion<\/span><\/i><\/a><\/span><\/li>\n<li aria-level=\"1\">Duplicados: Las solicitudes de duplicados de diplomas y\/o certificados se deben hacer por medio del portal de PQRS https:\/\/solicitudes.cesa.edu.co\/pqrsf informando: Nombre Completo, Apellidos, n\u00famero de documento, programa y a\u00f1o de realizaci\u00f3n.<\/li>\n<\/ol>\n<hr \/>\n<h3><strong><span style=\"color: #0000ff;\">Aprobaci\u00f3n de programas<\/span><\/strong><\/h3>\n<p><span style=\"font-weight: 400;\">Actualmente un programa de Lifelong learning se aprueba con el 85% de asistencia respecto al total de horas que contemple el programa. Es responsabilidad del estudiante saber este porcentaje a cu\u00e1nto corresponde y asistir a las clases para poder aprobar. As\u00ed mismo, tambi\u00e9n se tiene en cuenta la respuesta del 100% de las encuestas de docentes y programa.\u00a0<\/span><\/p>\n<hr \/>\n<h3><span style=\"color: #0000ff;\"><strong>Reposici\u00f3n de clases (se env\u00edan contenidos o no)<\/strong><\/span><\/h3>\n<p><span style=\"font-weight: 400;\">En los programas de Lifelong Learning, las reposiciones de clase se dan en caso tal que el docente o la instituci\u00f3n por fuerza mayor no puedan dar la clase. Si se da caso tal, se avisar\u00e1 a los participantes y se acordar\u00e1 la nueva fecha para realizar la clase y as\u00ed ofrecer los contenidos completos. Si es el participante quien no asiste a una clase, no se realizar\u00e1 reposici\u00f3n, solo se podr\u00e1 compartir la grabaci\u00f3n de ese d\u00eda de clase, si se realiza por solicitud formal al correo electr\u00f3nico <\/span><span style=\"color: #0000ff;\"><a style=\"color: #0000ff;\" href=\"mailto:experiencia.luna@cesa.edu.co\"><span style=\"font-weight: 400;\">experiencia.luna@cesa.edu.co<\/span><\/a><\/span><span style=\"font-weight: 400;\"> adjuntando la incapacidad o raz\u00f3n de fuerza mayor por la cual no pudo asistir, ya que es la \u00fanica raz\u00f3n por la cual se proceder\u00e1 a compartir la grabaci\u00f3n ya que \u00e9stas no hacen parte del material de la clase.\u00a0<\/span><\/p>\n<hr \/>\n<h3><strong><span style=\"color: #0000ff;\">Que es, para que sirve y como se usa la credencial digital<\/span><\/strong><\/h3>\n<p><span style=\"font-weight: 400;\">La credencial digital es una acreditaci\u00f3n virtual de los aprendizajes impartidos por el CESA (Colegio de Estudios Superiores de Administraci\u00f3n).<\/span><\/p>\n<p><span style=\"font-weight: 400;\">Es una insignia en formato virtual que representa el logro de aprendizaje en un componente de la competencia (habilidad, conocimiento o capacidad), es verificable y socializado en l\u00ednea y en tiempo real.<\/span><\/p>\n<p><span style=\"font-weight: 400;\">Una credencial sirve para comunicar los logros de aprendizaje en los procesos de formaci\u00f3n desarrollados en cursos, seminarios, asignaturas, m\u00f3dulos o rutas de formaci\u00f3n.<\/span><\/p>\n<p><span style=\"font-weight: 400;\">Estas son algunas ventajas de las credenciales digitales:\u00a0<\/span><\/p>\n<ol>\n<li style=\"font-weight: 400;\" aria-level=\"1\"><span style=\"font-weight: 400;\">Posibilidad de destacarse en el mercado laboral.\u00a0<\/span><\/li>\n<li style=\"font-weight: 400;\" aria-level=\"1\"><span style=\"font-weight: 400;\">Logros tempranos a lo largo de sus procesos formativos.<\/span><\/li>\n<li style=\"font-weight: 400;\" aria-level=\"1\"><span style=\"font-weight: 400;\">Flexibilidad y posibilidad de complementar sus perfiles profesionales de acuerdo con sus intereses.<\/span><\/li>\n<\/ol>\n<hr \/>\n<h3><strong><span style=\"color: #0000ff;\">Fecha de los grados\u00a0<\/span><\/strong><\/h3>\n<p><span style=\"font-weight: 400;\">En el CESA queremos que la experiencia sea completa es por ello que tenemos una ceremonia de grados para el 2025\u00a0<\/span><\/p>\n<hr \/>\n<h3><span style=\"color: #0000ff;\"><strong>\u00bfLa universidad ofrece becas o descuentos?<\/strong><\/span><\/h3>\n<p><span style=\"font-weight: 400;\">En el CESA contamos con descuentos por pronto pago, dependiendo de las fechas de apertura de los programas y diplomados. Por el momento no contamos con becas para estudiantes de Lifelong Learning.<\/span><\/p>\n<hr \/>\n<h3><span style=\"color: #0000ff;\"><strong>Ya tengo una cuenta para realizar la inscripci\u00f3n, pero no recuerdo la contrase\u00f1a y el correo anterior \u00bfqu\u00e9 debo hacer?<\/strong><\/span><\/h3>\n<p><span style=\"font-weight: 400;\">Para recuperar la contrase\u00f1a, podr\u00e1s ingresar a la p\u00e1gina web <\/span><a href=\"https:\/\/lifelonglearning.cesa.edu.co\/\"><span style=\"font-weight: 400;\">https:\/\/lifelonglearning.cesa.edu.co\/<\/span><\/a><span style=\"font-weight: 400;\"> y en la esquina superior derecha dar clic en \u201cIniciar Sesi\u00f3n\u201d, despu\u00e9s en la parte inferior del formulario encontrar\u00e1s un link que dice \u201cRecuperar contrase\u00f1a\u201d ah\u00ed podr\u00e1s ingresar tu correo electr\u00f3nico. Si no recuerdas con cu\u00e1l correo electr\u00f3nico te registraste, por favor enviar una solicitud al correo <\/span><a href=\"mailto:experiencia.luna@cesa.edu.co\"><span style=\"font-weight: 400;\">experiencia.luna@cesa.edu.co<\/span><\/a><span style=\"font-weight: 400;\"> con los siguientes datos:\u00a0<\/span><\/p>\n<ul>\n<li style=\"font-weight: 400;\" aria-level=\"1\"><span style=\"font-weight: 400;\">Nombre Completo<\/span><\/li>\n<li style=\"font-weight: 400;\" aria-level=\"1\"><span style=\"font-weight: 400;\">Apellidos<\/span><\/li>\n<li style=\"font-weight: 400;\" aria-level=\"1\"><span style=\"font-weight: 400;\">N\u00famero de documento\u00a0<\/span><\/li>\n<\/ul>\n<p><span style=\"font-weight: 400;\">Los cuales son los datos necesarios para poder realizar la b\u00fasqueda del usuario y poder reestablecerlo.\u00a0<\/span><\/p>\n<hr \/>\n<h3><span style=\"color: #0000ff;\"><strong>\u00bfLa universidad tiene planes de financiaci\u00f3n?<\/strong><\/span><\/h3>\n<p><span style=\"font-weight: 400;\">En el CESA y Lifelong Learning tenemos un convenio de financiaci\u00f3n con Credyty el cual aplica para Diplomados. Donde debe pagar el 50% para iniciar el programa y 50% a 30 d\u00edas. A continuaci\u00f3n, encontraras el instructivo y enlace de ingreso: <\/span><span style=\"color: #0000ff;\"><a style=\"color: #0000ff;\" href=\"https:\/\/cesa.credyty.com\/informacion-registro\"><span style=\"font-weight: 400;\">https:\/\/cesa.credyty.com\/informacion-registro<\/span><\/a><\/span><\/p>\n<hr \/>\n<h3><strong><span style=\"color: #0000ff;\">\u00bfEs lo mismo la confirmaci\u00f3n de cupo que la reserva de cupo?<\/span><\/strong><\/h3>\n<p><span style=\"font-weight: 400;\">En Lifelong Learning del CESA la confirmaci\u00f3n del cupo se realiza al momento de recibir el 100% del pago del programa o diplomado. No se realiza reserva de cupo.<\/span><\/p>\n<hr \/>\n<h3><strong><span style=\"color: #0000ff;\">\u00bfC\u00f3mo funciona el Coach Virtual?<\/span><\/strong><\/h3>\n<p><span style=\"font-weight: 400;\">El Coach Virtual es una inteligencia artificial que permite analizar el perfil del usuario, seg\u00fan la trayectoria que ha tenido a nivel laboral y educativo y evaluar cu\u00e1les son las habilidades que se requerir\u00edan para cumplir los objetivos que se tienen para el futuro. A partir del resultado, ofrecer\u00e1 los programas de la oferta acad\u00e9mica que tenemos para gestionar su educaci\u00f3n en la vida. Al ingresar a nuestro sitio web, solo tienes que ir a la secci\u00f3n del Coach Virtual, dar clic en \u201cEmpezar ahora\u201d y seguir el proceso que se te indicar\u00e1 para que puedas completar tu perfil y generar la recomendaci\u00f3n \u00fanica para tu perfil.\u00a0<\/span><\/p>\n<hr \/>\n<h3><strong><span style=\"color: #0000ff;\">Proceso para el inicio de las clases\u00a0<\/span><\/strong><\/h3>\n<p><span style=\"font-weight: 400;\">Cuando ya est\u00e9s inscrito se enviar\u00e1 la informaci\u00f3n sobre la clase, las fechas, los horarios y dependiendo de la modalidad se enviar\u00e1 el acceso a las mismas y las instrucciones.\u00a0<\/span><\/p>\n<hr \/>\n<h3><strong><span style=\"color: #0000ff;\">\u00bfC\u00f3mo se usa el campus?\u00a0<\/span><\/strong><\/h3>\n<p><span style=\"font-weight: 400;\">Si necesitas ayuda con el campus te invitamos a contactarnos a trav\u00e9s de nuestro Whatsapp (+57) 3154191199<\/span><\/p>\n<hr \/>\n<h3><\/h3>\n<p>&nbsp;<\/p>\n","protected":false},"excerpt":{"rendered":"<p>PREGUNTAS FRECUENTES &nbsp; &nbsp; Devoluciones antes del inicio del programa si el programa a\u00fan no ha iniciado y una persona solicita la devoluci\u00f3n del dinero, se debe redirigir al \u00e1rea de Crecimiento para que ellos puedan realizar este proceso.\u00a0 Facturaci\u00f3n todo tema de facturas por&#8230;<\/p>\n","protected":false},"author":16,"featured_media":0,"parent":0,"menu_order":0,"comment_status":"closed","ping_status":"closed","template":"","meta":{"footnotes":""},"class_list":["post-6276","page","type-page","status-publish","hentry"],"aioseo_notices":[],"_links":{"self":[{"href":"https:\/\/sic.nodscloud.com\/nodsglobal\/wp-json\/wp\/v2\/pages\/6276","targetHints":{"allow":["GET"]}}],"collection":[{"href":"https:\/\/sic.nodscloud.com\/nodsglobal\/wp-json\/wp\/v2\/pages"}],"about":[{"href":"https:\/\/sic.nodscloud.com\/nodsglobal\/wp-json\/wp\/v2\/types\/page"}],"author":[{"embeddable":true,"href":"https:\/\/sic.nodscloud.com\/nodsglobal\/wp-json\/wp\/v2\/users\/16"}],"replies":[{"embeddable":true,"href":"https:\/\/sic.nodscloud.com\/nodsglobal\/wp-json\/wp\/v2\/comments?post=6276"}],"version-history":[{"count":7,"href":"https:\/\/sic.nodscloud.com\/nodsglobal\/wp-json\/wp\/v2\/pages\/6276\/revisions"}],"predecessor-version":[{"id":6709,"href":"https:\/\/sic.nodscloud.com\/nodsglobal\/wp-json\/wp\/v2\/pages\/6276\/revisions\/6709"}],"wp:attachment":[{"href":"https:\/\/sic.nodscloud.com\/nodsglobal\/wp-json\/wp\/v2\/media?parent=6276"}],"curies":[{"name":"wp","href":"https:\/\/api.w.org\/{rel}","templated":true}]}}