
{"id":6314,"date":"2025-01-29T14:46:55","date_gmt":"2025-01-29T14:46:55","guid":{"rendered":"https:\/\/sic.nodscloud.com\/nodsglobal\/?page_id=6314"},"modified":"2025-01-29T14:46:55","modified_gmt":"2025-01-29T14:46:55","slug":"modalidad-virtual","status":"publish","type":"page","link":"https:\/\/sic.nodscloud.com\/nodsglobal\/modalidad-virtual\/","title":{"rendered":"Modalidad Virtual"},"content":{"rendered":"<h1><img fetchpriority=\"high\" decoding=\"async\" class=\"alignnone size-full wp-image-5615 aligncenter\" src=\"https:\/\/sic.nodscloud.com\/nodsglobal\/wp-content\/uploads\/sites\/3\/2024\/11\/unab.png\" sizes=\"(max-width: 400px) 100vw, 400px\" srcset=\"https:\/\/sic.nodscloud.com\/nodsglobal\/wp-content\/uploads\/sites\/3\/2024\/11\/unab.png 400w, https:\/\/sic.nodscloud.com\/nodsglobal\/wp-content\/uploads\/sites\/3\/2024\/11\/unab-300x95.png 300w\" alt=\"\" width=\"400\" height=\"126\" \/><\/h1>\n<h1 style=\"text-align: center;\"><span style=\"color: #008000;\"><strong>Modalidad Virtual<\/strong><\/span><\/h1>\n<p>&nbsp;<\/p>\n<div>\n<div class=\"DF_utQ _682gpw _0xkaeQ\">\n<div class=\"aF9o6Q _0yZ6Qg\" role=\"img\" aria-label=\"\">\n<div class=\"AdBbhQ hGbcYA _7rUwsA\" lang=\"es-ES\">\n<h3 class=\"cgHgbA WvQL9w Xp24Nw PanoWQ\"><span style=\"color: #008000;\"><strong>COMO ES LA MODALIDAD VIRTUAL EN UNAB<\/strong><\/span><\/h3>\n<p class=\"cgHgbA WvQL9w Xp24Nw\"><span class=\"OYPEnA\">Estudiar\u00a0<\/span><span class=\"OYPEnA\">virtual\u00a0<\/span><span class=\"OYPEnA\">se refiere a una modalidad completamente en l\u00ednea, donde los estudiantes participan en actividades formativas a trav\u00e9s de plataformas de gesti\u00f3n de aprendizaje donde se integran cursos virtuales o ambientes virtuales de aprendizaje con una estructura de navegaci\u00f3n intuitiva, dise\u00f1o gr\u00e1fico personalizado, actividades de aprendizaje, recursos y materiales de estudio en formatos digitales, \u00e1reas de interacci\u00f3n con compa\u00f1eros y profesores en tiempo real y herramientas de evaluaci\u00f3n y seguimiento. As\u00ed mismo participan en videoconferencias de forma s\u00edncrona. Los estudiantes tienen flexibilidad acerca de cu\u00e1ndo y desde d\u00f3nde acceder al aula virtual para lograr los resultados de aprendizaje esperados.<\/span><\/p>\n<p class=\"cgHgbA WvQL9w Xp24Nw\"><span class=\"OYPEnA\">Por otro lado, estudiar de forma<\/span><span class=\"OYPEnA\">\u00a0remota<\/span><span class=\"OYPEnA\">\u00a0implica unirse a las clases o sesiones de formaci\u00f3n de forma sincr\u00f3nica, a trav\u00e9s de tecnolog\u00edas de videoconferencia. Los estudiantes y profesor se encuentran al mismo tiempo, desde distintos espacios f\u00edsicos.<\/span><\/p>\n<hr \/>\n<\/div>\n<\/div>\n<\/div>\n<\/div>\n<div>\n<div class=\"DF_utQ _682gpw _0xkaeQ\">\n<div class=\"aF9o6Q _0yZ6Qg\" role=\"img\" aria-label=\"\">\n<div class=\"AdBbhQ hGbcYA _7rUwsA\" lang=\"es-ES\">\n<h3 class=\"cgHgbA WvQL9w Xp24Nw PanoWQ\"><strong><span style=\"color: #008000;\">ACOMPA\u00d1AMIENTO<\/span><\/strong><\/h3>\n<p class=\"cgHgbA WvQL9w Xp24Nw\"><span class=\"OYPEnA\">Al estudiar en la modalidad virtual es posible contar con acompa\u00f1amiento y apoyo por parte de los profesores y el equipo de consejer\u00eda virtual. Aunque la modalidad virtual implica una mayor autonom\u00eda y autoaprendizaje por parte de los estudiantes, los programas virtuales de la Unab cuentan con profesores que se convierten en gu\u00edas y facilitadores del proceso formativo y est\u00e1n disponibles para responder preguntas, asesorar, proporcionar orientaciones y ofrecer retroalimentaci\u00f3n sobre las actividades realizadas. A menudo, se establecen canales de comunicaci\u00f3n, como foros de discusi\u00f3n en l\u00ednea, correo electr\u00f3nico, y encuentros sincr\u00f3nicos por videoconferencias para facilitar la interacci\u00f3n<\/span><\/p>\n<p class=\"cgHgbA WvQL9w Xp24Nw\"><span class=\"OYPEnA\">entre los estudiantes y los profesores.<\/span><\/p>\n<p class=\"cgHgbA WvQL9w Xp24Nw\"><span class=\"OYPEnA\">Por otra parte, el equipo de consejer\u00eda brinda acompa\u00f1amiento en tiempo real y asincr\u00f3nico atendiendo solicitudes y dudas sobre temas t\u00e9cnicos y administrativos a los estudiantes.<\/span><\/p>\n<hr \/>\n<\/div>\n<\/div>\n<\/div>\n<\/div>\n<h3><strong><span style=\"color: #008000;\"><span style=\"font-size: 18.72px;\">INTERACCI\u00d3N<\/span><\/span><span style=\"color: #008000;\">\u00a0Y NETWORKING CON COMPA\u00d1EROS Y OTROS PROFESIONALES<\/span><\/strong><\/h3>\n<p class=\"cgHgbA WvQL9w Xp24Nw\"><span class=\"OYPEnA\">\u00a1Absolutamente! La educaci\u00f3n virtual en la Unab ofrece muchas oportunidades para interactuar con otros compa\u00f1eros y establecer redes de contactos por medios digitales. La interacci\u00f3n puede ser diferente a la que se experimenta en un entorno f\u00edsico, por cuanto existen diversas formas de conectarse y colaborar con otros estudiantes en la modalidad virtual:<\/span><\/p>\n<p class=\"cgHgbA WvQL9w Xp24Nw\"><span class=\"OYPEnA\"><strong>a) Foros de discusi\u00f3n:<\/strong>\u00a0<\/span><span class=\"OYPEnA\">Muchos cursos incluyen foros de discusi\u00f3n en l\u00ednea donde los estudiantes pueden interactuar entre s\u00ed, plantear preguntas, debatir temas relacionados con el curso y compartir ideas. Estos espacios son excelentes para establecer conexiones con otros compa\u00f1eros y participar en debates acad\u00e9micos.<\/span><\/p>\n<p class=\"cgHgbA WvQL9w Xp24Nw\"><strong><span class=\"OYPEnA\">b) Trabajo grupal en l\u00ednea:<\/span><\/strong><span class=\"OYPEnA\">\u00a0En los cursos virtuales, se programan proyectos o actividades grupales en las que los estudiantes interact\u00faan a trav\u00e9s de herramientas de colaboraci\u00f3n en l\u00ednea, esto brinda la oportunidad de trabajar en equipo para generar construcci\u00f3n colectiva de conocimiento, conocer a otros estudiantes y establecer relaciones profesionales.<\/span><\/p>\n<p class=\"cgHgbA WvQL9w Xp24Nw\"><strong><span class=\"OYPEnA\">c) Eventos virtuales y conferencias en l\u00ednea:<\/span><\/strong><span class=\"OYPEnA\"><strong>\u00a0<\/strong>Se organizan eventos virtuales, conferencias o seminarios en l\u00ednea donde los estudiantes pueden participar, interactuar con expertos en el campo y conectarse con otros profesionales o estudiantes con intereses similares.<\/span><\/p>\n<hr \/>\n<h3 class=\"cgHgbA WvQL9w Xp24Nw PanoWQ\"><span style=\"color: #008000;\"><strong>PLATAFORMA: CANVAS<\/strong><\/span><\/h3>\n<p class=\"cgHgbA WvQL9w Xp24Nw\"><span class=\"OYPEnA\">La plataforma de gesti\u00f3n del aprendizaje (LMS, por sus siglas en ingl\u00e9s) Canvas es conocida por ser amigable en t\u00e9rminos de usabilidad y navegaci\u00f3n. Canvas es ampliamente utilizada por instituciones<\/span> <span class=\"OYPEnA\">educativas en todo el mundo debido a su enfoque intuitivo. Algunas caracter\u00edsticas de Canvas son:<\/span><\/p>\n<p class=\"cgHgbA WvQL9w Xp24Nw\"><strong><span class=\"OYPEnA\">a) Interfaz intuitiva:<\/span><\/strong><span class=\"OYPEnA\"><strong>\u00a0<\/strong>Cuenta con una interfaz limpia y organizada, que facilita la navegaci\u00f3n y el acceso a las diferentes funciones y herramientas.<\/span><\/p>\n<p class=\"cgHgbA WvQL9w Xp24Nw\"><span class=\"OYPEnA\"><strong>b) Dise\u00f1o adaptable y responsive<\/strong>:\u00a0<\/span><span class=\"OYPEnA\">Dise\u00f1ada para adaptarse a diferentes dispositivos y tama\u00f1os de pantalla, es decir, se puede acceder a la plataforma tanto desde una computadora de escritorio como desde dispositivos m\u00f3viles. Esto proporciona flexibilidad, portabilidad y movilidad para acceder al contenido y participar en actividades de aprendizaje desde cualquier lugar y en cualquier momento.<\/span><\/p>\n<p class=\"cgHgbA WvQL9w Xp24Nw\"><strong><span class=\"OYPEnA\">c) Organizaci\u00f3n de contenido:<\/span><\/strong><span class=\"OYPEnA\"><strong>\u00a0<\/strong>Ofrece una estructura jer\u00e1rquica que facilita a los estudiantes la b\u00fasqueda y el acceso a los materiales de estudio, tareas, discusiones y otros recursos.<\/span><\/p>\n<p class=\"cgHgbA WvQL9w Xp24Nw\"><span class=\"OYPEnA\"><strong>d) Comunicaci\u00f3n y colaboraci\u00f3n:<\/strong>\u00a0<\/span><span class=\"OYPEnA\">Proporciona herramientas de comunicaci\u00f3n y colaboraci\u00f3n integradas, como foros de discusi\u00f3n, mensajer\u00eda interna y videoconferencias, facilitando la interacci\u00f3n entre estudiantes y profesores, la participaci\u00f3n y el intercambio de ideas.<\/span><\/p>\n<p class=\"cgHgbA WvQL9w Xp24Nw\"><strong><span class=\"OYPEnA\">e) Personalizaci\u00f3n:<\/span><\/strong><span class=\"OYPEnA\"><strong>\u00a0<\/strong>Permite a los estudiantes personalizar su experiencia, ajustar las notificaciones, establecer preferencias de visualizaci\u00f3n y acceder a la informaci\u00f3n relevante de manera r\u00e1pida.<\/span><\/p>\n<hr \/>\n<h3><strong><span style=\"color: #008000;\">MATERIAL\u00a0<\/span><span style=\"color: #008000;\"><span style=\"font-size: 18.72px;\">ACAD\u00c9MICO<\/span><\/span><\/strong><\/h3>\n<p class=\"cgHgbA WvQL9w Xp24Nw\"><span class=\"OYPEnA\">Aprender a trav\u00e9s de una plataforma en l\u00ednea implica aprovechar las herramientas y recursos disponibles en el entorno virtual para adquirir conocimientos y desarrollar habilidades. Para lograr que su aprendizaje sea efectivo es necesario acceder a los contenidos y materiales de estudio disponibles, que pueden ser presentaciones, lecturas, recursos interactivos, videos, entre otros. As\u00ed mismo el estudiante es el protagonista de su aprendizaje, organiza su tiempo de estudio y debe tener participaci\u00f3n activa en el desarrollo de actividades y proyectos que enriquezcan la experiencia de aprendizaje. Es necesario estar en constante comunicaci\u00f3n con los profesores y compa\u00f1eros para facilitar la interacci\u00f3n e intercambio de saberes.<\/span><\/p>\n<hr \/>\n<h3><strong><span style=\"color: #008000;\"><span style=\"font-size: 18.72px;\">EDUCACI\u00d3N<\/span><\/span><span style=\"color: #008000;\">\u00a0DE ALTA CALIDAD<\/span><\/strong><\/h3>\n<p class=\"cgHgbA WvQL9w Xp24Nw\"><span class=\"OYPEnA\">La Unab cuenta con acreditaci\u00f3n de alta calidad, lo cual se evidencia en el desarrollo de sus funciones sustantivas y en todos procesos acad\u00e9micos y administrativos, esto indica que los profesores, el<\/span> <span class=\"OYPEnA\">personal administrativo y de soporte est\u00e1n altamente capacitados para atender las necesidades de formaci\u00f3n de los estudiantes durante el proceso de aprendizaje. Igualmente, los cursos est\u00e1n dise\u00f1ados por expertos en contenidos y asesores pedag\u00f3gicos para garantizar una experiencia de aprendizaje basada en altos est\u00e1ndares de calidad para el logro de habilidades y competencias.<\/span><\/p>\n<hr \/>\n<h3><strong><span style=\"color: #008000;\">CERTIFICACI\u00d3N\u00a0<\/span><\/strong><\/h3>\n<p class=\"cgHgbA WvQL9w Xp24Nw\"><span class=\"OYPEnA\">La certificaci\u00f3n, el diploma o t\u00edtulo que obtendr\u00edas al estudiar en la modalidad virtual tiene la misma validez que en modalidad presencial, debido a que el programa y la instituci\u00f3n est\u00e1n debidamente acreditados por el Ministerio de Educaci\u00f3n Nacional MEN.<\/span><\/p>\n<p>&nbsp;<\/p>\n<p>&nbsp;<\/p>\n<p>&nbsp;<\/p>\n<p>&nbsp;<\/p>\n<p>&nbsp;<\/p>\n","protected":false},"excerpt":{"rendered":"<p>Modalidad Virtual &nbsp; COMO ES LA MODALIDAD VIRTUAL EN UNAB Estudiar\u00a0virtual\u00a0se refiere a una modalidad completamente en l\u00ednea, donde los estudiantes participan en actividades formativas a trav\u00e9s de plataformas de gesti\u00f3n de aprendizaje donde se integran cursos virtuales o ambientes virtuales de aprendizaje con una&#8230;<\/p>\n","protected":false},"author":16,"featured_media":0,"parent":0,"menu_order":0,"comment_status":"closed","ping_status":"closed","template":"","meta":{"footnotes":""},"class_list":["post-6314","page","type-page","status-publish","hentry"],"aioseo_notices":[],"_links":{"self":[{"href":"https:\/\/sic.nodscloud.com\/nodsglobal\/wp-json\/wp\/v2\/pages\/6314","targetHints":{"allow":["GET"]}}],"collection":[{"href":"https:\/\/sic.nodscloud.com\/nodsglobal\/wp-json\/wp\/v2\/pages"}],"about":[{"href":"https:\/\/sic.nodscloud.com\/nodsglobal\/wp-json\/wp\/v2\/types\/page"}],"author":[{"embeddable":true,"href":"https:\/\/sic.nodscloud.com\/nodsglobal\/wp-json\/wp\/v2\/users\/16"}],"replies":[{"embeddable":true,"href":"https:\/\/sic.nodscloud.com\/nodsglobal\/wp-json\/wp\/v2\/comments?post=6314"}],"version-history":[{"count":6,"href":"https:\/\/sic.nodscloud.com\/nodsglobal\/wp-json\/wp\/v2\/pages\/6314\/revisions"}],"predecessor-version":[{"id":6320,"href":"https:\/\/sic.nodscloud.com\/nodsglobal\/wp-json\/wp\/v2\/pages\/6314\/revisions\/6320"}],"wp:attachment":[{"href":"https:\/\/sic.nodscloud.com\/nodsglobal\/wp-json\/wp\/v2\/media?parent=6314"}],"curies":[{"name":"wp","href":"https:\/\/api.w.org\/{rel}","templated":true}]}}