
{"id":6558,"date":"2025-02-13T13:38:15","date_gmt":"2025-02-13T13:38:15","guid":{"rendered":"https:\/\/sic.nodscloud.com\/nodsglobal\/?page_id=6558"},"modified":"2025-02-13T13:38:15","modified_gmt":"2025-02-13T13:38:15","slug":"directorio-uic","status":"publish","type":"page","link":"https:\/\/sic.nodscloud.com\/nodsglobal\/directorio-uic\/","title":{"rendered":"Directorio UIC"},"content":{"rendered":"<p><img fetchpriority=\"high\" decoding=\"async\" class=\"alignnone size-large wp-image-6418\" src=\"https:\/\/sic.nodscloud.com\/nodsglobal\/wp-content\/uploads\/sites\/3\/2025\/02\/firma-1024x175.png\" alt=\"\" width=\"1024\" height=\"175\" srcset=\"https:\/\/sic.nodscloud.com\/nodsglobal\/wp-content\/uploads\/sites\/3\/2025\/02\/firma-1024x175.png 1024w, https:\/\/sic.nodscloud.com\/nodsglobal\/wp-content\/uploads\/sites\/3\/2025\/02\/firma-300x51.png 300w, https:\/\/sic.nodscloud.com\/nodsglobal\/wp-content\/uploads\/sites\/3\/2025\/02\/firma-768x132.png 768w, https:\/\/sic.nodscloud.com\/nodsglobal\/wp-content\/uploads\/sites\/3\/2025\/02\/firma-700x120.png 700w, https:\/\/sic.nodscloud.com\/nodsglobal\/wp-content\/uploads\/sites\/3\/2025\/02\/firma.png 1424w\" sizes=\"(max-width: 1024px) 100vw, 1024px\" \/><\/p>\n<h1><span style=\"color: #008000;\"><strong>Directorio UIC<\/strong><\/span><\/h1>\n<p>&nbsp;<\/p>\n<h3><span style=\"color: #0000ff;\"><strong>DIRECCI\u00d3N DE TECNOLOG\u00cdA E INNOVACI\u00d3N EDUCATIVA<\/strong><\/span><\/h3>\n<p>Tel. (55) 5487-1300\/1400<br \/>\nExtensi\u00f3n: 3255<\/p>\n<p>Correo:soporteenlinea@uic.edu.mx<br \/>\nSistema de Tickets en Plataforma<\/p>\n<p>&nbsp;<\/p>\n<hr \/>\n<p>&nbsp;<\/p>\n<h3><span style=\"color: #0000ff;\"><strong>DIRECCI\u00d3N DE SERVICIOS ESCOLARES<\/strong><\/span><\/h3>\n<p>Tel. (55) 5487-1300\/1400<br \/>\nExtensi\u00f3n: 1261 a la 1265<\/p>\n<p>Correo: escolares@uic.edu.mx<\/p>\n<p>&nbsp;<\/p>\n<hr \/>\n<p>&nbsp;<\/p>\n<h3><strong><span style=\"color: #0000ff;\">DEPARTAMENTO DE FINANZAS<\/span><\/strong><\/h3>\n<p>Tel. (55) 5487-1300\/1400<br \/>\nExtensi\u00f3n: 3307<\/p>\n<p>Correo: elizabeth.cervantes@universidad-uic.edu.mx<\/p>\n<p>&nbsp;<\/p>\n<hr \/>\n<p>&nbsp;<\/p>\n<h3><span style=\"color: #0000ff;\"><strong>DEPARTAMENTO DE IMPULSO SOCIAL Y EMPRESARIAL\/ COORDINACI\u00d3N DE SERVICIO SOCIAL<\/strong><\/span><\/h3>\n<p>Tel. (55) 5487-1300\/1400<br \/>\nExtensi\u00f3n: 1240 &#8211; 1241<\/p>\n<p>Correo:servicio.social@uic.edu.mx<\/p>\n<p>&nbsp;<\/p>\n<hr \/>\n<p>&nbsp;<\/p>\n<h3><span style=\"color: #0000ff;\"><strong>CENTRO DE LENGUAS EXTRANJERAS<\/strong><\/span><\/h3>\n<p>Tel. (55) 5487-1300\/1400<br \/>\nExtensi\u00f3n: 2511<br \/>\nCorreo: lenguas.extranjeras@uic.edu.mx<\/p>\n<p>&nbsp;<\/p>\n<hr \/>\n<p>&nbsp;<\/p>\n","protected":false},"excerpt":{"rendered":"<p>Directorio UIC &nbsp; DIRECCI\u00d3N DE TECNOLOG\u00cdA E INNOVACI\u00d3N EDUCATIVA Tel. (55) 5487-1300\/1400 Extensi\u00f3n: 3255 Correo:soporteenlinea@uic.edu.mx Sistema de Tickets en Plataforma &nbsp; &nbsp; DIRECCI\u00d3N DE SERVICIOS ESCOLARES Tel. (55) 5487-1300\/1400 Extensi\u00f3n: 1261 a la 1265 Correo: escolares@uic.edu.mx &nbsp; &nbsp; DEPARTAMENTO DE FINANZAS Tel. (55) 5487-1300\/1400 Extensi\u00f3n:&#8230;<\/p>\n","protected":false},"author":16,"featured_media":0,"parent":0,"menu_order":0,"comment_status":"closed","ping_status":"closed","template":"","meta":{"footnotes":""},"class_list":["post-6558","page","type-page","status-publish","hentry"],"aioseo_notices":[],"_links":{"self":[{"href":"https:\/\/sic.nodscloud.com\/nodsglobal\/wp-json\/wp\/v2\/pages\/6558","targetHints":{"allow":["GET"]}}],"collection":[{"href":"https:\/\/sic.nodscloud.com\/nodsglobal\/wp-json\/wp\/v2\/pages"}],"about":[{"href":"https:\/\/sic.nodscloud.com\/nodsglobal\/wp-json\/wp\/v2\/types\/page"}],"author":[{"embeddable":true,"href":"https:\/\/sic.nodscloud.com\/nodsglobal\/wp-json\/wp\/v2\/users\/16"}],"replies":[{"embeddable":true,"href":"https:\/\/sic.nodscloud.com\/nodsglobal\/wp-json\/wp\/v2\/comments?post=6558"}],"version-history":[{"count":1,"href":"https:\/\/sic.nodscloud.com\/nodsglobal\/wp-json\/wp\/v2\/pages\/6558\/revisions"}],"predecessor-version":[{"id":6559,"href":"https:\/\/sic.nodscloud.com\/nodsglobal\/wp-json\/wp\/v2\/pages\/6558\/revisions\/6559"}],"wp:attachment":[{"href":"https:\/\/sic.nodscloud.com\/nodsglobal\/wp-json\/wp\/v2\/media?parent=6558"}],"curies":[{"name":"wp","href":"https:\/\/api.w.org\/{rel}","templated":true}]}}