
{"id":6583,"date":"2025-02-17T20:09:49","date_gmt":"2025-02-17T20:09:49","guid":{"rendered":"https:\/\/sic.nodscloud.com\/nodsglobal\/?page_id=6583"},"modified":"2025-02-17T20:09:49","modified_gmt":"2025-02-17T20:09:49","slug":"pagos-cesantias-empresas","status":"publish","type":"page","link":"https:\/\/sic.nodscloud.com\/nodsglobal\/pagos-cesantias-empresas\/","title":{"rendered":"Pagos Cesant\u00edas\/Empresas"},"content":{"rendered":"<p><img fetchpriority=\"high\" decoding=\"async\" class=\"aligncenter\" src=\"https:\/\/www.ashoka.org\/sites\/default\/files\/cesa.png\" alt=\"Colegio de Estudios Superiores de Administraci\u00f3n | Ashoka\" width=\"518\" height=\"345\" \/><\/p>\n<h2 style=\"text-align: center;\"><span style=\"color: #0000ff;\"><strong>PAGOS DE CESANT\u00cdAS Y POR EMPRESAS<\/strong><\/span><\/h2>\n<p>&nbsp;<\/p>\n<p><strong>Pago por medio de Cesant\u00edas o pago de empresas:<\/strong> para la realizaci\u00f3n de este proceso el estudiante nos debe solicitar una orden de pago al correo <span style=\"color: #0000ff;\">educontinua.aspirante@cesa.edu.co<\/span> y\/o a nuestro canal de <span style=\"color: #008000;\">WhatsApp<\/span> <span style=\"color: #0000ff;\">(+57) 315 419 1199<\/span>. Enviar los siguientes datos:<\/p>\n<p>Nombre completo<br \/>\nN\u00famero de documento identidad<br \/>\nDirecci\u00f3n<br \/>\nCiudad<br \/>\nTel\u00e9fono<br \/>\nCorreo electr\u00f3nico<br \/>\nEmpresa\/Cesant\u00edas<br \/>\nPrograma de inter\u00e9s<\/p>\n<p>&nbsp;<\/p>\n<hr \/>\n<p>&nbsp;<\/p>\n<p>&nbsp;<\/p>\n<p>&nbsp;<\/p>\n<p>&nbsp;<\/p>\n","protected":false},"excerpt":{"rendered":"<p>PAGOS DE CESANT\u00cdAS Y POR EMPRESAS &nbsp; Pago por medio de Cesant\u00edas o pago de empresas: para la realizaci\u00f3n de este proceso el estudiante nos debe solicitar una orden de pago al correo educontinua.aspirante@cesa.edu.co y\/o a nuestro canal de WhatsApp (+57) 315 419 1199. Enviar&#8230;<\/p>\n","protected":false},"author":16,"featured_media":0,"parent":0,"menu_order":0,"comment_status":"closed","ping_status":"closed","template":"","meta":{"footnotes":""},"class_list":["post-6583","page","type-page","status-publish","hentry"],"aioseo_notices":[],"_links":{"self":[{"href":"https:\/\/sic.nodscloud.com\/nodsglobal\/wp-json\/wp\/v2\/pages\/6583","targetHints":{"allow":["GET"]}}],"collection":[{"href":"https:\/\/sic.nodscloud.com\/nodsglobal\/wp-json\/wp\/v2\/pages"}],"about":[{"href":"https:\/\/sic.nodscloud.com\/nodsglobal\/wp-json\/wp\/v2\/types\/page"}],"author":[{"embeddable":true,"href":"https:\/\/sic.nodscloud.com\/nodsglobal\/wp-json\/wp\/v2\/users\/16"}],"replies":[{"embeddable":true,"href":"https:\/\/sic.nodscloud.com\/nodsglobal\/wp-json\/wp\/v2\/comments?post=6583"}],"version-history":[{"count":3,"href":"https:\/\/sic.nodscloud.com\/nodsglobal\/wp-json\/wp\/v2\/pages\/6583\/revisions"}],"predecessor-version":[{"id":6586,"href":"https:\/\/sic.nodscloud.com\/nodsglobal\/wp-json\/wp\/v2\/pages\/6583\/revisions\/6586"}],"wp:attachment":[{"href":"https:\/\/sic.nodscloud.com\/nodsglobal\/wp-json\/wp\/v2\/media?parent=6583"}],"curies":[{"name":"wp","href":"https:\/\/api.w.org\/{rel}","templated":true}]}}