
{"id":6713,"date":"2025-04-08T16:07:24","date_gmt":"2025-04-08T16:07:24","guid":{"rendered":"https:\/\/sic.nodscloud.com\/nodsglobal\/?page_id=6713"},"modified":"2025-04-08T16:07:24","modified_gmt":"2025-04-08T16:07:24","slug":"procesos-cambios-y-no-aperturas","status":"publish","type":"page","link":"https:\/\/sic.nodscloud.com\/nodsglobal\/procesos-cambios-y-no-aperturas\/","title":{"rendered":"Procesos Cambios y no aperturas"},"content":{"rendered":"<h2 dir=\"ltr\"><img fetchpriority=\"high\" decoding=\"async\" class=\"aligncenter\" src=\"https:\/\/www.ashoka.org\/sites\/default\/files\/cesa.png\" alt=\"Colegio de Estudios Superiores de Administraci\u00f3n | Ashoka\" width=\"290\" height=\"193\" \/><\/h2>\n<h2 dir=\"ltr\" style=\"text-align: center;\"><strong><span style=\"color: #0000ff;\">Procedimiento de cambios de fecha y no aperturas de programas<\/span><\/strong><\/h2>\n<p>&nbsp;<\/p>\n<p>&nbsp;<\/p>\n<ol>\n<li dir=\"ltr\" role=\"presentation\">Recibimos notificaci\u00f3n validada por correo<\/li>\n<li dir=\"ltr\" role=\"presentation\">Calidad \/ Supervisor: revisan la informaci\u00f3n en el brochures y Landing Page y notifican a El CESA modificaciones.<\/li>\n<li dir=\"ltr\" role=\"presentation\">Supervisor: solicita al PM copy para notificar el cambio a los aspirantes. (Copys validados por el CESA).<\/li>\n<li dir=\"ltr\" role=\"presentation\">Asesor (que gestion\u00f3 la matr\u00edcula): Informa al aspirante del cambio. Una vez que el aspirante responda, env\u00eda evidencia al supervisor\/coordinador\/PM.<\/li>\n<li dir=\"ltr\" role=\"presentation\">Se refuerza comunicaci\u00f3n con un correo al aspirante.<\/li>\n<li dir=\"ltr\" role=\"presentation\">Se completa el proceso notificando en un correo a El CESA con los eventos y comunicaciones efectuadas.<\/li>\n<li><\/li>\n<li dir=\"ltr\">Adicional: Calidad suma a sus tareas, el seguimiento de cambios en el excel compartido los d\u00edas jueves para hacer un doble check.<\/li>\n<li dir=\"ltr\"><b>Calidad: <\/b>Todos los jueves se revisar\u00e1n los cambios de fechas en el archivo Excel compartido, con el objetivo de alinear oportunamente la actualizaci\u00f3n de ventas cerradas antes de que se apliquen dichos cambios.<\/li>\n<li dir=\"ltr\">Adicionalmente, se avanzar\u00e1 con la revisi\u00f3n de las conversaciones asociadas a las ventas cerradas, verificando los siguientes aspectos:<\/li>\n<li dir=\"ltr\" role=\"presentation\">Informaci\u00f3n entregada de forma correcta, incluso en m\u00faltiples ocasiones si los cambios lo requieren.<\/li>\n<li dir=\"ltr\" role=\"presentation\">Datos del programa correctamente informados, contrastando la informaci\u00f3n con el Excel, las landing pages (LP) y los brochures oficiales.<\/li>\n<li dir=\"ltr\" role=\"presentation\">Documentaci\u00f3n completa y en orden.<\/li>\n<li dir=\"ltr\" role=\"presentation\">Tipificaci\u00f3n adecuada en Salesforce y el CRM, asegurando coherencia entre ambos sistemas.<\/li>\n<\/ol>\n<p>&nbsp;<\/p>\n<p>&nbsp;<\/p>\n","protected":false},"excerpt":{"rendered":"<p>Procedimiento de cambios de fecha y no aperturas de programas &nbsp; &nbsp; Recibimos notificaci\u00f3n validada por correo Calidad \/ Supervisor: revisan la informaci\u00f3n en el brochures y Landing Page y notifican a El CESA modificaciones. Supervisor: solicita al PM copy para notificar el cambio a&#8230;<\/p>\n","protected":false},"author":16,"featured_media":0,"parent":0,"menu_order":0,"comment_status":"closed","ping_status":"closed","template":"","meta":{"footnotes":""},"class_list":["post-6713","page","type-page","status-publish","hentry"],"aioseo_notices":[],"_links":{"self":[{"href":"https:\/\/sic.nodscloud.com\/nodsglobal\/wp-json\/wp\/v2\/pages\/6713","targetHints":{"allow":["GET"]}}],"collection":[{"href":"https:\/\/sic.nodscloud.com\/nodsglobal\/wp-json\/wp\/v2\/pages"}],"about":[{"href":"https:\/\/sic.nodscloud.com\/nodsglobal\/wp-json\/wp\/v2\/types\/page"}],"author":[{"embeddable":true,"href":"https:\/\/sic.nodscloud.com\/nodsglobal\/wp-json\/wp\/v2\/users\/16"}],"replies":[{"embeddable":true,"href":"https:\/\/sic.nodscloud.com\/nodsglobal\/wp-json\/wp\/v2\/comments?post=6713"}],"version-history":[{"count":3,"href":"https:\/\/sic.nodscloud.com\/nodsglobal\/wp-json\/wp\/v2\/pages\/6713\/revisions"}],"predecessor-version":[{"id":6716,"href":"https:\/\/sic.nodscloud.com\/nodsglobal\/wp-json\/wp\/v2\/pages\/6713\/revisions\/6716"}],"wp:attachment":[{"href":"https:\/\/sic.nodscloud.com\/nodsglobal\/wp-json\/wp\/v2\/media?parent=6713"}],"curies":[{"name":"wp","href":"https:\/\/api.w.org\/{rel}","templated":true}]}}