
{"id":6784,"date":"2025-04-28T18:37:45","date_gmt":"2025-04-28T18:37:45","guid":{"rendered":"https:\/\/sic.nodscloud.com\/nodsglobal\/?page_id=6784"},"modified":"2025-04-28T18:37:45","modified_gmt":"2025-04-28T18:37:45","slug":"diplomado-en-coaching-empresarial","status":"publish","type":"page","link":"https:\/\/sic.nodscloud.com\/nodsglobal\/diplomado-en-coaching-empresarial\/","title":{"rendered":"Diplomado en Coaching Empresarial"},"content":{"rendered":"<p><img decoding=\"async\" class=\"aligncenter\" src=\"https:\/\/sic.nodscloud.com\/nodsglobal\/wp-content\/uploads\/sites\/3\/2024\/09\/logo-anahuac-24.webp\" \/><\/p>\n<h1 style=\"text-align: center;\"><span style=\"color: #008000;\"><b>Diplomado en Coaching Empresarial<\/b><\/span><\/h1>\n<hr \/>\n<p data-start=\"54\" data-end=\"338\" data-is-last-node=\"\" data-is-only-node=\"\">Desarrolla habilidades en coaching y liderazgo, combinando teor\u00eda y pr\u00e1ctica para desarrollar competencias clave en entornos organizacionales. En este diplomado aprender\u00e1s de los conceptos fundamentales del coaching, la din\u00e1mica del comportamiento humano y estrategias efectivas de intervenci\u00f3n. Adem\u00e1s, se fomenta la aplicaci\u00f3n de pr\u00e1ctica a trav\u00e9s de casos reales, permitiendo que cada profesional adapte los conocimientos a su contexto laboral espec\u00edfico.<\/p>\n<hr \/>\n<h3><span style=\"color: #ff6600;\"><strong>OBJETIVO GENERAL DEL PROGRAMA<\/strong><\/span><\/h3>\n<p>Formar al coach y al l\u00edder coach que requieren las organizaciones contempor\u00e1neas, con el enfoque ontol\u00f3gico, sist\u00e9mico y empresarial, de acuerdo al est\u00e1ndar internacional de las principales asociaciones del mundo.<\/p>\n<p>Ofrecer una base conceptual profunda en compartimiento humano, liderazgo, equipo, conversaci\u00f3n ontol\u00f3gica e intervenci\u00f3n sist\u00e9mica.<\/p>\n<p>Convertir la forma de pensamiento del alumno en un pensamiento ontol\u00f3gico al incorporar principios de aprendizaje transformacional para el beneficio familiar, empresarial y ambiental.<\/p>\n<p>Desarrollar competencias para acompa\u00f1ar a otros en su proceso de aprendizaje transformacional a nivel individual y organizacional.<\/p>\n<p>Fortalecer el rol del alumno dentro de la organizaci\u00f3n, ya sea como empresario, socio, director, gerente o consultor; en operaciones como parte del staff; en formaci\u00f3n de capital humano en desarrollo organizaci\u00f3n; en calidad o en recursos humanos.<\/p>\n<p><strong>Fecha de Inicio:<\/strong> 01\/06\/2025<\/p>\n<p><strong>Duraci\u00f3n<\/strong>: 100 horas<\/p>\n<p><strong>Modalidad:\u00a0<\/strong>Aula Virtual<\/p>\n<p><strong>Horarios:<\/strong> Jueves y Viernes de 19:00 a 21:00 Horas y S\u00e1bados de 9:00 a 11:00<\/p>\n<p><strong>Requisitos:\u00a0<\/strong><a href=\"https:\/\/educacioncontinua.anahuac.mx\/products\/coaching-empresarial?variant=51124722336054\" target=\"_blank\" rel=\"noopener\">Formulario de Preinscripci\u00f3n\u00a0 (profesionales: titulo y cedula)<\/a><\/p>\n<p><strong>Costo:<\/strong> $53,100.00<\/p>\n<p><strong><br \/>\nSin cuota de inscripci\u00f3n<\/strong><\/p>\n<p>&nbsp;<\/p>\n<hr \/>\n<h3><span style=\"color: #ff6600;\"><strong>PERFIL DE INGRESO<\/strong><\/span><\/h3>\n<p>Egresados de maestr\u00edas en psicolog\u00eda o psicopedagog\u00eda y de la licenciatura en psicolog\u00eda, con experiencia laboral, y egresados de la Maestr\u00eda en Desarrollo del Capital Humano que deseen tomarlo como opci\u00f3n a titulaci\u00f3n, adem\u00e1s, de personas interesadas en desarrollarse como coach.<\/p>\n<p>&nbsp;<\/p>\n<hr \/>\n<h3><span style=\"color: #ff6600;\"><strong>PLAN DE ESTUDIOS<\/strong><\/span><\/h3>\n<p>&nbsp;<\/p>\n<p>El programa est\u00e1 dise\u00f1ado para ofrecer una formaci\u00f3n integral que combina teor\u00eda y pr\u00e1ctica, enfoc\u00e1ndose en desarrollar las competencias necesarias para ejercer como coach y l\u00edder coach en contextos organizacionales.<\/p>\n<p>Los contenidos incluyen:<\/p>\n<ul>\n<li><strong>Bases conceptuales del coaching y liderazgo:<\/strong>\u00a0Una exploraci\u00f3n de enfoques ontol\u00f3gicos, sist\u00e9micos y empresariales para el desarrollo de habilidades transformacionales.<\/li>\n<li><strong>Comportamiento humano y din\u00e1micas organizacionales:<\/strong>\u00a0Un an\u00e1lisis profundo de los factores que influyen en las relaciones interpersonales, el trabajo en equipo y el liderazgo efectivo.<\/li>\n<li><strong>Herramientas y estrategias de intervenci\u00f3n:<\/strong>\u00a0T\u00e9cnicas para guiar procesos de cambio, fomentar el aprendizaje transformacional y potenciar el impacto organizacional.<\/li>\n<li><strong>Aplicaci\u00f3n pr\u00e1ctica:<\/strong>\u00a0Espacios dise\u00f1ados para la implementaci\u00f3n de los conocimientos adquiridos en casos reales, reforzando las competencias clave del coach.<\/li>\n<\/ul>\n<p>El enfoque es flexible y adaptable, permitiendo a los participantes integrar los aprendizajes en su contexto profesional, ya sea en roles de liderazgo, gesti\u00f3n de equipos o consultor\u00eda.<\/p>\n<p>&nbsp;<\/p>\n<hr \/>\n<h3><span style=\"color: #ff6600;\"><strong>HABILIDADES<\/strong><\/span><\/h3>\n<ul>\n<li><strong>Aplicar habilidades de coaching en el \u00e1mbito empresarial<\/strong>, utilizando enfoques ontol\u00f3gicos y sist\u00e9micos que faciliten el crecimiento y desarrollo tanto individual como colectivo.<\/li>\n<li><strong>Acompa\u00f1ar a equipos e individuos en sus procesos de desarrollo personal y profesional<\/strong>, fomentando la auto-reflexi\u00f3n, la toma de conciencia y la identificaci\u00f3n de \u00e1reas de mejora para alcanzar metas y objetivos concretos.<\/li>\n<li><strong>Promover el liderazgo efectivo y el aprendizaje transformacional en las organizaciones<\/strong>, facilitando la creaci\u00f3n de entornos de trabajo colaborativos, motivadores y alineados con los valores y objetivos estrat\u00e9gicos de la empresa.<\/li>\n<\/ul>\n<p>&nbsp;<\/p>\n<hr \/>\n<h3><span style=\"color: #ff6600;\"><strong>BENEFICIOS<\/strong><\/span><\/h3>\n<ul>\n<li><strong>Modalidad<\/strong>: Si es virtual, enfatizar la comodidad, de poder estudiar en donde quiera sin trasladarse al campus<\/li>\n<li><strong>Financiaci\u00f3n:<\/strong>\u00a0si el programa cuenta con pagos en cuotas, mencionar que es financiaci\u00f3n propia, sin intereses ni costo de inscripci\u00f3n<\/li>\n<li><strong>Descuento:<\/strong>\u00a0Si es ex alumno de cuenta con un 20% de Descuento en cualquier programa.<\/li>\n<li><strong>Titulaci\u00f3n<\/strong>: La titulaci\u00f3n no cuenta con costo adicional, y la entrega del Diploma al culminar el cursado se entrega a la brevedad.<\/li>\n<\/ul>\n","protected":false},"excerpt":{"rendered":"<p>Diplomado en Coaching Empresarial Desarrolla habilidades en coaching y liderazgo, combinando teor\u00eda y pr\u00e1ctica para desarrollar competencias clave en entornos organizacionales. En este diplomado aprender\u00e1s de los conceptos fundamentales del coaching, la din\u00e1mica del comportamiento humano y estrategias efectivas de intervenci\u00f3n. Adem\u00e1s, se fomenta la&#8230;<\/p>\n","protected":false},"author":16,"featured_media":0,"parent":0,"menu_order":0,"comment_status":"closed","ping_status":"closed","template":"","meta":{"footnotes":""},"class_list":["post-6784","page","type-page","status-publish","hentry"],"aioseo_notices":[],"_links":{"self":[{"href":"https:\/\/sic.nodscloud.com\/nodsglobal\/wp-json\/wp\/v2\/pages\/6784","targetHints":{"allow":["GET"]}}],"collection":[{"href":"https:\/\/sic.nodscloud.com\/nodsglobal\/wp-json\/wp\/v2\/pages"}],"about":[{"href":"https:\/\/sic.nodscloud.com\/nodsglobal\/wp-json\/wp\/v2\/types\/page"}],"author":[{"embeddable":true,"href":"https:\/\/sic.nodscloud.com\/nodsglobal\/wp-json\/wp\/v2\/users\/16"}],"replies":[{"embeddable":true,"href":"https:\/\/sic.nodscloud.com\/nodsglobal\/wp-json\/wp\/v2\/comments?post=6784"}],"version-history":[{"count":1,"href":"https:\/\/sic.nodscloud.com\/nodsglobal\/wp-json\/wp\/v2\/pages\/6784\/revisions"}],"predecessor-version":[{"id":6785,"href":"https:\/\/sic.nodscloud.com\/nodsglobal\/wp-json\/wp\/v2\/pages\/6784\/revisions\/6785"}],"wp:attachment":[{"href":"https:\/\/sic.nodscloud.com\/nodsglobal\/wp-json\/wp\/v2\/media?parent=6784"}],"curies":[{"name":"wp","href":"https:\/\/api.w.org\/{rel}","templated":true}]}}