
{"id":6797,"date":"2025-05-02T13:07:41","date_gmt":"2025-05-02T13:07:41","guid":{"rendered":"https:\/\/sic.nodscloud.com\/nodsglobal\/?page_id=6797"},"modified":"2025-05-02T13:07:41","modified_gmt":"2025-05-02T13:07:41","slug":"proceso-de-devoluciones","status":"publish","type":"page","link":"https:\/\/sic.nodscloud.com\/nodsglobal\/proceso-de-devoluciones\/","title":{"rendered":"Proceso de Devoluciones"},"content":{"rendered":"<h2><img fetchpriority=\"high\" decoding=\"async\" class=\"aligncenter\" src=\"https:\/\/www.ashoka.org\/sites\/default\/files\/cesa.png\" alt=\"Colegio de Estudios Superiores de Administraci\u00f3n | Ashoka\" width=\"402\" height=\"268\" \/><\/h2>\n<h2 style=\"text-align: center;\"><span style=\"color: #008000;\"><strong>DEVOLUCIONES\u00a0<\/strong><\/span><\/h2>\n<p>&nbsp;<\/p>\n<p>En ocasiones, previo al inicio de alg\u00fan programa, se presentan solicitudes de devoluci\u00f3n de dinero por diferentes circunstancias. Para su correcta gesti\u00f3n, se debe tener en cuenta la siguiente informaci\u00f3n:<\/p>\n<ol>\n<li>El primer paso es\u00a0<strong>intentar persuadir al participante<\/strong>\u00a0para que considere su participaci\u00f3n en un programa similar al inicialmente inscrito.<\/li>\n<li>Si, tras esta gesti\u00f3n, el participante mantiene su decisi\u00f3n de solicitar la devoluci\u00f3n de su inversi\u00f3n, se debe informar que:\n<ul>\n<li>La solicitud debe realizarse mediante una\u00a0<strong>carta formal<\/strong>, enviada al correo de\u00a0<strong>Olga L\u00f3pez<\/strong>\u00a0(<a rel=\"noopener\">olgal_m@cesa.edu.co<\/a>), adjuntando la respectiva\u00a0<strong>certificaci\u00f3n bancaria<\/strong>.<\/li>\n<li>Las devoluciones tienen un tiempo de procesamiento establecido:\n<ul>\n<li>Las solicitudes recibidas entre el\u00a0<strong>25<\/strong>\u00a0y el\u00a0<strong>10<\/strong>\u00a0de cada mes ser\u00e1n pagadas\u00a0<strong>a mediados del mes siguiente<\/strong>.<\/li>\n<li>Las solicitudes recibidas entre el\u00a0<strong>11<\/strong>\u00a0y el\u00a0<strong>24<\/strong>\u00a0de cada mes ser\u00e1n pagadas\u00a0<strong>a final del mes siguiente<\/strong>.<\/li>\n<\/ul>\n<\/li>\n<\/ul>\n<\/li>\n<\/ol>\n<p>Finalmente, agradecer a la persona, la comprensi\u00f3n y paciencia en los tiempos de gesti\u00f3n.<\/p>\n<p>&nbsp;<\/p>\n<p>&nbsp;<\/p>\n<p>&nbsp;<\/p>\n<p>&nbsp;<\/p>\n","protected":false},"excerpt":{"rendered":"<p>DEVOLUCIONES\u00a0 &nbsp; En ocasiones, previo al inicio de alg\u00fan programa, se presentan solicitudes de devoluci\u00f3n de dinero por diferentes circunstancias. Para su correcta gesti\u00f3n, se debe tener en cuenta la siguiente informaci\u00f3n: El primer paso es\u00a0intentar persuadir al participante\u00a0para que considere su participaci\u00f3n en un&#8230;<\/p>\n","protected":false},"author":16,"featured_media":0,"parent":0,"menu_order":0,"comment_status":"closed","ping_status":"closed","template":"","meta":{"footnotes":""},"class_list":["post-6797","page","type-page","status-publish","hentry"],"aioseo_notices":[],"_links":{"self":[{"href":"https:\/\/sic.nodscloud.com\/nodsglobal\/wp-json\/wp\/v2\/pages\/6797","targetHints":{"allow":["GET"]}}],"collection":[{"href":"https:\/\/sic.nodscloud.com\/nodsglobal\/wp-json\/wp\/v2\/pages"}],"about":[{"href":"https:\/\/sic.nodscloud.com\/nodsglobal\/wp-json\/wp\/v2\/types\/page"}],"author":[{"embeddable":true,"href":"https:\/\/sic.nodscloud.com\/nodsglobal\/wp-json\/wp\/v2\/users\/16"}],"replies":[{"embeddable":true,"href":"https:\/\/sic.nodscloud.com\/nodsglobal\/wp-json\/wp\/v2\/comments?post=6797"}],"version-history":[{"count":2,"href":"https:\/\/sic.nodscloud.com\/nodsglobal\/wp-json\/wp\/v2\/pages\/6797\/revisions"}],"predecessor-version":[{"id":6799,"href":"https:\/\/sic.nodscloud.com\/nodsglobal\/wp-json\/wp\/v2\/pages\/6797\/revisions\/6799"}],"wp:attachment":[{"href":"https:\/\/sic.nodscloud.com\/nodsglobal\/wp-json\/wp\/v2\/media?parent=6797"}],"curies":[{"name":"wp","href":"https:\/\/api.w.org\/{rel}","templated":true}]}}