
{"id":6807,"date":"2025-05-08T15:42:02","date_gmt":"2025-05-08T15:42:02","guid":{"rendered":"https:\/\/sic.nodscloud.com\/nodsglobal\/?page_id=6807"},"modified":"2025-06-09T18:21:13","modified_gmt":"2025-06-09T18:21:13","slug":"folletos-postales","status":"publish","type":"page","link":"https:\/\/sic.nodscloud.com\/nodsglobal\/folletos-postales\/","title":{"rendered":"Folletos \/ Postales"},"content":{"rendered":"<h1><img fetchpriority=\"high\" decoding=\"async\" class=\"alignnone size-full wp-image-5615 aligncenter\" src=\"https:\/\/sic.nodscloud.com\/nodsglobal\/wp-content\/uploads\/sites\/3\/2024\/11\/unab.png\" alt=\"\" width=\"400\" height=\"126\" srcset=\"https:\/\/sic.nodscloud.com\/nodsglobal\/wp-content\/uploads\/sites\/3\/2024\/11\/unab.png 400w, https:\/\/sic.nodscloud.com\/nodsglobal\/wp-content\/uploads\/sites\/3\/2024\/11\/unab-300x95.png 300w\" sizes=\"(max-width: 400px) 100vw, 400px\" \/><\/h1>\n<h1 style=\"text-align: center\"><span style=\"color: #008000\"><strong>FOLLETOS Y POSTALES<\/strong><\/span><\/h1>\n<p>&nbsp;<\/p>\n<p>&nbsp;<\/p>\n<hr \/>\n<h3 style=\"text-align: center\"><strong><span style=\"color: #0000ff\"><a style=\"color: #0000ff\" href=\"https:\/\/sic.nodscloud.com\/nodsglobal\/wp-content\/uploads\/sites\/3\/2025\/05\/FOLLETO-SST_CONEXION-UNAB_compressed.pdf\" target=\"_blank\" rel=\"noopener\">FOLLETO SST<\/a><\/span><\/strong><\/h3>\n<h3 style=\"text-align: center\"><strong><span style=\"color: #0000ff\"><a style=\"color: #0000ff\" href=\"https:\/\/sic.nodscloud.com\/nodsglobal\/wp-content\/uploads\/sites\/3\/2025\/05\/FOLLETO-ADMIN_CONEXION-UNAB-1_compressed.pdf\" target=\"_blank\" rel=\"noopener\">FOLLETO ADMIN<\/a><\/span><\/strong><\/h3>\n<h3 style=\"text-align: center\"><strong><span style=\"color: #0000ff\"><a style=\"color: #0000ff\" href=\"https:\/\/sic.nodscloud.com\/nodsglobal\/wp-content\/uploads\/sites\/3\/2025\/05\/FOLLETO-CONTADURIA_CONEXION-UNAB-1_compressed.pdf\" target=\"_blank\" rel=\"noopener\">FOLLETO CONTADURIA<\/a><\/span><\/strong><\/h3>\n<h3 style=\"text-align: center\"><strong><span style=\"color: #0000ff\"><a style=\"color: #0000ff\" href=\"https:\/\/sic.nodscloud.com\/nodsglobal\/wp-content\/uploads\/sites\/3\/2025\/05\/FOLLETO-DERECHO_CONEXION-UNAB_compressed.pdf\" target=\"_blank\" rel=\"noopener\">FOLLETO DERECHO<\/a><\/span><\/strong><\/h3>\n<h3 style=\"text-align: center\"><strong><span style=\"color: #0000ff\"><a style=\"color: #0000ff\" href=\"https:\/\/sic.nodscloud.com\/nodsglobal\/wp-content\/uploads\/sites\/3\/2025\/05\/FOLLETO-NEGOCIOS-INTER_CONEXION-UNAB-1-1_compressed.pdf\" target=\"_blank\" rel=\"noopener\">FOLLETO NEGOCIOS INTER<\/a><\/span><\/strong><\/h3>\n<h3 style=\"text-align: center\"><strong><span style=\"color: #0000ff\"><a style=\"color: #0000ff\" href=\"https:\/\/sic.nodscloud.com\/nodsglobal\/wp-content\/uploads\/sites\/3\/2025\/05\/FOLLETO-LITERATURA_CONEXION-UNAB-1_compressed.pdf\" target=\"_blank\" rel=\"noopener\">FOLLETO LITERATURA<\/a><\/span><\/strong><\/h3>\n<h3 style=\"text-align: center\"><strong><span style=\"color: #0000ff\"><a style=\"color: #0000ff\" href=\"https:\/\/sic.nodscloud.com\/nodsglobal\/wp-content\/uploads\/sites\/3\/2025\/05\/FOLLETO-TECNOLOGIA-EN-GESTION-GASTRONOMICA.pdf\">FOLLETO TECNOLOG\u00cdA EN GESTI\u00d3N GASTRONOMICA<\/a><\/span><\/strong><\/h3>\n<h3 style=\"text-align: center\"><strong><span style=\"color: #0000ff\"><a style=\"color: #0000ff\" href=\"https:\/\/sic.nodscloud.com\/nodsglobal\/wp-content\/uploads\/sites\/3\/2025\/05\/FOLLETO-TECNOLOGIA-EN-REGENCIA-DE-FARMACIA.pdf\" target=\"_blank\" rel=\"noopener\">FOLLETO TECNOLOG\u00cdA EN REGENCIA DE FARMACIA<\/a><\/span><\/strong><\/h3>\n<h3 style=\"text-align: center\"><strong><span style=\"color: #0000ff\"><a style=\"color: #0000ff\" href=\"https:\/\/sic.nodscloud.com\/nodsglobal\/wp-content\/uploads\/sites\/3\/2025\/05\/FOLLETO-TECNOLOGIA-EN-SEGURIDAD-Y-SALUD-EN-EL-TRABAJO.pdf\" target=\"_blank\" rel=\"noopener\">FOLLETO TECNOLOG\u00cdA EN SEGURIDAD Y SALUD EN EL TRABAJO<\/a><\/span><\/strong><\/h3>\n<hr \/>\n<h3><\/h3>\n<h3><\/h3>\n<h3 style=\"text-align: center\"><strong><span style=\"color: #0000ff\"><a style=\"color: #0000ff\" href=\"https:\/\/sic.nodscloud.com\/nodsglobal\/wp-content\/uploads\/sites\/3\/2025\/05\/POSTAL-ADMIN_VIRTUAL-1.pdf\" target=\"_blank\" rel=\"noopener\">POSTAL ADMIN_VIRTUAL<\/a><\/span><\/strong><\/h3>\n<h3 style=\"text-align: center\"><strong><span style=\"color: #0000ff\"><a style=\"color: #0000ff\" href=\"https:\/\/sic.nodscloud.com\/nodsglobal\/wp-content\/uploads\/sites\/3\/2025\/05\/POSTAL-LITERATURA_VIRTUAL-1.pdf\" target=\"_blank\" rel=\"noopener\">POSTAL LITERATURA_VIRTUAL<\/a><\/span><\/strong><\/h3>\n<h3 style=\"text-align: center\"><strong><span style=\"color: #0000ff\"><a style=\"color: #0000ff\" href=\"https:\/\/sic.nodscloud.com\/nodsglobal\/wp-content\/uploads\/sites\/3\/2025\/05\/POSTAL-DERECHO_VIRTUAL-1_compressed.pdf\" target=\"_blank\" rel=\"noopener\">POSTAL DERECHO_VIRTUAL<\/a><\/span><\/strong><\/h3>\n<h3 style=\"text-align: center\"><strong><span style=\"color: #0000ff\"><a style=\"color: #0000ff\" href=\"https:\/\/sic.nodscloud.com\/nodsglobal\/wp-content\/uploads\/sites\/3\/2025\/05\/POSTAL-CONTADURIA_VIRTUAL-1_compressed.pdf\" target=\"_blank\" rel=\"noopener\">POSTAL CONTADURIA_VIRTUAL<\/a><\/span><\/strong><\/h3>\n<h3 style=\"text-align: center\"><strong><span style=\"color: #0000ff\"><a style=\"color: #0000ff\" href=\"https:\/\/sic.nodscloud.com\/nodsglobal\/wp-content\/uploads\/sites\/3\/2025\/05\/POSTAL-NEGOCIOS-INT_VIRTUAL-1.pdf\" target=\"_blank\" rel=\"noopener\">POSTAL NEGOCIOS INT_VIRTUAL<\/a><\/span><\/strong><\/h3>\n<h3 style=\"text-align: center\"><strong><span style=\"color: #0000ff\"><a style=\"color: #0000ff\" href=\"https:\/\/sic.nodscloud.com\/nodsglobal\/wp-content\/uploads\/sites\/3\/2025\/05\/POSTAL-SST_VIRTUAL-1.pdf\" target=\"_blank\" rel=\"noopener\">POSTAL SST_VIRTUAL<\/a><\/span><\/strong><\/h3>\n<p>&nbsp;<\/p>\n<hr \/>\n<p>&nbsp;<\/p>\n<h3 style=\"text-align: center\"><span style=\"color: #0000ff\"><strong><a style=\"color: #0000ff\" href=\"https:\/\/sic.nodscloud.com\/nodsglobal\/wp-content\/uploads\/sites\/3\/2025\/06\/FOLLETO-MAESTRIA-EN-EDUCACION_compressed.pdf\" target=\"_blank\" rel=\"noopener\">MAESTR\u00cdA EN EDUCACI\u00d3N<\/a><\/strong><\/span><\/h3>\n<h3 style=\"text-align: center\"><span style=\"color: #0000ff\"><strong><a style=\"color: #0000ff\" href=\"https:\/\/sic.nodscloud.com\/nodsglobal\/wp-content\/uploads\/sites\/3\/2025\/06\/FOLLETO-MAESTRIA-EN-GERENCIA-PUBLICA-1_compressed.pdf\" target=\"_blank\" rel=\"noopener\">MAESTRIA EN GESTION PUBLICA<\/a><\/strong><\/span><\/h3>\n<h3 style=\"text-align: center\"><span style=\"color: #0000ff\"><strong><a style=\"color: #0000ff\" href=\"https:\/\/sic.nodscloud.com\/nodsglobal\/wp-content\/uploads\/sites\/3\/2025\/06\/FOLLETO-ESPECIALIZACION-EN-DERECHO-LABORAL-Y-SEGURIDAD-SOCIAL.pdf\">ESPECIALIZACI\u00d3N EN DERECHO LABORAL Y SEGURIDAD SOCIAL<\/a><\/strong><\/span><\/h3>\n<p>&nbsp;<\/p>\n<hr \/>\n<p>&nbsp;<\/p>\n","protected":false},"excerpt":{"rendered":"<p>FOLLETOS Y POSTALES &nbsp; &nbsp; FOLLETO SST FOLLETO ADMIN FOLLETO CONTADURIA FOLLETO DERECHO FOLLETO NEGOCIOS INTER FOLLETO LITERATURA FOLLETO TECNOLOG\u00cdA EN GESTI\u00d3N GASTRONOMICA FOLLETO TECNOLOG\u00cdA EN REGENCIA DE FARMACIA FOLLETO TECNOLOG\u00cdA EN SEGURIDAD Y SALUD EN EL TRABAJO POSTAL ADMIN_VIRTUAL POSTAL LITERATURA_VIRTUAL POSTAL DERECHO_VIRTUAL POSTAL&#8230;<\/p>\n","protected":false},"author":16,"featured_media":0,"parent":0,"menu_order":0,"comment_status":"closed","ping_status":"closed","template":"","meta":{"footnotes":""},"class_list":["post-6807","page","type-page","status-publish","hentry"],"aioseo_notices":[],"_links":{"self":[{"href":"https:\/\/sic.nodscloud.com\/nodsglobal\/wp-json\/wp\/v2\/pages\/6807","targetHints":{"allow":["GET"]}}],"collection":[{"href":"https:\/\/sic.nodscloud.com\/nodsglobal\/wp-json\/wp\/v2\/pages"}],"about":[{"href":"https:\/\/sic.nodscloud.com\/nodsglobal\/wp-json\/wp\/v2\/types\/page"}],"author":[{"embeddable":true,"href":"https:\/\/sic.nodscloud.com\/nodsglobal\/wp-json\/wp\/v2\/users\/16"}],"replies":[{"embeddable":true,"href":"https:\/\/sic.nodscloud.com\/nodsglobal\/wp-json\/wp\/v2\/comments?post=6807"}],"version-history":[{"count":9,"href":"https:\/\/sic.nodscloud.com\/nodsglobal\/wp-json\/wp\/v2\/pages\/6807\/revisions"}],"predecessor-version":[{"id":7099,"href":"https:\/\/sic.nodscloud.com\/nodsglobal\/wp-json\/wp\/v2\/pages\/6807\/revisions\/7099"}],"wp:attachment":[{"href":"https:\/\/sic.nodscloud.com\/nodsglobal\/wp-json\/wp\/v2\/media?parent=6807"}],"curies":[{"name":"wp","href":"https:\/\/api.w.org\/{rel}","templated":true}]}}