
{"id":6980,"date":"2025-06-04T16:48:22","date_gmt":"2025-06-04T16:48:22","guid":{"rendered":"https:\/\/sic.nodscloud.com\/nodsglobal\/?page_id=6980"},"modified":"2026-03-31T14:48:29","modified_gmt":"2026-03-31T14:48:29","slug":"scrip-comercial","status":"publish","type":"page","link":"https:\/\/sic.nodscloud.com\/nodsglobal\/scrip-comercial\/","title":{"rendered":"Scrip comercial"},"content":{"rendered":"<div class=\"content content_top_margin_none\">\n<div class=\"content_inner \">\n<div class=\"container\">\n<h2 style=\"text-align: center;\"><span style=\"color: #993300;\"><strong><img fetchpriority=\"high\" decoding=\"async\" class=\"alignnone size-medium wp-image-7208\" src=\"https:\/\/sic.nodscloud.com\/nodsglobal\/wp-content\/uploads\/sites\/3\/2025\/08\/uees_logo_alta-removebg-preview-300x168.png\" alt=\"\" width=\"300\" height=\"168\" srcset=\"https:\/\/sic.nodscloud.com\/nodsglobal\/wp-content\/uploads\/sites\/3\/2025\/08\/uees_logo_alta-removebg-preview-300x168.png 300w, https:\/\/sic.nodscloud.com\/nodsglobal\/wp-content\/uploads\/sites\/3\/2025\/08\/uees_logo_alta-removebg-preview.png 523w\" sizes=\"(max-width: 300px) 100vw, 300px\" \/><\/strong><\/span><\/h2>\n<h2 style=\"text-align: center;\"><span style=\"color: #333333;\"><strong>SCRIPT COMERCIAL<\/strong><\/span><\/h2>\n<p>&nbsp;<\/p>\n<h4>1. Presentaci\u00f3n Inicial<\/h4>\n<p>Asesor\/a:<br \/>\n\u00a1Buen d\u00eda, [Nombre del prospecto]!<br \/>\nMi nombre es [Tu nombre], soy tu Asesor(a) Educativo de la Universidad Esp\u00edritu Santo (UEES).<br \/>\nMe comunico contigo porque hemos visto tu inter\u00e9s en uno de nuestros Global Mind Program espec\u00edficamente en [Nombre del programa], \u00bfes correcto?<\/p>\n<p>\u00bfYa tuviste la oportunidad de ver alguna informaci\u00f3n previa del programa en nuestra p\u00e1gina web o redes sociales? \u00bfConoces la universidad?<\/p>\n<p>\ud83d\udfe1 2. Etapa de Escucha Activa \u2013 Perfilamiento<\/p>\n<p>Asesor\/a:<br \/>\n\u00bfPodr\u00edas comentarme qu\u00e9 estudios has realizado hasta ahora?<br \/>\nY actualmente, \u00bfa qu\u00e9 te dedicas profesionalmente?<\/p>\n<p>\ud83d\udfe1 3. Etapa de Sondeo \u2013 Motivaci\u00f3n<\/p>\n<p>Asesor\/a:<br \/>\n\u00bfQu\u00e9 es lo que m\u00e1s te motiva a estudiar este programa?<\/p>\n<p>\ud83d\udc49 <em>Si responde que no conoce la universidad:<\/em><br \/>\nLa UEES es una universidad con m\u00e1s de 30 a\u00f1os de trayectoria, reconocida por su prestigio nacional e internacional. Nos destacamos por un enfoque pr\u00e1ctico y actualizado, formando profesionales con visi\u00f3n global y herramientas reales para el mundo laboral.<\/p>\n<p>TOP 1 EN UNIVERSIDAD ONLINE IBEROAMERICA<\/p>\n<p>ENTRE LAS 7 MEJORES DE LATINO AMERICA<\/p>\n<p>N1 EN EL ECUADOR.<\/p>\n<h4>\u00a04. Demostraci\u00f3n del Programa<\/h4>\n<p>Asesor\/a:<br \/>\nEste programa en [Nombre del programa] tiene una modalidad 100% virtual, encuentros sincr\u00f3nicos que se confirman al inicio del cursado.<br \/>\nLa duraci\u00f3n total es de 9 meses, y a lo largo del trayecto acad\u00e9mico vas a completar 3 diplomados especializados.<\/p>\n<p>Trabajamos con una plataforma de aprendizaje llamada LXP, que te permite manejar tu horario, (salvo las sesiones sincronizadas opcionales que tendr\u00e1s el aviso de tu profesor previamente para el d\u00eda y horario).<\/p>\n<p>Durante la formaci\u00f3n, desarrollar\u00e1s competencias clave y tambi\u00e9n habilidades pr\u00e1cticas como:<\/p>\n<p>&nbsp;<\/p>\n<h4>5. Beneficios Diferenciales UEES<\/h4>\n<p>Asesor\/a:<br \/>\nEstudiar con nosotros te brinda beneficios \u00fanicos como:<br \/>\n\u2705 Certificaci\u00f3n respaldada por UEES. Y CES<br \/>\n\u2705 Acceso a una comunidad de networking profesional.<br \/>\n\u2705 Docentes con experiencia real en el sector.<br \/>\n\u2705 Metodolog\u00eda flexible para que estudies a tu ritmo.<\/p>\n<p>\u2705 En estos programas han participado y respaldado nuestros Global Minds (Mentes Globales) Profesionales internacionales y regionales que han participado de la co creaci\u00f3n de los estos programas, para compartir su desarrollo y evidencias reales de su profesi\u00f3n \u00a0\u00a0(ellos no dan las clases)<\/p>\n<p>&nbsp;<\/p>\n<p>\u00bfQUE TE PARECE HASTA AQU\u00cd EL PROGRAMA?<\/p>\n<h4>6. Negociaci\u00f3n \u2013 Inversi\u00f3n y Financiamiento<\/h4>\n<p>Asesor\/a:<br \/>\nEn cuanto a la inversi\u00f3n, te comento el precio del programa: \u00bfEres egresado de la universidad? \u00a1En caso de que al inicio comento que si la conoce!<\/p>\n<p>\ud83d\udcb2 Precio total del programa: USD 3.125<br \/>\n\ud83d\udcb2 Pago contado con 10% de descuento: USD 2.812,50<\/p>\n<p>\ud83d\udc49 \u00bfSos egresado\/a de la UEES? En ese caso, acced\u00e9s a un descuento especial adicional.\u00a0 15 %<\/p>\n<p>&nbsp;<\/p>\n<p>ANTES DE DAR FINANCIACION ESPERAR QUE CONTESTE SI LE PARECE CARO O NO<\/p>\n<p>\ud83d\udcb2 Financiamiento: Hasta en 9 cuotas de USD 347<\/p>\n<p>&nbsp;<\/p>\n<h4>7. Cierre Inicial<\/h4>\n<p>Asesor\/a:<br \/>\n[Nombre del prospecto], \u00bfQu\u00e9 te parece la propuesta hasta aqu\u00ed?<br \/>\n\u00bfTe gustar\u00eda asegurar tu lugar antes del inicio de clases el 13 DE OCTUBRE<\/p>\n<p>&nbsp;<\/p>\n<p>&nbsp;<\/p>\n<p>\ud83d\udfe3 8. Venta Directa<\/p>\n<p>Asesor\/a:<br \/>\nViendo tu inter\u00e9s y con toda esta informaci\u00f3n,<br \/>\n\ud83d\udc49 \u00bfTe gustar\u00eda avanzar con la inscripci\u00f3n?<\/p>\n<p>(Si responde que s\u00ed):<br \/>\n\u00a1Perfecto! Te voy a enviar el enlace de pago y desde ya te acompa\u00f1o en todo el proceso. Tambi\u00e9n te puedo enviar todo el detalle por WhatsApp para que lo tengas a mano.<\/p>\n<p>SOLO DEBES COMPLETAR TUS DATOS PERSONALES Y TE PIDO QUE NO PUEDAS COMPARTIR UNA VEZ REGISTRADO COPIA DE TU CEDULA PARA TUS DATOS AL FINALIZAR EL PROGRAMA Y TENGAS TU CERTIFICADO<\/p>\n<p>\ud83d\udfe4 9. Manejo de Objeciones<\/p>\n<p>Asesor\/a:<br \/>\n(Ante objeci\u00f3n)<br \/>\nEntiendo, gracias por comentarlo.<br \/>\nSolo para entender mejor:<br \/>\n\ud83d\udc49 \u00bfEntonces lo \u00fanico que te detiene ahora es [objeci\u00f3n]?<\/p>\n<p>(Si responde que s\u00ed):<br \/>\nPerfecto, perm\u00edteme contarte c\u00f3mo podemos ayudarte:<br \/>\n\u2705 [Ejemplo: si es econ\u00f3mico, mencionar financiamiento flexible; si es tiempo, mencionar modalidad asincr\u00f3nica LXP].<\/p>\n<p>&nbsp;<\/p>\n<p>\u26aa 10. Despedida Cordial<\/p>\n<p>Asesor\/a:<br \/>\n\u00bfTienes alguna otra duda por ahora?<br \/>\nQuedo atento\/a por este medio (WhatsApp), y con gusto te acompa\u00f1o en todo el proceso.<br \/>\nMe despido, soy [Nombre del asesor\/a], de la Universidad Esp\u00edritu Santo.<br \/>\n\ud83d\udc49 \u00a1Qu\u00e9 tengas un excelente d\u00eda!<\/p>\n<p>&nbsp;<\/p>\n<p>Seguimiento Programado<\/p>\n<p>Asesor\/a:<br \/>\n[Nombre del prospecto], como conversamos, te estar\u00e9 escribiendo el [d\u00eda\/hora pactada] para saber tu decisi\u00f3n.<br \/>\nYa te envi\u00e9 el plan de estudios y la informaci\u00f3n financiera, para que lo revises con calma.<br \/>\n\ud83d\udc49 \u00bfTienes alguna duda adicional?<br \/>\nTe recuerdo mi nombre: [Tu nombre], de la Universidad Esp\u00edritu Santo.<br \/>\n\u00a1Que tengas un excelente d\u00eda!<\/p>\n<p>Final del formulario<\/p>\n<p>&nbsp;<\/p>\n<\/div>\n<\/div>\n<\/div>\n<p>&nbsp;<\/p>\n<h2 style=\"text-align: center;\"><a href=\"https:\/\/sic.nodscloud.com\/nodsglobal\/wp-content\/uploads\/sites\/3\/2026\/01\/Guia-de-llamada-UEES.pdf\"><span style=\"color: #000080;\"><strong>GUIA DE LLAMADAS<\/strong><\/span><\/a><\/h2>\n<p><img decoding=\"async\" class=\"alignnone wp-image-7267 aligncenter\" src=\"https:\/\/sic.nodscloud.com\/nodsglobal\/wp-content\/uploads\/sites\/3\/2025\/08\/mano-senalando-279x300.png\" alt=\"\" width=\"68\" height=\"73\" srcset=\"https:\/\/sic.nodscloud.com\/nodsglobal\/wp-content\/uploads\/sites\/3\/2025\/08\/mano-senalando-279x300.png 279w, https:\/\/sic.nodscloud.com\/nodsglobal\/wp-content\/uploads\/sites\/3\/2025\/08\/mano-senalando.png 351w\" sizes=\"(max-width: 68px) 100vw, 68px\" \/><\/p>\n<p>&nbsp;<\/p>\n<div class=\"content content_top_margin_none\">\n<h2 style=\"text-align: center;\"><a href=\"https:\/\/docs.google.com\/document\/d\/1-BOXHVCelv75DLRXTWCM4J9w0Izj6pbb-SQLa4cSDlA\/edit?tab=t.0#heading=h.45mg4e4b7hhf\">PLANTILLAS COMERCIALES GMP<\/a><\/h2>\n<\/div>\n<div class=\"content content_top_margin_none\">\n<div class=\"content_inner \">\n<div class=\"container\">\n<div class=\"container_inner default_template_holder clearfix page_container_inner\">\n<p><img decoding=\"async\" class=\"alignnone wp-image-7267 aligncenter\" src=\"https:\/\/sic.nodscloud.com\/nodsglobal\/wp-content\/uploads\/sites\/3\/2025\/08\/mano-senalando-279x300.png\" alt=\"\" width=\"65\" height=\"70\" srcset=\"https:\/\/sic.nodscloud.com\/nodsglobal\/wp-content\/uploads\/sites\/3\/2025\/08\/mano-senalando-279x300.png 279w, https:\/\/sic.nodscloud.com\/nodsglobal\/wp-content\/uploads\/sites\/3\/2025\/08\/mano-senalando.png 351w\" sizes=\"(max-width: 65px) 100vw, 65px\" \/><\/p>\n<p>&nbsp;<\/p>\n<p>&nbsp;<\/p>\n<p>&nbsp;<\/p>\n<\/div>\n<\/div>\n<\/div>\n<\/div>\n","protected":false},"excerpt":{"rendered":"<p>SCRIPT COMERCIAL &nbsp; 1. Presentaci\u00f3n Inicial Asesor\/a: \u00a1Buen d\u00eda, [Nombre del prospecto]! Mi nombre es [Tu nombre], soy tu Asesor(a) Educativo de la Universidad Esp\u00edritu Santo (UEES). Me comunico contigo porque hemos visto tu inter\u00e9s en uno de nuestros Global Mind Program espec\u00edficamente en [Nombre&#8230;<\/p>\n","protected":false},"author":180,"featured_media":0,"parent":0,"menu_order":0,"comment_status":"closed","ping_status":"closed","template":"","meta":{"footnotes":""},"class_list":["post-6980","page","type-page","status-publish","hentry"],"aioseo_notices":[],"_links":{"self":[{"href":"https:\/\/sic.nodscloud.com\/nodsglobal\/wp-json\/wp\/v2\/pages\/6980","targetHints":{"allow":["GET"]}}],"collection":[{"href":"https:\/\/sic.nodscloud.com\/nodsglobal\/wp-json\/wp\/v2\/pages"}],"about":[{"href":"https:\/\/sic.nodscloud.com\/nodsglobal\/wp-json\/wp\/v2\/types\/page"}],"author":[{"embeddable":true,"href":"https:\/\/sic.nodscloud.com\/nodsglobal\/wp-json\/wp\/v2\/users\/180"}],"replies":[{"embeddable":true,"href":"https:\/\/sic.nodscloud.com\/nodsglobal\/wp-json\/wp\/v2\/comments?post=6980"}],"version-history":[{"count":27,"href":"https:\/\/sic.nodscloud.com\/nodsglobal\/wp-json\/wp\/v2\/pages\/6980\/revisions"}],"predecessor-version":[{"id":7586,"href":"https:\/\/sic.nodscloud.com\/nodsglobal\/wp-json\/wp\/v2\/pages\/6980\/revisions\/7586"}],"wp:attachment":[{"href":"https:\/\/sic.nodscloud.com\/nodsglobal\/wp-json\/wp\/v2\/media?parent=6980"}],"curies":[{"name":"wp","href":"https:\/\/api.w.org\/{rel}","templated":true}]}}