
{"id":7011,"date":"2025-06-06T13:05:40","date_gmt":"2025-06-06T13:05:40","guid":{"rendered":"https:\/\/sic.nodscloud.com\/nodsglobal\/?page_id=7011"},"modified":"2026-03-31T14:53:18","modified_gmt":"2026-03-31T14:53:18","slug":"arbol-de-tipificaciones","status":"publish","type":"page","link":"https:\/\/sic.nodscloud.com\/nodsglobal\/arbol-de-tipificaciones\/","title":{"rendered":"\u00c1rbol de tipificaciones"},"content":{"rendered":"<h2 style=\"text-align: center;\"><span style=\"color: #0000ff;\"><img decoding=\"async\" class=\"alignnone size-medium wp-image-7083\" src=\"https:\/\/sic.nodscloud.com\/nodsglobal\/wp-content\/uploads\/sites\/3\/2025\/06\/Neotel-300x103.png\" alt=\"\" width=\"300\" height=\"103\" srcset=\"https:\/\/sic.nodscloud.com\/nodsglobal\/wp-content\/uploads\/sites\/3\/2025\/06\/Neotel-300x103.png 300w, https:\/\/sic.nodscloud.com\/nodsglobal\/wp-content\/uploads\/sites\/3\/2025\/06\/Neotel.png 596w\" sizes=\"(max-width: 300px) 100vw, 300px\" \/><\/span><\/h2>\n<h2 style=\"text-align: center;\"><a href=\"https:\/\/docs.google.com\/spreadsheets\/d\/1OWrYpnJgGBMA05J0-jjWu8emkFRzmYjbz6tifHRKVSI\/edit?gid=1211236777#gid=1211236777\"><span style=\"color: #0000ff;\">TIPIFICACIONES<\/span><\/a><\/h2>\n<p>&nbsp;<\/p>\n<h3 data-start=\"703\" data-end=\"725\"><\/h3>\n<h3 data-start=\"703\" data-end=\"725\"><strong data-start=\"710\" data-end=\"725\">NO CONTACTO<\/strong><\/h3>\n<p data-start=\"726\" data-end=\"816\"><strong data-start=\"726\" data-end=\"737\">Estado:<\/strong> Se realizaron intentos de contacto sin lograr comunicaci\u00f3n con el prospecto.<\/p>\n<ul>\n<li data-start=\"820\" data-end=\"898\"><strong data-start=\"820\" data-end=\"836\">No contesta:<\/strong> Se intent\u00f3 contacto telef\u00f3nico y el prospecto no respondi\u00f3.<\/li>\n<li data-start=\"901\" data-end=\"979\"><strong data-start=\"901\" data-end=\"918\">Buz\u00f3n de voz:<\/strong> La llamada deriv\u00f3 a buz\u00f3n sin establecer contacto directo.<\/li>\n<li data-start=\"982\" data-end=\"1077\"><strong data-start=\"982\" data-end=\"1023\">Tel\u00e9fono err\u00f3neo o fuera de servicio:<\/strong> El n\u00famero es inv\u00e1lido o se encuentra deshabilitado.<\/li>\n<li data-start=\"1080\" data-end=\"1161\"><strong data-start=\"1080\" data-end=\"1104\">Pide no ser llamado:<\/strong> El lead solicit\u00f3 expresamente no recibir m\u00e1s llamados.<\/li>\n<li data-start=\"1164\" data-end=\"1265\"><strong data-start=\"1164\" data-end=\"1186\">Spam \/ Sospechoso:<\/strong> El lead niega haber solicitado informaci\u00f3n o se trata de un registro dudoso.<\/li>\n<li data-start=\"1268\" data-end=\"1355\"><strong data-start=\"1268\" data-end=\"1292\">Imposible contactar:<\/strong> Se realizaron varios intentos sin \u00e9xito (se cierra el caso).<\/li>\n<\/ul>\n<p>&nbsp;<\/p>\n<h3 data-start=\"1362\" data-end=\"1406\"><\/h3>\n<h3 data-start=\"1362\" data-end=\"1406\"><strong data-start=\"1369\" data-end=\"1406\">CONTACTO NO INTERESADO (PERDIDOS)<\/strong><\/h3>\n<p data-start=\"1407\" data-end=\"1498\"><strong data-start=\"1407\" data-end=\"1418\">Estado:<\/strong> El prospecto fue contactado, pero no mostr\u00f3 inter\u00e9s o no contin\u00faa el proceso.<\/p>\n<ul>\n<li data-start=\"1502\" data-end=\"1577\"><strong data-start=\"1502\" data-end=\"1537\">Ya es alumno de la universidad:<\/strong> Actualmente cursa en UEES, no aplica.<\/li>\n<li data-start=\"1580\" data-end=\"1635\"><strong data-start=\"1580\" data-end=\"1594\">Duplicado:<\/strong> Registro repetido en la base de datos.<\/li>\n<li data-start=\"1638\" data-end=\"1714\"><strong data-start=\"1638\" data-end=\"1657\">Le parece caro:<\/strong> El lead manifest\u00f3 que el precio excede su presupuesto.<\/li>\n<li data-start=\"1717\" data-end=\"1797\"><strong data-start=\"1717\" data-end=\"1737\">Siguiente corte:<\/strong> Prefiere ser contactado para la pr\u00f3xima cohorte o inicio.<\/li>\n<li data-start=\"1800\" data-end=\"1885\"><strong data-start=\"1800\" data-end=\"1834\">Inscripto en otra universidad:<\/strong> Ya tom\u00f3 decisi\u00f3n de estudio en otra instituci\u00f3n.<\/li>\n<li data-start=\"1888\" data-end=\"1979\"><strong data-start=\"1888\" data-end=\"1913\">Modalidad de cursado:<\/strong> No se ajusta a la modalidad (por ejemplo, prefiere presencial).<\/li>\n<li data-start=\"1982\" data-end=\"2063\"><strong data-start=\"1982\" data-end=\"2010\">No es la oferta buscada:<\/strong> El programa no responde a su necesidad espec\u00edfica.<\/li>\n<li data-start=\"2066\" data-end=\"2141\"><strong data-start=\"2066\" data-end=\"2088\">Es alumno de UEES:<\/strong> Ya cursa en otro programa de la misma universidad.<\/li>\n<li data-start=\"2144\" data-end=\"2225\"><strong data-start=\"2144\" data-end=\"2178\">Responde mensajes de WhatsApp:<\/strong> Mantiene contacto activo solo por ese canal.<\/li>\n<\/ul>\n<p>&nbsp;<\/p>\n<h3 data-start=\"2232\" data-end=\"2262\"><\/h3>\n<h3 data-start=\"2232\" data-end=\"2262\"><strong data-start=\"2239\" data-end=\"2262\">CONTACTO INTERESADO<\/strong><\/h3>\n<p data-start=\"2263\" data-end=\"2358\"><strong data-start=\"2263\" data-end=\"2274\">Estado:<\/strong> El prospecto muestra inter\u00e9s real y se encuentra en proceso de decisi\u00f3n o avance.<\/p>\n<ul>\n<li data-start=\"2362\" data-end=\"2478\"><strong data-start=\"2362\" data-end=\"2395\">Deja de responder &#8211; Producto:<\/strong> Muestra inter\u00e9s inicial, pero deja de comunicarse (por dudas sobre el programa).<\/li>\n<li data-start=\"2481\" data-end=\"2583\"><strong data-start=\"2481\" data-end=\"2516\">Deja de responder &#8211; Precio 20%:<\/strong> Se detuvo la comunicaci\u00f3n luego de brindar el beneficio del 20%.<\/li>\n<li data-start=\"2586\" data-end=\"2688\"><strong data-start=\"2586\" data-end=\"2621\">Deja de responder &#8211; Precio 30%:<\/strong> Se detuvo la comunicaci\u00f3n luego de brindar el beneficio del 30%.<\/li>\n<li data-start=\"2691\" data-end=\"2801\"><strong data-start=\"2691\" data-end=\"2728\">Deja de responder &#8211; Financiaci\u00f3n:<\/strong> Se detuvo la comunicaci\u00f3n tras enviar opciones de pago o financiaci\u00f3n.<\/li>\n<li data-start=\"2804\" data-end=\"2890\"><strong data-start=\"2804\" data-end=\"2834\">Solicitud de financiaci\u00f3n:<\/strong> El lead pide evaluar planes de pago antes de avanzar.<\/li>\n<\/ul>\n<h3 data-start=\"2897\" data-end=\"2940\"><\/h3>\n<p>&nbsp;<\/p>\n<p>&nbsp;<\/p>\n<h3 data-start=\"2897\" data-end=\"2940\"><strong data-start=\"2904\" data-end=\"2940\">POTENCIAL (OPORTUNIDAD DE VENTA)<\/strong><\/h3>\n<p data-start=\"2941\" data-end=\"3025\"><strong data-start=\"2941\" data-end=\"2952\">Estado:<\/strong> El contacto confirm\u00f3 inter\u00e9s y se encuentra en etapa de cierre o pago.<\/p>\n<ul>\n<li data-start=\"3029\" data-end=\"3189\"><strong data-start=\"3029\" data-end=\"3059\">Analizando propuesta:<\/strong> El lead manifiesta intenci\u00f3n de avanzar en la inscripci\u00f3n; solicita revisi\u00f3n de informaci\u00f3n o verificaci\u00f3n antes de formalizar.<\/li>\n<li data-start=\"3192\" data-end=\"3274\"><strong data-start=\"3192\" data-end=\"3215\">En proceso de pago:<\/strong> Est\u00e1 en etapa inicial de pago o gesti\u00f3n de confirmaci\u00f3n.<\/li>\n<li data-start=\"3277\" data-end=\"3381\"><strong data-start=\"3277\" data-end=\"3316\">Analizando propuesta\u00a0 &#8211; No contesta:<\/strong> Estaba interesado, pero dej\u00f3 de responder llamadas o mensajes.<\/li>\n<li data-start=\"3384\" data-end=\"3495\"><strong data-start=\"3384\" data-end=\"3421\">En proceso de pago &#8211; No contesta:<\/strong> Confirm\u00f3 intenci\u00f3n de pago, pero no responde a recordatorios de cierre.<\/li>\n<\/ul>\n<p>&nbsp;<\/p>\n<p>&nbsp;<\/p>\n<h3><img decoding=\"async\" class=\"alignnone wp-image-7474\" src=\"https:\/\/sic.nodscloud.com\/nodsglobal\/wp-content\/uploads\/sites\/3\/2025\/11\/check-mark_5290058-300x300.png\" alt=\"\" width=\"51\" height=\"51\" srcset=\"https:\/\/sic.nodscloud.com\/nodsglobal\/wp-content\/uploads\/sites\/3\/2025\/11\/check-mark_5290058-300x300.png 300w, https:\/\/sic.nodscloud.com\/nodsglobal\/wp-content\/uploads\/sites\/3\/2025\/11\/check-mark_5290058-150x150.png 150w, https:\/\/sic.nodscloud.com\/nodsglobal\/wp-content\/uploads\/sites\/3\/2025\/11\/check-mark_5290058-500x512.png 500w, https:\/\/sic.nodscloud.com\/nodsglobal\/wp-content\/uploads\/sites\/3\/2025\/11\/check-mark_5290058.png 512w\" sizes=\"(max-width: 51px) 100vw, 51px\" \/>MATRICULADO<\/h3>\n<p>&nbsp;<\/p>\n<p>&nbsp;<\/p>\n<p>&nbsp;<\/p>\n<p>&nbsp;<\/p>\n","protected":false},"excerpt":{"rendered":"<p>TIPIFICACIONES &nbsp; NO CONTACTO Estado: Se realizaron intentos de contacto sin lograr comunicaci\u00f3n con el prospecto. No contesta: Se intent\u00f3 contacto telef\u00f3nico y el prospecto no respondi\u00f3. Buz\u00f3n de voz: La llamada deriv\u00f3 a buz\u00f3n sin establecer contacto directo. Tel\u00e9fono err\u00f3neo o fuera de servicio:&#8230;<\/p>\n","protected":false},"author":180,"featured_media":0,"parent":0,"menu_order":0,"comment_status":"closed","ping_status":"closed","template":"","meta":{"footnotes":""},"class_list":["post-7011","page","type-page","status-publish","hentry"],"aioseo_notices":[],"_links":{"self":[{"href":"https:\/\/sic.nodscloud.com\/nodsglobal\/wp-json\/wp\/v2\/pages\/7011","targetHints":{"allow":["GET"]}}],"collection":[{"href":"https:\/\/sic.nodscloud.com\/nodsglobal\/wp-json\/wp\/v2\/pages"}],"about":[{"href":"https:\/\/sic.nodscloud.com\/nodsglobal\/wp-json\/wp\/v2\/types\/page"}],"author":[{"embeddable":true,"href":"https:\/\/sic.nodscloud.com\/nodsglobal\/wp-json\/wp\/v2\/users\/180"}],"replies":[{"embeddable":true,"href":"https:\/\/sic.nodscloud.com\/nodsglobal\/wp-json\/wp\/v2\/comments?post=7011"}],"version-history":[{"count":23,"href":"https:\/\/sic.nodscloud.com\/nodsglobal\/wp-json\/wp\/v2\/pages\/7011\/revisions"}],"predecessor-version":[{"id":7588,"href":"https:\/\/sic.nodscloud.com\/nodsglobal\/wp-json\/wp\/v2\/pages\/7011\/revisions\/7588"}],"wp:attachment":[{"href":"https:\/\/sic.nodscloud.com\/nodsglobal\/wp-json\/wp\/v2\/media?parent=7011"}],"curies":[{"name":"wp","href":"https:\/\/api.w.org\/{rel}","templated":true}]}}