
{"id":7045,"date":"2025-06-06T14:53:22","date_gmt":"2025-06-06T14:53:22","guid":{"rendered":"https:\/\/sic.nodscloud.com\/nodsglobal\/?page_id=7045"},"modified":"2026-05-06T14:10:27","modified_gmt":"2026-05-06T14:10:27","slug":"diplomados","status":"publish","type":"page","link":"https:\/\/sic.nodscloud.com\/nodsglobal\/diplomados\/","title":{"rendered":"Diplomados"},"content":{"rendered":"<h3 data-start=\"208\" data-end=\"252\"><img fetchpriority=\"high\" decoding=\"async\" class=\"alignnone size-medium wp-image-7208 aligncenter\" src=\"https:\/\/sic.nodscloud.com\/nodsglobal\/wp-content\/uploads\/sites\/3\/2025\/08\/uees_logo_alta-removebg-preview-300x168.png\" alt=\"\" width=\"300\" height=\"168\" srcset=\"https:\/\/sic.nodscloud.com\/nodsglobal\/wp-content\/uploads\/sites\/3\/2025\/08\/uees_logo_alta-removebg-preview-300x168.png 300w, https:\/\/sic.nodscloud.com\/nodsglobal\/wp-content\/uploads\/sites\/3\/2025\/08\/uees_logo_alta-removebg-preview.png 523w\" sizes=\"(max-width: 300px) 100vw, 300px\" \/><\/h3>\n<h2 style=\"text-align: center;\"><strong>DIPLOMADOS DE CADA GMP<\/strong><\/h2>\n<h3 data-start=\"78\" data-end=\"134\"><\/h3>\n<h3 data-start=\"78\" data-end=\"134\">Neurociencia Aplicada: Productividad y Rendimiento<\/h3>\n<h5><a href=\"https:\/\/sic.nodscloud.com\/nodsglobal\/wp-content\/uploads\/sites\/3\/2026\/05\/1-Diplomado-en-Cerebro-Negocios-y-Decisiones-Eticas_1.pdf\">Cerebro, Negocios y Decisiones \u00c9ticas<\/a><\/h5>\n<h5>Cerebro Creativo: Inspiraci\u00f3n, \u00c9tica y Alto Desempe\u00f1o<\/h5>\n<h5>Bienestar y Alto Desempe\u00f1o para el Futuro<\/h5>\n<h2 data-start=\"287\" data-end=\"342\"><\/h2>\n<h3 data-start=\"287\" data-end=\"342\"><\/h3>\n<h3 data-start=\"287\" data-end=\"342\">TEA y TDAH e Inclusi\u00f3n: Salud, Familia y Sociedad<\/h3>\n<h5 data-start=\"345\" data-end=\"413\"><a href=\"https:\/\/sic.nodscloud.com\/nodsglobal\/wp-content\/uploads\/sites\/3\/2026\/05\/4-Diplomado-Explorando-la-Neurodiversidad-y-los-Trastornos-del-Neurodesarrollo.pdf\">Explorando la Neurodiversidad y los Trastornos del Neurodesarrollo<\/a><\/h5>\n<h5 data-start=\"416\" data-end=\"484\">Familia y Escuela: Aceptaci\u00f3n y Crecimiento en la Neurodivergencia<\/h5>\n<h5 data-start=\"487\" data-end=\"557\">Salud Emocional e Intervenciones Terap\u00e9uticas en la Neurodivergencia<\/h5>\n<h2 data-start=\"564\" data-end=\"617\"><\/h2>\n<h2 data-start=\"564\" data-end=\"617\"><\/h2>\n<h3 data-start=\"564\" data-end=\"617\">Neurociencia, Psicolog\u00eda Positiva y Mindfulness<\/h3>\n<h5 data-start=\"620\" data-end=\"671\"><a href=\"https:\/\/sic.nodscloud.com\/nodsglobal\/wp-content\/uploads\/sites\/3\/2026\/05\/2-Diplomado-en-Neurociencia-Aplicada-al-Liderazgo-y-los-Negocios-1.pdf\">Neurociencia Aplicada al Liderazgo y los Negocios<\/a><\/h5>\n<h5 data-start=\"674\" data-end=\"722\">\u00c9tica y Regulaci\u00f3n Emocional en la Era Digital<\/h5>\n<h5 data-start=\"725\" data-end=\"804\">Resiliencia y Bienestar: Estrategias Neurocient\u00edficas para la Salud Emocional<\/h5>\n<h2 data-start=\"811\" data-end=\"884\"><\/h2>\n<h2 data-start=\"811\" data-end=\"884\"><\/h2>\n<h3 data-start=\"811\" data-end=\"884\">\u00a0Neurobranding y Neuromarketing: Estrategias de Engagement Sensorial<\/h3>\n<h5 data-start=\"887\" data-end=\"937\"><a href=\"https:\/\/sic.nodscloud.com\/nodsglobal\/wp-content\/uploads\/sites\/3\/2026\/05\/3-Diplomado-en-Estrategias-de-Marketing-Basadas-en-Neurociencia.pdf\">Estrategias de Marketing Basadas en Neurociencia<\/a><\/h5>\n<h5 data-start=\"940\" data-end=\"1006\">Neuro\u00e9tica e Inteligencia Emocional para Decisiones Estrat\u00e9gicas<\/h5>\n<h5 data-start=\"1009\" data-end=\"1055\">Neurociencia y Comportamiento del Consumidor<\/h5>\n<h2 data-start=\"1062\" data-end=\"1111\"><\/h2>\n<h3 data-start=\"1062\" data-end=\"1111\"><\/h3>\n<h3 data-start=\"1062\" data-end=\"1111\">Salud 4.0: Gesti\u00f3n, Tecnolog\u00eda e Innovaci\u00f3n<\/h3>\n<h5 data-start=\"1114\" data-end=\"1163\"><a href=\"https:\/\/sic.nodscloud.com\/nodsglobal\/wp-content\/uploads\/sites\/3\/2026\/05\/5-Diplomado-en-Innovacion-y-Transformacion-Digital-en-la-Salud.pdf\">Innovaci\u00f3n y Transformaci\u00f3n Digital en la Salud<\/a><\/h5>\n<h5 data-start=\"1166\" data-end=\"1220\">\u00c9tica, Arte y Tecnolog\u00eda: Hacia una Salud M\u00e1s Humana<\/h5>\n<h5 data-start=\"1223\" data-end=\"1277\">IA y Soluciones Virtuales para el Futuro de la Salud<\/h5>\n<h2 data-start=\"1284\" data-end=\"1356\"><\/h2>\n<h2 data-start=\"1284\" data-end=\"1356\"><\/h2>\n<h3 data-start=\"1284\" data-end=\"1356\">Derecho 4.0: Derecho Digital, Protecci\u00f3n de Datos y Ciberseguridad<\/h3>\n<h5 data-start=\"1359\" data-end=\"1427\"><a href=\"https:\/\/sic.nodscloud.com\/nodsglobal\/wp-content\/uploads\/sites\/3\/2026\/05\/6-Diplomado-en-Transformacion-Digital-y-Proteccion-de-Datos-en-el-Ambito-Juridico-1.pdf\">Transformaci\u00f3n Digital y Protecci\u00f3n de Datos en el Ambito Juridico<\/a><\/h5>\n<h5 data-start=\"1430\" data-end=\"1476\">Derecho Penal y Seguridad en el Ciberespacio<\/h5>\n<h5 data-start=\"1479\" data-end=\"1521\">\u00c9tica, Dise\u00f1o Legal y Derechos Digitales<\/h5>\n<h2 data-start=\"1528\" data-end=\"1566\"><\/h2>\n<h2 data-start=\"1528\" data-end=\"1566\"><\/h2>\n<h3 data-start=\"1528\" data-end=\"1566\">Salud Mental y Desarrollo Humano<\/h3>\n<h5 data-start=\"1569\" data-end=\"1622\"><a href=\"https:\/\/sic.nodscloud.com\/nodsglobal\/wp-content\/uploads\/sites\/3\/2026\/05\/Diplomado-en-Envejecimiento-Salud-y-Buenas-Practicas_.pdf\">Envejecimiento y Salud Emocional y Nuevas Pr\u00e1cticas<\/a><\/h5>\n<h5 data-start=\"1625\" data-end=\"1689\">Determinantes Culturales, \u00c9tica y Humanizaci\u00f3n en Salud Mental<\/h5>\n<h5 data-start=\"1692\" data-end=\"1763\">Creatividad, Bienestar y Desarrollo Psicol\u00f3gico a lo Largo de la Vida<\/h5>\n<h2 data-start=\"1770\" data-end=\"1840\"><\/h2>\n<h2 data-start=\"1770\" data-end=\"1840\"><\/h2>\n<h3 data-start=\"1770\" data-end=\"1840\">Transici\u00f3n Energ\u00e9tica: Nuevos Negocios y el Futuro de la Energ\u00eda<\/h3>\n<h5 data-start=\"1843\" data-end=\"1898\"><a href=\"https:\/\/sic.nodscloud.com\/nodsglobal\/wp-content\/uploads\/sites\/3\/2026\/05\/8-Diplomado-en-Innovacion-y-Gobernanza-para-la-Transicion-Energetica.pdf\">Innovaci\u00f3n y Gobernanza para la Transici\u00f3n Energ\u00e9tica<\/a><\/h5>\n<h5 data-start=\"1901\" data-end=\"1947\">Soluciones Energ\u00e9ticas \u00c9ticas y Sustentables<\/h5>\n<h5 data-start=\"1950\" data-end=\"2010\">Sostenibilidad y Biodiversidad en los Recursos Energ\u00e9ticos<\/h5>\n<h2 data-start=\"2017\" data-end=\"2065\"><\/h2>\n<h2 data-start=\"2017\" data-end=\"2065\"><\/h2>\n<h3 data-start=\"2017\" data-end=\"2065\">Gesti\u00f3n de Riesgos, Compliance y Auditor\u00eda<\/h3>\n<h5 data-start=\"2068\" data-end=\"2124\"><a href=\"https:\/\/sic.nodscloud.com\/nodsglobal\/wp-content\/uploads\/sites\/3\/2026\/05\/10-Gestion-Estrategica-y-Liderazgo-para-la-Sostenibilidad.pdf\">Gesti\u00f3n Estrat\u00e9gica y Liderazgo para la Sostenibilidad<\/a><\/h5>\n<h5 data-start=\"2127\" data-end=\"2181\">Integridad y Liderazgo \u00c1gil en la Gesti\u00f3n de Riesgos<\/h5>\n<h5 data-start=\"2184\" data-end=\"2248\">Riesgos, Seguridad y Cumplimiento en la Gesti\u00f3n Organizacional<\/h5>\n<h2 data-start=\"2255\" data-end=\"2296\"><\/h2>\n<h2 data-start=\"2255\" data-end=\"2296\"><\/h2>\n<h3 data-start=\"2255\" data-end=\"2296\">Inteligencia Artificial y Negocios<\/h3>\n<h5 data-start=\"2299\" data-end=\"2354\"><a href=\"https:\/\/sic.nodscloud.com\/nodsglobal\/wp-content\/uploads\/sites\/3\/2026\/05\/Diplomado-en-Liderazgo-Estrategico-e-Innovacion-en-la-Era-de-la-IA_.pdf\">Liderazgo Estrat\u00e9gico e Innovaci\u00f3n en la Era de la IA<\/a><\/h5>\n<h5 data-start=\"2357\" data-end=\"2412\">\u00c9tica, Productos y Datos en la Transformaci\u00f3n Digital<\/h5>\n<h5 data-start=\"2415\" data-end=\"2480\">Fundamentos T\u00e9cnicos y Gobernanza de la Inteligencia Artificial<\/h5>\n<p>&nbsp;<\/p>\n<p>&nbsp;<\/p>\n<p><!--EndFragment --><\/p>\n<h2 style=\"text-align: center;\"><span style=\"color: #333333;\">Descripci\u00f3n de cada programa<\/span><\/h2>\n<p><img decoding=\"async\" class=\"alignnone wp-image-7267 aligncenter\" src=\"https:\/\/sic.nodscloud.com\/nodsglobal\/wp-content\/uploads\/sites\/3\/2025\/08\/mano-senalando-279x300.png\" alt=\"\" width=\"60\" height=\"65\" srcset=\"https:\/\/sic.nodscloud.com\/nodsglobal\/wp-content\/uploads\/sites\/3\/2025\/08\/mano-senalando-279x300.png 279w, https:\/\/sic.nodscloud.com\/nodsglobal\/wp-content\/uploads\/sites\/3\/2025\/08\/mano-senalando.png 351w\" sizes=\"(max-width: 60px) 100vw, 60px\" \/><\/p>\n<h3 style=\"text-align: center;\"><\/h3>\n<p>&nbsp;<\/p>\n<p>&nbsp;<\/p>\n<p>&nbsp;<\/p>\n","protected":false},"excerpt":{"rendered":"<p>DIPLOMADOS DE CADA GMP Neurociencia Aplicada: Productividad y Rendimiento Cerebro, Negocios y Decisiones \u00c9ticas Cerebro Creativo: Inspiraci\u00f3n, \u00c9tica y Alto Desempe\u00f1o Bienestar y Alto Desempe\u00f1o para el Futuro TEA y TDAH e Inclusi\u00f3n: Salud, Familia y Sociedad Explorando la Neurodiversidad y los Trastornos del Neurodesarrollo&#8230;<\/p>\n","protected":false},"author":180,"featured_media":0,"parent":0,"menu_order":0,"comment_status":"closed","ping_status":"closed","template":"","meta":{"footnotes":""},"class_list":["post-7045","page","type-page","status-publish","hentry"],"aioseo_notices":[],"_links":{"self":[{"href":"https:\/\/sic.nodscloud.com\/nodsglobal\/wp-json\/wp\/v2\/pages\/7045","targetHints":{"allow":["GET"]}}],"collection":[{"href":"https:\/\/sic.nodscloud.com\/nodsglobal\/wp-json\/wp\/v2\/pages"}],"about":[{"href":"https:\/\/sic.nodscloud.com\/nodsglobal\/wp-json\/wp\/v2\/types\/page"}],"author":[{"embeddable":true,"href":"https:\/\/sic.nodscloud.com\/nodsglobal\/wp-json\/wp\/v2\/users\/180"}],"replies":[{"embeddable":true,"href":"https:\/\/sic.nodscloud.com\/nodsglobal\/wp-json\/wp\/v2\/comments?post=7045"}],"version-history":[{"count":107,"href":"https:\/\/sic.nodscloud.com\/nodsglobal\/wp-json\/wp\/v2\/pages\/7045\/revisions"}],"predecessor-version":[{"id":7604,"href":"https:\/\/sic.nodscloud.com\/nodsglobal\/wp-json\/wp\/v2\/pages\/7045\/revisions\/7604"}],"wp:attachment":[{"href":"https:\/\/sic.nodscloud.com\/nodsglobal\/wp-json\/wp\/v2\/media?parent=7045"}],"curies":[{"name":"wp","href":"https:\/\/api.w.org\/{rel}","templated":true}]}}