
{"id":7105,"date":"2025-06-11T18:51:33","date_gmt":"2025-06-11T18:51:33","guid":{"rendered":"https:\/\/sic.nodscloud.com\/nodsglobal\/?page_id=7105"},"modified":"2025-08-06T15:08:12","modified_gmt":"2025-08-06T15:08:12","slug":"proceso-de-inscripcion-6","status":"publish","type":"page","link":"https:\/\/sic.nodscloud.com\/nodsglobal\/proceso-de-inscripcion-6\/","title":{"rendered":"Proceso de Inscripci\u00f3n"},"content":{"rendered":"<h3><img fetchpriority=\"high\" decoding=\"async\" class=\"size-medium wp-image-7208 aligncenter\" src=\"https:\/\/sic.nodscloud.com\/nodsglobal\/wp-content\/uploads\/sites\/3\/2025\/08\/uees_logo_alta-removebg-preview-300x168.png\" alt=\"\" width=\"300\" height=\"168\" srcset=\"https:\/\/sic.nodscloud.com\/nodsglobal\/wp-content\/uploads\/sites\/3\/2025\/08\/uees_logo_alta-removebg-preview-300x168.png 300w, https:\/\/sic.nodscloud.com\/nodsglobal\/wp-content\/uploads\/sites\/3\/2025\/08\/uees_logo_alta-removebg-preview.png 523w\" sizes=\"(max-width: 300px) 100vw, 300px\" \/><\/h3>\n<p>&nbsp;<\/p>\n<h3><img decoding=\"async\" class=\"emoji\" role=\"img\" src=\"https:\/\/s.w.org\/images\/core\/emoji\/16.0.1\/svg\/1f4cc.svg\" alt=\"\ud83d\udccc\" \/>\u00a0<strong data-start=\"176\" data-end=\"277\">Proceso de Inscripci\u00f3n a\u00a0 Global Minds Programs o Diplomados\u00a0<\/strong><\/h3>\n<p data-start=\"279\" data-end=\"447\">Sigue los pasos a continuaci\u00f3n para realizar la inscripci\u00f3n de forma exitosa a cualquiera de los programas o diplomados de la Universidad Esp\u00edritu Santo (UEES):<\/p>\n<h5 data-start=\"454\" data-end=\"495\"><img decoding=\"async\" class=\"emoji\" role=\"img\" src=\"https:\/\/s.w.org\/images\/core\/emoji\/16.0.1\/svg\/2705.svg\" alt=\"\u2705\" \/>\u00a0<strong data-start=\"460\" data-end=\"495\">PASO 1: Ingreso a la Plataforma<\/strong><\/h5>\n<ul>\n<li data-start=\"498\" data-end=\"616\">Ingresa a la web oficial de Educaci\u00f3n Continua UEES:<br data-start=\"550\" data-end=\"553\" \/><img decoding=\"async\" class=\"emoji\" role=\"img\" src=\"https:\/\/s.w.org\/images\/core\/emoji\/16.0.1\/svg\/1f449.svg\" alt=\"\ud83d\udc49\" \/>\u00a0<a class=\"\" href=\"https:\/\/premium.uees.edu.ec\/\" target=\"_new\" rel=\"noopener\" data-start=\"558\" data-end=\"616\">https:\/\/premium.uees.edu.ec<\/a><\/li>\n<li data-start=\"619\" data-end=\"709\">Navega por la oferta acad\u00e9mica y selecciona el\u00a0 Global Mind Program o\u00a0 Diplomado\u00a0 de tu inter\u00e9s.<\/li>\n<\/ul>\n<h5 data-start=\"716\" data-end=\"753\"><\/h5>\n<h5 data-start=\"716\" data-end=\"753\"><\/h5>\n<h5 data-start=\"716\" data-end=\"753\"><img decoding=\"async\" class=\"emoji\" role=\"img\" src=\"https:\/\/s.w.org\/images\/core\/emoji\/16.0.1\/svg\/2705.svg\" alt=\"\u2705\" \/>\u00a0<strong data-start=\"722\" data-end=\"753\">PASO 2: Selecci\u00f3n del GMP o Diplomado.<\/strong><\/h5>\n<ul>\n<li data-start=\"756\" data-end=\"798\">Haz clic en la opci\u00f3n que deseas cursar.<\/li>\n<li data-start=\"801\" data-end=\"876\">Lee con atenci\u00f3n la\u00a0<strong data-start=\"821\" data-end=\"836\">descripci\u00f3n<\/strong>,\u00a0<strong data-start=\"838\" data-end=\"852\">requisitos<\/strong>\u00a0y\u00a0<strong data-start=\"855\" data-end=\"865\">fechas<\/strong>\u00a0del GMP o Diplomado.<\/li>\n<li data-start=\"879\" data-end=\"922\">Presiona el bot\u00f3n\u00a0<strong data-start=\"897\" data-end=\"921\">\u201cAgregar al carrito\u201d<\/strong>.<\/li>\n<\/ul>\n<h5 data-start=\"1008\" data-end=\"1046\"><\/h5>\n<h5 data-start=\"1008\" data-end=\"1046\"><\/h5>\n<h5 data-start=\"1008\" data-end=\"1046\"><img decoding=\"async\" class=\"emoji\" role=\"img\" src=\"https:\/\/s.w.org\/images\/core\/emoji\/16.0.1\/svg\/2705.svg\" alt=\"\u2705\" \/>\u00a0<strong data-start=\"1014\" data-end=\"1046\">PASO 3: Revisi\u00f3n del Carrito<\/strong><\/h5>\n<ul>\n<li data-start=\"1049\" data-end=\"1096\">Dir\u00edgete a la parte superior derecha del sitio.<\/li>\n<li data-start=\"1099\" data-end=\"1129\">Haz clic en\u00a0<strong data-start=\"1111\" data-end=\"1128\">\u201cVer Carrito\u201d<\/strong>.<\/li>\n<li data-start=\"1132\" data-end=\"1183\">Verifica que el curso seleccionado sea el correcto.<\/li>\n<li data-start=\"1186\" data-end=\"1258\">Si lo deseas, puedes\u00a0<strong data-start=\"1207\" data-end=\"1219\">eliminar<\/strong>\u00a0o\u00a0<strong data-start=\"1222\" data-end=\"1235\">modificar<\/strong> GMP o Diplomado.<\/li>\n<\/ul>\n<h5 data-start=\"1265\" data-end=\"1310\"><\/h5>\n<h5 data-start=\"1265\" data-end=\"1310\"><\/h5>\n<h5 data-start=\"1265\" data-end=\"1310\"><img decoding=\"async\" class=\"emoji\" role=\"img\" src=\"https:\/\/s.w.org\/images\/core\/emoji\/16.0.1\/svg\/2705.svg\" alt=\"\u2705\" \/>\u00a0<strong data-start=\"1271\" data-end=\"1310\">PASO 4: Ingreso de Datos Personales<\/strong><\/h5>\n<p data-start=\"1311\" data-end=\"1362\">Completa el formulario con tu informaci\u00f3n personal:<\/p>\n<ul>\n<li data-start=\"1365\" data-end=\"1383\">C\u00e9dula o pasaporte<\/li>\n<li data-start=\"1386\" data-end=\"1405\">Nombres y apellidos<\/li>\n<li data-start=\"1408\" data-end=\"1426\">Correo electr\u00f3nico<\/li>\n<li data-start=\"1429\" data-end=\"1447\">N\u00famero de tel\u00e9fono<\/li>\n<li>Direcci\u00f3n<\/li>\n<\/ul>\n<p data-start=\"1449\" data-end=\"1541\"><img decoding=\"async\" class=\"emoji\" role=\"img\" src=\"https:\/\/s.w.org\/images\/core\/emoji\/16.0.1\/svg\/1f4cc.svg\" alt=\"\ud83d\udccc\" \/>\u00a0<em data-start=\"1452\" data-end=\"1541\">Estos datos ser\u00e1n utilizados para tu registro acad\u00e9mico y la emisi\u00f3n de tu certificado.\u00a0<\/em><\/p>\n<p data-start=\"1449\" data-end=\"1541\">ACEPTA LOS TERMINOS Y CONDICIONES (CONTRATO)<\/p>\n<h3 data-start=\"1548\" data-end=\"1579\"><\/h3>\n<h3 data-start=\"1548\" data-end=\"1579\"><\/h3>\n<h5 data-start=\"1548\" data-end=\"1579\"><img decoding=\"async\" class=\"emoji\" role=\"img\" src=\"https:\/\/s.w.org\/images\/core\/emoji\/16.0.1\/svg\/2705.svg\" alt=\"\u2705\" \/>\u00a0<strong data-start=\"1554\" data-end=\"1579\">PASO 5: Pago en L\u00ednea<\/strong><\/h5>\n<ul>\n<li data-start=\"1582\" data-end=\"1642\">Elige tu m\u00e9todo de pago a trav\u00e9s de la pasarela\u00a0<strong data-start=\"1630\" data-end=\"1641\">OpenPay<\/strong>.<\/li>\n<li data-start=\"1645\" data-end=\"1698\">Puedes pagar con tarjeta de\u00a0<strong data-start=\"1673\" data-end=\"1684\">cr\u00e9dito<\/strong>\u00a0o\u00a0<strong data-start=\"1687\" data-end=\"1697\">d\u00e9bito<\/strong>.<\/li>\n<li data-start=\"1701\" data-end=\"1750\">Realiza el pago directamente desde la plataforma.<\/li>\n<li data-start=\"1753\" data-end=\"1844\">Recibir\u00e1s un\u00a0<strong data-start=\"1766\" data-end=\"1789\">comprobante de pago<\/strong>\u00a0al finalizar la transacci\u00f3n (en pantalla o v\u00eda email).<\/li>\n<\/ul>\n<h3 data-start=\"1851\" data-end=\"1888\"><\/h3>\n<h3 data-start=\"1851\" data-end=\"1888\"><\/h3>\n<h5 data-start=\"1851\" data-end=\"1888\"><img decoding=\"async\" class=\"emoji\" role=\"img\" src=\"https:\/\/s.w.org\/images\/core\/emoji\/16.0.1\/svg\/2705.svg\" alt=\"\u2705\" \/>\u00a0<strong data-start=\"1857\" data-end=\"1888\">PASO 6: Env\u00edo de Documentos<\/strong><\/h5>\n<ul>\n<li data-start=\"1891\" data-end=\"1950\">Una vez realizado el pago, env\u00eda al asesor correspondiente:<\/li>\n<li data-start=\"1891\" data-end=\"1950\"><img decoding=\"async\" class=\"emoji\" role=\"img\" src=\"https:\/\/s.w.org\/images\/core\/emoji\/16.0.1\/svg\/1f4c4.svg\" alt=\"\ud83d\udcc4\" \/> Comprobante de pago, COPIA DE CEDULA Y HOJA DE VIDA<\/li>\n<\/ul>\n<p data-start=\"1979\" data-end=\"2077\">El env\u00edo puede hacerse por correo electr\u00f3nico u otro canal indicado por tu asesor\/a de admisiones.<\/p>\n<p data-start=\"2084\" data-end=\"2172\"><img decoding=\"async\" class=\"emoji\" role=\"img\" src=\"https:\/\/s.w.org\/images\/core\/emoji\/16.0.1\/svg\/1f4de.svg\" alt=\"\ud83d\udcde\" \/>\u00a0<strong data-start=\"2087\" data-end=\"2105\">\u00bfTienes dudas?<\/strong>\u00a0Contacta con tu asesor para recibir asistencia durante el proceso.<\/p>\n<p data-start=\"2084\" data-end=\"2172\">\n","protected":false},"excerpt":{"rendered":"<p>&nbsp; \u00a0Proceso de Inscripci\u00f3n a\u00a0 Global Minds Programs o Diplomados\u00a0 Sigue los pasos a continuaci\u00f3n para realizar la inscripci\u00f3n de forma exitosa a cualquiera de los programas o diplomados de la Universidad Esp\u00edritu Santo (UEES): \u00a0PASO 1: Ingreso a la Plataforma Ingresa a la web&#8230;<\/p>\n","protected":false},"author":180,"featured_media":0,"parent":0,"menu_order":0,"comment_status":"closed","ping_status":"closed","template":"","meta":{"footnotes":""},"class_list":["post-7105","page","type-page","status-publish","hentry"],"aioseo_notices":[],"_links":{"self":[{"href":"https:\/\/sic.nodscloud.com\/nodsglobal\/wp-json\/wp\/v2\/pages\/7105","targetHints":{"allow":["GET"]}}],"collection":[{"href":"https:\/\/sic.nodscloud.com\/nodsglobal\/wp-json\/wp\/v2\/pages"}],"about":[{"href":"https:\/\/sic.nodscloud.com\/nodsglobal\/wp-json\/wp\/v2\/types\/page"}],"author":[{"embeddable":true,"href":"https:\/\/sic.nodscloud.com\/nodsglobal\/wp-json\/wp\/v2\/users\/180"}],"replies":[{"embeddable":true,"href":"https:\/\/sic.nodscloud.com\/nodsglobal\/wp-json\/wp\/v2\/comments?post=7105"}],"version-history":[{"count":5,"href":"https:\/\/sic.nodscloud.com\/nodsglobal\/wp-json\/wp\/v2\/pages\/7105\/revisions"}],"predecessor-version":[{"id":7225,"href":"https:\/\/sic.nodscloud.com\/nodsglobal\/wp-json\/wp\/v2\/pages\/7105\/revisions\/7225"}],"wp:attachment":[{"href":"https:\/\/sic.nodscloud.com\/nodsglobal\/wp-json\/wp\/v2\/media?parent=7105"}],"curies":[{"name":"wp","href":"https:\/\/api.w.org\/{rel}","templated":true}]}}